{"id":4186,"date":"2023-07-17T02:50:03","date_gmt":"2023-07-17T02:50:03","guid":{"rendered":"https:\/\/yume-silm.com\/?post_type=product&#038;p=4186"},"modified":"2024-05-11T05:40:12","modified_gmt":"2024-05-11T05:40:12","slug":"ceinture-de-taille-ajustable-a-haute-elasticite-flexifit","status":"publish","type":"product","link":"https:\/\/yume-silm.com\/fr\/produit\/ceinture-de-taille-ajustable-a-haute-elasticite-flexifit\/","title":{"rendered":"Entra\u00eeneur de taille enveloppant de bandage en gros pour les femmes"},"content":{"rendered":"<h5>Caract\u00e9ristiques de conception<\/h5>\n<ul>\n<li><strong>TAILLE UNIQUE:<\/strong> Notre ceinture gainante body shaper est con\u00e7ue pour offrir un ajustement s\u00fbr \u00e0 tous les types de corps. C&#039;est une solution shapewear personnalis\u00e9e pour tout le monde. La ceinture abdominale peut r\u00e9duire la graisse du ventre et cr\u00e9er une silhouette \u00e9l\u00e9gante.<\/li>\n<li><strong>HAUTEMENT \u00c9LASTIQUE ET CONFORTABLE\u00a0:<\/strong> Le tissu utilis\u00e9 dans notre ceinture est tr\u00e8s \u00e9lastique et peut \u00eatre enroul\u00e9 en toute simplicit\u00e9. La ceinture peut \u00eatre ajust\u00e9e \u00e0 l&#039;\u00e9lasticit\u00e9 \u00e0 volont\u00e9, avec une \u00e9lasticit\u00e9 et une durabilit\u00e9 stables.<\/li>\n<li><strong>SHAPER CORPS MULTIFONCTIONNEL\u00a0:<\/strong> Le serre-taille enveloppant le bandage peut vous aider \u00e0 obtenir en douceur un ventre plat et \u00e0 r\u00e9duire votre tour de taille\u00a0; il peut \u00e9galement soutenir votre dos ; c&#039;est particuli\u00e8rement utile pour la r\u00e9cup\u00e9ration post-partum. L&#039;\u00e9paisseur de la ceinture est \u00e9galement tr\u00e8s fine, ce qui peut \u00eatre bien rendu invisible sous les v\u00eatements. Que ce soit pour un usage quotidien ou pour assister \u00e0 des occasions sp\u00e9ciales, choisir notre ceinture velcro peut avoir un effet amincissant sous n&#039;importe quelle tenue, renfor\u00e7ant la confiance et mettant en valeur les courbes naturelles.<\/li>\n<li><strong>SUGGESTION QUOTIDIENNE\u00a0:<\/strong> Au quotidien, il est recommand\u00e9 de faire du sport + de manger raisonnablement, ce qui est bon pour la minceur comme pour la sant\u00e9. L&#039;entra\u00eeneur de taille enveloppant le bandage pour femmes est parfait pour \u00eatre port\u00e9 pendant le travail, l&#039;exercice, le fitness, la r\u00e9cup\u00e9ration post-partum, etc. En portant cette ceinture, vous pouvez profiter librement du plaisir apport\u00e9 par l&#039;exercice et de la beaut\u00e9 apport\u00e9e par la vie.<\/li>\n<\/ul>\n<h6><em>Taille-bordure \u00e0 bandage adh\u00e9rent pour les entra\u00eenements de fitness<\/em><\/h6>\n<p>En bref, l&#039;entra\u00eeneur de taille enveloppant le bandage est la combinaison parfaite de mode, de confort et de fonctionnalit\u00e9. Cette bande ventrale est un incontournable pour les grossistes qui cherchent \u00e0 rehausser leurs produits avec un produit haut de gamme. Avec ce produit hors du commun, vous serez pr\u00eat \u00e0 faire sensation dans le secteur du commerce de gros. Commandez maintenant!<\/p>","protected":false},"excerpt":{"rendered":"<p>D\u00e9couvrez l&#039;entra\u00eeneur de taille enveloppant le bandage, qui change la donne en mati\u00e8re de shapewear. B\u00e9n\u00e9ficiant d&#039;une connexion autocollante innovante et d&#039;un design d&#039;enroulement hautement \u00e9lastique, cette ceinture gainante s&#039;ajuste pour s&#039;adapter \u00e0 diff\u00e9rentes tailles, ce qui en fait un ajout polyvalent et essentiel \u00e0 toute collection.<\/p>","protected":false},"featured_media":4196,"comment_status":"open","ping_status":"closed","template":"","meta":{"site-sidebar-layout":"default","site-content-layout":"default","ast-site-content-layout":"default","site-content-style":"default","site-sidebar-style":"default","ast-global-header-display":"","ast-banner-title-visibility":"","ast-main-header-display":"","ast-hfb-above-header-display":"","ast-hfb-below-header-display":"","ast-hfb-mobile-header-display":"","site-post-title":"","ast-breadcrumbs-content":"","ast-featured-img":"","footer-sml-layout":"","ast-disable-related-posts":"","theme-transparent-header-meta":"default","adv-header-id-meta":"","stick-header-meta":"default","header-above-stick-meta":"","header-main-stick-meta":"","header-below-stick-meta":"","astra-migrate-meta-layouts":"set","ast-page-background-enabled":"default","ast-page-background-meta":{"desktop":{"background-color":"","background-image":"","background-repeat":"repeat","background-position":"center center","background-size":"auto","background-attachment":"scroll","background-type":"","background-media":"","overlay-type":"","overlay-color":"","overlay-opacity":"","overlay-gradient":""},"tablet":{"background-color":"","background-image":"","background-repeat":"repeat","background-position":"center center","background-size":"auto","background-attachment":"scroll","background-type":"","background-media":"","overlay-type":"","overlay-color":"","overlay-opacity":"","overlay-gradient":""},"mobile":{"background-color":"","background-image":"","background-repeat":"repeat","background-position":"center center","background-size":"auto","background-attachment":"scroll","background-type":"","background-media":"","overlay-type":"","overlay-color":"","overlay-opacity":"","overlay-gradient":""}},"ast-content-background-meta":{"desktop":{"background-color":"var(--ast-global-color-5)","background-image":"","background-repeat":"repeat","background-position":"center center","background-size":"auto","background-attachment":"scroll","background-type":"","background-media":"","overlay-type":"","overlay-color":"","overlay-opacity":"","overlay-gradient":""},"tablet":{"background-color":"var(--ast-global-color-5)","background-image":"","background-repeat":"repeat","background-position":"center center","background-size":"auto","background-attachment":"scroll","background-type":"","background-media":"","overlay-type":"","overlay-color":"","overlay-opacity":"","overlay-gradient":""},"mobile":{"background-color":"var(--ast-global-color-5)","background-image":"","background-repeat":"repeat","background-position":"center center","background-size":"auto","background-attachment":"scroll","background-type":"","background-media":"","overlay-type":"","overlay-color":"","overlay-opacity":"","overlay-gradient":""}}},"product_brand":[],"product_cat":[65,76,90,92],"product_tag":[456,413,462,463,185],"class_list":{"0":"post-4186","1":"product","2":"type-product","3":"status-publish","4":"has-post-thumbnail","6":"product_cat-best-sellers","7":"product_cat-new-arrivels","8":"product_cat-wholesale-waist-trainer","9":"product_cat-wholesale-waist-girdle","10":"product_tag-cincher","11":"product_tag-fitness","12":"product_tag-girdle","13":"product_tag-wholesale","14":"product_tag-workout","15":"pa_color-black","16":"pa_color-brown","17":"pa_color-burgundy","18":"pa_size-6m","19":"desktop-align-center","20":"tablet-align-left","21":"mobile-align-left","22":"ast-product-gallery-layout-horizontal-slider","23":"ast-product-single-variable","24":"ast-product-tabs-layout-horizontal","25":"ast-qv-on-image","27":"first","28":"instock","29":"shipping-taxable","30":"purchasable","31":"product-type-variable"},"tiered_pricing_type":"fixed","tiered_pricing_fixed_rules":{"2":4.89,"30":4.19,"100":3.29},"tiered_pricing_product_settings":{"layout":"default","base_unit_name":{"singular":null,"plural":null},"default_variation":{}},"tiered_pricing_minimum_quantity":null,"tiered_pricing_roles_data":[],"tiered_pricing_percentage_rules":[],"_links":{"self":[{"href":"https:\/\/yume-silm.com\/fr\/wp-json\/wp\/v2\/product\/4186","targetHints":{"allow":["GET"]}}],"collection":[{"href":"https:\/\/yume-silm.com\/fr\/wp-json\/wp\/v2\/product"}],"about":[{"href":"https:\/\/yume-silm.com\/fr\/wp-json\/wp\/v2\/types\/product"}],"replies":[{"embeddable":true,"href":"https:\/\/yume-silm.com\/fr\/wp-json\/wp\/v2\/comments?post=4186"}],"wp:featuredmedia":[{"embeddable":true,"href":"https:\/\/yume-silm.com\/fr\/wp-json\/wp\/v2\/media\/4196"}],"wp:attachment":[{"href":"https:\/\/yume-silm.com\/fr\/wp-json\/wp\/v2\/media?parent=4186"}],"wp:term":[{"taxonomy":"product_brand","embeddable":true,"href":"https:\/\/yume-silm.com\/fr\/wp-json\/wp\/v2\/product_brand?post=4186"},{"taxonomy":"product_cat","embeddable":true,"href":"https:\/\/yume-silm.com\/fr\/wp-json\/wp\/v2\/product_cat?post=4186"},{"taxonomy":"product_tag","embeddable":true,"href":"https:\/\/yume-silm.com\/fr\/wp-json\/wp\/v2\/product_tag?post=4186"}],"curies":[{"name":"wp","href":"https:\/\/api.w.org\/{rel}","templated":true}]}}