{"id":4203,"date":"2023-07-17T03:07:23","date_gmt":"2023-07-17T03:07:23","guid":{"rendered":"https:\/\/yume-silm.com\/?post_type=product&#038;p=4203"},"modified":"2024-05-11T05:41:15","modified_gmt":"2024-05-11T05:41:15","slug":"ceinture-moulante-a-la-taille-triple-flex-avec-double-boutonnage","status":"publish","type":"product","link":"https:\/\/yume-silm.com\/fr\/produit\/ceinture-moulante-a-la-taille-triple-flex-avec-double-boutonnage\/","title":{"rendered":"Ceinture de mise en forme du corps d&#039;entra\u00eeneur de taille de grande taille en gros: Double boutonnage"},"content":{"rendered":"<h5>Caract\u00e9ristiques de conception<\/h5>\n<ul>\n<li><strong>AM\u00c9LIORE LA POSTURE\u00a0:<\/strong> Pour les employ\u00e9s de bureau s\u00e9dentaires qui font peu d&#039;exercice, choisissez cette ceinture gainante. Parce qu&#039;il offre un soutien dorsal solide, vous aide \u00e0 am\u00e9liorer une mauvaise posture et soulage les maux de dos.<\/li>\n<li><strong>CEINTURE EN TROIS PI\u00c8CES\u00a0:<\/strong> Notre ceinture de modelage du corps est unique. La ceinture exclusive en trois parties offre un excellent soutien de la section m\u00e9diane. Cela la distingue des autres ceintures du march\u00e9. Am\u00e9liore l&#039;effet modelant.<\/li>\n<li><strong>AJUSTEMENT DE L&#039;\u00c9LASTICIT\u00c9 FLEXIBLE\u00a0:<\/strong> La maniabilit\u00e9 de la ceinture de modelage du corps de grande taille est sup\u00e9rieure. Permettre aux utilisateurs de d\u00e9finir leur \u00e9lasticit\u00e9 pr\u00e9f\u00e9r\u00e9e am\u00e9liore consid\u00e9rablement la flexibilit\u00e9 du produit.<\/li>\n<li><strong>MODE MULTIFONCTIONNEL\u00a0:<\/strong> Si vous aimez faire de l&#039;exercice et du fitness, vous pouvez avoir cette ceinture de protection de soutien lombaire. Parce que cela peut r\u00e9duire le risque de blessures telles que les hernies discales et les tensions musculaires dans le bas du dos lors des exercices de fitness.<\/li>\n<li>Si vous venez d&#039;accoucher, vous pouvez utiliser cette ceinture amincissante pour vous aider \u00e0 retrouver au plus vite une silhouette de sablier saine et attractive.<\/li>\n<li>Bien s\u00fbr, vous pouvez \u00e9galement porter une ceinture de maintien de la taille lorsque vous faites de l&#039;exercice \u00e0 l&#039;ext\u00e9rieur, lorsque vous faites du yoga ou m\u00eame lorsque vous allez au travail pour vous aider \u00e0 r\u00e9aliser un corps id\u00e9al plus parfait.<\/li>\n<\/ul>\n<h6><em>Gaine amincissante grande taille pour femme post-partum<\/em><\/h6>\n<ul>\n<li>Notre ceinture de modelage du corps de grande taille est le m\u00e9lange parfait de style, de confort et de fonctionnalit\u00e9. Pour les grossistes souhaitant proposer des produits haut de gamme et en phase avec les derni\u00e8res tendances, cette ceinture gainante est un compl\u00e9ment indispensable. Plongez dans le monde du commerce de gros avec cette pi\u00e8ce hors du commun. S\u00e9curisez votre commande d\u00e8s aujourd&#039;hui\u00a0!<\/li>\n<\/ul>","protected":false},"excerpt":{"rendered":"<p>\u00c9levez votre collection avec notre ceinture gainante de grande taille. Cette pi\u00e8ce innovante pr\u00e9sente un design \u00e0 double boutonnage, des fermetures \u00e0 trois \u0153illets et crochets et une ceinture unique en trois parties, assurant un ajustement sur mesure. Con\u00e7u pour ceux qui recherchent \u00e0 la fois contr\u00f4le et confort, il change la donne en mati\u00e8re de remodelage du corps.<\/p>","protected":false},"featured_media":4219,"comment_status":"open","ping_status":"closed","template":"","meta":{"site-sidebar-layout":"default","site-content-layout":"default","ast-site-content-layout":"default","site-content-style":"default","site-sidebar-style":"default","ast-global-header-display":"","ast-banner-title-visibility":"","ast-main-header-display":"","ast-hfb-above-header-display":"","ast-hfb-below-header-display":"","ast-hfb-mobile-header-display":"","site-post-title":"","ast-breadcrumbs-content":"","ast-featured-img":"","footer-sml-layout":"","ast-disable-related-posts":"","theme-transparent-header-meta":"default","adv-header-id-meta":"","stick-header-meta":"default","header-above-stick-meta":"","header-main-stick-meta":"","header-below-stick-meta":"","astra-migrate-meta-layouts":"set","ast-page-background-enabled":"default","ast-page-background-meta":{"desktop":{"background-color":"","background-image":"","background-repeat":"repeat","background-position":"center center","background-size":"auto","background-attachment":"scroll","background-type":"","background-media":"","overlay-type":"","overlay-color":"","overlay-opacity":"","overlay-gradient":""},"tablet":{"background-color":"","background-image":"","background-repeat":"repeat","background-position":"center center","background-size":"auto","background-attachment":"scroll","background-type":"","background-media":"","overlay-type":"","overlay-color":"","overlay-opacity":"","overlay-gradient":""},"mobile":{"background-color":"","background-image":"","background-repeat":"repeat","background-position":"center center","background-size":"auto","background-attachment":"scroll","background-type":"","background-media":"","overlay-type":"","overlay-color":"","overlay-opacity":"","overlay-gradient":""}},"ast-content-background-meta":{"desktop":{"background-color":"var(--ast-global-color-5)","background-image":"","background-repeat":"repeat","background-position":"center center","background-size":"auto","background-attachment":"scroll","background-type":"","background-media":"","overlay-type":"","overlay-color":"","overlay-opacity":"","overlay-gradient":""},"tablet":{"background-color":"var(--ast-global-color-5)","background-image":"","background-repeat":"repeat","background-position":"center center","background-size":"auto","background-attachment":"scroll","background-type":"","background-media":"","overlay-type":"","overlay-color":"","overlay-opacity":"","overlay-gradient":""},"mobile":{"background-color":"var(--ast-global-color-5)","background-image":"","background-repeat":"repeat","background-position":"center center","background-size":"auto","background-attachment":"scroll","background-type":"","background-media":"","overlay-type":"","overlay-color":"","overlay-opacity":"","overlay-gradient":""}}},"product_brand":[],"product_cat":[65,76,90,92],"product_tag":[134,154,185],"class_list":{"0":"post-4203","1":"product","2":"type-product","3":"status-publish","4":"has-post-thumbnail","6":"product_cat-best-sellers","7":"product_cat-new-arrivels","8":"product_cat-wholesale-waist-trainer","9":"product_cat-wholesale-waist-girdle","10":"product_tag-tummy-tucker","11":"product_tag-with-hooks","12":"product_tag-workout","13":"pa_color-black","14":"pa_size-4xl","15":"pa_size-5xl","16":"pa_size-6xl","17":"pa_size-l","18":"pa_size-m","19":"pa_size-s","20":"pa_size-xs","21":"pa_size-xxl","22":"pa_size-xxxl","23":"desktop-align-center","24":"tablet-align-left","25":"mobile-align-left","26":"ast-product-gallery-layout-horizontal-slider","27":"ast-product-single-variable","28":"ast-product-tabs-layout-horizontal","29":"ast-qv-on-image","31":"first","32":"instock","33":"shipping-taxable","34":"purchasable","35":"product-type-variable"},"tiered_pricing_type":"fixed","tiered_pricing_fixed_rules":{"2":6.19,"30":5.29,"100":4.19},"tiered_pricing_product_settings":{"layout":"default","base_unit_name":{"singular":null,"plural":null},"default_variation":{}},"tiered_pricing_minimum_quantity":null,"tiered_pricing_roles_data":[],"tiered_pricing_percentage_rules":[],"_links":{"self":[{"href":"https:\/\/yume-silm.com\/fr\/wp-json\/wp\/v2\/product\/4203","targetHints":{"allow":["GET"]}}],"collection":[{"href":"https:\/\/yume-silm.com\/fr\/wp-json\/wp\/v2\/product"}],"about":[{"href":"https:\/\/yume-silm.com\/fr\/wp-json\/wp\/v2\/types\/product"}],"replies":[{"embeddable":true,"href":"https:\/\/yume-silm.com\/fr\/wp-json\/wp\/v2\/comments?post=4203"}],"wp:featuredmedia":[{"embeddable":true,"href":"https:\/\/yume-silm.com\/fr\/wp-json\/wp\/v2\/media\/4219"}],"wp:attachment":[{"href":"https:\/\/yume-silm.com\/fr\/wp-json\/wp\/v2\/media?parent=4203"}],"wp:term":[{"taxonomy":"product_brand","embeddable":true,"href":"https:\/\/yume-silm.com\/fr\/wp-json\/wp\/v2\/product_brand?post=4203"},{"taxonomy":"product_cat","embeddable":true,"href":"https:\/\/yume-silm.com\/fr\/wp-json\/wp\/v2\/product_cat?post=4203"},{"taxonomy":"product_tag","embeddable":true,"href":"https:\/\/yume-silm.com\/fr\/wp-json\/wp\/v2\/product_tag?post=4203"}],"curies":[{"name":"wp","href":"https:\/\/api.w.org\/{rel}","templated":true}]}}