{"id":4263,"date":"2023-07-17T03:36:46","date_gmt":"2023-07-17T03:36:46","guid":{"rendered":"https:\/\/yume-silm.com\/?post_type=product&#038;p=4263"},"modified":"2024-11-06T02:10:45","modified_gmt":"2024-11-06T02:10:45","slug":"taille-haute-epaissi-abdomen-eponge-coussin-hip-boost-butt-lift-culotte","status":"publish","type":"product","link":"https:\/\/yume-silm.com\/fr\/produit\/taille-haute-epaissi-abdomen-eponge-coussin-hip-boost-butt-lift-culotte\/","title":{"rendered":"Vente en gros de culotte en \u00e9ponge \u00e9paisse pour l&#039;abdomen taille haute"},"content":{"rendered":"<h5>Caract\u00e9ristiques de conception<\/h5>\n<ol>\n<li><strong>COUSSINS EN MOUSSE AM\u00c9LIORANT LES HANCHES\u00a0:<\/strong> Nous proposons des coussinets en mousse amovibles au niveau des hanches avec ce boxer taille plus pour femme avec fesses abondantes. Des coussinets en mousse \u00e9paisse strat\u00e9giquement plac\u00e9s am\u00e9liorent la courbe naturelle des fesses, ajoutant du volume et de la forme.<\/li>\n<li>Cela cr\u00e9e naturellement des fesses plus pleines et plus rondes pour une silhouette plus galb\u00e9e.<\/li>\n<li><strong>DOUBLE CONTR\u00d4LE DU VENTRE\u00a0:<\/strong> Le short gainant taille haute permet de cintrer la taille. Le ventre double couche plus peut r\u00e9duire le d\u00e9sir de manger et de boire, et avec l&#039;exercice, il r\u00e9alise parfaitement le contr\u00f4le du ventre, lisse le ventre et am\u00e9liore les courbes de la taille et des hanches en m\u00eame temps.<\/li>\n<li><strong>OURLET EN DENTELLE\u00a0:<\/strong> Nos sous-v\u00eatements taille haute pour l&#039;abdomen et les hanches sont \u00e9l\u00e9gants avec l&#039;ajout de dentelle. Lorsque nous portons cette belle robe, elle est \u00e9l\u00e9gante et bien ajust\u00e9e.<\/li>\n<li><strong>CONFIANCE AM\u00c9LIOR\u00c9E\u00a0:<\/strong> Chacun de nos shapewear est con\u00e7u pour mettre en valeur les courbes naturelles. Aide \u00e0 atteindre une silhouette en sablier, une image corporelle positive et une confiance en soi accrue.<\/li>\n<\/ol>\n<h6><em>Sous-v\u00eatements de levage de hanche taille haute pour abdominoplastie grande taille avec coussinets en \u00e9ponge \u00e9paissis amovibles<\/em><\/h6>\n<ul>\n<li>Notre culotte en \u00e9ponge \u00e9paisse taille haute pour l&#039;abdomen est un m\u00e9lange de style, de confort et de fonctionnalit\u00e9. Pour les grossistes souhaitant proposer des solutions shapewear haut de gamme, ce produit est un incontournable. Plongez dans l&#039;univers du commerce de gros avec cette pi\u00e8ce d&#039;exception. Commandez aujourd&#039;hui\u00a0!<\/li>\n<\/ul>","protected":false},"excerpt":{"rendered":"<p>D\u00e9couvrez le pouvoir transformateur de notre culotte taille haute en \u00e9ponge \u00e9paisse pour l&#039;abdomen. Con\u00e7ue de mani\u00e8re experte pour rehausser les hanches et soulever les fesses, cette culotte est le secret pour obtenir cette silhouette de sablier tant convoit\u00e9e par vos clients.<\/p>","protected":false},"featured_media":4294,"comment_status":"open","ping_status":"closed","template":"","meta":{"site-sidebar-layout":"default","site-content-layout":"default","ast-site-content-layout":"default","site-content-style":"default","site-sidebar-style":"default","ast-global-header-display":"","ast-banner-title-visibility":"","ast-main-header-display":"","ast-hfb-above-header-display":"","ast-hfb-below-header-display":"","ast-hfb-mobile-header-display":"","site-post-title":"","ast-breadcrumbs-content":"","ast-featured-img":"","footer-sml-layout":"","ast-disable-related-posts":"","theme-transparent-header-meta":"default","adv-header-id-meta":"","stick-header-meta":"default","header-above-stick-meta":"","header-main-stick-meta":"","header-below-stick-meta":"","astra-migrate-meta-layouts":"set","ast-page-background-enabled":"default","ast-page-background-meta":{"desktop":{"background-color":"","background-image":"","background-repeat":"repeat","background-position":"center center","background-size":"auto","background-attachment":"scroll","background-type":"","background-media":"","overlay-type":"","overlay-color":"","overlay-opacity":"","overlay-gradient":""},"tablet":{"background-color":"","background-image":"","background-repeat":"repeat","background-position":"center center","background-size":"auto","background-attachment":"scroll","background-type":"","background-media":"","overlay-type":"","overlay-color":"","overlay-opacity":"","overlay-gradient":""},"mobile":{"background-color":"","background-image":"","background-repeat":"repeat","background-position":"center center","background-size":"auto","background-attachment":"scroll","background-type":"","background-media":"","overlay-type":"","overlay-color":"","overlay-opacity":"","overlay-gradient":""}},"ast-content-background-meta":{"desktop":{"background-color":"var(--ast-global-color-5)","background-image":"","background-repeat":"repeat","background-position":"center center","background-size":"auto","background-attachment":"scroll","background-type":"","background-media":"","overlay-type":"","overlay-color":"","overlay-opacity":"","overlay-gradient":""},"tablet":{"background-color":"var(--ast-global-color-5)","background-image":"","background-repeat":"repeat","background-position":"center center","background-size":"auto","background-attachment":"scroll","background-type":"","background-media":"","overlay-type":"","overlay-color":"","overlay-opacity":"","overlay-gradient":""},"mobile":{"background-color":"var(--ast-global-color-5)","background-image":"","background-repeat":"repeat","background-position":"center center","background-size":"auto","background-attachment":"scroll","background-type":"","background-media":"","overlay-type":"","overlay-color":"","overlay-opacity":"","overlay-gradient":""}}},"product_brand":[],"product_cat":[65,76,77,80],"product_tag":[136,137,139,186,141,134,154],"class_list":{"0":"post-4263","1":"product","2":"type-product","3":"status-publish","4":"has-post-thumbnail","6":"product_cat-best-sellers","7":"product_cat-new-arrivels","8":"product_cat-wholesale-womens-shapewear","9":"product_cat-wholesale-butt-lift-underwear","10":"product_tag-bridal","11":"product_tag-butt-lift","12":"product_tag-high-waist","13":"product_tag-padded","14":"product_tag-plus-size","15":"product_tag-tummy-tucker","16":"product_tag-with-hooks","17":"pa_color-beige","18":"pa_color-black","19":"pa_size-4xl","20":"pa_size-5xl","21":"pa_size-6xl","22":"pa_size-l","23":"pa_size-m","24":"pa_size-s","25":"pa_size-xl","26":"pa_size-xxl","27":"pa_size-xxxl","28":"desktop-align-center","29":"tablet-align-left","30":"mobile-align-left","31":"ast-product-gallery-layout-horizontal-slider","32":"ast-product-single-variable","33":"ast-product-tabs-layout-horizontal","34":"ast-qv-on-image","36":"first","37":"instock","38":"shipping-taxable","39":"purchasable","40":"product-type-variable"},"tiered_pricing_type":"fixed","tiered_pricing_fixed_rules":{"2":13.19,"30":12.39,"500":10.29},"tiered_pricing_product_settings":{"layout":"default","base_unit_name":{"singular":null,"plural":null},"default_variation":{}},"tiered_pricing_minimum_quantity":null,"tiered_pricing_roles_data":[],"tiered_pricing_percentage_rules":[],"_links":{"self":[{"href":"https:\/\/yume-silm.com\/fr\/wp-json\/wp\/v2\/product\/4263","targetHints":{"allow":["GET"]}}],"collection":[{"href":"https:\/\/yume-silm.com\/fr\/wp-json\/wp\/v2\/product"}],"about":[{"href":"https:\/\/yume-silm.com\/fr\/wp-json\/wp\/v2\/types\/product"}],"replies":[{"embeddable":true,"href":"https:\/\/yume-silm.com\/fr\/wp-json\/wp\/v2\/comments?post=4263"}],"wp:featuredmedia":[{"embeddable":true,"href":"https:\/\/yume-silm.com\/fr\/wp-json\/wp\/v2\/media\/4294"}],"wp:attachment":[{"href":"https:\/\/yume-silm.com\/fr\/wp-json\/wp\/v2\/media?parent=4263"}],"wp:term":[{"taxonomy":"product_brand","embeddable":true,"href":"https:\/\/yume-silm.com\/fr\/wp-json\/wp\/v2\/product_brand?post=4263"},{"taxonomy":"product_cat","embeddable":true,"href":"https:\/\/yume-silm.com\/fr\/wp-json\/wp\/v2\/product_cat?post=4263"},{"taxonomy":"product_tag","embeddable":true,"href":"https:\/\/yume-silm.com\/fr\/wp-json\/wp\/v2\/product_tag?post=4263"}],"curies":[{"name":"wp","href":"https:\/\/api.w.org\/{rel}","templated":true}]}}