{"id":4297,"date":"2023-07-17T03:57:26","date_gmt":"2023-07-17T03:57:26","guid":{"rendered":"https:\/\/yume-silm.com\/?post_type=product&#038;p=4297"},"modified":"2024-11-06T02:44:52","modified_gmt":"2024-11-06T02:44:52","slug":"dentelle-taille-haute-bonne-taille-longue-shapewear-pour-femmes-de-taille-superieure","status":"publish","type":"product","link":"https:\/\/yume-silm.com\/fr\/produit\/dentelle-taille-haute-bonne-taille-longue-shapewear-pour-femmes-de-taille-superieure\/","title":{"rendered":"String taille haute en dentelle en gros avec d\u00e9sossage doux"},"content":{"rendered":"<h5>Caract\u00e9ristiques de conception<\/h5>\n<ul>\n<li><strong>DESIGN \u00c9L\u00c9GANT EN DENTELLE\u00a0:<\/strong> Le string taille haute est con\u00e7u avec de d\u00e9licats d\u00e9tails en dentelle, ajoutant une touche de luxe \u00e0 votre collection de lingerie.<\/li>\n<li><strong>CONTR\u00d4LE OPTIMAL DU VENTRE\u00a0:<\/strong> La conception taille haute offre un excellent contr\u00f4le du ventre, permettant au string taille haute en dentelle de cr\u00e9er une silhouette plus lisse et plus d\u00e9finie.<\/li>\n<li><strong>STRUCTURE SQUELETTE INT\u00c9GR\u00c9E\u00a0:<\/strong> La meilleure partie de ce sous-v\u00eatement amincissant taille haute sans couture de notre part est qu&#039;il y a une baleine int\u00e9gr\u00e9e \u00e0 la taille. Pour plus de soutien et de mise en forme. Il soul\u00e8ve \u00e9galement la poitrine et emp\u00eache le shapewear de s&#039;affaisser.<\/li>\n<li><strong>CON\u00c7U POUR LES GRANDES TAILLES\u00a0:<\/strong> Vous \u00eates confus par les petites tailles ? Nos strings sans couture grande taille pour femmes sont disponibles dans une vari\u00e9t\u00e9 de tailles. Personnalis\u00e9s pour les silhouettes plus volumineuses, ils offrent l\u2019\u00e9quilibre parfait entre contr\u00f4le et confort.<\/li>\n<li><strong>CONFIANCE AM\u00c9LIOR\u00c9E\u00a0:<\/strong> Les culottes string en dentelle peuvent-elles vous donner une silhouette de sablier ? Ce string gainant taille haute gainant le corps am\u00e9liore la forme naturelle de votre corps, vous permettant de vous sentir plus en s\u00e9curit\u00e9 et plus confiant quant \u00e0 votre apparence.<\/li>\n<\/ul>\n<h6><em>String noir taille haute pour femmes, sous-v\u00eatements gainants, grande taille<\/em><\/h6>\n<ul>\n<li>Notre string shapewear taille haute en dentelle est un m\u00e9lange d&#039;\u00e9l\u00e9gance, de confort et de fonctionnalit\u00e9. Pour les grossistes qui cherchent \u00e0 proposer des solutions shapewear haut de gamme, ce produit est un incontournable. Plongez dans l&#039;univers du commerce de gros avec cette pi\u00e8ce d&#039;exception. Commandez aujourd&#039;hui\u00a0!<\/li>\n<\/ul>","protected":false},"excerpt":{"rendered":"<p>Faites l&#039;exp\u00e9rience de l&#039;\u00e9l\u00e9gance et du confort avec notre string taille haute en dentelle con\u00e7u sp\u00e9cifiquement pour les femmes de grande taille. Combinant des d\u00e9tails de dentelle complexes avec un contr\u00f4le optimal du ventre, ce shapewear est l&#039;incarnation du style et de la fonctionnalit\u00e9.<\/p>","protected":false},"featured_media":4325,"comment_status":"open","ping_status":"closed","template":"","meta":{"site-sidebar-layout":"default","site-content-layout":"default","ast-site-content-layout":"default","site-content-style":"default","site-sidebar-style":"default","ast-global-header-display":"","ast-banner-title-visibility":"","ast-main-header-display":"","ast-hfb-above-header-display":"","ast-hfb-below-header-display":"","ast-hfb-mobile-header-display":"","site-post-title":"","ast-breadcrumbs-content":"","ast-featured-img":"","footer-sml-layout":"","ast-disable-related-posts":"","theme-transparent-header-meta":"default","adv-header-id-meta":"","stick-header-meta":"default","header-above-stick-meta":"","header-main-stick-meta":"","header-below-stick-meta":"","astra-migrate-meta-layouts":"set","ast-page-background-enabled":"default","ast-page-background-meta":{"desktop":{"background-color":"","background-image":"","background-repeat":"repeat","background-position":"center center","background-size":"auto","background-attachment":"scroll","background-type":"","background-media":"","overlay-type":"","overlay-color":"","overlay-opacity":"","overlay-gradient":""},"tablet":{"background-color":"","background-image":"","background-repeat":"repeat","background-position":"center center","background-size":"auto","background-attachment":"scroll","background-type":"","background-media":"","overlay-type":"","overlay-color":"","overlay-opacity":"","overlay-gradient":""},"mobile":{"background-color":"","background-image":"","background-repeat":"repeat","background-position":"center center","background-size":"auto","background-attachment":"scroll","background-type":"","background-media":"","overlay-type":"","overlay-color":"","overlay-opacity":"","overlay-gradient":""}},"ast-content-background-meta":{"desktop":{"background-color":"var(--ast-global-color-5)","background-image":"","background-repeat":"repeat","background-position":"center center","background-size":"auto","background-attachment":"scroll","background-type":"","background-media":"","overlay-type":"","overlay-color":"","overlay-opacity":"","overlay-gradient":""},"tablet":{"background-color":"var(--ast-global-color-5)","background-image":"","background-repeat":"repeat","background-position":"center center","background-size":"auto","background-attachment":"scroll","background-type":"","background-media":"","overlay-type":"","overlay-color":"","overlay-opacity":"","overlay-gradient":""},"mobile":{"background-color":"var(--ast-global-color-5)","background-image":"","background-repeat":"repeat","background-position":"center center","background-size":"auto","background-attachment":"scroll","background-type":"","background-media":"","overlay-type":"","overlay-color":"","overlay-opacity":"","overlay-gradient":""}}},"product_brand":[],"product_cat":[65,76,77,1092,80],"product_tag":[136,139,145,138,134],"class_list":{"0":"post-4297","1":"product","2":"type-product","3":"status-publish","4":"has-post-thumbnail","6":"product_cat-best-sellers","7":"product_cat-new-arrivels","8":"product_cat-wholesale-womens-shapewear","9":"product_cat-plus-size-shapewear","10":"product_cat-wholesale-butt-lift-underwear","11":"product_tag-bridal","12":"product_tag-high-waist","13":"product_tag-sexy","14":"product_tag-thong","15":"product_tag-tummy-tucker","16":"pa_color-beige","17":"pa_color-black","18":"pa_size-4xl","19":"pa_size-5xl","20":"pa_size-6xl","21":"pa_size-l","22":"pa_size-m","23":"pa_size-s","24":"pa_size-xl","25":"pa_size-xxl","26":"pa_size-xxxl","27":"desktop-align-center","28":"tablet-align-left","29":"mobile-align-left","30":"ast-product-gallery-layout-horizontal-slider","31":"ast-product-single-variable","32":"ast-product-tabs-layout-horizontal","33":"ast-qv-on-image","35":"first","36":"instock","37":"shipping-taxable","38":"purchasable","39":"product-type-variable"},"tiered_pricing_type":"fixed","tiered_pricing_fixed_rules":{"2":6.59,"30":6.19,"500":5.19},"tiered_pricing_product_settings":{"layout":"default","base_unit_name":{"singular":null,"plural":null},"default_variation":{}},"tiered_pricing_minimum_quantity":null,"tiered_pricing_roles_data":[],"tiered_pricing_percentage_rules":[],"_links":{"self":[{"href":"https:\/\/yume-silm.com\/fr\/wp-json\/wp\/v2\/product\/4297","targetHints":{"allow":["GET"]}}],"collection":[{"href":"https:\/\/yume-silm.com\/fr\/wp-json\/wp\/v2\/product"}],"about":[{"href":"https:\/\/yume-silm.com\/fr\/wp-json\/wp\/v2\/types\/product"}],"replies":[{"embeddable":true,"href":"https:\/\/yume-silm.com\/fr\/wp-json\/wp\/v2\/comments?post=4297"}],"wp:featuredmedia":[{"embeddable":true,"href":"https:\/\/yume-silm.com\/fr\/wp-json\/wp\/v2\/media\/4325"}],"wp:attachment":[{"href":"https:\/\/yume-silm.com\/fr\/wp-json\/wp\/v2\/media?parent=4297"}],"wp:term":[{"taxonomy":"product_brand","embeddable":true,"href":"https:\/\/yume-silm.com\/fr\/wp-json\/wp\/v2\/product_brand?post=4297"},{"taxonomy":"product_cat","embeddable":true,"href":"https:\/\/yume-silm.com\/fr\/wp-json\/wp\/v2\/product_cat?post=4297"},{"taxonomy":"product_tag","embeddable":true,"href":"https:\/\/yume-silm.com\/fr\/wp-json\/wp\/v2\/product_tag?post=4297"}],"curies":[{"name":"wp","href":"https:\/\/api.w.org\/{rel}","templated":true}]}}