{"id":4328,"date":"2023-07-17T06:11:16","date_gmt":"2023-07-17T06:11:16","guid":{"rendered":"https:\/\/yume-silm.com\/?post_type=product&#038;p=4328"},"modified":"2024-02-23T05:32:33","modified_gmt":"2024-02-23T05:32:33","slug":"taille-haute-lace-detail-controle-de-labdomen-legging","status":"publish","type":"product","link":"https:\/\/yume-silm.com\/fr\/produit\/taille-haute-lace-detail-controle-de-labdomen-legging\/","title":{"rendered":"Vente en gros short de contr\u00f4le du ventre taille haute avec d\u00e9tails en dentelle"},"content":{"rendered":"<h5>Caract\u00e9ristiques de conception<\/h5>\n<ul>\n<li><strong>D\u00c9TAILS DE DENTELLE \u00c0 LA MODE\u00a0:<\/strong> Le short gainant le ventre est soigneusement con\u00e7u avec des d\u00e9tails en dentelle d\u00e9licate. Am\u00e9liorez instantan\u00e9ment votre temp\u00e9rament et alliez parfaitement mode et fonctionnalit\u00e9.<\/li>\n<li><strong>CONTR\u00d4LE DU VENTRE TAILLE HAUTE\u00a0:<\/strong> B\u00e9n\u00e9ficiez d&#039;un contr\u00f4le sup\u00e9rieur du ventre gr\u00e2ce \u00e0 la conception taille haute. Notre short gainant le ventre taille haute en dentelle est lisse et facile \u00e0 porter, cr\u00e9ant facilement une silhouette lisse et flatteuse.<\/li>\n<li><strong>CONFORTABLE ET DURABLE\u00a0:<\/strong> Cette culotte l\u00e9g\u00e8re en dentelle lissante est compos\u00e9e de mat\u00e9riaux de haute qualit\u00e9. Il est r\u00e9sistant \u00e0 l\u2019abrasion et durable, assurant confort et durabilit\u00e9 m\u00eame apr\u00e8s de nombreux lavages.<\/li>\n<li><strong>POLYVALENT ET \u00c0 LA MODE\u00a0:<\/strong> Veuillez avoir ce short sans couture avec contr\u00f4le du ventre, car il peut ajouter de la couleur \u00e0 vos tenues et am\u00e9liorer votre quotient de mode, qu&#039;il s&#039;agisse d&#039;une tenue d\u00e9contract\u00e9e ou formelle.<\/li>\n<li><strong>CONFIANCE AM\u00c9LIOR\u00c9E\u00a0:<\/strong> Envie de sublimer le galbe de vos fesses ? L&#039;effet global de ce short gainant taille haute sur le corps obtiendra instantan\u00e9ment un effet amincissant, am\u00e9liorera votre silhouette naturelle et vous fera vous sentir plus en confiance.<\/li>\n<\/ul>\n<h6><em>Sous-v\u00eatements taille haute pour femmes, contr\u00f4le du ventre, culotte en dentelle \u00e9l\u00e9gante<\/em><\/h6>\n<ul>\n<li>Notre short gainant taille haute en dentelle avec d\u00e9tails en dentelle est un m\u00e9lange d&#039;\u00e9l\u00e9gance, de confort et de fonctionnalit\u00e9. Pour les grossistes souhaitant proposer des solutions de mode de premier ordre, ce produit est un incontournable. Plongez dans l&#039;univers du commerce de gros avec cette pi\u00e8ce d&#039;exception. Commandez aujourd&#039;hui\u00a0!<\/li>\n<\/ul>","protected":false},"excerpt":{"rendered":"<p>Nous vous pr\u00e9sentons le m\u00e9lange parfait de style et de fonctionnalit\u00e9 avec notre short gainant le ventre taille haute avec d\u00e9tails en dentelle. Con\u00e7us pour un contr\u00f4le optimal du ventre avec des d\u00e9tails en dentelle \u00e9l\u00e9gants, ces leggings sont un ajout incontournable \u00e0 toute garde-robe.<\/p>","protected":false},"featured_media":4343,"comment_status":"open","ping_status":"closed","template":"","meta":{"site-sidebar-layout":"default","site-content-layout":"default","ast-site-content-layout":"default","site-content-style":"default","site-sidebar-style":"default","ast-global-header-display":"","ast-banner-title-visibility":"","ast-main-header-display":"","ast-hfb-above-header-display":"","ast-hfb-below-header-display":"","ast-hfb-mobile-header-display":"","site-post-title":"","ast-breadcrumbs-content":"","ast-featured-img":"","footer-sml-layout":"","ast-disable-related-posts":"","theme-transparent-header-meta":"default","adv-header-id-meta":"","stick-header-meta":"default","header-above-stick-meta":"","header-main-stick-meta":"","header-below-stick-meta":"","astra-migrate-meta-layouts":"set","ast-page-background-enabled":"default","ast-page-background-meta":{"desktop":{"background-color":"","background-image":"","background-repeat":"repeat","background-position":"center center","background-size":"auto","background-attachment":"scroll","background-type":"","background-media":"","overlay-type":"","overlay-color":"","overlay-opacity":"","overlay-gradient":""},"tablet":{"background-color":"","background-image":"","background-repeat":"repeat","background-position":"center center","background-size":"auto","background-attachment":"scroll","background-type":"","background-media":"","overlay-type":"","overlay-color":"","overlay-opacity":"","overlay-gradient":""},"mobile":{"background-color":"","background-image":"","background-repeat":"repeat","background-position":"center center","background-size":"auto","background-attachment":"scroll","background-type":"","background-media":"","overlay-type":"","overlay-color":"","overlay-opacity":"","overlay-gradient":""}},"ast-content-background-meta":{"desktop":{"background-color":"var(--ast-global-color-5)","background-image":"","background-repeat":"repeat","background-position":"center center","background-size":"auto","background-attachment":"scroll","background-type":"","background-media":"","overlay-type":"","overlay-color":"","overlay-opacity":"","overlay-gradient":""},"tablet":{"background-color":"var(--ast-global-color-5)","background-image":"","background-repeat":"repeat","background-position":"center center","background-size":"auto","background-attachment":"scroll","background-type":"","background-media":"","overlay-type":"","overlay-color":"","overlay-opacity":"","overlay-gradient":""},"mobile":{"background-color":"var(--ast-global-color-5)","background-image":"","background-repeat":"repeat","background-position":"center center","background-size":"auto","background-attachment":"scroll","background-type":"","background-media":"","overlay-type":"","overlay-color":"","overlay-opacity":"","overlay-gradient":""}}},"product_brand":[],"product_cat":[65,77,80],"product_tag":[136,137,134],"class_list":{"0":"post-4328","1":"product","2":"type-product","3":"status-publish","4":"has-post-thumbnail","6":"product_cat-best-sellers","7":"product_cat-wholesale-womens-shapewear","8":"product_cat-wholesale-butt-lift-underwear","9":"product_tag-bridal","10":"product_tag-butt-lift","11":"product_tag-tummy-tucker","12":"pa_color-black","13":"pa_size-l","14":"pa_size-m","15":"pa_size-s","16":"pa_size-xs","17":"pa_size-xxl","18":"pa_size-xxxl","19":"desktop-align-center","20":"tablet-align-left","21":"mobile-align-left","22":"ast-product-gallery-layout-horizontal-slider","23":"ast-product-single-variable","24":"ast-product-tabs-layout-horizontal","25":"ast-qv-on-image","27":"first","28":"instock","29":"shipping-taxable","30":"purchasable","31":"product-type-variable"},"tiered_pricing_type":"fixed","tiered_pricing_fixed_rules":{"2":6.89,"30":6.39,"500":5.39},"tiered_pricing_product_settings":{"layout":"default","base_unit_name":{"singular":null,"plural":null},"default_variation":{}},"tiered_pricing_minimum_quantity":null,"tiered_pricing_roles_data":[],"tiered_pricing_percentage_rules":[],"_links":{"self":[{"href":"https:\/\/yume-silm.com\/fr\/wp-json\/wp\/v2\/product\/4328","targetHints":{"allow":["GET"]}}],"collection":[{"href":"https:\/\/yume-silm.com\/fr\/wp-json\/wp\/v2\/product"}],"about":[{"href":"https:\/\/yume-silm.com\/fr\/wp-json\/wp\/v2\/types\/product"}],"replies":[{"embeddable":true,"href":"https:\/\/yume-silm.com\/fr\/wp-json\/wp\/v2\/comments?post=4328"}],"wp:featuredmedia":[{"embeddable":true,"href":"https:\/\/yume-silm.com\/fr\/wp-json\/wp\/v2\/media\/4343"}],"wp:attachment":[{"href":"https:\/\/yume-silm.com\/fr\/wp-json\/wp\/v2\/media?parent=4328"}],"wp:term":[{"taxonomy":"product_brand","embeddable":true,"href":"https:\/\/yume-silm.com\/fr\/wp-json\/wp\/v2\/product_brand?post=4328"},{"taxonomy":"product_cat","embeddable":true,"href":"https:\/\/yume-silm.com\/fr\/wp-json\/wp\/v2\/product_cat?post=4328"},{"taxonomy":"product_tag","embeddable":true,"href":"https:\/\/yume-silm.com\/fr\/wp-json\/wp\/v2\/product_tag?post=4328"}],"curies":[{"name":"wp","href":"https:\/\/api.w.org\/{rel}","templated":true}]}}