{"id":4346,"date":"2023-07-17T06:52:15","date_gmt":"2023-07-17T06:52:15","guid":{"rendered":"https:\/\/yume-silm.com\/?post_type=product&#038;p=4346"},"modified":"2025-05-29T03:35:48","modified_gmt":"2025-05-29T03:35:48","slug":"vetements-de-taille-superieure-avec-bretelles-larges","status":"publish","type":"product","link":"https:\/\/yume-silm.com\/fr\/produit\/vetements-de-taille-superieure-avec-bretelles-larges\/","title":{"rendered":"Vente en gros de shorts de mise en forme du corps \u00e0 poitrine ouverte de grande taille pour femmes"},"content":{"rendered":"<h5>Caract\u00e9ristiques de conception<\/h5>\n<ul>\n<li><strong>GRANDE TAILLE \u00c9L\u00c9GANTE\u00a0:<\/strong> Notre shaper complet grande taille est personnalis\u00e9 pour les silhouettes grandes tailles afin de garantir un ajustement, un confort et un soutien optimaux.<\/li>\n<li><strong>LARGES SANGLES R\u00c9GLABLES\u00a0:<\/strong> Ce body plus mince et r\u00e9glable pour le contr\u00f4le du ventre et les cuisses est con\u00e7u avec de larges bretelles r\u00e9glables. R\u00e9partit uniform\u00e9ment le poids et r\u00e9duit la pression sur les \u00e9paules pour un confort maximal.<\/li>\n<li><strong>BUSTE OUVERT\u00a0:<\/strong> Le corset plus fin \u00e0 poitrine ouverte permet un meilleur choix de soutiens-gorge \u00e0 armatures \u00e0 adapter et \u00e0 pr\u00e9f\u00e9rer. Soutient la poitrine et r\u00e9v\u00e8le un d\u00e9collet\u00e9 sexy.<\/li>\n<li><strong>CROCHETS 3 COUCHES\u00a0:<\/strong> Shapewear dispose de trois couches de crochets pour ajuster l&#039;\u00e9lasticit\u00e9. Il peut \u00e9galement \u00eatre ajust\u00e9 par \u00e9tapes pour am\u00e9liorer l&#039;adaptabilit\u00e9 et la compression abdominale. Cela garantit un ajustement parfait et un effet de modelage id\u00e9al.<\/li>\n<\/ul>\n<h6><em>Body gainant grande taille pour femme, entrejambe ouvert, larges bretelles<\/em><\/h6>\n<ul>\n<li><strong>ENTREJAMBE OUVERTE\u00a0:<\/strong> Le body shaper grande taille r\u00e9sout le probl\u00e8me de l&#039;acc\u00e8s facile aux toilettes, ce qui est tr\u00e8s pratique et rend ce v\u00eatement grande taille plus humanis\u00e9.<\/li>\n<li><strong>CONFORT TOUTE LA JOURN\u00c9E\u00a0:<\/strong> Fabriqu\u00e9 dans un mat\u00e9riau doux et respirant, ce short gainant \u00e0 poitrine ouverte de grande taille pour femme est confortable \u00e0 porter et convient \u00e0 un usage toute la journ\u00e9e. Haute \u00e9lasticit\u00e9 pour une utilisation plus durable. Augmente instantan\u00e9ment la confiance et la beaut\u00e9, compl\u00e8te n&#039;importe quelle tenue.<\/li>\n<li><strong>MISE EN FORME TOUT AUTOUR\u00a0:<\/strong> Ce short gainant \u00e0 buste ouvert de grande taille pour femme avec de larges bretelles peut \u00eatre clairement ressenti pour le soutien du dos, le soutien de la poitrine, le lifting visible des fesses ainsi que la mise en forme des cuisses. Et les jambes sont con\u00e7ues avec de la dentelle ajout\u00e9e pour \u00e9viter les boucles tout en ajoutant \u00e9l\u00e9gance et charme.<\/li>\n<li>Notre short gainant \u00e0 poitrine ouverte de grande taille pour femme est un m\u00e9lange de style, de confort et de fonctionnalit\u00e9. Pour les grossistes souhaitant proposer des solutions shapewear haut de gamme, ce produit shapewear est un incontournable. Plongez dans l&#039;univers du commerce de gros avec cette pi\u00e8ce d&#039;exception. Commandez aujourd&#039;hui\u00a0!<\/li>\n<\/ul>","protected":false},"excerpt":{"rendered":"<p>Rehaussez la beaut\u00e9 de chaque courbe avec notre short gainant \u00e0 poitrine ouverte de grande taille pour femmes. Avec de larges bretelles et un boutonnage \u00e0 3 \u00e9paisseurs, cette pi\u00e8ce promet \u00e0 la fois confort et silhouette sculpt\u00e9e \u00e0 vos clients.<\/p>","protected":false},"featured_media":4375,"comment_status":"open","ping_status":"closed","template":"","meta":{"site-sidebar-layout":"default","site-content-layout":"default","ast-site-content-layout":"default","site-content-style":"default","site-sidebar-style":"default","ast-global-header-display":"","ast-banner-title-visibility":"","ast-main-header-display":"","ast-hfb-above-header-display":"","ast-hfb-below-header-display":"","ast-hfb-mobile-header-display":"","site-post-title":"","ast-breadcrumbs-content":"","ast-featured-img":"","footer-sml-layout":"","ast-disable-related-posts":"","theme-transparent-header-meta":"default","adv-header-id-meta":"","stick-header-meta":"default","header-above-stick-meta":"","header-main-stick-meta":"","header-below-stick-meta":"","astra-migrate-meta-layouts":"set","ast-page-background-enabled":"default","ast-page-background-meta":{"desktop":{"background-color":"","background-image":"","background-repeat":"repeat","background-position":"center center","background-size":"auto","background-attachment":"scroll","background-type":"","background-media":"","overlay-type":"","overlay-color":"","overlay-opacity":"","overlay-gradient":""},"tablet":{"background-color":"","background-image":"","background-repeat":"repeat","background-position":"center center","background-size":"auto","background-attachment":"scroll","background-type":"","background-media":"","overlay-type":"","overlay-color":"","overlay-opacity":"","overlay-gradient":""},"mobile":{"background-color":"","background-image":"","background-repeat":"repeat","background-position":"center center","background-size":"auto","background-attachment":"scroll","background-type":"","background-media":"","overlay-type":"","overlay-color":"","overlay-opacity":"","overlay-gradient":""}},"ast-content-background-meta":{"desktop":{"background-color":"var(--ast-global-color-5)","background-image":"","background-repeat":"repeat","background-position":"center center","background-size":"auto","background-attachment":"scroll","background-type":"","background-media":"","overlay-type":"","overlay-color":"","overlay-opacity":"","overlay-gradient":""},"tablet":{"background-color":"var(--ast-global-color-5)","background-image":"","background-repeat":"repeat","background-position":"center center","background-size":"auto","background-attachment":"scroll","background-type":"","background-media":"","overlay-type":"","overlay-color":"","overlay-opacity":"","overlay-gradient":""},"mobile":{"background-color":"var(--ast-global-color-5)","background-image":"","background-repeat":"repeat","background-position":"center center","background-size":"auto","background-attachment":"scroll","background-type":"","background-media":"","overlay-type":"","overlay-color":"","overlay-opacity":"","overlay-gradient":""}}},"product_brand":[],"product_cat":[65,76,77,1092,78],"product_tag":[136,148,134,154],"class_list":{"0":"post-4346","1":"product","2":"type-product","3":"status-publish","4":"has-post-thumbnail","6":"product_cat-best-sellers","7":"product_cat-new-arrivels","8":"product_cat-wholesale-womens-shapewear","9":"product_cat-plus-size-shapewear","10":"product_cat-wholesale-full-body-shaper","11":"product_tag-bridal","12":"product_tag-one-piece","13":"product_tag-tummy-tucker","14":"product_tag-with-hooks","15":"pa_color-beige","16":"pa_color-black","17":"pa_size-4xl","18":"pa_size-5xl","19":"pa_size-6xl","20":"pa_size-l","21":"pa_size-m","22":"pa_size-s","23":"pa_size-xl","24":"pa_size-xxl","25":"pa_size-xxxl","26":"desktop-align-center","27":"tablet-align-left","28":"mobile-align-left","29":"ast-product-gallery-layout-horizontal-slider","30":"ast-product-single-variable","31":"ast-product-tabs-layout-horizontal","32":"ast-qv-on-image","34":"first","35":"instock","36":"shipping-taxable","37":"purchasable","38":"product-type-variable"},"tiered_pricing_type":"fixed","tiered_pricing_fixed_rules":{"2":14.29,"30":13.39,"100":11.19},"tiered_pricing_product_settings":{"layout":"default","base_unit_name":{"singular":null,"plural":null},"default_variation":{}},"tiered_pricing_minimum_quantity":null,"tiered_pricing_roles_data":[],"tiered_pricing_percentage_rules":[],"_links":{"self":[{"href":"https:\/\/yume-silm.com\/fr\/wp-json\/wp\/v2\/product\/4346","targetHints":{"allow":["GET"]}}],"collection":[{"href":"https:\/\/yume-silm.com\/fr\/wp-json\/wp\/v2\/product"}],"about":[{"href":"https:\/\/yume-silm.com\/fr\/wp-json\/wp\/v2\/types\/product"}],"replies":[{"embeddable":true,"href":"https:\/\/yume-silm.com\/fr\/wp-json\/wp\/v2\/comments?post=4346"}],"wp:featuredmedia":[{"embeddable":true,"href":"https:\/\/yume-silm.com\/fr\/wp-json\/wp\/v2\/media\/4375"}],"wp:attachment":[{"href":"https:\/\/yume-silm.com\/fr\/wp-json\/wp\/v2\/media?parent=4346"}],"wp:term":[{"taxonomy":"product_brand","embeddable":true,"href":"https:\/\/yume-silm.com\/fr\/wp-json\/wp\/v2\/product_brand?post=4346"},{"taxonomy":"product_cat","embeddable":true,"href":"https:\/\/yume-silm.com\/fr\/wp-json\/wp\/v2\/product_cat?post=4346"},{"taxonomy":"product_tag","embeddable":true,"href":"https:\/\/yume-silm.com\/fr\/wp-json\/wp\/v2\/product_tag?post=4346"}],"curies":[{"name":"wp","href":"https:\/\/api.w.org\/{rel}","templated":true}]}}