{"id":4410,"date":"2023-07-17T07:43:57","date_gmt":"2023-07-17T07:43:57","guid":{"rendered":"https:\/\/yume-silm.com\/?post_type=product&#038;p=4410"},"modified":"2025-05-29T03:34:54","modified_gmt":"2025-05-29T03:34:54","slug":"culotte-ajustable-pour-la-taille-et-la-hanche-amovible","status":"publish","type":"product","link":"https:\/\/yume-silm.com\/fr\/produit\/culotte-ajustable-pour-la-taille-et-la-hanche-amovible\/","title":{"rendered":"Vente en gros de culottes gainantes pour le contr\u00f4le du ventre\u00a0: lifting de la taille et des hanches"},"content":{"rendered":"<h5>Caract\u00e9ristiques de conception<\/h5>\n<ul>\n<li><strong>CONTR\u00d4LE ABDOMINAL\u00a0:<\/strong> Notre short gainant taille haute est dot\u00e9 d&#039;un puissant panneau de contr\u00f4le abdominal pour maximiser le lissage de la taille et l&#039;aplatissement du ventre.<\/li>\n<li><strong>BRACELET DE SOUTIEN-GORGE AMOVIBLE\u00a0:<\/strong> Ce short shapewear sp\u00e9cialement con\u00e7u offre une compression et une mise en forme suppl\u00e9mentaires pour la taille et les hanches.<\/li>\n<li><strong>Lifting de la taille et des hanches\u00a0:<\/strong> L&#039;effet global du shapewear sans couture est excellent et, gr\u00e2ce \u00e0 l&#039;effet de mouvement, il peut fa\u00e7onner la silhouette du sablier et am\u00e9liorer la courbe des hanches.<\/li>\n<li><strong>Sans couture et confortable :<\/strong> Avec ce short shapewear pour femme, vous pouvez mieux porter d&#039;autres belles robes, jeans et ainsi de suite. Parce que les shorts shapewear grande taille peuvent \u00eatre cach\u00e9s sous n&#039;importe quel v\u00eatement.<\/li>\n<li><strong>PORT POLYVALENT\u00a0:<\/strong> Choisissez nos sous-v\u00eatements gainants grande taille, faciles \u00e0 g\u00e9rer pour les d\u00e9placements quotidiens ou les occasions de f\u00eate sp\u00e9ciales, etc., pour am\u00e9liorer votre confiance et compl\u00e9ter n&#039;importe quelle tenue.<\/li>\n<\/ul>\n<h6><em>Culotte gainante ventre grande taille femme avec dentelle dentelle<\/em><\/h6>\n<ul>\n<li>Notre culotte gainante pour le ventre est un m\u00e9lange de style, de confort et de fonctionnalit\u00e9. Pour les grossistes souhaitant proposer des solutions shapewear innovantes, ce produit est un incontournable. Plongez dans l&#039;univers du commerce de gros avec cette pi\u00e8ce d&#039;exception. Commandez aujourd&#039;hui\u00a0!<\/li>\n<\/ul>","protected":false},"excerpt":{"rendered":"<p>Augmentez la confiance de vos clients avec notre culotte gainante \u00e0 bretelles amovibles. Con\u00e7u pour am\u00e9liorer la taille et les hanches. Cette culotte gainante grande taille pour femme avec dentelle en dentelle offre une transformation imm\u00e9diate de la forme et de la silhouette, accentuant magnifiquement les courbes naturelles.<\/p>","protected":false},"featured_media":4426,"comment_status":"open","ping_status":"closed","template":"","meta":{"site-sidebar-layout":"default","site-content-layout":"default","ast-site-content-layout":"default","site-content-style":"default","site-sidebar-style":"default","ast-global-header-display":"","ast-banner-title-visibility":"","ast-main-header-display":"","ast-hfb-above-header-display":"","ast-hfb-below-header-display":"","ast-hfb-mobile-header-display":"","site-post-title":"","ast-breadcrumbs-content":"","ast-featured-img":"","footer-sml-layout":"","ast-disable-related-posts":"","theme-transparent-header-meta":"default","adv-header-id-meta":"","stick-header-meta":"default","header-above-stick-meta":"","header-main-stick-meta":"","header-below-stick-meta":"","astra-migrate-meta-layouts":"set","ast-page-background-enabled":"default","ast-page-background-meta":{"desktop":{"background-color":"","background-image":"","background-repeat":"repeat","background-position":"center center","background-size":"auto","background-attachment":"scroll","background-type":"","background-media":"","overlay-type":"","overlay-color":"","overlay-opacity":"","overlay-gradient":""},"tablet":{"background-color":"","background-image":"","background-repeat":"repeat","background-position":"center center","background-size":"auto","background-attachment":"scroll","background-type":"","background-media":"","overlay-type":"","overlay-color":"","overlay-opacity":"","overlay-gradient":""},"mobile":{"background-color":"","background-image":"","background-repeat":"repeat","background-position":"center center","background-size":"auto","background-attachment":"scroll","background-type":"","background-media":"","overlay-type":"","overlay-color":"","overlay-opacity":"","overlay-gradient":""}},"ast-content-background-meta":{"desktop":{"background-color":"var(--ast-global-color-5)","background-image":"","background-repeat":"repeat","background-position":"center center","background-size":"auto","background-attachment":"scroll","background-type":"","background-media":"","overlay-type":"","overlay-color":"","overlay-opacity":"","overlay-gradient":""},"tablet":{"background-color":"var(--ast-global-color-5)","background-image":"","background-repeat":"repeat","background-position":"center center","background-size":"auto","background-attachment":"scroll","background-type":"","background-media":"","overlay-type":"","overlay-color":"","overlay-opacity":"","overlay-gradient":""},"mobile":{"background-color":"var(--ast-global-color-5)","background-image":"","background-repeat":"repeat","background-position":"center center","background-size":"auto","background-attachment":"scroll","background-type":"","background-media":"","overlay-type":"","overlay-color":"","overlay-opacity":"","overlay-gradient":""}}},"product_brand":[],"product_cat":[65,76,77,80],"product_tag":[141,134,154],"class_list":{"0":"post-4410","1":"product","2":"type-product","3":"status-publish","4":"has-post-thumbnail","6":"product_cat-best-sellers","7":"product_cat-new-arrivels","8":"product_cat-wholesale-womens-shapewear","9":"product_cat-wholesale-butt-lift-underwear","10":"product_tag-plus-size","11":"product_tag-tummy-tucker","12":"product_tag-with-hooks","13":"pa_color-black","14":"pa_size-4xl","15":"pa_size-5xl","16":"pa_size-6xl","17":"pa_size-l","18":"pa_size-m","19":"pa_size-s","20":"pa_size-xl","21":"pa_size-xxl","22":"pa_size-xxxl","23":"desktop-align-center","24":"tablet-align-left","25":"mobile-align-left","26":"ast-product-gallery-layout-horizontal-slider","27":"ast-product-single-variable","28":"ast-product-tabs-layout-horizontal","29":"ast-qv-on-image","31":"first","32":"instock","33":"shipping-taxable","34":"purchasable","35":"product-type-variable"},"tiered_pricing_type":"fixed","tiered_pricing_fixed_rules":{"2":11.89,"30":11.09,"500":9.29},"tiered_pricing_product_settings":{"layout":"default","base_unit_name":{"singular":null,"plural":null},"default_variation":{}},"tiered_pricing_minimum_quantity":null,"tiered_pricing_roles_data":[],"tiered_pricing_percentage_rules":[],"_links":{"self":[{"href":"https:\/\/yume-silm.com\/fr\/wp-json\/wp\/v2\/product\/4410","targetHints":{"allow":["GET"]}}],"collection":[{"href":"https:\/\/yume-silm.com\/fr\/wp-json\/wp\/v2\/product"}],"about":[{"href":"https:\/\/yume-silm.com\/fr\/wp-json\/wp\/v2\/types\/product"}],"replies":[{"embeddable":true,"href":"https:\/\/yume-silm.com\/fr\/wp-json\/wp\/v2\/comments?post=4410"}],"wp:featuredmedia":[{"embeddable":true,"href":"https:\/\/yume-silm.com\/fr\/wp-json\/wp\/v2\/media\/4426"}],"wp:attachment":[{"href":"https:\/\/yume-silm.com\/fr\/wp-json\/wp\/v2\/media?parent=4410"}],"wp:term":[{"taxonomy":"product_brand","embeddable":true,"href":"https:\/\/yume-silm.com\/fr\/wp-json\/wp\/v2\/product_brand?post=4410"},{"taxonomy":"product_cat","embeddable":true,"href":"https:\/\/yume-silm.com\/fr\/wp-json\/wp\/v2\/product_cat?post=4410"},{"taxonomy":"product_tag","embeddable":true,"href":"https:\/\/yume-silm.com\/fr\/wp-json\/wp\/v2\/product_tag?post=4410"}],"curies":[{"name":"wp","href":"https:\/\/api.w.org\/{rel}","templated":true}]}}