{"id":4441,"date":"2023-07-17T08:10:12","date_gmt":"2023-07-17T08:10:12","guid":{"rendered":"https:\/\/yume-silm.com\/?post_type=product&#038;p=4441"},"modified":"2024-02-21T03:06:45","modified_gmt":"2024-02-21T03:06:45","slug":"corset-de-hanche-extensible-avec-sangle-amovible","status":"publish","type":"product","link":"https:\/\/yume-silm.com\/fr\/produit\/corset-de-hanche-extensible-avec-sangle-amovible\/","title":{"rendered":"Short gainant taille haute, bout ouvert, extensible, vente en gros"},"content":{"rendered":"<h5>Caract\u00e9ristiques de conception<\/h5>\n<ul>\n<li><strong>HAUTE \u00c9LASTICIT\u00c9\u00a0:<\/strong> Notre short gainant taille haute ouvert aux hanches est confortable et flatteur, tandis que le tissu \u00e0 haute \u00e9lasticit\u00e9 utilis\u00e9 le rend plus durable \u00e0 utiliser et vous n&#039;avez pas \u00e0 vous soucier de le remplacer souvent.<\/li>\n<li><strong>LIFTING DES HANCHES\u00a0:<\/strong> La conception ouverte des hanches du short shaper taille haute aide les hanches \u00e0 mieux se fa\u00e7onner pour un effet BBL.<\/li>\n<li><strong>CONTR\u00d4LE DE LA TAILLE\u00a0:<\/strong> Le shapewear taille haute rend le soutien de la poitrine plus pratique et sans stress. Compl\u00e9t\u00e9 par de l\u2019exercice, il permet de r\u00e9duire la graisse et de modeler la taille et l\u2019int\u00e9rieur des cuisses.<\/li>\n<li><strong>SANGLES AMOVIBLES\u00a0:<\/strong> Les bretelles amovibles du shapewear noir sont con\u00e7ues pour offrir plusieurs options de port et un soutien suppl\u00e9mentaire. Nous offrons \u00e9galement la commodit\u00e9 d\u2019un confort et d\u2019un style personnalisables.<\/li>\n<\/ul>\n<h6><em>Short shapewear grande taille pour femme, silhouette de compression<\/em><\/h6>\n<ul>\n<li><strong>DOUBLE S\u00c9CURIT\u00c9\u00a0:<\/strong> Le short shapewear ouvert aux fesses est dot\u00e9 d&#039;une double fermeture \u00e9clair et d&#039;une fermeture \u00e0 bouton-pression \u00e0 la taille pour un contr\u00f4le s\u00e9curis\u00e9 de la taille.<\/li>\n<li><strong>ENTREJAMBE OUVERTE\u00a0:<\/strong> L&#039;entrejambe de nos shapewear grande taille pour femmes peut \u00eatre simplement ouvert et ferm\u00e9 pour un acc\u00e8s facile aux toilettes.<\/li>\n<li><strong>MULTIFONCTIONNEL\u00a0:<\/strong> Id\u00e9al pour un usage quotidien ou des occasions sp\u00e9ciales, ce short shapewear taille haute ouvert aux fesses tr\u00e8s extensible peut \u00eatre port\u00e9 avec n&#039;importe quelle tenue tout en renfor\u00e7ant la confiance.<\/li>\n<\/ul>","protected":false},"excerpt":{"rendered":"<p>Notre corset ajust\u00e9 aux hanches en maille hautement extensible avec sangle amovible est un m\u00e9lange d&#039;innovation, d&#039;\u00e9l\u00e9gance et de confort. Pour les grossistes qui cherchent \u00e0 proposer des solutions shapewear de haut niveau, les shorts shapewear taille haute ouverts aux fesses tr\u00e8s extensibles sont un incontournable. Plongez dans le monde du commerce de gros avec cette pi\u00e8ce hors du commun. Commandez aujourd&#039;hui\u00a0!<\/p>","protected":false},"featured_media":4461,"comment_status":"open","ping_status":"closed","template":"","meta":{"site-sidebar-layout":"default","site-content-layout":"default","ast-site-content-layout":"default","site-content-style":"default","site-sidebar-style":"default","ast-global-header-display":"","ast-banner-title-visibility":"","ast-main-header-display":"","ast-hfb-above-header-display":"","ast-hfb-below-header-display":"","ast-hfb-mobile-header-display":"","site-post-title":"","ast-breadcrumbs-content":"","ast-featured-img":"","footer-sml-layout":"","ast-disable-related-posts":"","theme-transparent-header-meta":"default","adv-header-id-meta":"","stick-header-meta":"default","header-above-stick-meta":"","header-main-stick-meta":"","header-below-stick-meta":"","astra-migrate-meta-layouts":"set","ast-page-background-enabled":"default","ast-page-background-meta":{"desktop":{"background-color":"","background-image":"","background-repeat":"repeat","background-position":"center center","background-size":"auto","background-attachment":"scroll","background-type":"","background-media":"","overlay-type":"","overlay-color":"","overlay-opacity":"","overlay-gradient":""},"tablet":{"background-color":"","background-image":"","background-repeat":"repeat","background-position":"center center","background-size":"auto","background-attachment":"scroll","background-type":"","background-media":"","overlay-type":"","overlay-color":"","overlay-opacity":"","overlay-gradient":""},"mobile":{"background-color":"","background-image":"","background-repeat":"repeat","background-position":"center center","background-size":"auto","background-attachment":"scroll","background-type":"","background-media":"","overlay-type":"","overlay-color":"","overlay-opacity":"","overlay-gradient":""}},"ast-content-background-meta":{"desktop":{"background-color":"var(--ast-global-color-5)","background-image":"","background-repeat":"repeat","background-position":"center center","background-size":"auto","background-attachment":"scroll","background-type":"","background-media":"","overlay-type":"","overlay-color":"","overlay-opacity":"","overlay-gradient":""},"tablet":{"background-color":"var(--ast-global-color-5)","background-image":"","background-repeat":"repeat","background-position":"center center","background-size":"auto","background-attachment":"scroll","background-type":"","background-media":"","overlay-type":"","overlay-color":"","overlay-opacity":"","overlay-gradient":""},"mobile":{"background-color":"var(--ast-global-color-5)","background-image":"","background-repeat":"repeat","background-position":"center center","background-size":"auto","background-attachment":"scroll","background-type":"","background-media":"","overlay-type":"","overlay-color":"","overlay-opacity":"","overlay-gradient":""}}},"product_brand":[],"product_cat":[65,76,77,80],"product_tag":[136,137,139,134],"class_list":{"0":"post-4441","1":"product","2":"type-product","3":"status-publish","4":"has-post-thumbnail","6":"product_cat-best-sellers","7":"product_cat-new-arrivels","8":"product_cat-wholesale-womens-shapewear","9":"product_cat-wholesale-butt-lift-underwear","10":"product_tag-bridal","11":"product_tag-butt-lift","12":"product_tag-high-waist","13":"product_tag-tummy-tucker","14":"pa_color-black","15":"pa_size-4xl","16":"pa_size-5xl","17":"pa_size-6xl","18":"pa_size-l","19":"pa_size-m","20":"pa_size-s","21":"pa_size-xl","22":"pa_size-xxl","23":"pa_size-xxxl","24":"desktop-align-center","25":"tablet-align-left","26":"mobile-align-left","27":"ast-product-gallery-layout-horizontal-slider","28":"ast-product-single-variable","29":"ast-product-tabs-layout-horizontal","30":"ast-qv-on-image","32":"first","33":"instock","34":"shipping-taxable","35":"purchasable","36":"product-type-variable"},"tiered_pricing_type":"fixed","tiered_pricing_fixed_rules":{"2":9.89,"30":9.29,"500":7.69},"tiered_pricing_product_settings":{"layout":"default","base_unit_name":{"singular":null,"plural":null},"default_variation":{}},"tiered_pricing_minimum_quantity":null,"tiered_pricing_roles_data":[],"tiered_pricing_percentage_rules":[],"_links":{"self":[{"href":"https:\/\/yume-silm.com\/fr\/wp-json\/wp\/v2\/product\/4441","targetHints":{"allow":["GET"]}}],"collection":[{"href":"https:\/\/yume-silm.com\/fr\/wp-json\/wp\/v2\/product"}],"about":[{"href":"https:\/\/yume-silm.com\/fr\/wp-json\/wp\/v2\/types\/product"}],"replies":[{"embeddable":true,"href":"https:\/\/yume-silm.com\/fr\/wp-json\/wp\/v2\/comments?post=4441"}],"wp:featuredmedia":[{"embeddable":true,"href":"https:\/\/yume-silm.com\/fr\/wp-json\/wp\/v2\/media\/4461"}],"wp:attachment":[{"href":"https:\/\/yume-silm.com\/fr\/wp-json\/wp\/v2\/media?parent=4441"}],"wp:term":[{"taxonomy":"product_brand","embeddable":true,"href":"https:\/\/yume-silm.com\/fr\/wp-json\/wp\/v2\/product_brand?post=4441"},{"taxonomy":"product_cat","embeddable":true,"href":"https:\/\/yume-silm.com\/fr\/wp-json\/wp\/v2\/product_cat?post=4441"},{"taxonomy":"product_tag","embeddable":true,"href":"https:\/\/yume-silm.com\/fr\/wp-json\/wp\/v2\/product_tag?post=4441"}],"curies":[{"name":"wp","href":"https:\/\/api.w.org\/{rel}","templated":true}]}}