{"id":4463,"date":"2023-07-19T07:06:26","date_gmt":"2023-07-19T07:06:26","guid":{"rendered":"https:\/\/yume-silm.com\/?post_type=product&#038;p=4463"},"modified":"2025-05-26T01:43:51","modified_gmt":"2025-05-26T01:43:51","slug":"boxer-taille-haute-tummy-control-pants-avec-eponge-rehausseur-fesses","status":"publish","type":"product","link":"https:\/\/yume-silm.com\/fr\/produit\/boxer-taille-haute-tummy-control-pants-avec-eponge-rehausseur-fesses\/","title":{"rendered":"Vente en gros Pantalon De Contr\u00f4le Du Ventre Boxer Taille Haute"},"content":{"rendered":"<h5>Caract\u00e9ristiques de conception<\/h5>\n<ul>\n<li><strong>CONCEPTION TAILLE HAUTE\u00a0:<\/strong> Le short gainant taille haute sans couture procure un effet lissant sur le ventre, offrant contr\u00f4le et soutien pour une silhouette plus fine. Garantit une silhouette lisse et fluide, sans lignes ni renflements ind\u00e9sirables.<\/li>\n<li><strong>COUSSIN \u00c9PONGE REHAUSSEURS DE FESSES\u00a0:<\/strong> Les sous-v\u00eatements gainants pour femmes de grande taille sont con\u00e7us avec un design rembourr\u00e9 d&#039;une seule pi\u00e8ce qui fournit un effet liftant naturel lors du port, am\u00e9liorant votre silhouette et renfor\u00e7ant votre confiance.<\/li>\n<li><strong>HAUTE \u00c9LASTICIT\u00c9\u00a0:<\/strong> Le short shapewear sans couture de couleur unie est fait d&#039;un mat\u00e9riau de haute qualit\u00e9 avec une \u00e9lasticit\u00e9 \u00e9lev\u00e9e, qui s&#039;adapte bien \u00e0 la forme de votre corps et assure un port confortable tout au long de la journ\u00e9e.<\/li>\n<li><strong>POLYVALENT ET \u00c0 LA MODE\u00a0:<\/strong> Notre boxer taille haute gainant le ventre est parfait pour un usage quotidien et pour les occasions sp\u00e9ciales. Faites-lui confiance pour mettre en valeur vos courbes et compl\u00e9ter n&#039;importe quelle tenue.<\/li>\n<\/ul>\n<h6><em>Sous-v\u00eatements gainants grande taille pour femmes, short de levage des hanches<\/em><\/h6>\n<ul>\n<li>Notre boxer taille haute gainant le ventre avec coussinet en \u00e9ponge pour rehausser les fesses est un m\u00e9lange de style, de confort et d&#039;innovation.<\/li>\n<li>Pour les grossistes cherchant \u00e0 proposer des solutions shapewear de premier ordre, ce produit est un incontournable. Plongez dans le monde du commerce de gros avec cette pi\u00e8ce hors du commun. Commandez aujourd&#039;hui\u00a0!<\/li>\n<\/ul>","protected":false},"excerpt":{"rendered":"<p>D\u00e9couvrez la magie de notre boxer taille haute gainant le ventre. \u00c9quip\u00e9 de rehausseurs de fesses en \u00e9ponge, ce pantalon offre un rehaussement souhaitable, un design sans couture et une \u00e9lasticit\u00e9 \u00e9lev\u00e9e, garantissant \u00e0 vos clients une confiance rayonnante \u00e0 chaque pas.<\/p>","protected":false},"featured_media":4490,"comment_status":"open","ping_status":"closed","template":"","meta":{"site-sidebar-layout":"default","site-content-layout":"default","ast-site-content-layout":"default","site-content-style":"default","site-sidebar-style":"default","ast-global-header-display":"","ast-banner-title-visibility":"","ast-main-header-display":"","ast-hfb-above-header-display":"","ast-hfb-below-header-display":"","ast-hfb-mobile-header-display":"","site-post-title":"","ast-breadcrumbs-content":"","ast-featured-img":"","footer-sml-layout":"","ast-disable-related-posts":"","theme-transparent-header-meta":"default","adv-header-id-meta":"","stick-header-meta":"default","header-above-stick-meta":"","header-main-stick-meta":"","header-below-stick-meta":"","astra-migrate-meta-layouts":"set","ast-page-background-enabled":"default","ast-page-background-meta":{"desktop":{"background-color":"","background-image":"","background-repeat":"repeat","background-position":"center center","background-size":"auto","background-attachment":"scroll","background-type":"","background-media":"","overlay-type":"","overlay-color":"","overlay-opacity":"","overlay-gradient":""},"tablet":{"background-color":"","background-image":"","background-repeat":"repeat","background-position":"center center","background-size":"auto","background-attachment":"scroll","background-type":"","background-media":"","overlay-type":"","overlay-color":"","overlay-opacity":"","overlay-gradient":""},"mobile":{"background-color":"","background-image":"","background-repeat":"repeat","background-position":"center center","background-size":"auto","background-attachment":"scroll","background-type":"","background-media":"","overlay-type":"","overlay-color":"","overlay-opacity":"","overlay-gradient":""}},"ast-content-background-meta":{"desktop":{"background-color":"var(--ast-global-color-5)","background-image":"","background-repeat":"repeat","background-position":"center center","background-size":"auto","background-attachment":"scroll","background-type":"","background-media":"","overlay-type":"","overlay-color":"","overlay-opacity":"","overlay-gradient":""},"tablet":{"background-color":"var(--ast-global-color-5)","background-image":"","background-repeat":"repeat","background-position":"center center","background-size":"auto","background-attachment":"scroll","background-type":"","background-media":"","overlay-type":"","overlay-color":"","overlay-opacity":"","overlay-gradient":""},"mobile":{"background-color":"var(--ast-global-color-5)","background-image":"","background-repeat":"repeat","background-position":"center center","background-size":"auto","background-attachment":"scroll","background-type":"","background-media":"","overlay-type":"","overlay-color":"","overlay-opacity":"","overlay-gradient":""}}},"product_brand":[],"product_cat":[65,76,77,79,80],"product_tag":[136,139,186,134],"class_list":{"0":"post-4463","1":"product","2":"type-product","3":"status-publish","4":"has-post-thumbnail","6":"product_cat-best-sellers","7":"product_cat-new-arrivels","8":"product_cat-wholesale-womens-shapewear","9":"product_cat-wholesale-seemless-shaperwear","10":"product_cat-wholesale-butt-lift-underwear","11":"product_tag-bridal","12":"product_tag-high-waist","13":"product_tag-padded","14":"product_tag-tummy-tucker","15":"pa_color-beige","16":"pa_color-black","17":"pa_size-4xl","18":"pa_size-5xl","19":"pa_size-6xl","20":"pa_size-l","21":"pa_size-m","22":"pa_size-s","23":"pa_size-xl","24":"pa_size-xxl","25":"pa_size-xxxl","26":"desktop-align-center","27":"tablet-align-left","28":"mobile-align-left","29":"ast-product-gallery-layout-horizontal-slider","30":"ast-product-single-variable","31":"ast-product-tabs-layout-horizontal","32":"ast-qv-on-image","34":"first","35":"instock","36":"shipping-taxable","37":"purchasable","38":"product-type-variable"},"tiered_pricing_type":"fixed","tiered_pricing_fixed_rules":{"2":9.89,"30":9.29,"500":7.69},"tiered_pricing_product_settings":{"layout":"default","base_unit_name":{"singular":null,"plural":null},"default_variation":{}},"tiered_pricing_minimum_quantity":null,"tiered_pricing_roles_data":[],"tiered_pricing_percentage_rules":[],"_links":{"self":[{"href":"https:\/\/yume-silm.com\/fr\/wp-json\/wp\/v2\/product\/4463","targetHints":{"allow":["GET"]}}],"collection":[{"href":"https:\/\/yume-silm.com\/fr\/wp-json\/wp\/v2\/product"}],"about":[{"href":"https:\/\/yume-silm.com\/fr\/wp-json\/wp\/v2\/types\/product"}],"replies":[{"embeddable":true,"href":"https:\/\/yume-silm.com\/fr\/wp-json\/wp\/v2\/comments?post=4463"}],"wp:featuredmedia":[{"embeddable":true,"href":"https:\/\/yume-silm.com\/fr\/wp-json\/wp\/v2\/media\/4490"}],"wp:attachment":[{"href":"https:\/\/yume-silm.com\/fr\/wp-json\/wp\/v2\/media?parent=4463"}],"wp:term":[{"taxonomy":"product_brand","embeddable":true,"href":"https:\/\/yume-silm.com\/fr\/wp-json\/wp\/v2\/product_brand?post=4463"},{"taxonomy":"product_cat","embeddable":true,"href":"https:\/\/yume-silm.com\/fr\/wp-json\/wp\/v2\/product_cat?post=4463"},{"taxonomy":"product_tag","embeddable":true,"href":"https:\/\/yume-silm.com\/fr\/wp-json\/wp\/v2\/product_tag?post=4463"}],"curies":[{"name":"wp","href":"https:\/\/api.w.org\/{rel}","templated":true}]}}