{"id":4521,"date":"2023-07-21T09:19:11","date_gmt":"2023-07-21T09:19:11","guid":{"rendered":"https:\/\/yume-silm.com\/?post_type=product&#038;p=4521"},"modified":"2024-01-27T08:11:10","modified_gmt":"2024-01-27T08:11:10","slug":"body-sculptant-avec-controle-du-ventre-et-hanche-en-maille-respirante","status":"publish","type":"product","link":"https:\/\/yume-silm.com\/fr\/produit\/body-sculptant-avec-controle-du-ventre-et-hanche-en-maille-respirante\/","title":{"rendered":"Vente en gros Body Shapewear \u00e0 Buste Ouvert Avec Fermeture \u00e0 Glissi\u00e8re"},"content":{"rendered":"<h5>Caract\u00e9ristiques de conception<\/h5>\n<ul>\n<li><strong>CONTR\u00d4LE DU VENTRE\u00a0:<\/strong> La douceur globale du body \u00e0 poitrine ouverte maximise l&#039;effet de modelage du ventre pour une apparence plus \u00e9pur\u00e9e.<\/li>\n<li><strong>HANCHES EN MAILLE RESPIRANTE\u00a0:<\/strong> Le string body shapewear est fabriqu\u00e9 dans un mat\u00e9riau de haute qualit\u00e9 qui est presque enti\u00e8rement respirant pour maximiser la respiration de la peau. Id\u00e9al \u00e0 porter toute la journ\u00e9e, et bien s\u00fbr, vous pouvez \u00e9galement le porter pour un entra\u00eenement minceur.<\/li>\n<li><strong>Entrejambe ouvrable\u00a0:<\/strong> L&#039;entrejambe des meilleurs shapewear pour femmes est dot\u00e9 de boutons-pression qui peuvent \u00eatre facilement ouverts et ferm\u00e9s lorsque vous utilisez les toilettes. Cette fonction pratique offre plus de confort pour aller aux toilettes.<\/li>\n<li><strong>Sangles r\u00e9glables\u00a0:<\/strong> Les bretelles r\u00e9glables du body galbant la poitrine ouvrable \u00e0 l&#039;entrejambe vous offrent un ajustement personnalisable et garantissent que le shapewear s&#039;adapte parfaitement \u00e0 la forme de votre corps.<\/li>\n<\/ul>\n<h6><em>Combinaison femme poitrine ouverte<\/em><\/h6>\n<ul>\n<li>Notre body gainant \u00e0 poitrine ouverte avec fermeture \u00e9clair est un m\u00e9lange de style, de confort et de fonctionnalit\u00e9.<\/li>\n<li>Pour les grossistes cherchant \u00e0 proposer des solutions shapewear innovantes, ce produit est un incontournable. Plongez dans l&#039;univers du commerce de gros avec cette pi\u00e8ce d&#039;exception. Commandez aujourd&#039;hui\u00a0!<\/li>\n<\/ul>","protected":false},"excerpt":{"rendered":"<p>\u00c9levez votre silhouette avec notre body shapewear \u00e0 buste ouvert avec fermeture \u00e9clair. Con\u00e7ue avec un contr\u00f4le du ventre et un entrejambe ouvrable, cette pi\u00e8ce garantit \u00e0 vos clients un look \u00e9l\u00e9gant et profil\u00e9 tout en b\u00e9n\u00e9ficiant du plus grand confort.<\/p>","protected":false},"featured_media":4537,"comment_status":"open","ping_status":"closed","template":"","meta":{"site-sidebar-layout":"default","site-content-layout":"default","ast-site-content-layout":"default","site-content-style":"default","site-sidebar-style":"default","ast-global-header-display":"","ast-banner-title-visibility":"","ast-main-header-display":"","ast-hfb-above-header-display":"","ast-hfb-below-header-display":"","ast-hfb-mobile-header-display":"","site-post-title":"","ast-breadcrumbs-content":"","ast-featured-img":"","footer-sml-layout":"","ast-disable-related-posts":"","theme-transparent-header-meta":"default","adv-header-id-meta":"","stick-header-meta":"default","header-above-stick-meta":"","header-main-stick-meta":"","header-below-stick-meta":"","astra-migrate-meta-layouts":"set","ast-page-background-enabled":"default","ast-page-background-meta":{"desktop":{"background-color":"","background-image":"","background-repeat":"repeat","background-position":"center center","background-size":"auto","background-attachment":"scroll","background-type":"","background-media":"","overlay-type":"","overlay-color":"","overlay-opacity":"","overlay-gradient":""},"tablet":{"background-color":"","background-image":"","background-repeat":"repeat","background-position":"center center","background-size":"auto","background-attachment":"scroll","background-type":"","background-media":"","overlay-type":"","overlay-color":"","overlay-opacity":"","overlay-gradient":""},"mobile":{"background-color":"","background-image":"","background-repeat":"repeat","background-position":"center center","background-size":"auto","background-attachment":"scroll","background-type":"","background-media":"","overlay-type":"","overlay-color":"","overlay-opacity":"","overlay-gradient":""}},"ast-content-background-meta":{"desktop":{"background-color":"var(--ast-global-color-5)","background-image":"","background-repeat":"repeat","background-position":"center center","background-size":"auto","background-attachment":"scroll","background-type":"","background-media":"","overlay-type":"","overlay-color":"","overlay-opacity":"","overlay-gradient":""},"tablet":{"background-color":"var(--ast-global-color-5)","background-image":"","background-repeat":"repeat","background-position":"center center","background-size":"auto","background-attachment":"scroll","background-type":"","background-media":"","overlay-type":"","overlay-color":"","overlay-opacity":"","overlay-gradient":""},"mobile":{"background-color":"var(--ast-global-color-5)","background-image":"","background-repeat":"repeat","background-position":"center center","background-size":"auto","background-attachment":"scroll","background-type":"","background-media":"","overlay-type":"","overlay-color":"","overlay-opacity":"","overlay-gradient":""}}},"product_brand":[],"product_cat":[65,76,77,82],"product_tag":[152,134],"class_list":{"0":"post-4521","1":"product","2":"type-product","3":"status-publish","4":"has-post-thumbnail","6":"product_cat-best-sellers","7":"product_cat-new-arrivels","8":"product_cat-wholesale-womens-shapewear","9":"product_cat-wholesale-shapewear-bodysuit","10":"product_tag-lace-up","11":"product_tag-tummy-tucker","12":"pa_color-beige","13":"pa_color-black","14":"pa_size-l","15":"pa_size-m","16":"pa_size-s","17":"desktop-align-center","18":"tablet-align-left","19":"mobile-align-left","20":"ast-product-gallery-layout-horizontal-slider","21":"ast-product-single-variable","22":"ast-product-tabs-layout-horizontal","23":"ast-qv-on-image","25":"first","26":"instock","27":"shipping-taxable","28":"purchasable","29":"product-type-variable"},"tiered_pricing_type":"fixed","tiered_pricing_fixed_rules":{"2":8.19,"30":7.59,"500":6.39},"tiered_pricing_product_settings":{"layout":"default","base_unit_name":{"singular":null,"plural":null},"default_variation":{}},"tiered_pricing_minimum_quantity":null,"tiered_pricing_roles_data":[],"tiered_pricing_percentage_rules":[],"_links":{"self":[{"href":"https:\/\/yume-silm.com\/fr\/wp-json\/wp\/v2\/product\/4521","targetHints":{"allow":["GET"]}}],"collection":[{"href":"https:\/\/yume-silm.com\/fr\/wp-json\/wp\/v2\/product"}],"about":[{"href":"https:\/\/yume-silm.com\/fr\/wp-json\/wp\/v2\/types\/product"}],"replies":[{"embeddable":true,"href":"https:\/\/yume-silm.com\/fr\/wp-json\/wp\/v2\/comments?post=4521"}],"wp:featuredmedia":[{"embeddable":true,"href":"https:\/\/yume-silm.com\/fr\/wp-json\/wp\/v2\/media\/4537"}],"wp:attachment":[{"href":"https:\/\/yume-silm.com\/fr\/wp-json\/wp\/v2\/media?parent=4521"}],"wp:term":[{"taxonomy":"product_brand","embeddable":true,"href":"https:\/\/yume-silm.com\/fr\/wp-json\/wp\/v2\/product_brand?post=4521"},{"taxonomy":"product_cat","embeddable":true,"href":"https:\/\/yume-silm.com\/fr\/wp-json\/wp\/v2\/product_cat?post=4521"},{"taxonomy":"product_tag","embeddable":true,"href":"https:\/\/yume-silm.com\/fr\/wp-json\/wp\/v2\/product_tag?post=4521"}],"curies":[{"name":"wp","href":"https:\/\/api.w.org\/{rel}","templated":true}]}}