{"id":4571,"date":"2023-07-25T03:06:54","date_gmt":"2023-07-25T03:06:54","guid":{"rendered":"https:\/\/yume-silm.com\/?post_type=product&#038;p=4571"},"modified":"2024-01-25T05:55:33","modified_gmt":"2024-01-25T05:55:33","slug":"shapewear-de-grande-taille-sans-couture-avec-fonction-dentrejambe-ouverte-et-de-rehaussement-de-hanche","status":"publish","type":"product","link":"https:\/\/yume-silm.com\/fr\/produit\/shapewear-de-grande-taille-sans-couture-avec-fonction-dentrejambe-ouverte-et-de-rehaussement-de-hanche\/","title":{"rendered":"Vente en gros de v\u00eatements gainants sans couture pour femmes, poitrine ouverte, grande taille"},"content":{"rendered":"<h5>Caract\u00e9ristiques de conception<\/h5>\n<ul>\n<li><strong>CONCEPTION SANS COUTURE\u00a0:<\/strong> Le body gainant pour les cuisses et le ventre pour femme assure un aspect lisse et invisible sous n&#039;importe quel v\u00eatement, \u00e9liminant les lignes ou les plis ind\u00e9sirables.<\/li>\n<li><strong>CONCEPTION D&#039;ENTRETIEN OUVERT\u00a0:<\/strong> Le body sans couture \u00e0 poitrine ouverte pour femme est intelligemment con\u00e7u pour \u00eatre pratique, \u00e9liminant le besoin de retirer le shapewear lorsque vous allez aux toilettes.<\/li>\n<li><strong>CONCEPTION DE POITRINE OUVERTE\u00a0:<\/strong> Ce body shapewear pour femme permet de porter facilement votre propre soutien-gorge pour plus de soutien et de levage. Il n\u2019y a pas de double couche de confinement, permettant aux seins de mieux respirer. Il \u00e9pouse \u00e9galement mieux les belles poitrines, accentue les courbes naturelles et offre une silhouette plus d\u00e9finie et plus flatteuse.<\/li>\n<li><strong>Sangles r\u00e9glables\u00a0:<\/strong> Le body gainant sans couture offre un ajustement personnalisable pour garantir un confort et un soutien ultimes tout au long de la journ\u00e9e.<\/li>\n<li><strong>\u00c9L\u00c9GANT ET POLYVALENT\u00a0:<\/strong> Le shapewear taille plus sans couture pour femme \u00e0 poitrine ouverte est simple et \u00e9l\u00e9gant avec des couleurs polyvalentes qui peuvent \u00eatre associ\u00e9es pour lisser les hanches, les cuisses et le ventre ; r\u00e9duire les renflements et les bosses. Il peut \u00eatre utilis\u00e9 seul comme pyjama ou associ\u00e9 \u00e0 des jeans, des robes ou des pi\u00e8ces superpos\u00e9es. Parfait pour le quotidien, les f\u00eates, les mariages, etc.<\/li>\n<li><strong>TAILLE INCLUSIVE\u00a0:<\/strong> Notre rehausseur de fesses grande taille s&#039;adapte \u00e0 un large \u00e9ventail de formes et de tailles de corps, garantissant que chacun peut se sentir confiant et attrayant.<\/li>\n<\/ul>\n<h6><em>Body sans couture \u00e0 poitrine ouverte pour femme<\/em><\/h6>\n<ul>\n<li>Notre shapewear taille plus sans couture pour femme avec entrejambe ouvert et fonction de levage des hanches est un m\u00e9lange de style, de confort et de fonctionnalit\u00e9.<\/li>\n<li>Pour les grossistes souhaitant proposer des solutions shapewear innovantes, ce produit est un incontournable. Plongez dans l&#039;univers du commerce de gros avec cette pi\u00e8ce d&#039;exception. Commandez aujourd&#039;hui\u00a0!<\/li>\n<\/ul>","protected":false},"excerpt":{"rendered":"<p>D\u00e9voilez la silhouette parfaite avec nos v\u00eatements gainants sans couture pour femmes, grande taille, \u00e0 poitrine ouverte. Con\u00e7ue avec un entrejambe ouvert pour plus de commodit\u00e9 et une fonction de levage des hanches pour des courbes am\u00e9lior\u00e9es, cette pi\u00e8ce garantit \u00e0 vos clients de se sentir en confiance et \u00e0 l&#039;aise tout au long de la journ\u00e9e.<\/p>","protected":false},"featured_media":4614,"comment_status":"open","ping_status":"closed","template":"","meta":{"site-sidebar-layout":"default","site-content-layout":"default","ast-site-content-layout":"default","site-content-style":"default","site-sidebar-style":"default","ast-global-header-display":"","ast-banner-title-visibility":"","ast-main-header-display":"","ast-hfb-above-header-display":"","ast-hfb-below-header-display":"","ast-hfb-mobile-header-display":"","site-post-title":"","ast-breadcrumbs-content":"","ast-featured-img":"","footer-sml-layout":"","ast-disable-related-posts":"","theme-transparent-header-meta":"default","adv-header-id-meta":"","stick-header-meta":"default","header-above-stick-meta":"","header-main-stick-meta":"","header-below-stick-meta":"","astra-migrate-meta-layouts":"set","ast-page-background-enabled":"default","ast-page-background-meta":{"desktop":{"background-color":"","background-image":"","background-repeat":"repeat","background-position":"center center","background-size":"auto","background-attachment":"scroll","background-type":"","background-media":"","overlay-type":"","overlay-color":"","overlay-opacity":"","overlay-gradient":""},"tablet":{"background-color":"","background-image":"","background-repeat":"repeat","background-position":"center center","background-size":"auto","background-attachment":"scroll","background-type":"","background-media":"","overlay-type":"","overlay-color":"","overlay-opacity":"","overlay-gradient":""},"mobile":{"background-color":"","background-image":"","background-repeat":"repeat","background-position":"center center","background-size":"auto","background-attachment":"scroll","background-type":"","background-media":"","overlay-type":"","overlay-color":"","overlay-opacity":"","overlay-gradient":""}},"ast-content-background-meta":{"desktop":{"background-color":"var(--ast-global-color-5)","background-image":"","background-repeat":"repeat","background-position":"center center","background-size":"auto","background-attachment":"scroll","background-type":"","background-media":"","overlay-type":"","overlay-color":"","overlay-opacity":"","overlay-gradient":""},"tablet":{"background-color":"var(--ast-global-color-5)","background-image":"","background-repeat":"repeat","background-position":"center center","background-size":"auto","background-attachment":"scroll","background-type":"","background-media":"","overlay-type":"","overlay-color":"","overlay-opacity":"","overlay-gradient":""},"mobile":{"background-color":"var(--ast-global-color-5)","background-image":"","background-repeat":"repeat","background-position":"center center","background-size":"auto","background-attachment":"scroll","background-type":"","background-media":"","overlay-type":"","overlay-color":"","overlay-opacity":"","overlay-gradient":""}}},"product_brand":[],"product_cat":[65,76,77,79,78],"product_tag":[136,516,515,141,491],"class_list":{"0":"post-4571","1":"product","2":"type-product","3":"status-publish","4":"has-post-thumbnail","6":"product_cat-best-sellers","7":"product_cat-new-arrivels","8":"product_cat-wholesale-womens-shapewear","9":"product_cat-wholesale-seemless-shaperwear","10":"product_cat-wholesale-full-body-shaper","11":"product_tag-bridal","12":"product_tag-crotchless","13":"product_tag-open-chest","14":"product_tag-plus-size","15":"product_tag-seamless","16":"pa_color-beige","17":"pa_color-black","18":"pa_size-3xl-4xl-2","19":"pa_size-5xl-6xl","20":"pa_size-m-l-2","21":"pa_size-xl-xxl-2","22":"pa_size-xs-s-2","23":"desktop-align-center","24":"tablet-align-left","25":"mobile-align-left","26":"ast-product-gallery-layout-horizontal-slider","27":"ast-product-single-variable","28":"ast-product-tabs-layout-horizontal","29":"ast-qv-on-image","31":"first","32":"instock","33":"shipping-taxable","34":"purchasable","35":"product-type-variable"},"tiered_pricing_type":"fixed","tiered_pricing_fixed_rules":{"2":11.89,"30":11.09,"500":9.29},"tiered_pricing_product_settings":{"layout":"default","base_unit_name":{"singular":null,"plural":null},"default_variation":null},"tiered_pricing_minimum_quantity":null,"tiered_pricing_roles_data":[],"tiered_pricing_percentage_rules":[],"_links":{"self":[{"href":"https:\/\/yume-silm.com\/fr\/wp-json\/wp\/v2\/product\/4571","targetHints":{"allow":["GET"]}}],"collection":[{"href":"https:\/\/yume-silm.com\/fr\/wp-json\/wp\/v2\/product"}],"about":[{"href":"https:\/\/yume-silm.com\/fr\/wp-json\/wp\/v2\/types\/product"}],"replies":[{"embeddable":true,"href":"https:\/\/yume-silm.com\/fr\/wp-json\/wp\/v2\/comments?post=4571"}],"wp:featuredmedia":[{"embeddable":true,"href":"https:\/\/yume-silm.com\/fr\/wp-json\/wp\/v2\/media\/4614"}],"wp:attachment":[{"href":"https:\/\/yume-silm.com\/fr\/wp-json\/wp\/v2\/media?parent=4571"}],"wp:term":[{"taxonomy":"product_brand","embeddable":true,"href":"https:\/\/yume-silm.com\/fr\/wp-json\/wp\/v2\/product_brand?post=4571"},{"taxonomy":"product_cat","embeddable":true,"href":"https:\/\/yume-silm.com\/fr\/wp-json\/wp\/v2\/product_cat?post=4571"},{"taxonomy":"product_tag","embeddable":true,"href":"https:\/\/yume-silm.com\/fr\/wp-json\/wp\/v2\/product_tag?post=4571"}],"curies":[{"name":"wp","href":"https:\/\/api.w.org\/{rel}","templated":true}]}}