{"id":4618,"date":"2023-07-25T03:37:46","date_gmt":"2023-07-25T03:37:46","guid":{"rendered":"https:\/\/yume-silm.com\/?post_type=product&#038;p=4618"},"modified":"2025-05-26T00:44:16","modified_gmt":"2025-05-26T00:44:16","slug":"leve-fesses-avec-controle-du-ventre-en-maille-confort-taille-plus","status":"publish","type":"product","link":"https:\/\/yume-silm.com\/fr\/produit\/leve-fesses-avec-controle-du-ventre-en-maille-confort-taille-plus\/","title":{"rendered":"V\u00eatements amincissants amincissants pour tout le corps, grande taille, vente en gros, avec fermeture \u00e9clair"},"content":{"rendered":"<h5>Caract\u00e9ristiques de conception<\/h5>\n<ul>\n<li><strong>PERFECTION DE GRANDE TAILLE\u00a0:<\/strong> Il y a toujours une taille pour vous. Personnalis\u00e9 pour les morphologies plus grandes, ce body shaper sexy grande taille pour femme am\u00e9liore les courbes naturelles et assure un ajustement parfait.<\/li>\n<li><strong>CONTR\u00d4LE EFFICACE DU VENTRE\u00a0:<\/strong> Le v\u00eatement amincissant grande taille pour tout le corps avec fermeture \u00e9clair est con\u00e7u \u00e0 l&#039;avant, ce qui vous permet de man\u0153uvrer plus facilement. Le shapewear est \u00e9galement sup\u00e9rieur pour soutenir le dos, fa\u00e7onner la taille, renforcer la confiance et cr\u00e9er une silhouette \u00e9pur\u00e9e.<\/li>\n<li><strong>ENTREJAMBE OUVERTE\u00a0:<\/strong> L&#039;ouverture pratique \u00e0 l&#039;entrejambe du body shapewear sexy grande taille assure une utilisation facile, notamment pour aller aux toilettes.<\/li>\n<li><strong>RESPIRANT ET CONFORTABLE\u00a0:<\/strong> Ce body amincissant sans couture gainant le ventre est fabriqu\u00e9 dans un mat\u00e9riau en maille de haute qualit\u00e9 qui garantit un confort toute la journ\u00e9e et garantit que la peau reste fra\u00eeche et exempte d&#039;irritation.<\/li>\n<li><strong>OURLET EN DENTELLE ANTID\u00c9RAPANTE\u00a0:<\/strong> L&#039;ourlet garni de dentelle du shaper complet pour femme garantit que le v\u00eatement reste en place et emp\u00eache les ourlets roul\u00e9s. Ajoutez une touche de f\u00e9minit\u00e9 tout en assurant la fonctionnalit\u00e9.<\/li>\n<\/ul>\n<h6><em>Body moulant sexy pour femmes, grande taille, entra\u00eenement de la taille, contr\u00f4le du ventre, modelant le corps<\/em><\/h6>\n<ul>\n<li>Notre v\u00eatement amincissant grande taille avec fermeture \u00e9clair est un t\u00e9moignage de style, de confort et d&#039;innovation. Pour les grossistes \u00e0 la recherche de produits haut de gamme qui correspondent aux derni\u00e8res tendances, ce shapewear est un incontournable \u00e0 ajouter \u00e0 votre inventaire. Plongez dans le monde du commerce de gros avec cette pi\u00e8ce hors du commun. Commandez aujourd&#039;hui\u00a0!<\/li>\n<\/ul>","protected":false},"excerpt":{"rendered":"<p>Pr\u00e9sentation de notre v\u00eatement amincissant grande taille pour tout le corps avec fermeture \u00e9clair, un m\u00e9lange parfait de style et de fonctionnalit\u00e9. Avec un contr\u00f4le du ventre et une bordure en dentelle f\u00e9minine, ce shapewear offre un ajustement sans couture, garantissant \u00e0 vos clientes une confiance rayonnante dans chaque tenue.<\/p>","protected":false},"featured_media":4642,"comment_status":"open","ping_status":"closed","template":"","meta":{"site-sidebar-layout":"default","site-content-layout":"default","ast-site-content-layout":"default","site-content-style":"default","site-sidebar-style":"default","ast-global-header-display":"","ast-banner-title-visibility":"","ast-main-header-display":"","ast-hfb-above-header-display":"","ast-hfb-below-header-display":"","ast-hfb-mobile-header-display":"","site-post-title":"","ast-breadcrumbs-content":"","ast-featured-img":"","footer-sml-layout":"","ast-disable-related-posts":"","theme-transparent-header-meta":"default","adv-header-id-meta":"","stick-header-meta":"default","header-above-stick-meta":"","header-main-stick-meta":"","header-below-stick-meta":"","astra-migrate-meta-layouts":"set","ast-page-background-enabled":"default","ast-page-background-meta":{"desktop":{"background-color":"","background-image":"","background-repeat":"repeat","background-position":"center center","background-size":"auto","background-attachment":"scroll","background-type":"","background-media":"","overlay-type":"","overlay-color":"","overlay-opacity":"","overlay-gradient":""},"tablet":{"background-color":"","background-image":"","background-repeat":"repeat","background-position":"center center","background-size":"auto","background-attachment":"scroll","background-type":"","background-media":"","overlay-type":"","overlay-color":"","overlay-opacity":"","overlay-gradient":""},"mobile":{"background-color":"","background-image":"","background-repeat":"repeat","background-position":"center center","background-size":"auto","background-attachment":"scroll","background-type":"","background-media":"","overlay-type":"","overlay-color":"","overlay-opacity":"","overlay-gradient":""}},"ast-content-background-meta":{"desktop":{"background-color":"var(--ast-global-color-5)","background-image":"","background-repeat":"repeat","background-position":"center center","background-size":"auto","background-attachment":"scroll","background-type":"","background-media":"","overlay-type":"","overlay-color":"","overlay-opacity":"","overlay-gradient":""},"tablet":{"background-color":"var(--ast-global-color-5)","background-image":"","background-repeat":"repeat","background-position":"center center","background-size":"auto","background-attachment":"scroll","background-type":"","background-media":"","overlay-type":"","overlay-color":"","overlay-opacity":"","overlay-gradient":""},"mobile":{"background-color":"var(--ast-global-color-5)","background-image":"","background-repeat":"repeat","background-position":"center center","background-size":"auto","background-attachment":"scroll","background-type":"","background-media":"","overlay-type":"","overlay-color":"","overlay-opacity":"","overlay-gradient":""}}},"product_brand":[],"product_cat":[65,76,77,1092,78],"product_tag":[137,144,134,184],"class_list":{"0":"post-4618","1":"product","2":"type-product","3":"status-publish","4":"has-post-thumbnail","6":"product_cat-best-sellers","7":"product_cat-new-arrivels","8":"product_cat-wholesale-womens-shapewear","9":"product_cat-plus-size-shapewear","10":"product_cat-wholesale-full-body-shaper","11":"product_tag-butt-lift","12":"product_tag-slip","13":"product_tag-tummy-tucker","14":"product_tag-zipper","15":"pa_color-beige","16":"pa_color-black","17":"pa_size-4xl","18":"pa_size-5xl","19":"pa_size-6xl","20":"pa_size-l","21":"pa_size-m","22":"pa_size-s","23":"pa_size-xl","24":"pa_size-xxl","25":"pa_size-xxxl","26":"desktop-align-center","27":"tablet-align-left","28":"mobile-align-left","29":"ast-product-gallery-layout-horizontal-slider","30":"ast-product-single-variable","31":"ast-product-tabs-layout-horizontal","32":"ast-qv-on-image","34":"first","35":"instock","36":"shipping-taxable","37":"purchasable","38":"product-type-variable"},"tiered_pricing_type":"fixed","tiered_pricing_fixed_rules":{"2":14.79,"30":13.79,"500":11.49},"tiered_pricing_product_settings":{"layout":"default","base_unit_name":{"singular":null,"plural":null},"default_variation":{}},"tiered_pricing_minimum_quantity":null,"tiered_pricing_roles_data":[],"tiered_pricing_percentage_rules":[],"_links":{"self":[{"href":"https:\/\/yume-silm.com\/fr\/wp-json\/wp\/v2\/product\/4618","targetHints":{"allow":["GET"]}}],"collection":[{"href":"https:\/\/yume-silm.com\/fr\/wp-json\/wp\/v2\/product"}],"about":[{"href":"https:\/\/yume-silm.com\/fr\/wp-json\/wp\/v2\/types\/product"}],"replies":[{"embeddable":true,"href":"https:\/\/yume-silm.com\/fr\/wp-json\/wp\/v2\/comments?post=4618"}],"wp:featuredmedia":[{"embeddable":true,"href":"https:\/\/yume-silm.com\/fr\/wp-json\/wp\/v2\/media\/4642"}],"wp:attachment":[{"href":"https:\/\/yume-silm.com\/fr\/wp-json\/wp\/v2\/media?parent=4618"}],"wp:term":[{"taxonomy":"product_brand","embeddable":true,"href":"https:\/\/yume-silm.com\/fr\/wp-json\/wp\/v2\/product_brand?post=4618"},{"taxonomy":"product_cat","embeddable":true,"href":"https:\/\/yume-silm.com\/fr\/wp-json\/wp\/v2\/product_cat?post=4618"},{"taxonomy":"product_tag","embeddable":true,"href":"https:\/\/yume-silm.com\/fr\/wp-json\/wp\/v2\/product_tag?post=4618"}],"curies":[{"name":"wp","href":"https:\/\/api.w.org\/{rel}","templated":true}]}}