{"id":4666,"date":"2023-07-25T05:25:30","date_gmt":"2023-07-25T05:25:30","guid":{"rendered":"https:\/\/yume-silm.com\/?post_type=product&#038;p=4666"},"modified":"2024-11-06T02:09:00","modified_gmt":"2024-11-06T02:09:00","slug":"culotte-taille-haute-avec-fesses-rembourrees","status":"publish","type":"product","link":"https:\/\/yume-silm.com\/fr\/produit\/culotte-taille-haute-avec-fesses-rembourrees\/","title":{"rendered":"Bas de shapewear taille haute en gros avec fesse rembourr\u00e9e"},"content":{"rendered":"<h5>Caract\u00e9ristiques de conception<\/h5>\n<ul>\n<li data-slate-node=\"element\"><span data-slate-node=\"text\"><span class=\"00\" data-slate-leaf=\"true\"><strong>TAILLE HAUTE:<\/strong> Le bas shapewear taille haute avec fesses rembourr\u00e9es offre une double compression pour aider les femmes \u00e0 affiner leur taille, \u00e0 contr\u00f4ler leur abdomen, \u00e0 apaiser leur dos et \u00e0 perdre de la graisse dans leurs cuisses. <\/span><\/span><span data-slate-node=\"text\"><span class=\"01\" data-slate-leaf=\"true\">Le short gainant grande taille pour femme cr\u00e9e une silhouette \u00e9l\u00e9gante et \u00e9pur\u00e9e qui compl\u00e8te n&#039;importe quelle tenue.<\/span><\/span><\/li>\n<li data-slate-node=\"element\"><span data-slate-node=\"text\"><span class=\"21\" data-slate-leaf=\"true\"><strong>HANCHES REMPLIES\u00a0:<\/strong> Notre short bbl taille haute gainant le ventre est con\u00e7u pour montrer vos hanches arrondies, rebondies et sexy. <\/span><\/span><span data-slate-node=\"text\"><span class=\"22\" data-slate-leaf=\"true\">Coussins amovibles pour un remplacement et un nettoyage plus faciles. <\/span><\/span><span data-slate-node=\"text\"><span class=\"23\" data-slate-leaf=\"true\">Dans le m\u00eame temps, la bonne hauteur peut \u00eatre ajust\u00e9e pour fournir un soul\u00e8vement et un contour naturels qui accentuent vos courbes aux bons endroits.<\/span><\/span><\/li>\n<li data-slate-node=\"element\"><span data-slate-node=\"text\"><span class=\"41\" data-slate-leaf=\"true\"><strong>FILET RESPIRANT\u00a0:<\/strong> Le short gainant pour les fesses avec coussinets de hanche est fabriqu\u00e9 \u00e0 partir de mat\u00e9riaux en polyester et spandex de haute qualit\u00e9, qui sont \u00e9lastiques et faciles \u00e0 favoriser la circulation de l&#039;air, r\u00e9duisent la transpiration et vous gardent \u00e0 l&#039;aise toute la journ\u00e9e.<\/span><\/span><\/li>\n<li data-slate-node=\"element\"><span data-slate-node=\"text\"><span class=\"61\" data-slate-leaf=\"true\"><strong>POLYVALENT ET INVISIBLE\u00a0:<\/strong> Soyez assur\u00e9 que ces coussinets de hanche pour femmes se cacheront parfaitement sous vos hanches, restant invisibles sous le v\u00eatement, offrant des lignes douces qui compl\u00e8tent la forme de votre corps.<\/span><\/span><\/li>\n<li data-slate-node=\"element\" data-slate-fragment=\"JTVCJTdCJTIydHlwZSUyMiUzQSUyMnBhcmFncmFwaCUyMiUyQyUyMmNoaWxkcmVuJTIyJTNBJTVCJTdCJTIydGV4dCUyMiUzQSUyMkhJR0glMjBXQUlTVCUzQSUyMEhpZ2glMjB3YWlzdCUyMHNoYXBld2VhciUyMGJvdHRvbXMlMjB3aXRoJTIwcGFkZGVkJTIwYnV0dG9jayUyMHByb3ZpZGVzJTIwZG91YmxlJTIwY29tcHJlc3Npb24lMjB0byUyMGhlbHAlMjB3b21lbiUyMHNsaW0lMjB0aGVpciUyMHdhaXN0cyUyQyUyMGNvbnRyb2wlMjB0aGVpciUyMGFiZG9tZW5zJTJDJTIwc29vdGhlJTIwdGhlaXIlMjBiYWNrcyUyQyUyMGFuZCUyMGxvc2UlMjBmYXQlMjBpbiUyMHRoZWlyJTIwdGhpZ2hzLiUyMCUyMiUyQyUyMnNlbnRlbmNlJTIyJTNBMCUyQyUyMmNoaWxkU2VudGVuY2UlMjIlM0EwJTdEJTJDJTdCJTIydGV4dCUyMiUzQSUyMlBsdXMlMjBzaXplJTIwYm9keSUyMHNoYXBpbmclMjBzaG9ydHMlMjBmb3IlMjB3b21lbiUyMGNyZWF0ZXMlMjBhJTIwc2xlZWslMkMlMjBzdHJlYW1saW5lZCUyMHNpbGhvdWV0dGUlMjB0aGF0JTIwY29tcGxlbWVudHMlMjBhbnklMjBvdXRmaXQuJTIyJTJDJTIyc2VudGVuY2UlMjIlM0EwJTJDJTIyY2hpbGRTZW50ZW5jZSUyMiUzQTElN0QlNUQlN0QlMkMlN0IlMjJ0eXBlJTIyJTNBJTIycGFyYWdyYXBoJTIyJTJDJTIyY2hpbGRyZW4lMjIlM0ElNUIlN0IlMjJ0ZXh0JTIyJTNBJTIyJTIyJTJDJTIyc2VudGVuY2UlMjIlM0ExJTJDJTIyY2hpbGRTZW50ZW5jZSUyMiUzQTElN0QlNUQlN0QlMkMlN0IlMjJ0eXBlJTIyJTNBJTIycGFyYWdyYXBoJTIyJTJDJTIyY2hpbGRyZW4lMjIlM0ElNUIlN0IlMjJ0ZXh0JTIyJTNBJTIyRklMTEVEJTIwSElQUyUzQSUyME91ciUyMGhpZ2glMjB3YWlzdGVkJTIwdHVtbXklMjBjb250cm9sJTIwYmJsJTIwc2hvcnRzJTIwaXMlMjBkZXNpZ25lZCUyMHRvJTIwc2hvdyUyMG9mZiUyMHlvdXIlMjByb3VuZGVkJTJDJTIwcGx1bXAlMkMlMjBzZXh5JTIwaGlwcy4lMjAlMjIlMkMlMjJzZW50ZW5jZSUyMiUzQTIlMkMlMjJjaGlsZFNlbnRlbmNlJTIyJTNBMSU3RCUyQyU3QiUyMnRleHQlMjIlM0ElMjJSZW1vdmFibGUlMjBjdXNoaW9ucyUyMGZvciUyMGVhc2llciUyMHJlcGxhY2VtZW50JTIwYW5kJTIwY2xlYW5pbmcuJTIwJTIyJTJDJTIyc2VudGVuY2UlMjIlM0EyJTJDJTIyY2hpbGRTZW50ZW5jZSUyMiUzQTIlN0QlMkMlN0IlMjJ0ZXh0JTIyJTNBJTIyQXQlMjB0aGUlMjBzYW1lJTIwdGltZSUyQyUyMHRoZSUyMHJpZ2h0JTIwaGVpZ2h0JTIwY2FuJTIwYmUlMjBhZGp1c3RlZCUyMHRvJTIwcHJvdmlkZSUyMGElMjBuYXR1cmFsJTIwbGlmdCUyMGFuZCUyMGNvbnRvdXIlMjB0aGF0JTIwYWNjZW50dWF0ZXMlMjB5b3VyJTIwY3VydmVzJTIwaW4lMjBhbGwlMjB0aGUlMjByaWdodCUyMHBsYWNlcy4lMjIlMkMlMjJzZW50ZW5jZSUyMiUzQTIlMkMlMjJjaGlsZFNlbnRlbmNlJTIyJTNBMyU3RCU1RCU3RCUyQyU3QiUyMnR5cGUlMjIlM0ElMjJwYXJhZ3JhcGglMjIlMkMlMjJjaGlsZHJlbiUyMiUzQSU1QiU3QiUyMnRleHQlMjIlM0ElMjIlMjIlMkMlMjJzZW50ZW5jZSUyMiUzQTMlMkMlMjJjaGlsZFNlbnRlbmNlJTIyJTNBMSU3RCU1RCU3RCUyQyU3QiUyMnR5cGUlMjIlM0ElMjJwYXJhZ3JhcGglMjIlMkMlMjJjaGlsZHJlbiUyMiUzQSU1QiU3QiUyMnRleHQlMjIlM0ElMjJCUkVBVEhBQkxFJTIwTkVUJTNBJTIwQnV0dCUyMGxpZnRpbmclMjBzaGFwZXdlYXIlMjBzaG9ydHMlMjB3aXRoJTIwaGlwJTIwZGlwJTIwcGFkcyUyMGlzJTIwbWFkZSUyMG9mJTIwaGlnaC1xdWFsaXR5JTIwcG9seWVzdGVyJTIwYW5kJTIwc3BhbmRleCUyMG1hdGVyaWFscyUyQyUyMHdoaWNoJTIwYXJlJTIwZWxhc3RpYyUyMGFuZCUyMGVhc3klMjB0byUyMHByb21vdGUlMjBhaXIlMjBjaXJjdWxhdGlvbiUyQyUyMHJlZHVjZSUyMHN3ZWF0aW5nJTJDJTIwYW5kJTIwa2VlcCUyMHlvdSUyMGNvbWZvcnRhYmxlJTIwYWxsJTIwZGF5LiUyMiUyQyUyMnNlbnRlbmNlJTIyJTNBNCUyQyUyMmNoaWxkU2VudGVuY2UlMjIlM0ExJTdEJTVEJTdEJTJDJTdCJTIydHlwZSUyMiUzQSUyMnBhcmFncmFwaCUyMiUyQyUyMmNoaWxkcmVuJTIyJTNBJTVCJTdCJTIydGV4dCUyMiUzQSUyMiUyMiUyQyUyMnNlbnRlbmNlJTIyJTNBNSUyQyUyMmNoaWxkU2VudGVuY2UlMjIlM0ExJTdEJTVEJTdEJTJDJTdCJTIydHlwZSUyMiUzQSUyMnBhcmFncmFwaCUyMiUyQyUyMmNoaWxkcmVuJTIyJTNBJTVCJTdCJTIydGV4dCUyMiUzQSUyMlZFUlNBVElMRSUyMEFORCUyMElOVklTSUJMRSUzQSUyMFJlc3QlMjBhc3N1cmVkJTIwdGhhdCUyMHRoaXMlMjBoaXAlMjBwYWRzJTIwZm9yJTIwd29tZW4lMjBzaGFwZXdlYXIlMjB3aWxsJTIwcGVyZmVjdGx5JTIwaGlkZSUyMHVuZGVyJTIweW91ciUyMGhpcHMlMkMlMjByZW1haW5pbmclMjBpbnZpc2libGUlMjB1bmRlciUyMHRoZSUyMGdhcm1lbnQlMkMlMjBwcm92aWRpbmclMjBzbW9vdGglMjBsaW5lcyUyMHRoYXQlMjBjb21wbGVtZW50JTIweW91ciUyMGJvZHklMjBzaGFwZS4lMjIlMkMlMjJzZW50ZW5jZSUyMiUzQTYlMkMlMjJjaGlsZFNlbnRlbmNlJTIyJTNBMSU3RCU1RCU3RCUyQyU3QiUyMnR5cGUlMjIlM0ElMjJwYXJhZ3JhcGglMjIlMkMlMjJjaGlsZHJlbiUyMiUzQSU1QiU3QiUyMnRleHQlMjIlM0ElMjIlMjIlMkMlMjJzZW50ZW5jZSUyMiUzQTclMkMlMjJjaGlsZFNlbnRlbmNlJTIyJTNBMSU3RCU1RCU3RCUyQyU3QiUyMnR5cGUlMjIlM0ElMjJwYXJhZ3JhcGglMjIlMkMlMjJjaGlsZHJlbiUyMiUzQSU1QiU3QiUyMnRleHQlMjIlM0ElMjJDT01GT1JUJTIwQU5EJTIwRFVSQUJJTElUWSUzQSUyMEVuc3VyZSUyMGElMjBjb21mb3J0YWJsZSUyMGFuZCUyMGNvbWZvcnRhYmxlJTIwZml0JTIwdGhhdCUyMHJldGFpbnMlMjBpdHMlMjBzaGFwZSUyMGFuZCUyMGVmZmVjdGl2ZW5lc3MlMjBvdmVyJTIwdGltZS4lMjAlMjIlMkMlMjJzZW50ZW5jZSUyMiUzQTglMkMlMjJjaGlsZFNlbnRlbmNlJTIyJTNBMSU3RCUyQyU3QiUyMnRleHQlMjIlM0ElMjJPdXIlMjBoaWdoJTIwd2Fpc3QlMjBzaGFwZXdlYXIlMjBib3R0b21zJTIwd2l0aCUyMHBhZGRlZCUyMGJ1dHRvY2slMjBpcyUyMHN1aXRhYmxlJTIwZm9yJTIwYWxsJTIwb2NjYXNpb25zJTIwYW5kJTIwYWxsJTIwc2Vhc29ucy4lMjAlMjIlMkMlMjJzZW50ZW5jZSUyMiUzQTglMkMlMjJjaGlsZFNlbnRlbmNlJTIyJTNBMiU3RCUyQyU3QiUyMnRleHQlMjIlM0ElMjJXaGV0aGVyJTIwaXQncyUyMGElMjBkcmVzcyUyMG9yJTIwc2xpbS1maXQlMjBqZWFucyUyQyUyMHRoZXkncmUlMjBwZXJmZWN0JTIwdG8lMjBtYXRjaCUyMGFuZCUyMGdpdmUlMjB5b3UlMjBhbiUyMGV4dHJhJTIwY3VydnklMjBsb29rLiUyMiUyQyUyMnNlbnRlbmNlJTIyJTNBOCUyQyUyMmNoaWxkU2VudGVuY2UlMjIlM0EzJTdEJTVEJTdEJTVE\"><span data-slate-node=\"text\"><span class=\"81\" data-slate-leaf=\"true\"><strong>CONFORT ET DURABILIT\u00c9\u00a0:<\/strong> Garantit un ajustement confortable et confortable qui conserve sa forme et son efficacit\u00e9 au fil du temps. <\/span><\/span><span data-slate-node=\"text\"><span class=\"82\" data-slate-leaf=\"true\">Notre bas shapewear taille haute avec fesses rembourr\u00e9es convient \u00e0 toutes les occasions et \u00e0 toutes les saisons. <\/span><\/span><span data-slate-node=\"text\"><span class=\"83\" data-slate-leaf=\"true\">Qu&#039;il s&#039;agisse d&#039;une robe ou d&#039;un jean slim, ils s&#039;agencent parfaitement et vous donnent un look extra courb\u00e9.<\/span><\/span><\/li>\n<\/ul>\n<h6><em>Short shapewear rembourr\u00e9 aux hanches de grande taille pour femmes<\/em><\/h6>\n<ul>\n<li>Nos bas shapewear taille haute avec fesses rembourr\u00e9es allient style, confort et fonctionnalit\u00e9 en toute transparence. Pour les grossistes cherchant \u00e0 proposer des solutions shapewear innovantes, ce produit est un incontournable.<\/li>\n<li>Avec des options de personnalisation, une gamme de tailles et la promesse d&#039;une livraison rapide, c&#039;est un ajout pr\u00e9cieux \u00e0 votre inventaire. Plongez dans l&#039;univers du commerce de gros avec cette pi\u00e8ce d&#039;exception. Commandez aujourd&#039;hui\u00a0!<\/li>\n<\/ul>","protected":false},"excerpt":{"rendered":"<p>Transformez votre silhouette avec notre bas shapewear taille haute avec fesses rembourr\u00e9es, dot\u00e9 de fesses rembourr\u00e9es pour un lifting naturel et d&#039;un design en mesh respirant pour un confort ultime. Parfait pour n&#039;importe quelle tenue, ce shapewear red\u00e9finit vos courbes tout en vous assurant de rester fra\u00eeche tout au long de la journ\u00e9e.<\/p>","protected":false},"featured_media":4686,"comment_status":"open","ping_status":"closed","template":"","meta":{"site-sidebar-layout":"default","site-content-layout":"default","ast-site-content-layout":"default","site-content-style":"default","site-sidebar-style":"default","ast-global-header-display":"","ast-banner-title-visibility":"","ast-main-header-display":"","ast-hfb-above-header-display":"","ast-hfb-below-header-display":"","ast-hfb-mobile-header-display":"","site-post-title":"","ast-breadcrumbs-content":"","ast-featured-img":"","footer-sml-layout":"","ast-disable-related-posts":"","theme-transparent-header-meta":"default","adv-header-id-meta":"","stick-header-meta":"default","header-above-stick-meta":"","header-main-stick-meta":"","header-below-stick-meta":"","astra-migrate-meta-layouts":"set","ast-page-background-enabled":"default","ast-page-background-meta":{"desktop":{"background-color":"","background-image":"","background-repeat":"repeat","background-position":"center center","background-size":"auto","background-attachment":"scroll","background-type":"","background-media":"","overlay-type":"","overlay-color":"","overlay-opacity":"","overlay-gradient":""},"tablet":{"background-color":"","background-image":"","background-repeat":"repeat","background-position":"center center","background-size":"auto","background-attachment":"scroll","background-type":"","background-media":"","overlay-type":"","overlay-color":"","overlay-opacity":"","overlay-gradient":""},"mobile":{"background-color":"","background-image":"","background-repeat":"repeat","background-position":"center center","background-size":"auto","background-attachment":"scroll","background-type":"","background-media":"","overlay-type":"","overlay-color":"","overlay-opacity":"","overlay-gradient":""}},"ast-content-background-meta":{"desktop":{"background-color":"var(--ast-global-color-5)","background-image":"","background-repeat":"repeat","background-position":"center center","background-size":"auto","background-attachment":"scroll","background-type":"","background-media":"","overlay-type":"","overlay-color":"","overlay-opacity":"","overlay-gradient":""},"tablet":{"background-color":"var(--ast-global-color-5)","background-image":"","background-repeat":"repeat","background-position":"center center","background-size":"auto","background-attachment":"scroll","background-type":"","background-media":"","overlay-type":"","overlay-color":"","overlay-opacity":"","overlay-gradient":""},"mobile":{"background-color":"var(--ast-global-color-5)","background-image":"","background-repeat":"repeat","background-position":"center center","background-size":"auto","background-attachment":"scroll","background-type":"","background-media":"","overlay-type":"","overlay-color":"","overlay-opacity":"","overlay-gradient":""}}},"product_brand":[],"product_cat":[65,76,77,80],"product_tag":[508,136,137,186],"class_list":{"0":"post-4666","1":"product","2":"type-product","3":"status-publish","4":"has-post-thumbnail","6":"product_cat-best-sellers","7":"product_cat-new-arrivels","8":"product_cat-wholesale-womens-shapewear","9":"product_cat-wholesale-butt-lift-underwear","10":"product_tag-bbl-effect","11":"product_tag-bridal","12":"product_tag-butt-lift","13":"product_tag-padded","14":"pa_color-beige","15":"pa_color-black","16":"pa_size-l","17":"pa_size-m","18":"pa_size-s","19":"pa_size-xl","20":"pa_size-xxl","21":"pa_size-xxxl","22":"desktop-align-center","23":"tablet-align-left","24":"mobile-align-left","25":"ast-product-gallery-layout-horizontal-slider","26":"ast-product-single-variable","27":"ast-product-tabs-layout-horizontal","28":"ast-qv-on-image","30":"first","31":"instock","32":"shipping-taxable","33":"purchasable","34":"product-type-variable"},"tiered_pricing_type":"fixed","tiered_pricing_fixed_rules":{"2":4.39,"30":4.09,"500":3.49},"tiered_pricing_product_settings":{"layout":"default","base_unit_name":{"singular":null,"plural":null},"default_variation":{}},"tiered_pricing_minimum_quantity":null,"tiered_pricing_roles_data":[],"tiered_pricing_percentage_rules":[],"_links":{"self":[{"href":"https:\/\/yume-silm.com\/fr\/wp-json\/wp\/v2\/product\/4666","targetHints":{"allow":["GET"]}}],"collection":[{"href":"https:\/\/yume-silm.com\/fr\/wp-json\/wp\/v2\/product"}],"about":[{"href":"https:\/\/yume-silm.com\/fr\/wp-json\/wp\/v2\/types\/product"}],"replies":[{"embeddable":true,"href":"https:\/\/yume-silm.com\/fr\/wp-json\/wp\/v2\/comments?post=4666"}],"wp:featuredmedia":[{"embeddable":true,"href":"https:\/\/yume-silm.com\/fr\/wp-json\/wp\/v2\/media\/4686"}],"wp:attachment":[{"href":"https:\/\/yume-silm.com\/fr\/wp-json\/wp\/v2\/media?parent=4666"}],"wp:term":[{"taxonomy":"product_brand","embeddable":true,"href":"https:\/\/yume-silm.com\/fr\/wp-json\/wp\/v2\/product_brand?post=4666"},{"taxonomy":"product_cat","embeddable":true,"href":"https:\/\/yume-silm.com\/fr\/wp-json\/wp\/v2\/product_cat?post=4666"},{"taxonomy":"product_tag","embeddable":true,"href":"https:\/\/yume-silm.com\/fr\/wp-json\/wp\/v2\/product_tag?post=4666"}],"curies":[{"name":"wp","href":"https:\/\/api.w.org\/{rel}","templated":true}]}}