{"id":4752,"date":"2023-07-26T03:10:58","date_gmt":"2023-07-26T03:10:58","guid":{"rendered":"https:\/\/yume-silm.com\/?post_type=product&#038;p=4752"},"modified":"2025-05-26T00:36:38","modified_gmt":"2025-05-26T00:36:38","slug":"pantalon-court-sans-couture-taille-haute-controle-du-ventre","status":"publish","type":"product","link":"https:\/\/yume-silm.com\/fr\/produit\/pantalon-court-sans-couture-taille-haute-controle-du-ventre\/","title":{"rendered":"Pantalon court sans couture taille haute avec contr\u00f4le du ventre, vente en gros"},"content":{"rendered":"<h5>Caract\u00e9ristiques de conception<\/h5>\n<ul>\n<li><strong>CONTR\u00d4LE DU VENTRE\u00a0:<\/strong> La conception taille haute des sous-v\u00eatements pour femmes offre un excellent contr\u00f4le du ventre et assure un look \u00e9pur\u00e9.<\/li>\n<li><strong>CONSTRUCTION SANS COUTURE\u00a0:<\/strong> Notre short taille haute resserrant le ventre utilise une technologie avanc\u00e9e sans couture pour garantir un ajustement doux et sans couture sous n&#039;importe quel v\u00eatement.<\/li>\n<li><strong>MAT\u00c9RIAU HAUTEMENT \u00c9LASTIQUE\u00a0:<\/strong> Ce sous-v\u00eatement gainant sans couture pour abdominoplastie s&#039;adapte aux courbes naturelles du corps pour garantir un ajustement confortable.<\/li>\n<li><strong>COULEURS SOLIDES POLYVALENTES\u00a0:<\/strong> Les shorts shapewear de couleur unie sont disponibles en beige et noir, qui peuvent \u00eatre associ\u00e9s sans effort \u00e0 n&#039;importe quel haut pour am\u00e9liorer votre attrait.<\/li>\n<li><strong>CONCEPTION DE COUPE FONCTIONNELLE\u00a0:<\/strong> La longueur de coupe moderne offre respirabilit\u00e9 et libert\u00e9 de mouvement, ce qui rend le pantalon court sans couture taille haute gainant le ventre parfait pour les v\u00eatements d\u00e9contract\u00e9s et sportifs.<\/li>\n<\/ul>\n<h6><em>Leggings de sous-v\u00eatements fa\u00e7onnants de couleur unie taille haute pour femmes<\/em><\/h6>\n<ul>\n<li>Notre pantalon court sans couture taille haute gainant le ventre est un m\u00e9lange d&#039;\u00e9l\u00e9gance, de confort et de fonctionnalit\u00e9. Pour les grossistes souhaitant proposer des produits haut de gamme en r\u00e9sonance avec les derni\u00e8res tendances de la mode, ce pantalon est un incontournable. Ses caract\u00e9ristiques et avantages uniques en font un ajout pr\u00e9cieux \u00e0 tout inventaire. Plongez dans le monde du commerce de gros avec cette pi\u00e8ce hors du commun. Commandez aujourd&#039;hui\u00a0!<\/li>\n<\/ul>","protected":false},"excerpt":{"rendered":"<p>D\u00e9couvrez notre pantalon court sans couture taille haute gainant le ventre, la quintessence du style et de la fonctionnalit\u00e9. Fabriqu\u00e9 dans un tissu hautement \u00e9lastique, ce pantalon offre une silhouette flatteuse et un confort in\u00e9gal\u00e9. Disponibles dans des couleurs unies, ils constituent un ajout polyvalent \u00e0 toute garde-robe.<\/p>","protected":false},"featured_media":4765,"comment_status":"open","ping_status":"closed","template":"","meta":{"site-sidebar-layout":"default","site-content-layout":"default","ast-site-content-layout":"default","site-content-style":"default","site-sidebar-style":"default","ast-global-header-display":"","ast-banner-title-visibility":"","ast-main-header-display":"","ast-hfb-above-header-display":"","ast-hfb-below-header-display":"","ast-hfb-mobile-header-display":"","site-post-title":"","ast-breadcrumbs-content":"","ast-featured-img":"","footer-sml-layout":"","ast-disable-related-posts":"","theme-transparent-header-meta":"default","adv-header-id-meta":"","stick-header-meta":"default","header-above-stick-meta":"","header-main-stick-meta":"","header-below-stick-meta":"","astra-migrate-meta-layouts":"set","ast-page-background-enabled":"default","ast-page-background-meta":{"desktop":{"background-color":"","background-image":"","background-repeat":"repeat","background-position":"center center","background-size":"auto","background-attachment":"scroll","background-type":"","background-media":"","overlay-type":"","overlay-color":"","overlay-opacity":"","overlay-gradient":""},"tablet":{"background-color":"","background-image":"","background-repeat":"repeat","background-position":"center center","background-size":"auto","background-attachment":"scroll","background-type":"","background-media":"","overlay-type":"","overlay-color":"","overlay-opacity":"","overlay-gradient":""},"mobile":{"background-color":"","background-image":"","background-repeat":"repeat","background-position":"center center","background-size":"auto","background-attachment":"scroll","background-type":"","background-media":"","overlay-type":"","overlay-color":"","overlay-opacity":"","overlay-gradient":""}},"ast-content-background-meta":{"desktop":{"background-color":"var(--ast-global-color-5)","background-image":"","background-repeat":"repeat","background-position":"center center","background-size":"auto","background-attachment":"scroll","background-type":"","background-media":"","overlay-type":"","overlay-color":"","overlay-opacity":"","overlay-gradient":""},"tablet":{"background-color":"var(--ast-global-color-5)","background-image":"","background-repeat":"repeat","background-position":"center center","background-size":"auto","background-attachment":"scroll","background-type":"","background-media":"","overlay-type":"","overlay-color":"","overlay-opacity":"","overlay-gradient":""},"mobile":{"background-color":"var(--ast-global-color-5)","background-image":"","background-repeat":"repeat","background-position":"center center","background-size":"auto","background-attachment":"scroll","background-type":"","background-media":"","overlay-type":"","overlay-color":"","overlay-opacity":"","overlay-gradient":""}}},"product_brand":[],"product_cat":[65,76,77,79,80],"product_tag":[508,151,139],"class_list":{"0":"post-4752","1":"product","2":"type-product","3":"status-publish","4":"has-post-thumbnail","6":"product_cat-best-sellers","7":"product_cat-new-arrivels","8":"product_cat-wholesale-womens-shapewear","9":"product_cat-wholesale-seemless-shaperwear","10":"product_cat-wholesale-butt-lift-underwear","11":"product_tag-bbl-effect","12":"product_tag-double-compression","13":"product_tag-high-waist","14":"pa_color-beige","15":"pa_color-black","16":"pa_size-m-l","17":"pa_size-xl-xxl","18":"desktop-align-center","19":"tablet-align-left","20":"mobile-align-left","21":"ast-product-gallery-layout-horizontal-slider","22":"ast-product-single-variable","23":"ast-product-tabs-layout-horizontal","24":"ast-qv-on-image","26":"first","27":"instock","28":"shipping-taxable","29":"purchasable","30":"product-type-variable"},"tiered_pricing_type":"fixed","tiered_pricing_fixed_rules":{"2":4.49,"30":4.09,"500":3.49},"tiered_pricing_product_settings":{"layout":"default","base_unit_name":{"singular":null,"plural":null},"default_variation":{}},"tiered_pricing_minimum_quantity":null,"tiered_pricing_roles_data":[],"tiered_pricing_percentage_rules":[],"_links":{"self":[{"href":"https:\/\/yume-silm.com\/fr\/wp-json\/wp\/v2\/product\/4752","targetHints":{"allow":["GET"]}}],"collection":[{"href":"https:\/\/yume-silm.com\/fr\/wp-json\/wp\/v2\/product"}],"about":[{"href":"https:\/\/yume-silm.com\/fr\/wp-json\/wp\/v2\/types\/product"}],"replies":[{"embeddable":true,"href":"https:\/\/yume-silm.com\/fr\/wp-json\/wp\/v2\/comments?post=4752"}],"wp:featuredmedia":[{"embeddable":true,"href":"https:\/\/yume-silm.com\/fr\/wp-json\/wp\/v2\/media\/4765"}],"wp:attachment":[{"href":"https:\/\/yume-silm.com\/fr\/wp-json\/wp\/v2\/media?parent=4752"}],"wp:term":[{"taxonomy":"product_brand","embeddable":true,"href":"https:\/\/yume-silm.com\/fr\/wp-json\/wp\/v2\/product_brand?post=4752"},{"taxonomy":"product_cat","embeddable":true,"href":"https:\/\/yume-silm.com\/fr\/wp-json\/wp\/v2\/product_cat?post=4752"},{"taxonomy":"product_tag","embeddable":true,"href":"https:\/\/yume-silm.com\/fr\/wp-json\/wp\/v2\/product_tag?post=4752"}],"curies":[{"name":"wp","href":"https:\/\/api.w.org\/{rel}","templated":true}]}}