{"id":4767,"date":"2023-07-26T03:39:23","date_gmt":"2023-07-26T03:39:23","guid":{"rendered":"https:\/\/yume-silm.com\/?post_type=product&#038;p=4767"},"modified":"2024-11-06T02:07:36","modified_gmt":"2024-11-06T02:07:36","slug":"short-taille-haute-cross-lift-shapewear-avec-maille-respirante","status":"publish","type":"product","link":"https:\/\/yume-silm.com\/fr\/produit\/short-taille-haute-cross-lift-shapewear-avec-maille-respirante\/","title":{"rendered":"Vente en gros de shorts gainants taille haute\u00a0: conception \u00e0 levage crois\u00e9"},"content":{"rendered":"<h5>Caract\u00e9ristiques de conception<\/h5>\n<ul>\n<li><strong>EFFET BBL\u00a0:<\/strong> la silhouette profil\u00e9e du short gainant offre un excellent contr\u00f4le du ventre, une am\u00e9lioration des hanches et une mise en forme des jambes.<\/li>\n<li><strong>TECHNOLOGIE DE LEVAGE CROSSOVER\u00a0:<\/strong> La conception crois\u00e9e des sous-v\u00eatements pour femmes avec une compression efficace acc\u00e9l\u00e8re l&#039;obtention d&#039;un effet amincissant, soulevant et fa\u00e7onnant efficacement les fesses pour r\u00e9v\u00e9ler une silhouette plus attrayante.<\/li>\n<li><strong>HANCHES EN MAILLE RESPIRANTE\u00a0:<\/strong> Le design confortable du short taille haute resserrant le ventre au niveau des hanches offre une respirabilit\u00e9 optimale et assure un confort de port toute la journ\u00e9e, m\u00eame dans les climats plus chauds.<\/li>\n<li><strong>CONFORT ET MOUVEMENT\u00a0:<\/strong> Les sous-v\u00eatements gainants sans couture offrent une triple compression pour des r\u00e9sultats BBL instantan\u00e9s. En m\u00eame temps, il atteint l&#039;\u00e9quilibre parfait entre compression et confort, permettant une libert\u00e9 de mouvement sans compromettre l&#039;effet galbant.<\/li>\n<li><strong>Tendance et polyvalent :<\/strong> Le short gainant taille haute s&#039;agence facilement avec des jeans, de jolies robes et plus encore. Tout d\u00e9placement \u00e0 l&#039;ext\u00e9rieur ou navette dans le cadre de la routine de travail ou pour participer \u00e0 diverses f\u00eates, rassemblements, etc. Tout cela vous rendra plein de confiance et d\u2019un confort in\u00e9gal\u00e9.<\/li>\n<\/ul>\n<h6><em>Short gainant en maille taille haute pour femme avec design crois\u00e9<\/em><\/h6>\n<ul>\n<li>Notre short gainant taille haute Cross Lift est un m\u00e9lange d&#039;innovation, de style et de confort. Pour les grossistes cherchant \u00e0 proposer des solutions shapewear de premier ordre, ce produit est un incontournable. Plongez dans le monde du commerce de gros avec cette pi\u00e8ce hors du commun. Commandez aujourd&#039;hui\u00a0!<\/li>\n<\/ul>","protected":false},"excerpt":{"rendered":"<p>Entrez en confiance avec notre short gainant taille haute. M\u00e9ticuleusement con\u00e7u avec la technologie Cross-Lift et une maille respirante.<br \/>\nCe short shapewear taille haute offre un confort tout en donnant \u00e0 vos clients une silhouette sculpt\u00e9e.<\/p>","protected":false},"featured_media":4806,"comment_status":"open","ping_status":"closed","template":"","meta":{"site-sidebar-layout":"default","site-content-layout":"default","ast-site-content-layout":"default","site-content-style":"default","site-sidebar-style":"default","ast-global-header-display":"","ast-banner-title-visibility":"","ast-main-header-display":"","ast-hfb-above-header-display":"","ast-hfb-below-header-display":"","ast-hfb-mobile-header-display":"","site-post-title":"","ast-breadcrumbs-content":"","ast-featured-img":"","footer-sml-layout":"","ast-disable-related-posts":"","theme-transparent-header-meta":"default","adv-header-id-meta":"","stick-header-meta":"default","header-above-stick-meta":"","header-main-stick-meta":"","header-below-stick-meta":"","astra-migrate-meta-layouts":"set","ast-page-background-enabled":"default","ast-page-background-meta":{"desktop":{"background-color":"","background-image":"","background-repeat":"repeat","background-position":"center center","background-size":"auto","background-attachment":"scroll","background-type":"","background-media":"","overlay-type":"","overlay-color":"","overlay-opacity":"","overlay-gradient":""},"tablet":{"background-color":"","background-image":"","background-repeat":"repeat","background-position":"center center","background-size":"auto","background-attachment":"scroll","background-type":"","background-media":"","overlay-type":"","overlay-color":"","overlay-opacity":"","overlay-gradient":""},"mobile":{"background-color":"","background-image":"","background-repeat":"repeat","background-position":"center center","background-size":"auto","background-attachment":"scroll","background-type":"","background-media":"","overlay-type":"","overlay-color":"","overlay-opacity":"","overlay-gradient":""}},"ast-content-background-meta":{"desktop":{"background-color":"var(--ast-global-color-5)","background-image":"","background-repeat":"repeat","background-position":"center center","background-size":"auto","background-attachment":"scroll","background-type":"","background-media":"","overlay-type":"","overlay-color":"","overlay-opacity":"","overlay-gradient":""},"tablet":{"background-color":"var(--ast-global-color-5)","background-image":"","background-repeat":"repeat","background-position":"center center","background-size":"auto","background-attachment":"scroll","background-type":"","background-media":"","overlay-type":"","overlay-color":"","overlay-opacity":"","overlay-gradient":""},"mobile":{"background-color":"var(--ast-global-color-5)","background-image":"","background-repeat":"repeat","background-position":"center center","background-size":"auto","background-attachment":"scroll","background-type":"","background-media":"","overlay-type":"","overlay-color":"","overlay-opacity":"","overlay-gradient":""}}},"product_brand":[],"product_cat":[65,76,77,80],"product_tag":[508,136,151,139],"class_list":{"0":"post-4767","1":"product","2":"type-product","3":"status-publish","4":"has-post-thumbnail","6":"product_cat-best-sellers","7":"product_cat-new-arrivels","8":"product_cat-wholesale-womens-shapewear","9":"product_cat-wholesale-butt-lift-underwear","10":"product_tag-bbl-effect","11":"product_tag-bridal","12":"product_tag-double-compression","13":"product_tag-high-waist","14":"pa_color-beige","15":"pa_color-beige-with-lace","16":"pa_color-black","17":"pa_color-black-with-lace","18":"pa_size-l","19":"pa_size-m","20":"pa_size-s","21":"pa_size-xl","22":"desktop-align-center","23":"tablet-align-left","24":"mobile-align-left","25":"ast-product-gallery-layout-horizontal-slider","26":"ast-product-single-variable","27":"ast-product-tabs-layout-horizontal","28":"ast-qv-on-image","30":"first","31":"instock","32":"shipping-taxable","33":"purchasable","34":"product-type-variable"},"tiered_pricing_type":"fixed","tiered_pricing_fixed_rules":{"2":4.69,"30":4.39,"100":3.59},"tiered_pricing_product_settings":{"layout":"default","base_unit_name":{"singular":null,"plural":null},"default_variation":{}},"tiered_pricing_minimum_quantity":null,"tiered_pricing_roles_data":[],"tiered_pricing_percentage_rules":[],"_links":{"self":[{"href":"https:\/\/yume-silm.com\/fr\/wp-json\/wp\/v2\/product\/4767","targetHints":{"allow":["GET"]}}],"collection":[{"href":"https:\/\/yume-silm.com\/fr\/wp-json\/wp\/v2\/product"}],"about":[{"href":"https:\/\/yume-silm.com\/fr\/wp-json\/wp\/v2\/types\/product"}],"replies":[{"embeddable":true,"href":"https:\/\/yume-silm.com\/fr\/wp-json\/wp\/v2\/comments?post=4767"}],"wp:featuredmedia":[{"embeddable":true,"href":"https:\/\/yume-silm.com\/fr\/wp-json\/wp\/v2\/media\/4806"}],"wp:attachment":[{"href":"https:\/\/yume-silm.com\/fr\/wp-json\/wp\/v2\/media?parent=4767"}],"wp:term":[{"taxonomy":"product_brand","embeddable":true,"href":"https:\/\/yume-silm.com\/fr\/wp-json\/wp\/v2\/product_brand?post=4767"},{"taxonomy":"product_cat","embeddable":true,"href":"https:\/\/yume-silm.com\/fr\/wp-json\/wp\/v2\/product_cat?post=4767"},{"taxonomy":"product_tag","embeddable":true,"href":"https:\/\/yume-silm.com\/fr\/wp-json\/wp\/v2\/product_tag?post=4767"}],"curies":[{"name":"wp","href":"https:\/\/api.w.org\/{rel}","templated":true}]}}