{"id":4813,"date":"2023-07-29T06:24:46","date_gmt":"2023-07-29T06:24:46","guid":{"rendered":"https:\/\/yume-silm.com\/?post_type=product&#038;p=4813"},"modified":"2024-11-06T02:07:28","modified_gmt":"2024-11-06T02:07:28","slug":"boxer-shapewear-pantalon-taille-haute-sans-couture","status":"publish","type":"product","link":"https:\/\/yume-silm.com\/fr\/produit\/boxer-shapewear-pantalon-taille-haute-sans-couture\/","title":{"rendered":"Vente en gros Boxer Shapewear Sans Couture Taille Haute"},"content":{"rendered":"<h5>Caract\u00e9ristiques de conception<\/h5>\n<ul>\n<li><strong>CONCEPTION DE CONTR\u00d4LEUR DE VENTRE TAILLE HAUTE\u00a0:<\/strong> La conception taille haute du short de serrage taille haute peut contr\u00f4ler efficacement la courbe du ventre et cr\u00e9er une silhouette de ventre parfaite.<\/li>\n<li><strong>CONCEPTION SANS COUTURE\u00a0:<\/strong> Les sous-v\u00eatements gainants sans couture assurent un aspect lisse sous n&#039;importe quelle tenue, \u00e9liminant les lignes disgracieuses du pantalon et renfor\u00e7ant la confiance.<\/li>\n<li><strong>HAUTE \u00c9LASTICIT\u00c9\u00a0:<\/strong> Ce sous-v\u00eatement pour femme est fabriqu\u00e9 dans un tissu hautement \u00e9lastique avec une adaptabilit\u00e9 extensible et confortable pour garantir un confort tout au long de la journ\u00e9e.<\/li>\n<li><strong>TISSU RESPIRANT\u00a0:<\/strong> Notre boxer amincissant est fabriqu\u00e9 avec des mat\u00e9riaux qui favorisent la circulation de l&#039;air pour vous garder au frais et au sec. Il offre du confort m\u00eame lorsque vous faites de l&#039;exercice.<\/li>\n<li><strong>MISE EN FORME QUOTIDIENNE\u00a0:<\/strong> Parfait pour un usage quotidien, ce boxer shapewear taille haute sans couture offre l&#039;\u00e9quilibre parfait entre confort et contr\u00f4le. Que vous soyez en voyage quotidien, au travail ou que vous assistiez \u00e0 une f\u00eate, vous vous sentirez en confiance.<\/li>\n<\/ul>\n<h6><em>Short moulant abdominal taille haute sans couture pour femme<\/em><\/h6>\n<ul>\n<li>Notre boxer shapewear taille haute sans couture est un m\u00e9lange de style, de confort et de fonctionnalit\u00e9. Pour les grossistes cherchant \u00e0 proposer des solutions shapewear de premier ordre, ce produit est un incontournable. Plongez dans l&#039;univers du commerce de gros avec cette pi\u00e8ce d&#039;exception. Commandez aujourd&#039;hui\u00a0!<\/li>\n<\/ul>","protected":false},"excerpt":{"rendered":"<p>Entrez en confiance avec notre boxer shapewear taille haute sans couture. M\u00e9ticuleusement con\u00e7u pour le contr\u00f4le du ventre et la respirabilit\u00e9, ce pantalon gainant offre une silhouette sans couture, garantissant \u00e0 vos clients de se sentir et d&#039;\u00eatre \u00e0 leur meilleur.<\/p>","protected":false},"featured_media":4818,"comment_status":"open","ping_status":"closed","template":"","meta":{"site-sidebar-layout":"default","site-content-layout":"default","ast-site-content-layout":"default","site-content-style":"default","site-sidebar-style":"default","ast-global-header-display":"","ast-banner-title-visibility":"","ast-main-header-display":"","ast-hfb-above-header-display":"","ast-hfb-below-header-display":"","ast-hfb-mobile-header-display":"","site-post-title":"","ast-breadcrumbs-content":"","ast-featured-img":"","footer-sml-layout":"","ast-disable-related-posts":"","theme-transparent-header-meta":"default","adv-header-id-meta":"","stick-header-meta":"default","header-above-stick-meta":"","header-main-stick-meta":"","header-below-stick-meta":"","astra-migrate-meta-layouts":"set","ast-page-background-enabled":"default","ast-page-background-meta":{"desktop":{"background-color":"","background-image":"","background-repeat":"repeat","background-position":"center center","background-size":"auto","background-attachment":"scroll","background-type":"","background-media":"","overlay-type":"","overlay-color":"","overlay-opacity":"","overlay-gradient":""},"tablet":{"background-color":"","background-image":"","background-repeat":"repeat","background-position":"center center","background-size":"auto","background-attachment":"scroll","background-type":"","background-media":"","overlay-type":"","overlay-color":"","overlay-opacity":"","overlay-gradient":""},"mobile":{"background-color":"","background-image":"","background-repeat":"repeat","background-position":"center center","background-size":"auto","background-attachment":"scroll","background-type":"","background-media":"","overlay-type":"","overlay-color":"","overlay-opacity":"","overlay-gradient":""}},"ast-content-background-meta":{"desktop":{"background-color":"var(--ast-global-color-5)","background-image":"","background-repeat":"repeat","background-position":"center center","background-size":"auto","background-attachment":"scroll","background-type":"","background-media":"","overlay-type":"","overlay-color":"","overlay-opacity":"","overlay-gradient":""},"tablet":{"background-color":"var(--ast-global-color-5)","background-image":"","background-repeat":"repeat","background-position":"center center","background-size":"auto","background-attachment":"scroll","background-type":"","background-media":"","overlay-type":"","overlay-color":"","overlay-opacity":"","overlay-gradient":""},"mobile":{"background-color":"var(--ast-global-color-5)","background-image":"","background-repeat":"repeat","background-position":"center center","background-size":"auto","background-attachment":"scroll","background-type":"","background-media":"","overlay-type":"","overlay-color":"","overlay-opacity":"","overlay-gradient":""}}},"product_brand":[],"product_cat":[65,76,77,80],"product_tag":[153,136,137,139],"class_list":{"0":"post-4813","1":"product","2":"type-product","3":"status-publish","4":"has-post-thumbnail","6":"product_cat-best-sellers","7":"product_cat-new-arrivels","8":"product_cat-wholesale-womens-shapewear","9":"product_cat-wholesale-butt-lift-underwear","10":"product_tag-boned","11":"product_tag-bridal","12":"product_tag-butt-lift","13":"product_tag-high-waist","14":"pa_color-black","15":"pa_size-m","16":"pa_size-s","17":"desktop-align-center","18":"tablet-align-left","19":"mobile-align-left","20":"ast-product-gallery-layout-horizontal-slider","21":"ast-product-single-variable","22":"ast-product-tabs-layout-horizontal","23":"ast-qv-on-image","25":"first","26":"instock","27":"shipping-taxable","28":"purchasable","29":"product-type-variable"},"tiered_pricing_type":"fixed","tiered_pricing_fixed_rules":{"2":3.39,"30":3.09,"500":2.59},"tiered_pricing_product_settings":{"layout":"default","base_unit_name":{"singular":null,"plural":null},"default_variation":{}},"tiered_pricing_minimum_quantity":null,"tiered_pricing_roles_data":[],"tiered_pricing_percentage_rules":[],"_links":{"self":[{"href":"https:\/\/yume-silm.com\/fr\/wp-json\/wp\/v2\/product\/4813","targetHints":{"allow":["GET"]}}],"collection":[{"href":"https:\/\/yume-silm.com\/fr\/wp-json\/wp\/v2\/product"}],"about":[{"href":"https:\/\/yume-silm.com\/fr\/wp-json\/wp\/v2\/types\/product"}],"replies":[{"embeddable":true,"href":"https:\/\/yume-silm.com\/fr\/wp-json\/wp\/v2\/comments?post=4813"}],"wp:featuredmedia":[{"embeddable":true,"href":"https:\/\/yume-silm.com\/fr\/wp-json\/wp\/v2\/media\/4818"}],"wp:attachment":[{"href":"https:\/\/yume-silm.com\/fr\/wp-json\/wp\/v2\/media?parent=4813"}],"wp:term":[{"taxonomy":"product_brand","embeddable":true,"href":"https:\/\/yume-silm.com\/fr\/wp-json\/wp\/v2\/product_brand?post=4813"},{"taxonomy":"product_cat","embeddable":true,"href":"https:\/\/yume-silm.com\/fr\/wp-json\/wp\/v2\/product_cat?post=4813"},{"taxonomy":"product_tag","embeddable":true,"href":"https:\/\/yume-silm.com\/fr\/wp-json\/wp\/v2\/product_tag?post=4813"}],"curies":[{"name":"wp","href":"https:\/\/api.w.org\/{rel}","templated":true}]}}