{"id":4868,"date":"2023-07-30T03:57:50","date_gmt":"2023-07-30T03:57:50","guid":{"rendered":"https:\/\/yume-silm.com\/?post_type=product&#038;p=4868"},"modified":"2024-01-10T07:36:06","modified_gmt":"2024-01-10T07:36:06","slug":"elegant-t-forme-sans-couture-shapewear-body","status":"publish","type":"product","link":"https:\/\/yume-silm.com\/fr\/produit\/elegant-t-forme-sans-couture-shapewear-body\/","title":{"rendered":"Vente en gros de body shapewear \u00e9l\u00e9gant en forme de T sans couture"},"content":{"rendered":"<h5><span data-slate-fragment=\"JTVCJTdCJTIydHlwZSUyMiUzQSUyMnBhcmFncmFwaCUyMiUyQyUyMmNoaWxkcmVuJTIyJTNBJTVCJTdCJTIydGV4dCUyMiUzQSUyMkRlc2lnbiUyMGZlYXR1cmVzJTIyJTJDJTIyc2VudGVuY2UlMjIlM0EyJTJDJTIyY2hpbGRTZW50ZW5jZSUyMiUzQTElN0QlNUQlN0QlNUQ=\">Caract\u00e9ristiques de conception<\/span><\/h5>\n<ul>\n<li><strong>CONCEPTION SANS COUTURE EN FORME DE T\u00a0:<\/strong> Le string shapewear sans couture \u00e9limine les lignes et les renflements pour un look lisse sous n&#039;importe quelle tenue, facilement cach\u00e9 sous vos beaux v\u00eatements.<\/li>\n<li><strong>BANDOULI\u00c8RE UNE PI\u00c8CE\u00a0:<\/strong> Le body gainant grande taille pour femme pr\u00e9sente un soutien sup\u00e9rieur et un look \u00e9l\u00e9gant et \u00e9l\u00e9gant. Shapewear garantit un ajustement confortable.<\/li>\n<li><strong>Entrejambe amovible :<\/strong> Les meilleures combinaisons shapewear offrent une commodit\u00e9 in\u00e9gal\u00e9e pour un usage quotidien. Bon contr\u00f4le du ventre, fa\u00e7onnant votre silhouette en sablier en toute confiance.<\/li>\n<li><strong>CONFORTABLE ET \u00c9L\u00c9GANT\u00a0:<\/strong> Le design simple du string sans manches en forme de T allie esth\u00e9tique et confort. Avec ce body shapewear amincissant simple et \u00e9l\u00e9gant, vous pouvez travailler confortablement, aller \u00e0 un rendez-vous ou faire une f\u00eate en beaut\u00e9.<\/li>\n<li><strong>LIB\u00c9REZ LA POLYVALENCE\u00a0:<\/strong> Le shapewear Maidenform est une pi\u00e8ce de garde-robe polyvalente pour toutes les saisons, offrant un soutien tout en am\u00e9liorant vos courbes naturelles.<\/li>\n<\/ul>\n<h6><em>Body tanga sans manches sans couture pour femmes, gainant le ventre<\/em><\/h6>\n<ul>\n<li>Notre \u00e9l\u00e9gant body shapewear sans couture en forme de T est un m\u00e9lange d&#039;\u00e9l\u00e9gance, de confort et de fonctionnalit\u00e9. Pour les grossistes qui cherchent \u00e0 proposer des solutions shapewear haut de gamme, ce produit est un incontournable. Plongez dans l&#039;univers du commerce de gros avec cette pi\u00e8ce d&#039;exception. Commandez aujourd&#039;hui\u00a0!<\/li>\n<\/ul>","protected":false},"excerpt":{"rendered":"<p>\u00c9levez votre offre de shapewear avec notre \u00e9l\u00e9gant body shapewear sans couture en forme de T. Con\u00e7u avec des bretelles fines int\u00e9gr\u00e9es et un entrejambe amovible, ce body offre une silhouette sans couture, garantissant \u00e0 vos clients un rayonnement de confiance et de style.<\/p>","protected":false},"featured_media":4891,"comment_status":"open","ping_status":"closed","template":"","meta":{"site-sidebar-layout":"default","site-content-layout":"default","ast-site-content-layout":"default","site-content-style":"default","site-sidebar-style":"default","ast-global-header-display":"","ast-banner-title-visibility":"","ast-main-header-display":"","ast-hfb-above-header-display":"","ast-hfb-below-header-display":"","ast-hfb-mobile-header-display":"","site-post-title":"","ast-breadcrumbs-content":"","ast-featured-img":"","footer-sml-layout":"","ast-disable-related-posts":"","theme-transparent-header-meta":"default","adv-header-id-meta":"","stick-header-meta":"default","header-above-stick-meta":"","header-main-stick-meta":"","header-below-stick-meta":"","astra-migrate-meta-layouts":"set","ast-page-background-enabled":"default","ast-page-background-meta":{"desktop":{"background-color":"","background-image":"","background-repeat":"repeat","background-position":"center center","background-size":"auto","background-attachment":"scroll","background-type":"","background-media":"","overlay-type":"","overlay-color":"","overlay-opacity":"","overlay-gradient":""},"tablet":{"background-color":"","background-image":"","background-repeat":"repeat","background-position":"center center","background-size":"auto","background-attachment":"scroll","background-type":"","background-media":"","overlay-type":"","overlay-color":"","overlay-opacity":"","overlay-gradient":""},"mobile":{"background-color":"","background-image":"","background-repeat":"repeat","background-position":"center center","background-size":"auto","background-attachment":"scroll","background-type":"","background-media":"","overlay-type":"","overlay-color":"","overlay-opacity":"","overlay-gradient":""}},"ast-content-background-meta":{"desktop":{"background-color":"var(--ast-global-color-5)","background-image":"","background-repeat":"repeat","background-position":"center center","background-size":"auto","background-attachment":"scroll","background-type":"","background-media":"","overlay-type":"","overlay-color":"","overlay-opacity":"","overlay-gradient":""},"tablet":{"background-color":"var(--ast-global-color-5)","background-image":"","background-repeat":"repeat","background-position":"center center","background-size":"auto","background-attachment":"scroll","background-type":"","background-media":"","overlay-type":"","overlay-color":"","overlay-opacity":"","overlay-gradient":""},"mobile":{"background-color":"var(--ast-global-color-5)","background-image":"","background-repeat":"repeat","background-position":"center center","background-size":"auto","background-attachment":"scroll","background-type":"","background-media":"","overlay-type":"","overlay-color":"","overlay-opacity":"","overlay-gradient":""}}},"product_brand":[],"product_cat":[65,76,77,79,82],"product_tag":[511,419,136,510,141,491,509,138,500,512],"class_list":{"0":"post-4868","1":"product","2":"type-product","3":"status-publish","4":"has-post-thumbnail","6":"product_cat-best-sellers","7":"product_cat-new-arrivels","8":"product_cat-wholesale-womens-shapewear","9":"product_cat-wholesale-seemless-shaperwear","10":"product_cat-wholesale-shapewear-bodysuit","11":"product_tag-black","12":"product_tag-bodysuit","13":"product_tag-bridal","14":"product_tag-maidenform","15":"product_tag-plus-size","16":"product_tag-seamless","17":"product_tag-spanx","18":"product_tag-thong","19":"product_tag-tummy-control","20":"product_tag-yellow","21":"pa_color-beige","22":"pa_color-black","23":"pa_color-yellow","24":"pa_size-l","25":"pa_size-m","26":"pa_size-s","27":"pa_size-xl","28":"pa_size-xxl","29":"pa_size-xxxl","30":"desktop-align-center","31":"tablet-align-left","32":"mobile-align-left","33":"ast-product-gallery-layout-horizontal-slider","34":"ast-product-single-variable","35":"ast-product-tabs-layout-horizontal","36":"ast-qv-on-image","38":"first","39":"instock","40":"shipping-taxable","41":"purchasable","42":"product-type-variable"},"tiered_pricing_type":"fixed","tiered_pricing_fixed_rules":{"2":4.69,"30":4.39,"500":3.59},"tiered_pricing_product_settings":{"layout":"default","base_unit_name":{"singular":null,"plural":null},"default_variation":{}},"tiered_pricing_minimum_quantity":null,"tiered_pricing_roles_data":[],"tiered_pricing_percentage_rules":[],"_links":{"self":[{"href":"https:\/\/yume-silm.com\/fr\/wp-json\/wp\/v2\/product\/4868","targetHints":{"allow":["GET"]}}],"collection":[{"href":"https:\/\/yume-silm.com\/fr\/wp-json\/wp\/v2\/product"}],"about":[{"href":"https:\/\/yume-silm.com\/fr\/wp-json\/wp\/v2\/types\/product"}],"replies":[{"embeddable":true,"href":"https:\/\/yume-silm.com\/fr\/wp-json\/wp\/v2\/comments?post=4868"}],"wp:featuredmedia":[{"embeddable":true,"href":"https:\/\/yume-silm.com\/fr\/wp-json\/wp\/v2\/media\/4891"}],"wp:attachment":[{"href":"https:\/\/yume-silm.com\/fr\/wp-json\/wp\/v2\/media?parent=4868"}],"wp:term":[{"taxonomy":"product_brand","embeddable":true,"href":"https:\/\/yume-silm.com\/fr\/wp-json\/wp\/v2\/product_brand?post=4868"},{"taxonomy":"product_cat","embeddable":true,"href":"https:\/\/yume-silm.com\/fr\/wp-json\/wp\/v2\/product_cat?post=4868"},{"taxonomy":"product_tag","embeddable":true,"href":"https:\/\/yume-silm.com\/fr\/wp-json\/wp\/v2\/product_tag?post=4868"}],"curies":[{"name":"wp","href":"https:\/\/api.w.org\/{rel}","templated":true}]}}