{"id":4899,"date":"2023-07-30T05:45:15","date_gmt":"2023-07-30T05:45:15","guid":{"rendered":"https:\/\/yume-silm.com\/?post_type=product&#038;p=4899"},"modified":"2024-01-06T02:19:55","modified_gmt":"2024-01-06T02:19:55","slug":"elegant-manches-longues-haut-stretch-tissu-shapewear-body","status":"publish","type":"product","link":"https:\/\/yume-silm.com\/fr\/produit\/elegant-manches-longues-haut-stretch-tissu-shapewear-body\/","title":{"rendered":"Body \u00e9l\u00e9gant \u00e0 manches longues et haute \u00e9lasticit\u00e9, vente en gros"},"content":{"rendered":"<h5>Caract\u00e9ristiques de conception<\/h5>\n<ul>\n<li><strong>Simple et \u00e9l\u00e9gant :<\/strong> La couleur unie, les manches longues, l&#039;encolure ronde et la coupe slim sont les caract\u00e9ristiques du design que vous voyez. Heureux d&#039;aller \u00e0 une f\u00eate ou \u00e0 un rendez-vous dans ce body string gainant d\u00e9licat et \u00e9l\u00e9gant pour femme, tr\u00e8s plus.<\/li>\n<li><strong>TISSU HAUTE EXTENSION\u00a0:<\/strong> Nos collants body gainants \u00e0 manches longues de couleur unie sont fabriqu\u00e9s dans un tissu de haute qualit\u00e9 qui est doux pour votre peau douce. Fa\u00e7onnez les belles courbes de votre corps et assurez le confort et la mobilit\u00e9.<\/li>\n<li><strong>POLYVALENT POLYVALENT\u00a0:<\/strong> Le haut slim sexy extensible est facile \u00e0 mettre et \u00e0 enlever, vous pouvez donc le porter seul pour le yoga ou avec n&#039;importe quel jean ou jolie robe que vous aimez. Avec ce sous-v\u00eatement gainant le ventre et les fesses, vous aurez l&#039;air belle et confiante au travail ou \u00e0 un rendez-vous, lors d&#039;un voyage quotidien et plus encore.<\/li>\n<li><strong>AJUSTEMENT ET EXCELLENT\u00a0:<\/strong> Le tissu hautement extensible offre un ajustement parfait et un excellent look. Faites confiance \u00e0 la douceur et au soyeux de la combinaison gainante \u00e0 col rond pour affiner votre silhouette courb\u00e9e. Avec le processus sans couture d&#039;un body slim d\u00e9contract\u00e9, vous n&#039;avez pas \u00e0 vous soucier des renflements ou des boucles. Portez-le en toute confiance que vous \u00eates vraiment belle.<\/li>\n<li><strong>ENTRETIEN FACILE:<\/strong> Notre \u00e9l\u00e9gant body shapewear \u00e0 manches longues et hautement extensible est facile \u00e0 porter et simple \u00e0 entretenir. Lavage en machine en toute confiance, sans distorsion apr\u00e8s le lavage, garantissant une \u00e9l\u00e9gance et une fonctionnalit\u00e9 durables.<\/li>\n<\/ul>\n<h6><em>Body string manches longues femme grande taille<\/em><\/h6>\n<ul>\n<li>Notre \u00e9l\u00e9gant body shapewear \u00e0 manches longues et hautement extensible est un m\u00e9lange d&#039;\u00e9l\u00e9gance, de confort et de fonctionnalit\u00e9. Pour les grossistes qui cherchent \u00e0 proposer des solutions shapewear haut de gamme, ce shapewear \u00e0 manches longues est un incontournable. Plongez dans l&#039;univers du commerce de gros avec cette pi\u00e8ce d&#039;exception. Commandez aujourd&#039;hui\u00a0!<\/li>\n<\/ul>","protected":false},"excerpt":{"rendered":"<p>Notre \u00e9l\u00e9gant body shapewear \u00e0 manches longues et hautement extensible est un m\u00e9lange d&#039;\u00e9l\u00e9gance, de confort et de fonctionnalit\u00e9. Pour les grossistes qui cherchent \u00e0 proposer des solutions shapewear haut de gamme, ce body est un incontournable. Plongez dans l&#039;univers du commerce de gros avec cette pi\u00e8ce d&#039;exception. Commandez aujourd&#039;hui\u00a0!<\/p>","protected":false},"featured_media":4921,"comment_status":"open","ping_status":"closed","template":"","meta":{"site-sidebar-layout":"default","site-content-layout":"default","ast-site-content-layout":"default","site-content-style":"default","site-sidebar-style":"default","ast-global-header-display":"","ast-banner-title-visibility":"","ast-main-header-display":"","ast-hfb-above-header-display":"","ast-hfb-below-header-display":"","ast-hfb-mobile-header-display":"","site-post-title":"","ast-breadcrumbs-content":"","ast-featured-img":"","footer-sml-layout":"","ast-disable-related-posts":"","theme-transparent-header-meta":"default","adv-header-id-meta":"","stick-header-meta":"default","header-above-stick-meta":"","header-main-stick-meta":"","header-below-stick-meta":"","astra-migrate-meta-layouts":"set","ast-page-background-enabled":"default","ast-page-background-meta":{"desktop":{"background-color":"","background-image":"","background-repeat":"repeat","background-position":"center center","background-size":"auto","background-attachment":"scroll","background-type":"","background-media":"","overlay-type":"","overlay-color":"","overlay-opacity":"","overlay-gradient":""},"tablet":{"background-color":"","background-image":"","background-repeat":"repeat","background-position":"center center","background-size":"auto","background-attachment":"scroll","background-type":"","background-media":"","overlay-type":"","overlay-color":"","overlay-opacity":"","overlay-gradient":""},"mobile":{"background-color":"","background-image":"","background-repeat":"repeat","background-position":"center center","background-size":"auto","background-attachment":"scroll","background-type":"","background-media":"","overlay-type":"","overlay-color":"","overlay-opacity":"","overlay-gradient":""}},"ast-content-background-meta":{"desktop":{"background-color":"var(--ast-global-color-5)","background-image":"","background-repeat":"repeat","background-position":"center center","background-size":"auto","background-attachment":"scroll","background-type":"","background-media":"","overlay-type":"","overlay-color":"","overlay-opacity":"","overlay-gradient":""},"tablet":{"background-color":"var(--ast-global-color-5)","background-image":"","background-repeat":"repeat","background-position":"center center","background-size":"auto","background-attachment":"scroll","background-type":"","background-media":"","overlay-type":"","overlay-color":"","overlay-opacity":"","overlay-gradient":""},"mobile":{"background-color":"var(--ast-global-color-5)","background-image":"","background-repeat":"repeat","background-position":"center center","background-size":"auto","background-attachment":"scroll","background-type":"","background-media":"","overlay-type":"","overlay-color":"","overlay-opacity":"","overlay-gradient":""}}},"product_brand":[],"product_cat":[76,77,79,82],"product_tag":[508,419,136,505,507,183,506],"class_list":{"0":"post-4899","1":"product","2":"type-product","3":"status-publish","4":"has-post-thumbnail","6":"product_cat-new-arrivels","7":"product_cat-wholesale-womens-shapewear","8":"product_cat-wholesale-seemless-shaperwear","9":"product_cat-wholesale-shapewear-bodysuit","10":"product_tag-bbl-effect","11":"product_tag-bodysuit","12":"product_tag-bridal","13":"product_tag-casual","14":"product_tag-everyday-work","15":"product_tag-long-sleeve","16":"product_tag-seemless-shapewear","17":"pa_color-beige","18":"pa_color-black","19":"pa_color-white","20":"pa_size-l","21":"pa_size-m","22":"pa_size-s","23":"pa_size-xl","24":"pa_size-xxl","25":"pa_size-xxxl","26":"desktop-align-center","27":"tablet-align-left","28":"mobile-align-left","29":"ast-product-gallery-layout-horizontal-slider","30":"ast-product-single-variable","31":"ast-product-tabs-layout-horizontal","32":"ast-qv-on-image","34":"first","35":"instock","36":"shipping-taxable","37":"purchasable","38":"product-type-variable"},"tiered_pricing_type":"fixed","tiered_pricing_fixed_rules":{"2":5.99,"30":5.59,"500":4.69},"tiered_pricing_product_settings":{"layout":"default","base_unit_name":{"singular":null,"plural":null},"default_variation":{}},"tiered_pricing_minimum_quantity":null,"tiered_pricing_roles_data":[],"tiered_pricing_percentage_rules":[],"_links":{"self":[{"href":"https:\/\/yume-silm.com\/fr\/wp-json\/wp\/v2\/product\/4899","targetHints":{"allow":["GET"]}}],"collection":[{"href":"https:\/\/yume-silm.com\/fr\/wp-json\/wp\/v2\/product"}],"about":[{"href":"https:\/\/yume-silm.com\/fr\/wp-json\/wp\/v2\/types\/product"}],"replies":[{"embeddable":true,"href":"https:\/\/yume-silm.com\/fr\/wp-json\/wp\/v2\/comments?post=4899"}],"wp:featuredmedia":[{"embeddable":true,"href":"https:\/\/yume-silm.com\/fr\/wp-json\/wp\/v2\/media\/4921"}],"wp:attachment":[{"href":"https:\/\/yume-silm.com\/fr\/wp-json\/wp\/v2\/media?parent=4899"}],"wp:term":[{"taxonomy":"product_brand","embeddable":true,"href":"https:\/\/yume-silm.com\/fr\/wp-json\/wp\/v2\/product_brand?post=4899"},{"taxonomy":"product_cat","embeddable":true,"href":"https:\/\/yume-silm.com\/fr\/wp-json\/wp\/v2\/product_cat?post=4899"},{"taxonomy":"product_tag","embeddable":true,"href":"https:\/\/yume-silm.com\/fr\/wp-json\/wp\/v2\/product_tag?post=4899"}],"curies":[{"name":"wp","href":"https:\/\/api.w.org\/{rel}","templated":true}]}}