{"id":4955,"date":"2023-07-30T06:41:10","date_gmt":"2023-07-30T06:41:10","guid":{"rendered":"https:\/\/yume-silm.com\/?post_type=product&#038;p=4955"},"modified":"2025-05-26T00:44:11","modified_gmt":"2025-05-26T00:44:11","slug":"taille-haute-sans-couture-shapewear-boxer","status":"publish","type":"product","link":"https:\/\/yume-silm.com\/fr\/produit\/taille-haute-sans-couture-shapewear-boxer\/","title":{"rendered":"Vente en gros Boxer Shapewear Taille Haute Sans Couture"},"content":{"rendered":"<h5>Caract\u00e9ristiques de conception<\/h5>\n<ul>\n<li><strong>CONCEPTION SANS COUTURE\u00a0:<\/strong> Les meilleurs shorts shapewear sans couture pour femmes offrent une exp\u00e9rience de sensation de douceur. Aucune ligne visible ne peut \u00eatre vue sous les v\u00eatements, bien cach\u00e9e sous l&#039;une de vos tenues pr\u00e9f\u00e9r\u00e9es, parfaite pour vos tenues ajust\u00e9es.<\/li>\n<li><strong>MISE EN FORME DU CORPS TAILLE HAUTE\u00a0:<\/strong> La taille haute de soutien du short amincissant lisse et contr\u00f4le l&#039;abdomen. l&#039;aplatissant facilement et am\u00e9liorant les courbes naturelles.<\/li>\n<li><strong>L\u00c9GER ET RESPIRANT\u00a0:<\/strong> Les sous-v\u00eatements gainants du ventre sont fabriqu\u00e9s \u00e0 partir d&#039;un tissu doux pour la peau qui couvre doucement votre taille, votre ventre et vos hanches. Le boxer shapewear taille haute sans couture assure un port confortable toute la journ\u00e9e sans se sentir serr\u00e9. M\u00eame pour la r\u00e9cup\u00e9ration post-partum, il est facile d\u2019obtenir les r\u00e9sultats souhait\u00e9s.<\/li>\n<li><strong>UNE ARMOIRE MULTIFONCTIONNELLE DOIT AVOIR\u00a0:<\/strong> La culotte shorty sans couture pour femme convient \u00e0 toutes les occasions, que ce soit pour un usage quotidien, un rendez-vous, le travail, etc. Vous pouvez porter en toute confiance votre jean pr\u00e9f\u00e9r\u00e9 ou votre plus jolie robe \u00e0 un rendez-vous, assurant un look raffin\u00e9 et confiant.<\/li>\n<li><strong>Durable et facile \u00e0 entretenir :<\/strong> Le short gainant anti-friction est fabriqu\u00e9 \u00e0 partir de mat\u00e9riaux de haute qualit\u00e9 qui conservent leur forme m\u00eame apr\u00e8s de nombreux lavages, garantissant ainsi une \u00e9l\u00e9gance durable.<\/li>\n<\/ul>\n<h6><em>Short gainant pour femme \u00e0 porter sous les robes<\/em><\/h6>\n<ul>\n<li>Notre boxer gainant taille haute sans couture est un m\u00e9lange d&#039;\u00e9l\u00e9gance, de confort et de fonctionnalit\u00e9. Pour les grossistes qui cherchent \u00e0 proposer des solutions shapewear haut de gamme, ce produit est un incontournable. Plongez dans l&#039;univers du commerce de gros avec cette pi\u00e8ce d&#039;exception. Commandez aujourd&#039;hui\u00a0!<\/li>\n<\/ul>","protected":false},"excerpt":{"rendered":"<p>Entrez dans l&#039;\u00e9l\u00e9gance avec notre boxer shapewear taille haute sans couture. Con\u00e7u de mani\u00e8re experte pour le contr\u00f4le du ventre, ce boxer l\u00e9ger et respirant assure une silhouette sculpt\u00e9e, ce qui en fait un essentiel de toute garde-robe moderne.<\/p>","protected":false},"featured_media":4975,"comment_status":"open","ping_status":"closed","template":"","meta":{"site-sidebar-layout":"default","site-content-layout":"default","ast-site-content-layout":"default","site-content-style":"default","site-sidebar-style":"default","ast-global-header-display":"","ast-banner-title-visibility":"","ast-main-header-display":"","ast-hfb-above-header-display":"","ast-hfb-below-header-display":"","ast-hfb-mobile-header-display":"","site-post-title":"","ast-breadcrumbs-content":"","ast-featured-img":"","footer-sml-layout":"","ast-disable-related-posts":"","theme-transparent-header-meta":"default","adv-header-id-meta":"","stick-header-meta":"default","header-above-stick-meta":"","header-main-stick-meta":"","header-below-stick-meta":"","astra-migrate-meta-layouts":"set","ast-page-background-enabled":"default","ast-page-background-meta":{"desktop":{"background-color":"","background-image":"","background-repeat":"repeat","background-position":"center center","background-size":"auto","background-attachment":"scroll","background-type":"","background-media":"","overlay-type":"","overlay-color":"","overlay-opacity":"","overlay-gradient":""},"tablet":{"background-color":"","background-image":"","background-repeat":"repeat","background-position":"center center","background-size":"auto","background-attachment":"scroll","background-type":"","background-media":"","overlay-type":"","overlay-color":"","overlay-opacity":"","overlay-gradient":""},"mobile":{"background-color":"","background-image":"","background-repeat":"repeat","background-position":"center center","background-size":"auto","background-attachment":"scroll","background-type":"","background-media":"","overlay-type":"","overlay-color":"","overlay-opacity":"","overlay-gradient":""}},"ast-content-background-meta":{"desktop":{"background-color":"var(--ast-global-color-5)","background-image":"","background-repeat":"repeat","background-position":"center center","background-size":"auto","background-attachment":"scroll","background-type":"","background-media":"","overlay-type":"","overlay-color":"","overlay-opacity":"","overlay-gradient":""},"tablet":{"background-color":"var(--ast-global-color-5)","background-image":"","background-repeat":"repeat","background-position":"center center","background-size":"auto","background-attachment":"scroll","background-type":"","background-media":"","overlay-type":"","overlay-color":"","overlay-opacity":"","overlay-gradient":""},"mobile":{"background-color":"var(--ast-global-color-5)","background-image":"","background-repeat":"repeat","background-position":"center center","background-size":"auto","background-attachment":"scroll","background-type":"","background-media":"","overlay-type":"","overlay-color":"","overlay-opacity":"","overlay-gradient":""}}},"product_brand":[],"product_cat":[65,77,79,80],"product_tag":[136,499,139,148,491,134],"class_list":{"0":"post-4955","1":"product","2":"type-product","3":"status-publish","4":"has-post-thumbnail","6":"product_cat-best-sellers","7":"product_cat-wholesale-womens-shapewear","8":"product_cat-wholesale-seemless-shaperwear","9":"product_cat-wholesale-butt-lift-underwear","10":"product_tag-bridal","11":"product_tag-confidence","12":"product_tag-high-waist","13":"product_tag-one-piece","14":"product_tag-seamless","15":"product_tag-tummy-tucker","16":"pa_color-beige","17":"pa_color-black","18":"pa_size-l","19":"pa_size-m","20":"pa_size-s","21":"pa_size-xl","22":"pa_size-xxl","23":"desktop-align-center","24":"tablet-align-left","25":"mobile-align-left","26":"ast-product-gallery-layout-horizontal-slider","27":"ast-product-single-variable","28":"ast-product-tabs-layout-horizontal","29":"ast-qv-on-image","31":"first","32":"instock","33":"shipping-taxable","34":"purchasable","35":"product-type-variable"},"tiered_pricing_type":"fixed","tiered_pricing_fixed_rules":{"2":6.19,"30":5.79,"500":4.79},"tiered_pricing_product_settings":{"layout":"default","base_unit_name":{"singular":null,"plural":null},"default_variation":{}},"tiered_pricing_minimum_quantity":null,"tiered_pricing_roles_data":[],"tiered_pricing_percentage_rules":[],"_links":{"self":[{"href":"https:\/\/yume-silm.com\/fr\/wp-json\/wp\/v2\/product\/4955","targetHints":{"allow":["GET"]}}],"collection":[{"href":"https:\/\/yume-silm.com\/fr\/wp-json\/wp\/v2\/product"}],"about":[{"href":"https:\/\/yume-silm.com\/fr\/wp-json\/wp\/v2\/types\/product"}],"replies":[{"embeddable":true,"href":"https:\/\/yume-silm.com\/fr\/wp-json\/wp\/v2\/comments?post=4955"}],"wp:featuredmedia":[{"embeddable":true,"href":"https:\/\/yume-silm.com\/fr\/wp-json\/wp\/v2\/media\/4975"}],"wp:attachment":[{"href":"https:\/\/yume-silm.com\/fr\/wp-json\/wp\/v2\/media?parent=4955"}],"wp:term":[{"taxonomy":"product_brand","embeddable":true,"href":"https:\/\/yume-silm.com\/fr\/wp-json\/wp\/v2\/product_brand?post=4955"},{"taxonomy":"product_cat","embeddable":true,"href":"https:\/\/yume-silm.com\/fr\/wp-json\/wp\/v2\/product_cat?post=4955"},{"taxonomy":"product_tag","embeddable":true,"href":"https:\/\/yume-silm.com\/fr\/wp-json\/wp\/v2\/product_tag?post=4955"}],"curies":[{"name":"wp","href":"https:\/\/api.w.org\/{rel}","templated":true}]}}