{"id":4978,"date":"2023-07-30T07:01:32","date_gmt":"2023-07-30T07:01:32","guid":{"rendered":"https:\/\/yume-silm.com\/?post_type=product&#038;p=4978"},"modified":"2024-11-08T08:36:32","modified_gmt":"2024-11-08T08:36:32","slug":"sablier-latex-body-shaping-ceinture","status":"publish","type":"product","link":"https:\/\/yume-silm.com\/fr\/produit\/sablier-latex-body-shaping-ceinture\/","title":{"rendered":"Ceinture de modelage du corps en latex, sablier, vente en gros"},"content":{"rendered":"<h5>Caract\u00e9ristiques de conception<\/h5>\n<ul>\n<li><strong>Mise en forme de la taille en sablier\u00a0:<\/strong> L&#039;entra\u00eeneur de taille pour femme sous la poitrine vous aide \u00e0 r\u00e9aliser la forme de sablier de vos r\u00eaves, \u00e0 resserrer votre taille et \u00e0 mettre en valeur les courbes naturelles de votre corps.<\/li>\n<li><strong>PORTS RESPIRANTS\u00a0:<\/strong> Notre ceinture de modelage du corps en latex sablier a des pores respirants bien con\u00e7us. Garantit un confort toute la journ\u00e9e sans surchauffe.<\/li>\n<li><strong>SUPPORT 25 OS EN ACIER\u00a0:<\/strong> Le corset serre-taille offre une conception osseuse rigide qui fonctionne bien pour le soutien et la mise en forme. Assurez-vous que la ceinture conserve sa forme pour un effet amincissant durable.<\/li>\n<li><strong>MAT\u00c9RIAU EN LATEX DE HAUTE QUALIT\u00c9\u00a0:<\/strong> Le shaper de corps de sablier de ceinture de sport est fait de latex de haute qualit\u00e9. Il est robuste et durable, m\u00eame si vous le portez fr\u00e9quemment.<\/li>\n<li><strong>STYLE POLYVALENT\u00a0:<\/strong> Choisissez nos corsets serre-taille pour vous fondre facilement dans une vari\u00e9t\u00e9 de styles, adapt\u00e9s aux occasions d\u00e9contract\u00e9es et formelles.<\/li>\n<\/ul>\n<h6><em>Entra\u00eeneur de taille pour femmes, v\u00eatement amincissant en sablier<\/em><\/h6>\n<ul>\n<li>En r\u00e9sum\u00e9, notre ceinture gainante en latex sablier est un m\u00e9lange d&#039;\u00e9l\u00e9gance, de confort et de fonctionnalit\u00e9. Pour les grossistes qui cherchent \u00e0 proposer des solutions shapewear haut de gamme, ce produit est un incontournable. Plongez dans l&#039;univers du commerce de gros avec cette pi\u00e8ce d&#039;exception. Commandez aujourd&#039;hui\u00a0!<\/li>\n<\/ul>","protected":false},"excerpt":{"rendered":"<p>Pr\u00e9sentation de la ceinture gainante en latex sablier, un m\u00e9lange parfait de style et de fonctionnalit\u00e9. Fabriqu\u00e9e de mani\u00e8re experte avec des trous d&#039;a\u00e9ration et 25 supports en os d&#039;acier, cette ceinture est con\u00e7ue pour cintrer votre taille et accentuer les courbes, assurant une superbe silhouette de sablier.<\/p>","protected":false},"featured_media":5000,"comment_status":"open","ping_status":"closed","template":"","meta":{"site-sidebar-layout":"default","site-content-layout":"default","ast-site-content-layout":"default","site-content-style":"default","site-sidebar-style":"default","ast-global-header-display":"","ast-banner-title-visibility":"","ast-main-header-display":"","ast-hfb-above-header-display":"","ast-hfb-below-header-display":"","ast-hfb-mobile-header-display":"","site-post-title":"","ast-breadcrumbs-content":"","ast-featured-img":"","footer-sml-layout":"","ast-disable-related-posts":"","theme-transparent-header-meta":"default","adv-header-id-meta":"","stick-header-meta":"default","header-above-stick-meta":"","header-main-stick-meta":"","header-below-stick-meta":"","astra-migrate-meta-layouts":"set","ast-page-background-enabled":"default","ast-page-background-meta":{"desktop":{"background-color":"","background-image":"","background-repeat":"repeat","background-position":"center center","background-size":"auto","background-attachment":"scroll","background-type":"","background-media":"","overlay-type":"","overlay-color":"","overlay-opacity":"","overlay-gradient":""},"tablet":{"background-color":"","background-image":"","background-repeat":"repeat","background-position":"center center","background-size":"auto","background-attachment":"scroll","background-type":"","background-media":"","overlay-type":"","overlay-color":"","overlay-opacity":"","overlay-gradient":""},"mobile":{"background-color":"","background-image":"","background-repeat":"repeat","background-position":"center center","background-size":"auto","background-attachment":"scroll","background-type":"","background-media":"","overlay-type":"","overlay-color":"","overlay-opacity":"","overlay-gradient":""}},"ast-content-background-meta":{"desktop":{"background-color":"var(--ast-global-color-5)","background-image":"","background-repeat":"repeat","background-position":"center center","background-size":"auto","background-attachment":"scroll","background-type":"","background-media":"","overlay-type":"","overlay-color":"","overlay-opacity":"","overlay-gradient":""},"tablet":{"background-color":"var(--ast-global-color-5)","background-image":"","background-repeat":"repeat","background-position":"center center","background-size":"auto","background-attachment":"scroll","background-type":"","background-media":"","overlay-type":"","overlay-color":"","overlay-opacity":"","overlay-gradient":""},"mobile":{"background-color":"var(--ast-global-color-5)","background-image":"","background-repeat":"repeat","background-position":"center center","background-size":"auto","background-attachment":"scroll","background-type":"","background-media":"","overlay-type":"","overlay-color":"","overlay-opacity":"","overlay-gradient":""}}},"product_brand":[],"product_cat":[76,90,93,95,92],"product_tag":[153,198,149,141,214,154],"class_list":{"0":"post-4978","1":"product","2":"type-product","3":"status-publish","4":"has-post-thumbnail","6":"product_cat-new-arrivels","7":"product_cat-wholesale-waist-trainer","8":"product_cat-wholesale-plus-size-waist-trainer","9":"product_cat-waist-cincher","10":"product_cat-wholesale-waist-girdle","11":"product_tag-boned","12":"product_tag-hourglass","13":"product_tag-long-torso","14":"product_tag-plus-size","15":"product_tag-waist-trainer","16":"product_tag-with-hooks","17":"pa_color-beige","18":"pa_color-black","19":"pa_size-l","20":"pa_size-m","21":"pa_size-s","22":"pa_size-xl","23":"pa_size-xs","24":"pa_size-xxl","25":"pa_size-xxs","26":"pa_size-xxxl","27":"desktop-align-center","28":"tablet-align-left","29":"mobile-align-left","30":"ast-product-gallery-layout-horizontal-slider","31":"ast-product-single-variable","32":"ast-product-tabs-layout-horizontal","33":"ast-qv-on-image","35":"first","36":"instock","37":"shipping-taxable","38":"purchasable","39":"product-type-variable"},"tiered_pricing_type":"fixed","tiered_pricing_fixed_rules":{"2":13.89,"50":12.99,"100":10.79},"tiered_pricing_product_settings":{"layout":"default","base_unit_name":{"singular":null,"plural":null},"default_variation":{}},"tiered_pricing_minimum_quantity":null,"tiered_pricing_roles_data":[],"tiered_pricing_percentage_rules":[],"_links":{"self":[{"href":"https:\/\/yume-silm.com\/fr\/wp-json\/wp\/v2\/product\/4978","targetHints":{"allow":["GET"]}}],"collection":[{"href":"https:\/\/yume-silm.com\/fr\/wp-json\/wp\/v2\/product"}],"about":[{"href":"https:\/\/yume-silm.com\/fr\/wp-json\/wp\/v2\/types\/product"}],"replies":[{"embeddable":true,"href":"https:\/\/yume-silm.com\/fr\/wp-json\/wp\/v2\/comments?post=4978"}],"wp:featuredmedia":[{"embeddable":true,"href":"https:\/\/yume-silm.com\/fr\/wp-json\/wp\/v2\/media\/5000"}],"wp:attachment":[{"href":"https:\/\/yume-silm.com\/fr\/wp-json\/wp\/v2\/media?parent=4978"}],"wp:term":[{"taxonomy":"product_brand","embeddable":true,"href":"https:\/\/yume-silm.com\/fr\/wp-json\/wp\/v2\/product_brand?post=4978"},{"taxonomy":"product_cat","embeddable":true,"href":"https:\/\/yume-silm.com\/fr\/wp-json\/wp\/v2\/product_cat?post=4978"},{"taxonomy":"product_tag","embeddable":true,"href":"https:\/\/yume-silm.com\/fr\/wp-json\/wp\/v2\/product_tag?post=4978"}],"curies":[{"name":"wp","href":"https:\/\/api.w.org\/{rel}","templated":true}]}}