{"id":5004,"date":"2023-07-31T09:17:36","date_gmt":"2023-07-31T09:17:36","guid":{"rendered":"https:\/\/yume-silm.com\/?post_type=product&#038;p=5004"},"modified":"2024-05-11T05:47:27","modified_gmt":"2024-05-11T05:47:27","slug":"ceinture-de-protection-sportive-a-haute-elasticite","status":"publish","type":"product","link":"https:\/\/yume-silm.com\/fr\/produit\/ceinture-de-protection-sportive-a-haute-elasticite\/","title":{"rendered":"Vente en gros Ceinture De Sueur Enveloppante Tondeuse"},"content":{"rendered":"<h5>Caract\u00e9ristiques de conception<\/h5>\n<ul>\n<li><strong>MISE EN FORME ABDOMINALE ET SOUTIEN DU DOS\u00a0:<\/strong> La ceinture gainante, avec 5 os attach\u00e9s, assure soutien et protection du bas du dos pendant l&#039;exercice, am\u00e9liorant ainsi la forme de votre abdomen. Il aide \u00e9galement \u00e0 corriger la posture et \u00e0 soulager l\u2019inconfort d\u00fb aux maux de dos.<\/li>\n<li><strong>FAVORISE LA PERTE DE POIDS ET LA R\u00c9CUP\u00c9RATION POST-PRODUCTION\u00a0:<\/strong> Continuez \u00e0 porter ce bandeau anti-transpiration tous les jours pour la course, le fitness, le yoga et d&#039;autres exercices afin d&#039;acc\u00e9l\u00e9rer la combustion des graisses abdominales. La ceinture gainante a une fonction antid\u00e9rapante, vous pouvez \u00eatre assur\u00e9 qu&#039;elle ne glissera pas facilement pendant l&#039;exercice. La bande abdominale aide \u00e9galement les femmes \u00e0 retrouver la forme de leur corps qui s&#039;est d\u00e9form\u00e9e \u00e0 cause de l&#039;accouchement, en raffermissant la peau et en contr\u00f4lant l&#039;abdomen pour un contour id\u00e9al. Bien s\u00fbr, vous pouvez l&#039;utiliser en toute occasion, y compris au travail, au quotidien, pour faire de l&#039;exercice, du fitness ou du yoga.<\/li>\n<li><strong>EXCELLENTE QUALIT\u00c9 ET AJUSTEMENT CONFORTABLE\u00a0:<\/strong> Le corset amincissant pour sauna est fabriqu\u00e9 en n\u00e9opr\u00e8ne de haute qualit\u00e9, confortable et \u00e9lastique, il va \u00e9galement transpirer et perdre du poids plus rapidement. Ceinture de sport \u00e0 petites mailles uniform\u00e9ment r\u00e9parties pour assurer la respirabilit\u00e9. Cela peut augmenter la respiration de votre peau abdominale lorsque vous transpirez abondamment.<\/li>\n<li><strong>EXERCICE BON ET CONFIANCE ACCRUE\u00a0:<\/strong> Le port de ce corset amincissant pour sauna vous permet de faire de nombreux exercices avec bonheur et r\u00e9pond \u00e0 un large \u00e9ventail de choix pour les amateurs de sport. Y compris l&#039;halt\u00e9rophilie, le cyclisme, la course, le yoga et d&#039;autres sports. Vous pouvez profiter du port de notre ceinture anti-transpiration pour faire toutes sortes d&#039;exercices et fa\u00e7onner votre courbe de sablier d\u00e8s que possible. Trouvez votre propre beaut\u00e9.<\/li>\n<\/ul>\n<h6><em>Corset pour femmes et hommes pour la perte de poids et le soutien du dos<\/em><\/h6>\n<ul>\n<li>Nos ceintures anti-transpiration enveloppantes allient confort, protection et fonctionnalit\u00e9. Ce produit est un incontournable pour les grossistes qui cherchent \u00e0 proposer des solutions d\u2019\u00e9quipements sportifs de qualit\u00e9. Entrez dans le monde du commerce de gros avec ce produit d&#039;exception. Commandez maintenant!<\/li>\n<\/ul>","protected":false},"excerpt":{"rendered":"<p>Am\u00e9liorez votre collection d&#039;\u00e9quipement de sport avec notre ceinture anti-transpiration enveloppante. Con\u00e7ue avec sept supports en acier et un tissu respirant, cette ceinture assure des performances, un confort et une protection optimaux lors d&#039;activit\u00e9s physiques intenses.<\/p>","protected":false},"featured_media":5036,"comment_status":"open","ping_status":"closed","template":"","meta":{"site-sidebar-layout":"default","site-content-layout":"default","ast-site-content-layout":"default","site-content-style":"default","site-sidebar-style":"default","ast-global-header-display":"","ast-banner-title-visibility":"","ast-main-header-display":"","ast-hfb-above-header-display":"","ast-hfb-below-header-display":"","ast-hfb-mobile-header-display":"","site-post-title":"","ast-breadcrumbs-content":"","ast-featured-img":"","footer-sml-layout":"","ast-disable-related-posts":"","theme-transparent-header-meta":"default","adv-header-id-meta":"","stick-header-meta":"default","header-above-stick-meta":"","header-main-stick-meta":"","header-below-stick-meta":"","astra-migrate-meta-layouts":"set","ast-page-background-enabled":"default","ast-page-background-meta":{"desktop":{"background-color":"","background-image":"","background-repeat":"repeat","background-position":"center center","background-size":"auto","background-attachment":"scroll","background-type":"","background-media":"","overlay-type":"","overlay-color":"","overlay-opacity":"","overlay-gradient":""},"tablet":{"background-color":"","background-image":"","background-repeat":"repeat","background-position":"center center","background-size":"auto","background-attachment":"scroll","background-type":"","background-media":"","overlay-type":"","overlay-color":"","overlay-opacity":"","overlay-gradient":""},"mobile":{"background-color":"","background-image":"","background-repeat":"repeat","background-position":"center center","background-size":"auto","background-attachment":"scroll","background-type":"","background-media":"","overlay-type":"","overlay-color":"","overlay-opacity":"","overlay-gradient":""}},"ast-content-background-meta":{"desktop":{"background-color":"var(--ast-global-color-5)","background-image":"","background-repeat":"repeat","background-position":"center center","background-size":"auto","background-attachment":"scroll","background-type":"","background-media":"","overlay-type":"","overlay-color":"","overlay-opacity":"","overlay-gradient":""},"tablet":{"background-color":"var(--ast-global-color-5)","background-image":"","background-repeat":"repeat","background-position":"center center","background-size":"auto","background-attachment":"scroll","background-type":"","background-media":"","overlay-type":"","overlay-color":"","overlay-opacity":"","overlay-gradient":""},"mobile":{"background-color":"var(--ast-global-color-5)","background-image":"","background-repeat":"repeat","background-position":"center center","background-size":"auto","background-attachment":"scroll","background-type":"","background-media":"","overlay-type":"","overlay-color":"","overlay-opacity":"","overlay-gradient":""}}},"product_brand":[],"product_cat":[65,76,90,96,92],"product_tag":[424,415,140,214,191],"class_list":{"0":"post-5004","1":"product","2":"type-product","3":"status-publish","4":"has-post-thumbnail","6":"product_cat-best-sellers","7":"product_cat-new-arrivels","8":"product_cat-wholesale-waist-trainer","9":"product_cat-sweat-waist-trainer","10":"product_cat-wholesale-waist-girdle","11":"product_tag-customizable-logos","12":"product_tag-lose-weight","13":"product_tag-strapless","14":"product_tag-waist-trainer","15":"product_tag-waist-trainer-with-straps","16":"pa_color-black","17":"pa_color-blue","18":"pa_color-pink","19":"pa_color-yellow","20":"pa_size-l","21":"pa_size-m","22":"pa_size-s","23":"pa_size-xl","24":"pa_size-xxl","25":"desktop-align-center","26":"tablet-align-left","27":"mobile-align-left","28":"ast-product-gallery-layout-horizontal-slider","29":"ast-product-single-variable","30":"ast-product-tabs-layout-horizontal","31":"ast-qv-on-image","33":"first","34":"instock","35":"shipping-taxable","36":"purchasable","37":"product-type-variable"},"tiered_pricing_type":"fixed","tiered_pricing_fixed_rules":{"2":6.19,"30":5.79,"100":4.79},"tiered_pricing_product_settings":{"layout":"default","base_unit_name":{"singular":null,"plural":null},"default_variation":{}},"tiered_pricing_minimum_quantity":null,"tiered_pricing_roles_data":[],"tiered_pricing_percentage_rules":[],"_links":{"self":[{"href":"https:\/\/yume-silm.com\/fr\/wp-json\/wp\/v2\/product\/5004","targetHints":{"allow":["GET"]}}],"collection":[{"href":"https:\/\/yume-silm.com\/fr\/wp-json\/wp\/v2\/product"}],"about":[{"href":"https:\/\/yume-silm.com\/fr\/wp-json\/wp\/v2\/types\/product"}],"replies":[{"embeddable":true,"href":"https:\/\/yume-silm.com\/fr\/wp-json\/wp\/v2\/comments?post=5004"}],"wp:featuredmedia":[{"embeddable":true,"href":"https:\/\/yume-silm.com\/fr\/wp-json\/wp\/v2\/media\/5036"}],"wp:attachment":[{"href":"https:\/\/yume-silm.com\/fr\/wp-json\/wp\/v2\/media?parent=5004"}],"wp:term":[{"taxonomy":"product_brand","embeddable":true,"href":"https:\/\/yume-silm.com\/fr\/wp-json\/wp\/v2\/product_brand?post=5004"},{"taxonomy":"product_cat","embeddable":true,"href":"https:\/\/yume-silm.com\/fr\/wp-json\/wp\/v2\/product_cat?post=5004"},{"taxonomy":"product_tag","embeddable":true,"href":"https:\/\/yume-silm.com\/fr\/wp-json\/wp\/v2\/product_tag?post=5004"}],"curies":[{"name":"wp","href":"https:\/\/api.w.org\/{rel}","templated":true}]}}