{"id":5039,"date":"2023-08-02T01:41:52","date_gmt":"2023-08-02T01:41:52","guid":{"rendered":"https:\/\/yume-silm.com\/?post_type=product&#038;p=5039"},"modified":"2024-05-11T05:51:29","modified_gmt":"2024-05-11T05:51:29","slug":"ceinture-de-transpiration-en-neoprene-ajustable-epaissie-pour-le-controle-du-ventre","status":"publish","type":"product","link":"https:\/\/yume-silm.com\/fr\/produit\/ceinture-de-transpiration-en-neoprene-ajustable-epaissie-pour-le-controle-du-ventre\/","title":{"rendered":"Ceinture de sudation en n\u00e9opr\u00e8ne pour entra\u00eeneur de taille en gros\u00a0: soutien am\u00e9lior\u00e9"},"content":{"rendered":"<h5>Caract\u00e9ristiques de conception<\/h5>\n<ul>\n<li><strong>AJUSTEMENT R\u00c9GLABLE\u00a0:<\/strong> Le corset anti-transpiration offre une exp\u00e9rience de confort personnalis\u00e9e, con\u00e7ue pour garantir un soutien optimal lors d&#039;entra\u00eenements intenses ou d&#039;activit\u00e9s quotidiennes.<\/li>\n<li><strong>\u00c9PAISSI POUR LE CONTR\u00d4LE DU VENTRE\u00a0:<\/strong> La conception de compression douce \u00e9pouse la taille, et notre ceinture anti-transpiration am\u00e9liorant l&#039;entra\u00eenement vous fera para\u00eetre plus mince et plus tonique lorsqu&#039;elle est port\u00e9e.<\/li>\n<li><strong>MAT\u00c9RIAU EN N\u00c9OPR\u00c8NE ANTI-TRANSPIRATION\u00a0:<\/strong> Notre ceinture anti-transpiration pour femme favorise la transpiration dans les zones cibl\u00e9es pour aider \u00e0 la perte de poids et \u00e0 la d\u00e9toxification.<\/li>\n<li><strong>CONCEPTION UNIFORME POLYVALENTE\u00a0:<\/strong> Notre ceinture anti-transpiration en n\u00e9opr\u00e8ne pour hommes et femmes convient \u00e0 tous les types de corps et \u00e0 tous les besoins de fitness.<\/li>\n<li><strong>SOUTIEN RENFORC\u00c9 POUR UNE VARI\u00c9T\u00c9 D&#039;ACTIVIT\u00c9S\u00a0:<\/strong> La ceinture amincissante pour entra\u00eeneur de taille assure la stabilit\u00e9 de la zone centrale, garantissant une posture et un alignement appropri\u00e9s pendant les entra\u00eenements ou les routines quotidiennes.<\/li>\n<\/ul>\n<h6><em>Ceinture de sudation en n\u00e9opr\u00e8ne, perte de poids, serre-taille, contr\u00f4le du ventre<\/em><\/h6>\n<ul>\n<li>En r\u00e9sum\u00e9, notre ceinture anti-transpiration en n\u00e9opr\u00e8ne est plus qu&#039;un simple contr\u00f4leur de ventre ; c&#039;est un accessoire fonctionnel et \u00e9l\u00e9gant offrant un confort et un soutien personnalis\u00e9s. Pour les grossistes souhaitant proposer des \u00e9quipements de fitness haut de gamme, ce produit est un incontournable. Plongez dans l&#039;univers du commerce de gros avec cette pi\u00e8ce d&#039;exception. Commandez aujourd&#039;hui\u00a0!<\/li>\n<\/ul>","protected":false},"excerpt":{"rendered":"<p>\u00c9levez votre \u00e9quipement de fitness avec notre ceinture anti-transpiration en n\u00e9opr\u00e8ne, r\u00e9glable et \u00e9paissie pour un contr\u00f4le sup\u00e9rieur du ventre. Con\u00e7u pour rehausser la taille tout en favorisant la transpiration, il est parfait pour les entra\u00eenements ou pour un usage quotidien, assurant une apparence plus ajust\u00e9e.<\/p>","protected":false},"featured_media":5052,"comment_status":"open","ping_status":"closed","template":"","meta":{"site-sidebar-layout":"default","site-content-layout":"default","ast-site-content-layout":"default","site-content-style":"default","site-sidebar-style":"default","ast-global-header-display":"","ast-banner-title-visibility":"","ast-main-header-display":"","ast-hfb-above-header-display":"","ast-hfb-below-header-display":"","ast-hfb-mobile-header-display":"","site-post-title":"","ast-breadcrumbs-content":"","ast-featured-img":"","footer-sml-layout":"","ast-disable-related-posts":"","theme-transparent-header-meta":"default","adv-header-id-meta":"","stick-header-meta":"default","header-above-stick-meta":"","header-main-stick-meta":"","header-below-stick-meta":"","astra-migrate-meta-layouts":"set","ast-page-background-enabled":"default","ast-page-background-meta":{"desktop":{"background-color":"","background-image":"","background-repeat":"repeat","background-position":"center center","background-size":"auto","background-attachment":"scroll","background-type":"","background-media":"","overlay-type":"","overlay-color":"","overlay-opacity":"","overlay-gradient":""},"tablet":{"background-color":"","background-image":"","background-repeat":"repeat","background-position":"center center","background-size":"auto","background-attachment":"scroll","background-type":"","background-media":"","overlay-type":"","overlay-color":"","overlay-opacity":"","overlay-gradient":""},"mobile":{"background-color":"","background-image":"","background-repeat":"repeat","background-position":"center center","background-size":"auto","background-attachment":"scroll","background-type":"","background-media":"","overlay-type":"","overlay-color":"","overlay-opacity":"","overlay-gradient":""}},"ast-content-background-meta":{"desktop":{"background-color":"var(--ast-global-color-5)","background-image":"","background-repeat":"repeat","background-position":"center center","background-size":"auto","background-attachment":"scroll","background-type":"","background-media":"","overlay-type":"","overlay-color":"","overlay-opacity":"","overlay-gradient":""},"tablet":{"background-color":"var(--ast-global-color-5)","background-image":"","background-repeat":"repeat","background-position":"center center","background-size":"auto","background-attachment":"scroll","background-type":"","background-media":"","overlay-type":"","overlay-color":"","overlay-opacity":"","overlay-gradient":""},"mobile":{"background-color":"var(--ast-global-color-5)","background-image":"","background-repeat":"repeat","background-position":"center center","background-size":"auto","background-attachment":"scroll","background-type":"","background-media":"","overlay-type":"","overlay-color":"","overlay-opacity":"","overlay-gradient":""}}},"product_brand":[],"product_cat":[76,90,92],"product_tag":[136,198,148,191],"class_list":{"0":"post-5039","1":"product","2":"type-product","3":"status-publish","4":"has-post-thumbnail","6":"product_cat-new-arrivels","7":"product_cat-wholesale-waist-trainer","8":"product_cat-wholesale-waist-girdle","9":"product_tag-bridal","10":"product_tag-hourglass","11":"product_tag-one-piece","12":"product_tag-waist-trainer-with-straps","13":"pa_color-black","14":"pa_color-orange","15":"pa_color-pink","16":"pa_size-free","17":"desktop-align-center","18":"tablet-align-left","19":"mobile-align-left","20":"ast-product-gallery-layout-horizontal-slider","21":"ast-product-single-variable","22":"ast-product-tabs-layout-horizontal","23":"ast-qv-on-image","25":"first","26":"instock","27":"shipping-taxable","28":"purchasable","29":"product-type-variable"},"tiered_pricing_type":"fixed","tiered_pricing_fixed_rules":{"2":5.29,"30":4.99,"100":4.09},"tiered_pricing_product_settings":{"layout":"default","base_unit_name":{"singular":null,"plural":null},"default_variation":{}},"tiered_pricing_minimum_quantity":null,"tiered_pricing_roles_data":[],"tiered_pricing_percentage_rules":[],"_links":{"self":[{"href":"https:\/\/yume-silm.com\/fr\/wp-json\/wp\/v2\/product\/5039","targetHints":{"allow":["GET"]}}],"collection":[{"href":"https:\/\/yume-silm.com\/fr\/wp-json\/wp\/v2\/product"}],"about":[{"href":"https:\/\/yume-silm.com\/fr\/wp-json\/wp\/v2\/types\/product"}],"replies":[{"embeddable":true,"href":"https:\/\/yume-silm.com\/fr\/wp-json\/wp\/v2\/comments?post=5039"}],"wp:featuredmedia":[{"embeddable":true,"href":"https:\/\/yume-silm.com\/fr\/wp-json\/wp\/v2\/media\/5052"}],"wp:attachment":[{"href":"https:\/\/yume-silm.com\/fr\/wp-json\/wp\/v2\/media?parent=5039"}],"wp:term":[{"taxonomy":"product_brand","embeddable":true,"href":"https:\/\/yume-silm.com\/fr\/wp-json\/wp\/v2\/product_brand?post=5039"},{"taxonomy":"product_cat","embeddable":true,"href":"https:\/\/yume-silm.com\/fr\/wp-json\/wp\/v2\/product_cat?post=5039"},{"taxonomy":"product_tag","embeddable":true,"href":"https:\/\/yume-silm.com\/fr\/wp-json\/wp\/v2\/product_tag?post=5039"}],"curies":[{"name":"wp","href":"https:\/\/api.w.org\/{rel}","templated":true}]}}