{"id":5124,"date":"2023-08-05T05:30:15","date_gmt":"2023-08-05T05:30:15","guid":{"rendered":"https:\/\/yume-silm.com\/?post_type=product&#038;p=5124"},"modified":"2024-11-06T02:06:23","modified_gmt":"2024-11-06T02:06:23","slug":"taille-haute-tummy-control-shapewear-avec-une-piece-faux-cul","status":"publish","type":"product","link":"https:\/\/yume-silm.com\/fr\/produit\/taille-haute-tummy-control-shapewear-avec-une-piece-faux-cul\/","title":{"rendered":"V\u00eatements gainants taille haute pour le contr\u00f4le du ventre : conception non marquante"},"content":{"rendered":"<h5>Caract\u00e9ristiques de conception<\/h5>\n<ul>\n<li><strong>CONTR\u00d4LE DU VENTRE TAILLE HAUTE POUR UN CONTOUR LISSE\u00a0:<\/strong> La taille haute de ce v\u00eatement gainant pour femme offre un excellent contr\u00f4le du ventre et sculpte en douceur le ventre. En comprimant doucement la taille, il permet d&#039;obtenir un aspect lisse et \u00e9lastique, id\u00e9al pour les v\u00eatements ajust\u00e9s.<\/li>\n<li><strong>LIFTING NATUREL CONNECT\u00c9 DES FESSES\u00a0:<\/strong> Les fesses connect\u00e9es intelligemment con\u00e7ues soul\u00e8vent l&#039;arri\u00e8re des fesses pour un look plus ample et naturel. Le design profil\u00e9 du v\u00eatement gainant taille haute am\u00e9liore la ligne des hanches et ajoute de la confiance \u00e0 votre foul\u00e9e.<\/li>\n<li><strong>MAT\u00c9RIAU TR\u00c8S EXTENSIBLE POUR UN CONFORT ULTIME\u00a0:<\/strong> Ce sous-v\u00eatement gainant le ventre est fait d&#039;un tissu hautement extensible qui \u00e9pouse votre corps sans restreindre vos mouvements. Que vous assistiez \u00e0 un \u00e9v\u00e9nement sp\u00e9cial ou que vous sortiez simplement pour la journ\u00e9e, il offre un port flatteur et confortable toute la journ\u00e9e.<\/li>\n<li><strong>CONCEPTION SANS RAYURES\u00a0:<\/strong> La conception sans couture garantit que les sous-v\u00eatements gainants sans couture sont invisibles \u00e0 l&#039;int\u00e9rieur du v\u00eatement. Sans lignes ni marques visibles, il se marie parfaitement avec n&#039;importe quelle tenue et devient un \u00e9l\u00e9ment de garde-robe polyvalent.<\/li>\n<li><strong>FACILE \u00c0 PORTER ET POLYVALENT\u00a0:<\/strong> Ce shapewear taille haute une pi\u00e8ce grande taille est facile \u00e0 porter et convient \u00e0 toutes les occasions. Que vous l&#039;associiez \u00e0 des robes de cocktail ou \u00e0 une tenue de bureau, il offre un soutien et une am\u00e9lioration continus pour cr\u00e9er un look global et rehausser votre attitude.<\/li>\n<\/ul>\n<h6><em>Shapewear taille haute pour femmes, contr\u00f4le du ventre, levage des fesses, sous-v\u00eatements fa\u00e7onnant le corps sans couture<\/em><\/h6>\n<ul>\n<li>D\u00e9couvrez l&#039;effet transformateur de nos v\u00eatements gainants taille haute. Avec son faux cul innovant d&#039;une seule pi\u00e8ce et son tissu hautement extensible et non marquant, vous pouvez profiter d&#039;une apparence plus profil\u00e9e et plus confiante sans sacrifier le confort ou le style.<\/li>\n<\/ul>\n<div class=\"ast-oembed-container\" style=\"height: 100%;\"><iframe title=\"Boxer gainant taille haute sans couture, l\u00e9ger et respirant\" width=\"500\" height=\"375\" src=\"https:\/\/www.youtube.com\/embed\/-3-7sFojWFA?feature=oembed\" frameborder=\"0\" allow=\"accelerometer; autoplay; clipboard-write; encrypted-media; gyroscope; picture-in-picture; web-share\" referrerpolicy=\"strict-origin-when-cross-origin\" allowfullscreen><\/iframe><\/div>","protected":false},"excerpt":{"rendered":"<p>Am\u00e9liorez votre silhouette sans effort avec notre v\u00eatement gainant taille haute. Con\u00e7ue avec un faux cul d&#039;une seule pi\u00e8ce et fabriqu\u00e9e \u00e0 partir d&#039;un mat\u00e9riau non marquant et tr\u00e8s extensible, cette pi\u00e8ce sans couture offre un look sculpt\u00e9 et naturel pour n&#039;importe quelle tenue.<\/p>","protected":false},"featured_media":5140,"comment_status":"open","ping_status":"closed","template":"","meta":{"site-sidebar-layout":"default","site-content-layout":"default","ast-site-content-layout":"default","site-content-style":"default","site-sidebar-style":"default","ast-global-header-display":"","ast-banner-title-visibility":"","ast-main-header-display":"","ast-hfb-above-header-display":"","ast-hfb-below-header-display":"","ast-hfb-mobile-header-display":"","site-post-title":"","ast-breadcrumbs-content":"","ast-featured-img":"","footer-sml-layout":"","ast-disable-related-posts":"","theme-transparent-header-meta":"default","adv-header-id-meta":"","stick-header-meta":"default","header-above-stick-meta":"","header-main-stick-meta":"","header-below-stick-meta":"","astra-migrate-meta-layouts":"set","ast-page-background-enabled":"default","ast-page-background-meta":{"desktop":{"background-color":"","background-image":"","background-repeat":"repeat","background-position":"center center","background-size":"auto","background-attachment":"scroll","background-type":"","background-media":"","overlay-type":"","overlay-color":"","overlay-opacity":"","overlay-gradient":""},"tablet":{"background-color":"","background-image":"","background-repeat":"repeat","background-position":"center center","background-size":"auto","background-attachment":"scroll","background-type":"","background-media":"","overlay-type":"","overlay-color":"","overlay-opacity":"","overlay-gradient":""},"mobile":{"background-color":"","background-image":"","background-repeat":"repeat","background-position":"center center","background-size":"auto","background-attachment":"scroll","background-type":"","background-media":"","overlay-type":"","overlay-color":"","overlay-opacity":"","overlay-gradient":""}},"ast-content-background-meta":{"desktop":{"background-color":"var(--ast-global-color-5)","background-image":"","background-repeat":"repeat","background-position":"center center","background-size":"auto","background-attachment":"scroll","background-type":"","background-media":"","overlay-type":"","overlay-color":"","overlay-opacity":"","overlay-gradient":""},"tablet":{"background-color":"var(--ast-global-color-5)","background-image":"","background-repeat":"repeat","background-position":"center center","background-size":"auto","background-attachment":"scroll","background-type":"","background-media":"","overlay-type":"","overlay-color":"","overlay-opacity":"","overlay-gradient":""},"mobile":{"background-color":"var(--ast-global-color-5)","background-image":"","background-repeat":"repeat","background-position":"center center","background-size":"auto","background-attachment":"scroll","background-type":"","background-media":"","overlay-type":"","overlay-color":"","overlay-opacity":"","overlay-gradient":""}}},"product_brand":[],"product_cat":[76,65,77,79,80],"product_tag":[136,139,148],"class_list":{"0":"post-5124","1":"product","2":"type-product","3":"status-publish","4":"has-post-thumbnail","6":"product_cat-new-arrivels","7":"product_cat-best-sellers","8":"product_cat-wholesale-womens-shapewear","9":"product_cat-wholesale-seemless-shaperwear","10":"product_cat-wholesale-butt-lift-underwear","11":"product_tag-bridal","12":"product_tag-high-waist","13":"product_tag-one-piece","14":"pa_color-beige","15":"pa_color-black","16":"pa_size-l","17":"pa_size-m","18":"pa_size-s","19":"pa_size-xl","20":"pa_size-xxl","21":"pa_size-xxxl","22":"desktop-align-center","23":"tablet-align-left","24":"mobile-align-left","25":"ast-product-gallery-layout-horizontal-slider","26":"ast-product-single-variable","27":"ast-product-tabs-layout-horizontal","28":"ast-qv-on-image","30":"first","31":"instock","32":"shipping-taxable","33":"purchasable","34":"product-type-variable"},"tiered_pricing_type":"fixed","tiered_pricing_fixed_rules":{"2":5.79,"30":5.39,"100":4.49},"tiered_pricing_product_settings":{"layout":"default","base_unit_name":{"singular":null,"plural":null},"default_variation":null},"tiered_pricing_minimum_quantity":null,"tiered_pricing_roles_data":[],"tiered_pricing_percentage_rules":[],"_links":{"self":[{"href":"https:\/\/yume-silm.com\/fr\/wp-json\/wp\/v2\/product\/5124","targetHints":{"allow":["GET"]}}],"collection":[{"href":"https:\/\/yume-silm.com\/fr\/wp-json\/wp\/v2\/product"}],"about":[{"href":"https:\/\/yume-silm.com\/fr\/wp-json\/wp\/v2\/types\/product"}],"replies":[{"embeddable":true,"href":"https:\/\/yume-silm.com\/fr\/wp-json\/wp\/v2\/comments?post=5124"}],"wp:featuredmedia":[{"embeddable":true,"href":"https:\/\/yume-silm.com\/fr\/wp-json\/wp\/v2\/media\/5140"}],"wp:attachment":[{"href":"https:\/\/yume-silm.com\/fr\/wp-json\/wp\/v2\/media?parent=5124"}],"wp:term":[{"taxonomy":"product_brand","embeddable":true,"href":"https:\/\/yume-silm.com\/fr\/wp-json\/wp\/v2\/product_brand?post=5124"},{"taxonomy":"product_cat","embeddable":true,"href":"https:\/\/yume-silm.com\/fr\/wp-json\/wp\/v2\/product_cat?post=5124"},{"taxonomy":"product_tag","embeddable":true,"href":"https:\/\/yume-silm.com\/fr\/wp-json\/wp\/v2\/product_tag?post=5124"}],"curies":[{"name":"wp","href":"https:\/\/api.w.org\/{rel}","templated":true}]}}