{"id":5148,"date":"2023-08-05T05:50:44","date_gmt":"2023-08-05T05:50:44","guid":{"rendered":"https:\/\/yume-silm.com\/?post_type=product&#038;p=5148"},"modified":"2023-12-21T06:13:43","modified_gmt":"2023-12-21T06:13:43","slug":"body-confort-elegant-sculptant-le-corps-non-marquant","status":"publish","type":"product","link":"https:\/\/yume-silm.com\/fr\/produit\/body-confort-elegant-sculptant-le-corps-non-marquant\/","title":{"rendered":"Vente en gros Body sculptant le corps confortable et \u00e9l\u00e9gant"},"content":{"rendered":"<h5>Caract\u00e9ristiques de conception<\/h5>\n<ul>\n<li><strong>BODY SHAPING POUR UN CONTOUR \u00c9L\u00c9GANT\u00a0:<\/strong> Notre shapewear hautement \u00e9lastique a \u00e9t\u00e9 soigneusement con\u00e7u pour \u00e9pouser le corps et accentuer vos courbes naturelles. Son tissu extensible et l\u00e9ger offre une compression douce sans constriction, vous permettant de bouger librement et en toute confiance.<\/li>\n<li><strong>CONCEPTION SANS COUTURE, APPARENCE SANS COUTURE\u00a0:<\/strong> La caract\u00e9ristique sans couture de ces collants garantit qu&#039;ils sont invisibles dans vos v\u00eatements et s&#039;accordent parfaitement avec n&#039;importe quelle tenue. Dites adieu aux lignes et marques visibles pour une apparence plus soign\u00e9e.<\/li>\n<li><strong>MAT\u00c9RIAU TR\u00c8S \u00c9TIR\u00c9 POUR UN CONFORT ULTIME\u00a0:<\/strong> Ce body shapewear gainant le ventre est fabriqu\u00e9 dans un tissu hautement extensible de haute qualit\u00e9 qui s&#039;adapte \u00e0 la forme de votre corps et offre un ajustement flatteur et confortable. Que vous assistiez \u00e0 un \u00e9v\u00e9nement sp\u00e9cial ou fassiez des courses, il vous offre un soutien toute la journ\u00e9e sans vous sentir trop serr\u00e9.<\/li>\n<li><strong>TISSU RESPIRANT POUR UNE FRA\u00ceCHEUR TOUTE LA JOURN\u00c9E\u00a0:<\/strong> Cette combinaison est fabriqu\u00e9e dans un tissu respirant qui vous permettra de vous sentir fra\u00eeche et confortable toute la journ\u00e9e. Le tissu favorise la circulation de l&#039;air et vous garde au frais et au sec m\u00eame apr\u00e8s de longues heures de port.<\/li>\n<li><strong>POLYVALENT POUR CHAQUE OCCASION\u00a0:<\/strong> Que vous le portiez avec une tenue formelle ou d\u00e9contract\u00e9e, cet \u00e9l\u00e9gant body sculptant et confortable offre le juste \u00e9quilibre entre \u00e9l\u00e9gance et praticit\u00e9. Sa polyvalence en fait un incontournable en toute occasion.<\/li>\n<\/ul>\n<h6><em>Body shaper sans couture pour femme, tr\u00e8s \u00e9lastique, contr\u00f4le du ventre, rehausseur de fesses, grande taille <\/em><\/h6>\n<ul>\n<li>Adoptez la meilleure version de vous-m\u00eame avec notre \u00e9l\u00e9gant body sculptant et confortable. Avec son design non marquant et confortable, associ\u00e9 \u00e0 un mat\u00e9riau hautement \u00e9lastique et respirant, il offre le m\u00e9lange parfait de style et de fonctionnalit\u00e9. D\u00e9couvrez un nouveau niveau de confiance et d\u2019\u00e9quilibre avec cette pi\u00e8ce exceptionnelle.<\/li>\n<\/ul>\n<div class=\"ast-oembed-container\" style=\"height: 100%;\"><iframe title=\"Body sculptant \u00e9l\u00e9gant et confortable - Non marquant\" width=\"500\" height=\"281\" src=\"https:\/\/www.youtube.com\/embed\/EKVNvE9XuFQ?feature=oembed\" frameborder=\"0\" allow=\"accelerometer; autoplay; clipboard-write; encrypted-media; gyroscope; picture-in-picture; web-share\" referrerpolicy=\"strict-origin-when-cross-origin\" allowfullscreen><\/iframe><\/div>","protected":false},"excerpt":{"rendered":"<p>D\u00e9couvrez le m\u00e9lange parfait de confort et d&#039;\u00e9l\u00e9gance avec notre \u00e9l\u00e9gant body sculptant confortable. Con\u00e7u pour \u00eatre \u00e9lastique, fin et respirant, ce body non marquant fa\u00e7onne votre corps de mani\u00e8re transparente, assurant une silhouette gracieuse sans sacrifier le confort.<\/p>","protected":false},"featured_media":5163,"comment_status":"open","ping_status":"closed","template":"","meta":{"site-sidebar-layout":"default","site-content-layout":"default","ast-site-content-layout":"default","site-content-style":"default","site-sidebar-style":"default","ast-global-header-display":"","ast-banner-title-visibility":"","ast-main-header-display":"","ast-hfb-above-header-display":"","ast-hfb-below-header-display":"","ast-hfb-mobile-header-display":"","site-post-title":"","ast-breadcrumbs-content":"","ast-featured-img":"","footer-sml-layout":"","ast-disable-related-posts":"","theme-transparent-header-meta":"default","adv-header-id-meta":"","stick-header-meta":"default","header-above-stick-meta":"","header-main-stick-meta":"","header-below-stick-meta":"","astra-migrate-meta-layouts":"set","ast-page-background-enabled":"default","ast-page-background-meta":{"desktop":{"background-color":"","background-image":"","background-repeat":"repeat","background-position":"center center","background-size":"auto","background-attachment":"scroll","background-type":"","background-media":"","overlay-type":"","overlay-color":"","overlay-opacity":"","overlay-gradient":""},"tablet":{"background-color":"","background-image":"","background-repeat":"repeat","background-position":"center center","background-size":"auto","background-attachment":"scroll","background-type":"","background-media":"","overlay-type":"","overlay-color":"","overlay-opacity":"","overlay-gradient":""},"mobile":{"background-color":"","background-image":"","background-repeat":"repeat","background-position":"center center","background-size":"auto","background-attachment":"scroll","background-type":"","background-media":"","overlay-type":"","overlay-color":"","overlay-opacity":"","overlay-gradient":""}},"ast-content-background-meta":{"desktop":{"background-color":"var(--ast-global-color-5)","background-image":"","background-repeat":"repeat","background-position":"center center","background-size":"auto","background-attachment":"scroll","background-type":"","background-media":"","overlay-type":"","overlay-color":"","overlay-opacity":"","overlay-gradient":""},"tablet":{"background-color":"var(--ast-global-color-5)","background-image":"","background-repeat":"repeat","background-position":"center center","background-size":"auto","background-attachment":"scroll","background-type":"","background-media":"","overlay-type":"","overlay-color":"","overlay-opacity":"","overlay-gradient":""},"mobile":{"background-color":"var(--ast-global-color-5)","background-image":"","background-repeat":"repeat","background-position":"center center","background-size":"auto","background-attachment":"scroll","background-type":"","background-media":"","overlay-type":"","overlay-color":"","overlay-opacity":"","overlay-gradient":""}}},"product_brand":[],"product_cat":[76,77,79,82],"product_tag":[136,147,148,213],"class_list":{"0":"post-5148","1":"product","2":"type-product","3":"status-publish","4":"has-post-thumbnail","6":"product_cat-new-arrivels","7":"product_cat-wholesale-womens-shapewear","8":"product_cat-wholesale-seemless-shaperwear","9":"product_cat-wholesale-shapewear-bodysuit","10":"product_tag-bridal","11":"product_tag-cross","12":"product_tag-one-piece","13":"product_tag-sleeveless","14":"pa_color-beige","15":"pa_color-black","16":"pa_size-l","17":"pa_size-m","18":"pa_size-s","19":"pa_size-xl","20":"pa_size-xxl","21":"pa_size-xxxl","22":"desktop-align-center","23":"tablet-align-left","24":"mobile-align-left","25":"ast-product-gallery-layout-horizontal-slider","26":"ast-product-single-variable","27":"ast-product-tabs-layout-horizontal","28":"ast-qv-on-image","30":"first","31":"instock","32":"shipping-taxable","33":"purchasable","34":"product-type-variable"},"tiered_pricing_type":"fixed","tiered_pricing_fixed_rules":{"2":4.49,"30":4.09,"500":3.49},"tiered_pricing_product_settings":{"layout":"default","base_unit_name":{"singular":null,"plural":null},"default_variation":null},"tiered_pricing_minimum_quantity":null,"tiered_pricing_roles_data":[],"tiered_pricing_percentage_rules":[],"_links":{"self":[{"href":"https:\/\/yume-silm.com\/fr\/wp-json\/wp\/v2\/product\/5148","targetHints":{"allow":["GET"]}}],"collection":[{"href":"https:\/\/yume-silm.com\/fr\/wp-json\/wp\/v2\/product"}],"about":[{"href":"https:\/\/yume-silm.com\/fr\/wp-json\/wp\/v2\/types\/product"}],"replies":[{"embeddable":true,"href":"https:\/\/yume-silm.com\/fr\/wp-json\/wp\/v2\/comments?post=5148"}],"wp:featuredmedia":[{"embeddable":true,"href":"https:\/\/yume-silm.com\/fr\/wp-json\/wp\/v2\/media\/5163"}],"wp:attachment":[{"href":"https:\/\/yume-silm.com\/fr\/wp-json\/wp\/v2\/media?parent=5148"}],"wp:term":[{"taxonomy":"product_brand","embeddable":true,"href":"https:\/\/yume-silm.com\/fr\/wp-json\/wp\/v2\/product_brand?post=5148"},{"taxonomy":"product_cat","embeddable":true,"href":"https:\/\/yume-silm.com\/fr\/wp-json\/wp\/v2\/product_cat?post=5148"},{"taxonomy":"product_tag","embeddable":true,"href":"https:\/\/yume-silm.com\/fr\/wp-json\/wp\/v2\/product_tag?post=5148"}],"curies":[{"name":"wp","href":"https:\/\/api.w.org\/{rel}","templated":true}]}}