{"id":5172,"date":"2023-08-05T06:09:23","date_gmt":"2023-08-05T06:09:23","guid":{"rendered":"https:\/\/yume-silm.com\/?post_type=product&#038;p=5172"},"modified":"2023-12-21T06:00:47","modified_gmt":"2023-12-21T06:00:47","slug":"body-shapewear-sans-couture-ajustable-tres-elastique","status":"publish","type":"product","link":"https:\/\/yume-silm.com\/fr\/produit\/body-shapewear-sans-couture-ajustable-tres-elastique\/","title":{"rendered":"V\u00eatements gainants sans couture pour tout le corps en gros\u00a0: conception hautement \u00e9lastique"},"content":{"rendered":"<h5>Caract\u00e9ristiques de conception<\/h5>\n<ul>\n<li><strong>CONCEPTION SANS COUTURE, MISE EN FORME LISSE\u00a0:<\/strong> Le shapewear sans couture sur tout le corps a un design sans couture qui garantit une silhouette lisse et ininterrompue. Il n&#039;y a pas de lignes ni de bosses, juste une belle silhouette qui met en valeur votre beaut\u00e9 naturelle.<\/li>\n<li><strong>SANGLES DE CL\u00c9 R\u00c9GLABLES POUR UN AJUSTEMENT PERSONNALIS\u00c9\u00a0:<\/strong> Les bretelles spaghetti de ce body shaper sont facilement r\u00e9glables et peuvent \u00eatre personnalis\u00e9es pour s&#039;adapter parfaitement \u00e0 votre corps. Que vous ayez besoin d&#039;un ajustement plus serr\u00e9 ou plus ample, le r\u00e9glage est tr\u00e8s simple et pratique.<\/li>\n<li><strong>TISSU TR\u00c8S \u00c9TIR\u00c9 POUR UNE MISE EN FORME CONFORTABLE\u00a0:<\/strong> L&#039;utilisation d&#039;un tissu hautement extensible signifie que ce shapewear sans couture pour femme bouge avec vous, fa\u00e7onnant votre corps sans le serrer. Le tissu extensible \u00e9pouse doucement vos courbes, offrant un soutien sans sacrifier le confort.<\/li>\n<li><strong>MAT\u00c9RIAU RESPIRANT \u00c0 PORTER TOUTE LA JOURN\u00c9E\u00a0:<\/strong> Le tissu de ce v\u00eatement amincissant a \u00e9t\u00e9 con\u00e7u dans un souci de respirabilit\u00e9, permettant une circulation compl\u00e8te de l&#039;air. Cela signifie que vous resterez au frais et \u00e0 l&#039;aise m\u00eame apr\u00e8s de longues p\u00e9riodes de port.<\/li>\n<li><strong>POUR CHAQUE OCCASION\u00a0:<\/strong> Que vous vous habilliez pour un \u00e9v\u00e9nement sp\u00e9cial ou que vous souhaitiez simplement \u00eatre \u00e0 votre meilleur tous les jours, le shaper int\u00e9rieur confiant est votre compagnon polyvalent. Avec son design \u00e9l\u00e9gant et sa coupe confortable, il est parfait pour n&#039;importe quelle tenue ou occasion.<\/li>\n<\/ul>\n<h6><em>Body shaper sans couture pour femme, tr\u00e8s \u00e9lastique, contr\u00f4le du ventre, rehausseur de fesses, grande taille <\/em><\/h6>\n<ul>\n<li>Choisissez des v\u00eatements gainants sans couture pour tout le corps pour une exp\u00e9rience \u00e9lev\u00e9e en termes de confort et de style. Sa conception sans couture, associ\u00e9e \u00e0 des bretelles r\u00e9glables et \u00e0 un tissu hautement \u00e9lastique et respirant, red\u00e9finira la fa\u00e7on dont vous vous sentez dans votre peau. Perfectionnez votre look avec cette pi\u00e8ce essentielle, con\u00e7ue pour votre beaut\u00e9 et votre confort.<\/li>\n<\/ul>\n<div class=\"ast-oembed-container\" style=\"height: 100%;\"><iframe title=\"Gaine amincissante int\u00e9grale \u2013 Sans couture, r\u00e9glable et hautement \u00e9lastique.\" width=\"500\" height=\"281\" src=\"https:\/\/www.youtube.com\/embed\/C9FoQGgbIi4?feature=oembed\" frameborder=\"0\" allow=\"accelerometer; autoplay; clipboard-write; encrypted-media; gyroscope; picture-in-picture; web-share\" referrerpolicy=\"strict-origin-when-cross-origin\" allowfullscreen><\/iframe><\/div>","protected":false},"excerpt":{"rendered":"<p>Pr\u00e9sentation du shapewear sans couture pour tout le corps : conception hautement \u00e9lastique, con\u00e7ue de mani\u00e8re experte pour un confort et un style ultimes. Un design sans couture, des bretelles spaghetti r\u00e9glables et un tissu hautement \u00e9lastique et respirant s&#039;associent pour cr\u00e9er votre pi\u00e8ce incontournable pour une silhouette impeccable.<\/p>","protected":false},"featured_media":5199,"comment_status":"open","ping_status":"closed","template":"","meta":{"site-sidebar-layout":"default","site-content-layout":"default","ast-site-content-layout":"default","site-content-style":"default","site-sidebar-style":"default","ast-global-header-display":"","ast-banner-title-visibility":"","ast-main-header-display":"","ast-hfb-above-header-display":"","ast-hfb-below-header-display":"","ast-hfb-mobile-header-display":"","site-post-title":"","ast-breadcrumbs-content":"","ast-featured-img":"","footer-sml-layout":"","ast-disable-related-posts":"","theme-transparent-header-meta":"default","adv-header-id-meta":"","stick-header-meta":"default","header-above-stick-meta":"","header-main-stick-meta":"","header-below-stick-meta":"","astra-migrate-meta-layouts":"set","ast-page-background-enabled":"default","ast-page-background-meta":{"desktop":{"background-color":"","background-image":"","background-repeat":"repeat","background-position":"center center","background-size":"auto","background-attachment":"scroll","background-type":"","background-media":"","overlay-type":"","overlay-color":"","overlay-opacity":"","overlay-gradient":""},"tablet":{"background-color":"","background-image":"","background-repeat":"repeat","background-position":"center center","background-size":"auto","background-attachment":"scroll","background-type":"","background-media":"","overlay-type":"","overlay-color":"","overlay-opacity":"","overlay-gradient":""},"mobile":{"background-color":"","background-image":"","background-repeat":"repeat","background-position":"center center","background-size":"auto","background-attachment":"scroll","background-type":"","background-media":"","overlay-type":"","overlay-color":"","overlay-opacity":"","overlay-gradient":""}},"ast-content-background-meta":{"desktop":{"background-color":"var(--ast-global-color-5)","background-image":"","background-repeat":"repeat","background-position":"center center","background-size":"auto","background-attachment":"scroll","background-type":"","background-media":"","overlay-type":"","overlay-color":"","overlay-opacity":"","overlay-gradient":""},"tablet":{"background-color":"var(--ast-global-color-5)","background-image":"","background-repeat":"repeat","background-position":"center center","background-size":"auto","background-attachment":"scroll","background-type":"","background-media":"","overlay-type":"","overlay-color":"","overlay-opacity":"","overlay-gradient":""},"mobile":{"background-color":"var(--ast-global-color-5)","background-image":"","background-repeat":"repeat","background-position":"center center","background-size":"auto","background-attachment":"scroll","background-type":"","background-media":"","overlay-type":"","overlay-color":"","overlay-opacity":"","overlay-gradient":""}}},"product_brand":[],"product_cat":[76,77,79,78],"product_tag":[135,136,137,148],"class_list":{"0":"post-5172","1":"product","2":"type-product","3":"status-publish","4":"has-post-thumbnail","6":"product_cat-new-arrivels","7":"product_cat-wholesale-womens-shapewear","8":"product_cat-wholesale-seemless-shaperwear","9":"product_cat-wholesale-full-body-shaper","10":"product_tag-all-in-one","11":"product_tag-bridal","12":"product_tag-butt-lift","13":"product_tag-one-piece","14":"pa_color-beige","15":"pa_color-black","16":"pa_color-brown","17":"pa_size-l","18":"pa_size-m","19":"pa_size-s","20":"pa_size-xl","21":"pa_size-xxl","22":"pa_size-xxxl","23":"desktop-align-center","24":"tablet-align-left","25":"mobile-align-left","26":"ast-product-gallery-layout-horizontal-slider","27":"ast-product-single-variable","28":"ast-product-tabs-layout-horizontal","29":"ast-qv-on-image","31":"first","32":"instock","33":"shipping-taxable","34":"purchasable","35":"product-type-variable"},"tiered_pricing_type":"fixed","tiered_pricing_fixed_rules":{"2":5.09,"30":4.79,"500":3.99},"tiered_pricing_product_settings":{"layout":"default","base_unit_name":{"singular":null,"plural":null},"default_variation":null},"tiered_pricing_minimum_quantity":null,"tiered_pricing_roles_data":[],"tiered_pricing_percentage_rules":[],"_links":{"self":[{"href":"https:\/\/yume-silm.com\/fr\/wp-json\/wp\/v2\/product\/5172","targetHints":{"allow":["GET"]}}],"collection":[{"href":"https:\/\/yume-silm.com\/fr\/wp-json\/wp\/v2\/product"}],"about":[{"href":"https:\/\/yume-silm.com\/fr\/wp-json\/wp\/v2\/types\/product"}],"replies":[{"embeddable":true,"href":"https:\/\/yume-silm.com\/fr\/wp-json\/wp\/v2\/comments?post=5172"}],"wp:featuredmedia":[{"embeddable":true,"href":"https:\/\/yume-silm.com\/fr\/wp-json\/wp\/v2\/media\/5199"}],"wp:attachment":[{"href":"https:\/\/yume-silm.com\/fr\/wp-json\/wp\/v2\/media?parent=5172"}],"wp:term":[{"taxonomy":"product_brand","embeddable":true,"href":"https:\/\/yume-silm.com\/fr\/wp-json\/wp\/v2\/product_brand?post=5172"},{"taxonomy":"product_cat","embeddable":true,"href":"https:\/\/yume-silm.com\/fr\/wp-json\/wp\/v2\/product_cat?post=5172"},{"taxonomy":"product_tag","embeddable":true,"href":"https:\/\/yume-silm.com\/fr\/wp-json\/wp\/v2\/product_tag?post=5172"}],"curies":[{"name":"wp","href":"https:\/\/api.w.org\/{rel}","templated":true}]}}