{"id":5203,"date":"2023-08-05T06:29:30","date_gmt":"2023-08-05T06:29:30","guid":{"rendered":"https:\/\/yume-silm.com\/?post_type=product&#038;p=5203"},"modified":"2023-12-21T05:37:33","modified_gmt":"2023-12-21T05:37:33","slug":"taille-haute-shapewear-thong-butt-lift-design-sans-couture","status":"publish","type":"product","link":"https:\/\/yume-silm.com\/fr\/produit\/taille-haute-shapewear-thong-butt-lift-design-sans-couture\/","title":{"rendered":"String Shapewear taille haute en gros : conception de levage des fesses"},"content":{"rendered":"<h5>Caract\u00e9ristiques de conception<\/h5>\n<ul>\n<li>CONCEPTION TAILLE HAUTE POUR LE CONTR\u00d4LE DU VENTRE: Le string gainant taille haute est con\u00e7u avec une conception taille haute pour contr\u00f4ler la graisse du ventre. Il lisse et fa\u00e7onne votre ventre, vous donnant une apparence plus lisse et plus sophistiqu\u00e9e, vous permettant de vous sentir en s\u00e9curit\u00e9 et en confiance.<\/li>\n<li>SILICONE ANTID\u00c9RAPANT ET AJUSTEMENT S\u00c9CURIS\u00c9\u00a0: Ne vous inqui\u00e9tez plus jamais du changement de v\u00eatement tout au long de la journ\u00e9e. Ce string shapewear pour femme est con\u00e7u avec du silicone antid\u00e9rapant pour rester fermement en place et fournir un soutien continu sans aucune g\u00eane ni besoin d&#039;ajustement.<\/li>\n<li>TECHNOLOGIE BUTT LIFT POUR UNE PLEINIT\u00c9 NATURELLE: Dot\u00e9 d&#039;une technologie de levage des fesses sp\u00e9cialement con\u00e7ue pour am\u00e9liorer vos courbes naturelles. Ce shapewear aide \u00e0 soulever et \u00e0 fa\u00e7onner les fesses pour un look flatteur et jeune sans rembourrage.<\/li>\n<li>CONCEPTION SANS COUTURE POUR UN USAGE INVISIBLE\u00a0: La construction sans couture de ce string gainant taille haute\u00a0: la conception qui soul\u00e8ve les fesses signifie qu&#039;elle est \u00e0 peine perceptible sous les v\u00eatements. Vous pouvez le porter avec vos tenues pr\u00e9f\u00e9r\u00e9es car il offre un maintien sans lignes ni renflements visibles.<\/li>\n<li>Polyvalent et confortable \u00e0 porter au quotidien : que vous alliez \u00e0 un \u00e9v\u00e9nement sp\u00e9cial ou que vous souhaitiez simplement \u00eatre \u00e0 votre meilleur tous les jours, le string gainant taille haute est parfait pour toutes les occasions. Son design confortable et sa polyvalence en font un incontournable dans la garde-robe de chacun.<\/li>\n<\/ul>\n<h6>String shapewear sans couture pour femmes<\/h6>\n<ul>\n<li>Le string shapewear taille haute change la donne en mati\u00e8re de remodelage du corps. Avec des fonctionnalit\u00e9s innovantes telles que le contr\u00f4le du ventre \u00e0 taille haute, une poign\u00e9e antid\u00e9rapante en silicone, la technologie de levage des fesses et une conception sans couture, il offre un soutien et un confort in\u00e9gal\u00e9s. \u00c9levez votre style et votre confiance avec cette pi\u00e8ce shapewear essentielle.<\/li>\n<\/ul>\n<div class=\"ast-oembed-container\" style=\"height: 100%;\"><iframe title=\"String gainant taille haute, levage des fesses et conception sans couture\" width=\"500\" height=\"281\" src=\"https:\/\/www.youtube.com\/embed\/pMNCBpZ7BKg?feature=oembed\" frameborder=\"0\" allow=\"accelerometer; autoplay; clipboard-write; encrypted-media; gyroscope; picture-in-picture; web-share\" referrerpolicy=\"strict-origin-when-cross-origin\" allowfullscreen><\/iframe><\/div>","protected":false},"excerpt":{"rendered":"<p>Faites l&#039;exp\u00e9rience de la confiance et du confort avec ce string gainant taille haute : design rehausseur de fesses. Con\u00e7u avec une taille haute, une poign\u00e9e antid\u00e9rapante en silicone, une technologie de levage des fesses et une construction sans couture, c&#039;est votre solution parfaite pour une silhouette \u00e9l\u00e9gante.<\/p>","protected":false},"featured_media":5225,"comment_status":"open","ping_status":"closed","template":"","meta":{"site-sidebar-layout":"default","site-content-layout":"default","ast-site-content-layout":"default","site-content-style":"default","site-sidebar-style":"default","ast-global-header-display":"","ast-banner-title-visibility":"","ast-main-header-display":"","ast-hfb-above-header-display":"","ast-hfb-below-header-display":"","ast-hfb-mobile-header-display":"","site-post-title":"","ast-breadcrumbs-content":"","ast-featured-img":"","footer-sml-layout":"","ast-disable-related-posts":"","theme-transparent-header-meta":"default","adv-header-id-meta":"","stick-header-meta":"default","header-above-stick-meta":"","header-main-stick-meta":"","header-below-stick-meta":"","astra-migrate-meta-layouts":"set","ast-page-background-enabled":"default","ast-page-background-meta":{"desktop":{"background-color":"","background-image":"","background-repeat":"repeat","background-position":"center center","background-size":"auto","background-attachment":"scroll","background-type":"","background-media":"","overlay-type":"","overlay-color":"","overlay-opacity":"","overlay-gradient":""},"tablet":{"background-color":"","background-image":"","background-repeat":"repeat","background-position":"center center","background-size":"auto","background-attachment":"scroll","background-type":"","background-media":"","overlay-type":"","overlay-color":"","overlay-opacity":"","overlay-gradient":""},"mobile":{"background-color":"","background-image":"","background-repeat":"repeat","background-position":"center center","background-size":"auto","background-attachment":"scroll","background-type":"","background-media":"","overlay-type":"","overlay-color":"","overlay-opacity":"","overlay-gradient":""}},"ast-content-background-meta":{"desktop":{"background-color":"var(--ast-global-color-5)","background-image":"","background-repeat":"repeat","background-position":"center center","background-size":"auto","background-attachment":"scroll","background-type":"","background-media":"","overlay-type":"","overlay-color":"","overlay-opacity":"","overlay-gradient":""},"tablet":{"background-color":"var(--ast-global-color-5)","background-image":"","background-repeat":"repeat","background-position":"center center","background-size":"auto","background-attachment":"scroll","background-type":"","background-media":"","overlay-type":"","overlay-color":"","overlay-opacity":"","overlay-gradient":""},"mobile":{"background-color":"var(--ast-global-color-5)","background-image":"","background-repeat":"repeat","background-position":"center center","background-size":"auto","background-attachment":"scroll","background-type":"","background-media":"","overlay-type":"","overlay-color":"","overlay-opacity":"","overlay-gradient":""}}},"product_brand":[],"product_cat":[76,77,79,80],"product_tag":[137,139,148,144],"class_list":{"0":"post-5203","1":"product","2":"type-product","3":"status-publish","4":"has-post-thumbnail","6":"product_cat-new-arrivels","7":"product_cat-wholesale-womens-shapewear","8":"product_cat-wholesale-seemless-shaperwear","9":"product_cat-wholesale-butt-lift-underwear","10":"product_tag-butt-lift","11":"product_tag-high-waist","12":"product_tag-one-piece","13":"product_tag-slip","14":"pa_color-beige","15":"pa_color-black","16":"pa_color-brown","17":"pa_size-4xl","18":"pa_size-m-l","19":"pa_size-s","20":"pa_size-xl-xxl","21":"pa_size-xxxl","22":"desktop-align-center","23":"tablet-align-left","24":"mobile-align-left","25":"ast-product-gallery-layout-horizontal-slider","26":"ast-product-single-variable","27":"ast-product-tabs-layout-horizontal","28":"ast-qv-on-image","30":"first","31":"instock","32":"shipping-taxable","33":"purchasable","34":"product-type-variable"},"tiered_pricing_type":"fixed","tiered_pricing_fixed_rules":{"2":3.29,"30":3.09,"500":2.59},"tiered_pricing_product_settings":{"layout":"default","base_unit_name":{"singular":null,"plural":null},"default_variation":null},"tiered_pricing_minimum_quantity":null,"tiered_pricing_roles_data":[],"tiered_pricing_percentage_rules":[],"_links":{"self":[{"href":"https:\/\/yume-silm.com\/fr\/wp-json\/wp\/v2\/product\/5203","targetHints":{"allow":["GET"]}}],"collection":[{"href":"https:\/\/yume-silm.com\/fr\/wp-json\/wp\/v2\/product"}],"about":[{"href":"https:\/\/yume-silm.com\/fr\/wp-json\/wp\/v2\/types\/product"}],"replies":[{"embeddable":true,"href":"https:\/\/yume-silm.com\/fr\/wp-json\/wp\/v2\/comments?post=5203"}],"wp:featuredmedia":[{"embeddable":true,"href":"https:\/\/yume-silm.com\/fr\/wp-json\/wp\/v2\/media\/5225"}],"wp:attachment":[{"href":"https:\/\/yume-silm.com\/fr\/wp-json\/wp\/v2\/media?parent=5203"}],"wp:term":[{"taxonomy":"product_brand","embeddable":true,"href":"https:\/\/yume-silm.com\/fr\/wp-json\/wp\/v2\/product_brand?post=5203"},{"taxonomy":"product_cat","embeddable":true,"href":"https:\/\/yume-silm.com\/fr\/wp-json\/wp\/v2\/product_cat?post=5203"},{"taxonomy":"product_tag","embeddable":true,"href":"https:\/\/yume-silm.com\/fr\/wp-json\/wp\/v2\/product_tag?post=5203"}],"curies":[{"name":"wp","href":"https:\/\/api.w.org\/{rel}","templated":true}]}}