{"id":5310,"date":"2023-08-08T04:01:12","date_gmt":"2023-08-08T04:01:12","guid":{"rendered":"https:\/\/yume-silm.com\/?post_type=product&#038;p=5310"},"modified":"2023-12-14T06:11:44","modified_gmt":"2023-12-14T06:11:44","slug":"jupe-bretelle-modelante-2-en-1-avec-coussinet-poitrine-ouvert-entrejambe","status":"publish","type":"product","link":"https:\/\/yume-silm.com\/fr\/produit\/jupe-bretelle-modelante-2-en-1-avec-coussinet-poitrine-ouvert-entrejambe\/","title":{"rendered":"Robe \u00e0 bretelles Shapewear 2 en 1 avec coussinets de poitrine, vente en gros"},"content":{"rendered":"<h5>Caract\u00e9ristiques de conception<\/h5>\n<ul>\n<li><strong>CONCEPTION DEUX EN UN\u00a0:<\/strong> Le design unique deux en un de la robe gainante vous permet de la porter comme camisole ou shapewear. Cette flexibilit\u00e9 vous offre plus d&#039;options pour votre garde-robe et garantit que vous aurez toujours fi\u00e8re allure.<\/li>\n<li><strong>COUSSINS DE SOUTIEN-GORGE INT\u00c9GR\u00c9S\u00a0:<\/strong> Les robes taille haute \u00e0 bretelles sexy sont con\u00e7ues avec des coussinets de soutien-gorge int\u00e9gr\u00e9s pour am\u00e9liorer vos courbes naturelles. Cette caract\u00e9ristique offre juste ce qu&#039;il faut de rehaussement et de soutien pour une silhouette flatteuse sans avoir besoin d&#039;un soutien-gorge suppl\u00e9mentaire.<\/li>\n<li><strong>Entrejambe OUVERT COMMODIT\u00c9\u00a0:<\/strong> La conception de l&#039;entrejambe ouvert a \u00e9t\u00e9 con\u00e7ue en pensant \u00e0 votre confort pour garantir une facilit\u00e9 d&#039;utilisation, en particulier en cas d&#039;urgence. Vous pouvez d\u00e9sormais profiter de votre journ\u00e9e dans notre jupe longue serr\u00e9e \u00e0 entrejambe ouvert sans avoir \u00e0 vous battre habituellement pour l&#039;enlever.<\/li>\n<li><strong>LOOK \u00c9L\u00c9GANT ET \u00c9L\u00c9GANT\u00a0:<\/strong> Le design des robes body offre non seulement une excellente forme du corps, mais ajoute \u00e9galement une touche d&#039;\u00e9l\u00e9gance \u00e0 votre tenue. Que vous le portiez lors d&#039;occasions sp\u00e9ciales ou au quotidien, il vous fera vous sentir sophistiqu\u00e9 et chic.<\/li>\n<li><strong>TISSU DE HAUTE QUALIT\u00c9, CONFORT ULTIME\u00a0:<\/strong> La robe \u00e0 bretelles shapewear 2 en 1 avec coussinets de poitrine est fabriqu\u00e9e dans un tissu de haute qualit\u00e9, doux contre la peau, respirant et parfaitement ajust\u00e9. C&#039;est votre premier choix pour le confort et la mode en un.<\/li>\n<\/ul>\n<h6><em>Nouvelles robes slim sexy \u00e0 bretelles<\/em><\/h6>\n<ul>\n<li>La robe \u00e0 bretelles shapewear 2 en 1 avec coussinets de poitrine est un ajout unique \u00e0 n&#039;importe quelle garde-robe. Le design polyvalent et le look \u00e9l\u00e9gant du shapewear le rendent adapt\u00e9 aux occasions d\u00e9contract\u00e9es et formelles. Avec des caract\u00e9ristiques telles qu&#039;un entrejambe ouvert et un coussinet de poitrine d&#039;une seule pi\u00e8ce, il donne la priorit\u00e9 au confort et au style.<\/li>\n<\/ul>","protected":false},"excerpt":{"rendered":"<p>Nous vous pr\u00e9sentons une robe \u00e0 bretelles shapewear r\u00e9volutionnaire avec des coussinets de poitrine qui allie sans effort style et fonctionnalit\u00e9. Dot\u00e9 d&#039;un entrejambe ouvert pour plus de commodit\u00e9 et d&#039;un coussinet de poitrine int\u00e9gr\u00e9 pour un soutien suppl\u00e9mentaire, c&#039;est le choix ultime en mati\u00e8re d&#039;\u00e9l\u00e9gance et de confort.<\/p>","protected":false},"featured_media":5329,"comment_status":"open","ping_status":"closed","template":"","meta":{"site-sidebar-layout":"default","site-content-layout":"default","ast-site-content-layout":"default","site-content-style":"default","site-sidebar-style":"default","ast-global-header-display":"","ast-banner-title-visibility":"","ast-main-header-display":"","ast-hfb-above-header-display":"","ast-hfb-below-header-display":"","ast-hfb-mobile-header-display":"","site-post-title":"","ast-breadcrumbs-content":"","ast-featured-img":"","footer-sml-layout":"","ast-disable-related-posts":"","theme-transparent-header-meta":"default","adv-header-id-meta":"","stick-header-meta":"default","header-above-stick-meta":"","header-main-stick-meta":"","header-below-stick-meta":"","astra-migrate-meta-layouts":"set","ast-page-background-enabled":"default","ast-page-background-meta":{"desktop":{"background-color":"","background-image":"","background-repeat":"repeat","background-position":"center center","background-size":"auto","background-attachment":"scroll","background-type":"","background-media":"","overlay-type":"","overlay-color":"","overlay-opacity":"","overlay-gradient":""},"tablet":{"background-color":"","background-image":"","background-repeat":"repeat","background-position":"center center","background-size":"auto","background-attachment":"scroll","background-type":"","background-media":"","overlay-type":"","overlay-color":"","overlay-opacity":"","overlay-gradient":""},"mobile":{"background-color":"","background-image":"","background-repeat":"repeat","background-position":"center center","background-size":"auto","background-attachment":"scroll","background-type":"","background-media":"","overlay-type":"","overlay-color":"","overlay-opacity":"","overlay-gradient":""}},"ast-content-background-meta":{"desktop":{"background-color":"var(--ast-global-color-5)","background-image":"","background-repeat":"repeat","background-position":"center center","background-size":"auto","background-attachment":"scroll","background-type":"","background-media":"","overlay-type":"","overlay-color":"","overlay-opacity":"","overlay-gradient":""},"tablet":{"background-color":"var(--ast-global-color-5)","background-image":"","background-repeat":"repeat","background-position":"center center","background-size":"auto","background-attachment":"scroll","background-type":"","background-media":"","overlay-type":"","overlay-color":"","overlay-opacity":"","overlay-gradient":""},"mobile":{"background-color":"var(--ast-global-color-5)","background-image":"","background-repeat":"repeat","background-position":"center center","background-size":"auto","background-attachment":"scroll","background-type":"","background-media":"","overlay-type":"","overlay-color":"","overlay-opacity":"","overlay-gradient":""}}},"product_brand":[],"product_cat":[76,77,78,82],"product_tag":[187,136,137,141,427],"class_list":{"0":"post-5310","1":"product","2":"type-product","3":"status-publish","4":"has-post-thumbnail","6":"product_cat-new-arrivels","7":"product_cat-wholesale-womens-shapewear","8":"product_cat-wholesale-full-body-shaper","9":"product_cat-wholesale-shapewear-bodysuit","10":"product_tag-2-in-1","11":"product_tag-bridal","12":"product_tag-butt-lift","13":"product_tag-plus-size","14":"product_tag-shaping-bodysuit-dress","15":"pa_color-black","16":"pa_size-l","17":"pa_size-m","18":"pa_size-s","19":"pa_size-xl","20":"pa_size-xxl","21":"pa_size-xxxl","22":"desktop-align-center","23":"tablet-align-left","24":"mobile-align-left","25":"ast-product-gallery-layout-horizontal-slider","26":"ast-product-single-variable","27":"ast-product-tabs-layout-horizontal","28":"ast-qv-on-image","30":"first","31":"instock","32":"shipping-taxable","33":"purchasable","34":"product-type-variable"},"tiered_pricing_type":"fixed","tiered_pricing_fixed_rules":{"2":18.89,"30":17.69,"500":14.69},"tiered_pricing_product_settings":{"layout":"default","base_unit_name":{"singular":null,"plural":null},"default_variation":{}},"tiered_pricing_minimum_quantity":null,"tiered_pricing_roles_data":[],"tiered_pricing_percentage_rules":[],"_links":{"self":[{"href":"https:\/\/yume-silm.com\/fr\/wp-json\/wp\/v2\/product\/5310","targetHints":{"allow":["GET"]}}],"collection":[{"href":"https:\/\/yume-silm.com\/fr\/wp-json\/wp\/v2\/product"}],"about":[{"href":"https:\/\/yume-silm.com\/fr\/wp-json\/wp\/v2\/types\/product"}],"replies":[{"embeddable":true,"href":"https:\/\/yume-silm.com\/fr\/wp-json\/wp\/v2\/comments?post=5310"}],"wp:featuredmedia":[{"embeddable":true,"href":"https:\/\/yume-silm.com\/fr\/wp-json\/wp\/v2\/media\/5329"}],"wp:attachment":[{"href":"https:\/\/yume-silm.com\/fr\/wp-json\/wp\/v2\/media?parent=5310"}],"wp:term":[{"taxonomy":"product_brand","embeddable":true,"href":"https:\/\/yume-silm.com\/fr\/wp-json\/wp\/v2\/product_brand?post=5310"},{"taxonomy":"product_cat","embeddable":true,"href":"https:\/\/yume-silm.com\/fr\/wp-json\/wp\/v2\/product_cat?post=5310"},{"taxonomy":"product_tag","embeddable":true,"href":"https:\/\/yume-silm.com\/fr\/wp-json\/wp\/v2\/product_tag?post=5310"}],"curies":[{"name":"wp","href":"https:\/\/api.w.org\/{rel}","templated":true}]}}