{"id":5332,"date":"2023-08-08T05:57:28","date_gmt":"2023-08-08T05:57:28","guid":{"rendered":"https:\/\/yume-silm.com\/?post_type=product&#038;p=5332"},"modified":"2025-05-26T00:36:49","modified_gmt":"2025-05-26T00:36:49","slug":"jupe-conforme-2-en-1-avec-bretelles-larges","status":"publish","type":"product","link":"https:\/\/yume-silm.com\/fr\/produit\/jupe-conforme-2-en-1-avec-bretelles-larges\/","title":{"rendered":"Robe Shapewear 2 en 1 en gros, body grande taille"},"content":{"rendered":"<h5>Caract\u00e9ristiques de conception<\/h5>\n<ul>\n<li><strong>POLYVALENCE 2 EN 1\u00a0:<\/strong> Le body shaper peut \u00eatre utilis\u00e9 comme une robe chic, \u00e0 la fois fonctionnelle et \u00e0 la mode. Associez-le \u00e0 diff\u00e9rents hauts pour un look unique ou portez-le seul pour un effet galbant.<\/li>\n<li><strong>LARGES SANGLES\u00a0:<\/strong> Les larges bretelles de la robe longue dos nu shapewear sont con\u00e7ues pour r\u00e9partir confortablement le poids uniform\u00e9ment sur les \u00e9paules, r\u00e9duisant ainsi les points de pression pour un port toute la journ\u00e9e.<\/li>\n<li><strong>TISSU EN MAILLE RESPIRANT HAUTEMENT EXTENSIBLE\u00a0:<\/strong> La jupe shapewear shapewear est faite de tissu en maille hautement extensible. Offrant une exp\u00e9rience de port confortable et respirante, il peut \u00eatre d\u00e9plac\u00e9 pour obtenir un mouvement naturel tout en fa\u00e7onnant une silhouette en sablier.<\/li>\n<li><strong>CONTR\u00d4LE DE MISE EN FORME\u00a0:<\/strong> Fabriqu\u00e9e avec une attention aux d\u00e9tails, la jupe Hip &amp; Tummy Shaper \u00e9pouse les contours de votre corps et offre un contr\u00f4le de mise en forme pour am\u00e9liorer vos courbes naturelles et renforcer votre confiance.<\/li>\n<li><strong>POLYVALENT ET \u00c0 LA MODE\u00a0:<\/strong> \u00c9l\u00e9gamment con\u00e7u et polyvalent, ce body shapewear 2 en 1 grande taille peut \u00eatre facilement associ\u00e9 \u00e0 une vari\u00e9t\u00e9 de tenues. Des tenues d\u00e9contract\u00e9es aux tenues formelles, c&#039;est un incontournable dans votre arsenal de mode.<\/li>\n<\/ul>\n<h6><em>Robes dos nu grandes tailles pour femmes<\/em><\/h6>\n<ul>\n<li>La robe shapewear 2 en 1 grande taille est livr\u00e9e avec de larges bretelles et un tissu en maille hautement \u00e9lastique et respirant pour une forme et un style simultan\u00e9s en forme de S. C&#039;est le compagnon id\u00e9al pour toutes les occasions, soutenant chacun de vos mouvements et am\u00e9liorant votre attitude. Essayez-le aujourd&#039;hui et d\u00e9couvrez un monde de confort et d&#039;\u00e9l\u00e9gance.<\/li>\n<\/ul>\n<div class=\"ast-oembed-container\" style=\"height: 100%;\"><iframe title=\"Jupe gainante 2 en 1 avec larges bretelles et maille respirante hautement \u00e9lastique\" width=\"500\" height=\"281\" src=\"https:\/\/www.youtube.com\/embed\/wEOpKPXBRWs?feature=oembed\" frameborder=\"0\" allow=\"accelerometer; autoplay; clipboard-write; encrypted-media; gyroscope; picture-in-picture; web-share\" referrerpolicy=\"strict-origin-when-cross-origin\" allowfullscreen><\/iframe><\/div>","protected":false},"excerpt":{"rendered":"<p>D\u00e9voilez un nouveau niveau d&#039;\u00e9l\u00e9gance avec notre body shapewear 2-en-1 grande taille. Dot\u00e9e de larges bretelles et d&#039;un int\u00e9rieur en mesh respirant, cette pi\u00e8ce allie harmonieusement style et confort pour une silhouette impeccable.<\/p>","protected":false},"featured_media":5346,"comment_status":"open","ping_status":"closed","template":"","meta":{"site-sidebar-layout":"default","site-content-layout":"default","ast-site-content-layout":"default","site-content-style":"default","site-sidebar-style":"default","ast-global-header-display":"","ast-banner-title-visibility":"","ast-main-header-display":"","ast-hfb-above-header-display":"","ast-hfb-below-header-display":"","ast-hfb-mobile-header-display":"","site-post-title":"","ast-breadcrumbs-content":"","ast-featured-img":"","footer-sml-layout":"","ast-disable-related-posts":"","theme-transparent-header-meta":"default","adv-header-id-meta":"","stick-header-meta":"default","header-above-stick-meta":"","header-main-stick-meta":"","header-below-stick-meta":"","astra-migrate-meta-layouts":"set","ast-page-background-enabled":"default","ast-page-background-meta":{"desktop":{"background-color":"","background-image":"","background-repeat":"repeat","background-position":"center center","background-size":"auto","background-attachment":"scroll","background-type":"","background-media":"","overlay-type":"","overlay-color":"","overlay-opacity":"","overlay-gradient":""},"tablet":{"background-color":"","background-image":"","background-repeat":"repeat","background-position":"center center","background-size":"auto","background-attachment":"scroll","background-type":"","background-media":"","overlay-type":"","overlay-color":"","overlay-opacity":"","overlay-gradient":""},"mobile":{"background-color":"","background-image":"","background-repeat":"repeat","background-position":"center center","background-size":"auto","background-attachment":"scroll","background-type":"","background-media":"","overlay-type":"","overlay-color":"","overlay-opacity":"","overlay-gradient":""}},"ast-content-background-meta":{"desktop":{"background-color":"var(--ast-global-color-5)","background-image":"","background-repeat":"repeat","background-position":"center center","background-size":"auto","background-attachment":"scroll","background-type":"","background-media":"","overlay-type":"","overlay-color":"","overlay-opacity":"","overlay-gradient":""},"tablet":{"background-color":"var(--ast-global-color-5)","background-image":"","background-repeat":"repeat","background-position":"center center","background-size":"auto","background-attachment":"scroll","background-type":"","background-media":"","overlay-type":"","overlay-color":"","overlay-opacity":"","overlay-gradient":""},"mobile":{"background-color":"var(--ast-global-color-5)","background-image":"","background-repeat":"repeat","background-position":"center center","background-size":"auto","background-attachment":"scroll","background-type":"","background-media":"","overlay-type":"","overlay-color":"","overlay-opacity":"","overlay-gradient":""}}},"product_brand":[],"product_cat":[76,77,79,78],"product_tag":[187,135,136,488,148,427,213],"class_list":{"0":"post-5332","1":"product","2":"type-product","3":"status-publish","4":"has-post-thumbnail","6":"product_cat-new-arrivels","7":"product_cat-wholesale-womens-shapewear","8":"product_cat-wholesale-seemless-shaperwear","9":"product_cat-wholesale-full-body-shaper","10":"product_tag-2-in-1","11":"product_tag-all-in-one","12":"product_tag-bridal","13":"product_tag-halter-dress","14":"product_tag-one-piece","15":"product_tag-shaping-bodysuit-dress","16":"product_tag-sleeveless","17":"pa_color-black","18":"pa_size-l","19":"pa_size-m","20":"pa_size-s","21":"pa_size-xl","22":"pa_size-xxl","23":"pa_size-xxxl","24":"desktop-align-center","25":"tablet-align-left","26":"mobile-align-left","27":"ast-product-gallery-layout-horizontal-slider","28":"ast-product-single-variable","29":"ast-product-tabs-layout-horizontal","30":"ast-qv-on-image","32":"first","33":"instock","34":"shipping-taxable","35":"purchasable","36":"product-type-variable"},"tiered_pricing_type":"fixed","tiered_pricing_fixed_rules":{"2":17.59,"30":16.49,"500":13.69},"tiered_pricing_product_settings":{"layout":"default","base_unit_name":{"singular":null,"plural":null},"default_variation":null},"tiered_pricing_minimum_quantity":null,"tiered_pricing_roles_data":[],"tiered_pricing_percentage_rules":[],"_links":{"self":[{"href":"https:\/\/yume-silm.com\/fr\/wp-json\/wp\/v2\/product\/5332","targetHints":{"allow":["GET"]}}],"collection":[{"href":"https:\/\/yume-silm.com\/fr\/wp-json\/wp\/v2\/product"}],"about":[{"href":"https:\/\/yume-silm.com\/fr\/wp-json\/wp\/v2\/types\/product"}],"replies":[{"embeddable":true,"href":"https:\/\/yume-silm.com\/fr\/wp-json\/wp\/v2\/comments?post=5332"}],"wp:featuredmedia":[{"embeddable":true,"href":"https:\/\/yume-silm.com\/fr\/wp-json\/wp\/v2\/media\/5346"}],"wp:attachment":[{"href":"https:\/\/yume-silm.com\/fr\/wp-json\/wp\/v2\/media?parent=5332"}],"wp:term":[{"taxonomy":"product_brand","embeddable":true,"href":"https:\/\/yume-silm.com\/fr\/wp-json\/wp\/v2\/product_brand?post=5332"},{"taxonomy":"product_cat","embeddable":true,"href":"https:\/\/yume-silm.com\/fr\/wp-json\/wp\/v2\/product_cat?post=5332"},{"taxonomy":"product_tag","embeddable":true,"href":"https:\/\/yume-silm.com\/fr\/wp-json\/wp\/v2\/product_tag?post=5332"}],"curies":[{"name":"wp","href":"https:\/\/api.w.org\/{rel}","templated":true}]}}