{"id":5349,"date":"2023-08-08T06:40:51","date_gmt":"2023-08-08T06:40:51","guid":{"rendered":"https:\/\/yume-silm.com\/?post_type=product&#038;p=5349"},"modified":"2024-11-06T01:48:56","modified_gmt":"2024-11-06T01:48:56","slug":"shapewear-2-en-1-manches-longues-avec-jupe-wrap-hanche","status":"publish","type":"product","link":"https:\/\/yume-silm.com\/fr\/produit\/shapewear-2-en-1-manches-longues-avec-jupe-wrap-hanche\/","title":{"rendered":"Vente en gros Robe Double Couche \u00c0 Manches Longues Grande Taille"},"content":{"rendered":"<h5>Caract\u00e9ristiques de conception<\/h5>\n<ul>\n<li>Tissu doux et flatteur : la robe double couche \u00e0 manches longues grande taille est fabriqu\u00e9e en tissu modal, les fibres modales sont douces, brillantes et color\u00e9es, le tissu est exceptionnellement lisse et a une excellente texture drap\u00e9e, c&#039;est un tissu merceris\u00e9 naturel.<\/li>\n<li>POLYVALENCE 8-en-1 : le shapewear int\u00e9gr\u00e9 r\u00e9alise instantan\u00e9ment une mise en forme compl\u00e8te du corps et met en valeur les courbes parfaites du corps. Il permet d&#039;obtenir un lift du buste et des hanches, ainsi qu&#039;un meilleur lissage du ventre pour une silhouette flatteuse. L&#039;encolure carr\u00e9e de la robe d\u00e9contract\u00e9e est con\u00e7ue pour mettre en valeur la ligne du cou et des \u00e9paules, la rendant plus g\u00e9n\u00e9reuse et plus belle.<\/li>\n<li>SOUTIEN-GORGE INT\u00c9GR\u00c9 : C&#039;est une robe sexy. Le tissu doux pour la peau utilis\u00e9 dans le shapewear int\u00e9gr\u00e9 est l\u00e9ger et respirant. Il vous permettra de vous sentir bien et \u00e0 l&#039;aise m\u00eame si vous le portez toute la journ\u00e9e.<\/li>\n<li>CONCEPTION DE FORME OUVERTE: Le corset gainant le corps a une conception d&#039;entrejambe ouverte maniable qui ajoute de la praticit\u00e9 et est tr\u00e8s flatteuse. Il permet d&#039;aller aux toilettes sans avoir \u00e0 retirer toute la robe.<\/li>\n<li>V\u00caTEMENTS DE MODE POLYVALENTS\u00a0: Non seulement la robe portefeuille aux hanches peut simplement \u00eatre utilis\u00e9e comme une robe portefeuille \u00e0 la mode, mais le v\u00eatement gainant int\u00e9gr\u00e9 pour le ventre serr\u00e9 peut \u00e9galement \u00eatre associ\u00e9 \u00e0 d&#039;autres blazers, jeans et robes \u00e9l\u00e9gantes \u00e0 la mode. La robe sexy pour femme vous permet de r\u00e9aliser facilement une vari\u00e9t\u00e9 de tenues pendant une semaine. Portez une robe double \u00e9paisseur \u00e0 manches longues grande taille pour faire sensation lors de votre rendez-vous, gala, f\u00eate, club et plus encore.<\/li>\n<\/ul>\n<h6><em>Robe body gainante avec soutien-gorge int\u00e9gr\u00e9<\/em><\/h6>\n<div class=\"ast-oembed-container\" style=\"height: 100%;\"><iframe title=\"Shapewear 2 en 1 \u00e0 manches longues avec jupe portefeuille et maille respirante\" width=\"500\" height=\"281\" src=\"https:\/\/www.youtube.com\/embed\/v4qhRhvceok?feature=oembed\" frameborder=\"0\" allow=\"accelerometer; autoplay; clipboard-write; encrypted-media; gyroscope; picture-in-picture; web-share\" referrerpolicy=\"strict-origin-when-cross-origin\" allowfullscreen><\/iframe><\/div>","protected":false},"excerpt":{"rendered":"<p>Notre robe double \u00e9paisseur \u00e0 manches longues grande taille est plus qu&#039;un simple v\u00eatement, c&#039;est une d\u00e9claration d&#039;\u00e9l\u00e9gance et de force. Le design innovant allie forme, style et commodit\u00e9. Am\u00e9liorez votre garde-robe d\u00e8s aujourd&#039;hui\u00a0!<\/p>","protected":false},"featured_media":5361,"comment_status":"open","ping_status":"closed","template":"","meta":{"site-sidebar-layout":"default","site-content-layout":"default","ast-site-content-layout":"default","site-content-style":"default","site-sidebar-style":"default","ast-global-header-display":"","ast-banner-title-visibility":"","ast-main-header-display":"","ast-hfb-above-header-display":"","ast-hfb-below-header-display":"","ast-hfb-mobile-header-display":"","site-post-title":"","ast-breadcrumbs-content":"","ast-featured-img":"","footer-sml-layout":"","ast-disable-related-posts":"","theme-transparent-header-meta":"default","adv-header-id-meta":"","stick-header-meta":"default","header-above-stick-meta":"","header-main-stick-meta":"","header-below-stick-meta":"","astra-migrate-meta-layouts":"set","ast-page-background-enabled":"default","ast-page-background-meta":{"desktop":{"background-color":"","background-image":"","background-repeat":"repeat","background-position":"center center","background-size":"auto","background-attachment":"scroll","background-type":"","background-media":"","overlay-type":"","overlay-color":"","overlay-opacity":"","overlay-gradient":""},"tablet":{"background-color":"","background-image":"","background-repeat":"repeat","background-position":"center center","background-size":"auto","background-attachment":"scroll","background-type":"","background-media":"","overlay-type":"","overlay-color":"","overlay-opacity":"","overlay-gradient":""},"mobile":{"background-color":"","background-image":"","background-repeat":"repeat","background-position":"center center","background-size":"auto","background-attachment":"scroll","background-type":"","background-media":"","overlay-type":"","overlay-color":"","overlay-opacity":"","overlay-gradient":""}},"ast-content-background-meta":{"desktop":{"background-color":"var(--ast-global-color-5)","background-image":"","background-repeat":"repeat","background-position":"center center","background-size":"auto","background-attachment":"scroll","background-type":"","background-media":"","overlay-type":"","overlay-color":"","overlay-opacity":"","overlay-gradient":""},"tablet":{"background-color":"var(--ast-global-color-5)","background-image":"","background-repeat":"repeat","background-position":"center center","background-size":"auto","background-attachment":"scroll","background-type":"","background-media":"","overlay-type":"","overlay-color":"","overlay-opacity":"","overlay-gradient":""},"mobile":{"background-color":"var(--ast-global-color-5)","background-image":"","background-repeat":"repeat","background-position":"center center","background-size":"auto","background-attachment":"scroll","background-type":"","background-media":"","overlay-type":"","overlay-color":"","overlay-opacity":"","overlay-gradient":""}}},"product_brand":[],"product_cat":[76,77,79,78],"product_tag":[187,135,136,426,183,415,427],"class_list":{"0":"post-5349","1":"product","2":"type-product","3":"status-publish","4":"has-post-thumbnail","6":"product_cat-new-arrivels","7":"product_cat-wholesale-womens-shapewear","8":"product_cat-wholesale-seemless-shaperwear","9":"product_cat-wholesale-full-body-shaper","10":"product_tag-2-in-1","11":"product_tag-all-in-one","12":"product_tag-bridal","13":"product_tag-jumpsuit","14":"product_tag-long-sleeve","15":"product_tag-lose-weight","16":"product_tag-shaping-bodysuit-dress","17":"pa_color-black","18":"pa_size-l","19":"pa_size-m","20":"pa_size-s","21":"pa_size-xl","22":"pa_size-xxl","23":"pa_size-xxxl","24":"desktop-align-center","25":"tablet-align-left","26":"mobile-align-left","27":"ast-product-gallery-layout-horizontal-slider","28":"ast-product-single-variable","29":"ast-product-tabs-layout-horizontal","30":"ast-qv-on-image","32":"first","33":"instock","34":"shipping-taxable","35":"purchasable","36":"product-type-variable"},"tiered_pricing_type":"fixed","tiered_pricing_fixed_rules":{"2":19.59,"30":18.29,"500":15.29},"tiered_pricing_product_settings":{"layout":"default","base_unit_name":{"singular":null,"plural":null},"default_variation":null},"tiered_pricing_minimum_quantity":null,"tiered_pricing_roles_data":[],"tiered_pricing_percentage_rules":[],"_links":{"self":[{"href":"https:\/\/yume-silm.com\/fr\/wp-json\/wp\/v2\/product\/5349","targetHints":{"allow":["GET"]}}],"collection":[{"href":"https:\/\/yume-silm.com\/fr\/wp-json\/wp\/v2\/product"}],"about":[{"href":"https:\/\/yume-silm.com\/fr\/wp-json\/wp\/v2\/types\/product"}],"replies":[{"embeddable":true,"href":"https:\/\/yume-silm.com\/fr\/wp-json\/wp\/v2\/comments?post=5349"}],"wp:featuredmedia":[{"embeddable":true,"href":"https:\/\/yume-silm.com\/fr\/wp-json\/wp\/v2\/media\/5361"}],"wp:attachment":[{"href":"https:\/\/yume-silm.com\/fr\/wp-json\/wp\/v2\/media?parent=5349"}],"wp:term":[{"taxonomy":"product_brand","embeddable":true,"href":"https:\/\/yume-silm.com\/fr\/wp-json\/wp\/v2\/product_brand?post=5349"},{"taxonomy":"product_cat","embeddable":true,"href":"https:\/\/yume-silm.com\/fr\/wp-json\/wp\/v2\/product_cat?post=5349"},{"taxonomy":"product_tag","embeddable":true,"href":"https:\/\/yume-silm.com\/fr\/wp-json\/wp\/v2\/product_tag?post=5349"}],"curies":[{"name":"wp","href":"https:\/\/api.w.org\/{rel}","templated":true}]}}