{"id":5631,"date":"2023-09-13T07:22:40","date_gmt":"2023-09-13T07:22:40","guid":{"rendered":"https:\/\/yume-silm.com\/?post_type=product&#038;p=5631"},"modified":"2024-05-11T06:09:56","modified_gmt":"2024-05-11T06:09:56","slug":"soutien-gorge-bonnets-emboitants-anti-affaissement-grande-taille-pour-femme-forte-buste","status":"publish","type":"product","link":"https:\/\/yume-silm.com\/fr\/produit\/soutien-gorge-bonnets-emboitants-anti-affaissement-grande-taille-pour-femme-forte-buste\/","title":{"rendered":"Vente en gros de lingerie sexy en dentelle sans \u00e9ponge pour femmes"},"content":{"rendered":"<h5>Caract\u00e9ristiques de conception<\/h5>\n<ul>\n<li><strong>PERSONNALIS\u00c9 POUR LES GRANDES TAILLES :<\/strong> Notre soutien-gorge en dentelle grande taille pour femme est con\u00e7u pour les femmes ayant une poitrine g\u00e9n\u00e9reuse, assurant un ajustement impeccable tout en accentuant la beaut\u00e9 de chaque courbe.<\/li>\n<li><strong>EMBELLISSEMENT DENTELLE\u00a0:<\/strong> Tentation cach\u00e9e. Le tissu de nos soutiens-gorge push-up pour femmes est soyeux et confortable, et les accents de dentelle et de n\u0153uds ajoutent non seulement une touche d&#039;\u00e9l\u00e9gance, mais sont \u00e9galement plus amusants et glamour. Rendez-vous en toute confiance.<\/li>\n<li><strong>CONCEPTION DE TASSE COMPL\u00c8TE ANTI-affaissement\u00a0:<\/strong> Notre soutien-gorge \u00e0 couverture compl\u00e8te pour femme est dot\u00e9 d&#039;une technologie anti-affaissement de pointe et d&#039;un design \u00e0 bonnets complets qui soutient et soul\u00e8ve la poitrine pour une silhouette d&#039;apparence naturelle.<\/li>\n<li><strong>PLUSIEURS COULEURS DISPONIBLES\u00a0:<\/strong> Notre collection de soutiens-gorge en dentelle, plusieurs couleurs au choix. Diff\u00e9rentes couleurs, diff\u00e9rentes ambiances. Nous vous sugg\u00e9rons de ramener \u00e0 la maison cette ambiance color\u00e9e !<\/li>\n<\/ul>\n<h6><em>Sous-v\u00eatements de soutien-gorge grande taille en dentelle sexy pour femmes<\/em><\/h6>\n<p>Entrez dans un monde o\u00f9 le style rencontre le confort avec le soutien-gorge Gloss &amp; Grace. Chaque d\u00e9tail, de sa finition brillante \u00e0 sa technologie anti-affaissement, est con\u00e7u en pensant \u00e0 vous, pour que vous vous sentiez aussi radieux que vous en avez l&#039;air.<\/p>\n<div class=\"ast-oembed-container\" style=\"height: 100%;\"><iframe title=\"Soutien-gorge \u00e0 bonnets complets anti-affaissement de grande taille pour femmes aux gros seins\" width=\"500\" height=\"281\" src=\"https:\/\/www.youtube.com\/embed\/k6ebCBKeduo?feature=oembed\" frameborder=\"0\" allow=\"accelerometer; autoplay; clipboard-write; encrypted-media; gyroscope; picture-in-picture; web-share\" referrerpolicy=\"strict-origin-when-cross-origin\" allowfullscreen><\/iframe><\/div>","protected":false},"excerpt":{"rendered":"<p>C\u00e9l\u00e9brez chaque courbe avec la lingerie sexy en dentelle sans \u00e9ponge pour femme \u2014 m\u00e9ticuleusement con\u00e7ue pour les femmes \u00e0 forte poitrine. Sa finition brillante s&#039;associe \u00e0 un rembourrage lat\u00e9ral innovant et \u00e0 un r\u00e9glage optimal, offrant un m\u00e9lange impeccable d&#039;\u00e9l\u00e9gance et de confort quotidien. D\u00e9couvrez la technologie anti-affaissement dans un design \u00e9l\u00e9gant \u00e0 coque pleine.<\/p>","protected":false},"featured_media":5686,"comment_status":"open","ping_status":"closed","template":"","meta":{"site-sidebar-layout":"default","site-content-layout":"","ast-site-content-layout":"default","site-content-style":"default","site-sidebar-style":"default","ast-global-header-display":"","ast-banner-title-visibility":"","ast-main-header-display":"","ast-hfb-above-header-display":"","ast-hfb-below-header-display":"","ast-hfb-mobile-header-display":"","site-post-title":"","ast-breadcrumbs-content":"","ast-featured-img":"","footer-sml-layout":"","ast-disable-related-posts":"","theme-transparent-header-meta":"default","adv-header-id-meta":"","stick-header-meta":"default","header-above-stick-meta":"","header-main-stick-meta":"","header-below-stick-meta":"","astra-migrate-meta-layouts":"set","ast-page-background-enabled":"default","ast-page-background-meta":{"desktop":{"background-color":"","background-image":"","background-repeat":"repeat","background-position":"center center","background-size":"auto","background-attachment":"scroll","background-type":"","background-media":"","overlay-type":"","overlay-color":"","overlay-opacity":"","overlay-gradient":""},"tablet":{"background-color":"","background-image":"","background-repeat":"repeat","background-position":"center center","background-size":"auto","background-attachment":"scroll","background-type":"","background-media":"","overlay-type":"","overlay-color":"","overlay-opacity":"","overlay-gradient":""},"mobile":{"background-color":"","background-image":"","background-repeat":"repeat","background-position":"center center","background-size":"auto","background-attachment":"scroll","background-type":"","background-media":"","overlay-type":"","overlay-color":"","overlay-opacity":"","overlay-gradient":""}},"ast-content-background-meta":{"desktop":{"background-color":"var(--ast-global-color-5)","background-image":"","background-repeat":"repeat","background-position":"center center","background-size":"auto","background-attachment":"scroll","background-type":"","background-media":"","overlay-type":"","overlay-color":"","overlay-opacity":"","overlay-gradient":""},"tablet":{"background-color":"var(--ast-global-color-5)","background-image":"","background-repeat":"repeat","background-position":"center center","background-size":"auto","background-attachment":"scroll","background-type":"","background-media":"","overlay-type":"","overlay-color":"","overlay-opacity":"","overlay-gradient":""},"mobile":{"background-color":"var(--ast-global-color-5)","background-image":"","background-repeat":"repeat","background-position":"center center","background-size":"auto","background-attachment":"scroll","background-type":"","background-media":"","overlay-type":"","overlay-color":"","overlay-opacity":"","overlay-gradient":""}}},"product_brand":[],"product_cat":[259,583],"product_tag":[407,485,469,486,463,484,396],"class_list":{"0":"post-5631","1":"product","2":"type-product","3":"status-publish","4":"has-post-thumbnail","6":"product_cat-lingerie","7":"product_cat-plus-size-underwear","8":"product_tag-full-cup-bra","9":"product_tag-no-sponge","10":"product_tag-sexy-lace","11":"product_tag-thin","12":"product_tag-wholesale","13":"product_tag-wholesale-price","14":"product_tag-womens-underwear","15":"pa_color-beige","16":"pa_color-black","17":"pa_color-dark-blue","18":"pa_color-khaki","19":"pa_color-pink","20":"pa_color-red","21":"pa_color-white","22":"pa_size-36-80e","23":"pa_size-38-85e","24":"pa_size-40-90e","25":"pa_size-42-95e","26":"pa_size-44-100e","27":"pa_size-46-105e","28":"desktop-align-center","29":"tablet-align-left","30":"mobile-align-left","31":"ast-product-gallery-layout-horizontal-slider","32":"ast-product-single-variable","33":"ast-product-tabs-layout-horizontal","34":"ast-qv-on-image","36":"first","37":"instock","38":"shipping-taxable","39":"purchasable","40":"product-type-variable"},"tiered_pricing_type":"fixed","tiered_pricing_fixed_rules":{"2":4.39,"30":3.79,"100":3.29},"tiered_pricing_product_settings":{"layout":"default","base_unit_name":{"singular":null,"plural":null},"default_variation":null},"tiered_pricing_minimum_quantity":null,"tiered_pricing_roles_data":[],"tiered_pricing_percentage_rules":[],"_links":{"self":[{"href":"https:\/\/yume-silm.com\/fr\/wp-json\/wp\/v2\/product\/5631","targetHints":{"allow":["GET"]}}],"collection":[{"href":"https:\/\/yume-silm.com\/fr\/wp-json\/wp\/v2\/product"}],"about":[{"href":"https:\/\/yume-silm.com\/fr\/wp-json\/wp\/v2\/types\/product"}],"replies":[{"embeddable":true,"href":"https:\/\/yume-silm.com\/fr\/wp-json\/wp\/v2\/comments?post=5631"}],"wp:featuredmedia":[{"embeddable":true,"href":"https:\/\/yume-silm.com\/fr\/wp-json\/wp\/v2\/media\/5686"}],"wp:attachment":[{"href":"https:\/\/yume-silm.com\/fr\/wp-json\/wp\/v2\/media?parent=5631"}],"wp:term":[{"taxonomy":"product_brand","embeddable":true,"href":"https:\/\/yume-silm.com\/fr\/wp-json\/wp\/v2\/product_brand?post=5631"},{"taxonomy":"product_cat","embeddable":true,"href":"https:\/\/yume-silm.com\/fr\/wp-json\/wp\/v2\/product_cat?post=5631"},{"taxonomy":"product_tag","embeddable":true,"href":"https:\/\/yume-silm.com\/fr\/wp-json\/wp\/v2\/product_tag?post=5631"}],"curies":[{"name":"wp","href":"https:\/\/api.w.org\/{rel}","templated":true}]}}