{"id":5802,"date":"2023-09-13T08:19:35","date_gmt":"2023-09-13T08:19:35","guid":{"rendered":"https:\/\/yume-silm.com\/?post_type=product&#038;p=5802"},"modified":"2025-05-26T01:43:48","modified_gmt":"2025-05-26T01:43:48","slug":"bandeau-sans-bretelles-sans-couture-pour-les-toutes-en-courbes","status":"publish","type":"product","link":"https:\/\/yume-silm.com\/fr\/produit\/bandeau-sans-bretelles-sans-couture-pour-les-toutes-en-courbes\/","title":{"rendered":"Bandeau sans bretelles sans couture en gros pour les courbes"},"content":{"rendered":"<h5>Caract\u00e9ristiques de conception<\/h5>\n<ul>\n<li><strong>Bretelles amovibles\u00a0:<\/strong> Nos soutiens-gorge habill\u00e9s ont des bretelles amovibles, profitez d&#039;une bralette sans bretelles \u00e0 tout moment. La poign\u00e9e antid\u00e9rapante garantit que votre soutien-gorge reste en place.<\/li>\n<li><strong>MAGIE DES PUSH-UP\u00a0:<\/strong> Le rembourrage de nos soutiens-gorge pour femme offre un joli effet push-up qui accentue vos courbes et cr\u00e9e une silhouette plus ample.<\/li>\n<li><strong>\u00c9L\u00c9GANCE SANS COUTURE\u00a0:<\/strong> Personnalis\u00e9 pour les femmes exigeantes, notre soutien-gorge sans acier est enti\u00e8rement sans couture et se cache sous vos v\u00eatements, id\u00e9al \u00e0 associer avec des robes flatteuses.<\/li>\n<li><strong>L&#039;\u00c9T\u00c9 DOIT AVOIR\u00a0:<\/strong> Fabriqu\u00e9 \u00e0 partir d&#039;un mat\u00e9riau l\u00e9ger et respirant, ce soutien-gorge sans couture est un incontournable absolu de l&#039;\u00e9t\u00e9, vous assurant de rester au frais, frais et confortable.<\/li>\n<li><strong>CONCEPTION DE R\u00c9TRACTION MAMMAIRE\u00a0:<\/strong> En plus de l&#039;esth\u00e9tique, nos soutiens-gorge sans bretelles offrent une r\u00e9traction fonctionnelle de la poitrine pour assurer une silhouette de buste \u00e9l\u00e9gante tout en offrant un maintien optimal.<\/li>\n<\/ul>\n<h6><em>Sous-v\u00eatement soutien-gorge bandeau push-up antid\u00e9rapant sans couture pour femme<\/em><\/h6>\n<ul>\n<li>Profitez du charme des v\u00eatements sans bretelles cet \u00e9t\u00e9. Le bandeau sans bretelles sans couture pour les courbes allie \u00e9l\u00e9gance et innovation, \u00e9tablissant une nouvelle norme pour la lingerie grande taille. Que vous alliez \u00e0 une f\u00eate sur la plage ou \u00e0 une soir\u00e9e formelle, nos sous-v\u00eatements soutien-gorge sont l\u00e0 pour vous.<\/li>\n<\/ul>\n<div class=\"ast-oembed-container\" style=\"height: 100%;\"><iframe title=\"Bandeau sans bretelles sans couture pour les courbes\" width=\"500\" height=\"281\" src=\"https:\/\/www.youtube.com\/embed\/HUTcvT-M-ic?feature=oembed\" frameborder=\"0\" allow=\"accelerometer; autoplay; clipboard-write; encrypted-media; gyroscope; picture-in-picture; web-share\" referrerpolicy=\"strict-origin-when-cross-origin\" allowfullscreen><\/iframe><\/div>","protected":false},"excerpt":{"rendered":"<p>D\u00e9couvrez le secret d&#039;un style estival sans effort avec le bandeau sans bretelles sans couture pour les courbes. Con\u00e7u pour les silhouettes plus volumineuses, il fusionne une tenue invisible avec un soul\u00e8vement voluptueux pour un look sans bretelles in\u00e9branlable et un soutien in\u00e9gal\u00e9. Profitez de chaque saison sans compromis avec son style effortless chic !<\/p>","protected":false},"featured_media":5823,"comment_status":"open","ping_status":"closed","template":"","meta":{"site-sidebar-layout":"default","site-content-layout":"","ast-site-content-layout":"default","site-content-style":"default","site-sidebar-style":"default","ast-global-header-display":"","ast-banner-title-visibility":"","ast-main-header-display":"","ast-hfb-above-header-display":"","ast-hfb-below-header-display":"","ast-hfb-mobile-header-display":"","site-post-title":"","ast-breadcrumbs-content":"","ast-featured-img":"","footer-sml-layout":"","ast-disable-related-posts":"","theme-transparent-header-meta":"default","adv-header-id-meta":"","stick-header-meta":"default","header-above-stick-meta":"","header-main-stick-meta":"","header-below-stick-meta":"","astra-migrate-meta-layouts":"set","ast-page-background-enabled":"default","ast-page-background-meta":{"desktop":{"background-color":"","background-image":"","background-repeat":"repeat","background-position":"center center","background-size":"auto","background-attachment":"scroll","background-type":"","background-media":"","overlay-type":"","overlay-color":"","overlay-opacity":"","overlay-gradient":""},"tablet":{"background-color":"","background-image":"","background-repeat":"repeat","background-position":"center center","background-size":"auto","background-attachment":"scroll","background-type":"","background-media":"","overlay-type":"","overlay-color":"","overlay-opacity":"","overlay-gradient":""},"mobile":{"background-color":"","background-image":"","background-repeat":"repeat","background-position":"center center","background-size":"auto","background-attachment":"scroll","background-type":"","background-media":"","overlay-type":"","overlay-color":"","overlay-opacity":"","overlay-gradient":""}},"ast-content-background-meta":{"desktop":{"background-color":"var(--ast-global-color-5)","background-image":"","background-repeat":"repeat","background-position":"center center","background-size":"auto","background-attachment":"scroll","background-type":"","background-media":"","overlay-type":"","overlay-color":"","overlay-opacity":"","overlay-gradient":""},"tablet":{"background-color":"var(--ast-global-color-5)","background-image":"","background-repeat":"repeat","background-position":"center center","background-size":"auto","background-attachment":"scroll","background-type":"","background-media":"","overlay-type":"","overlay-color":"","overlay-opacity":"","overlay-gradient":""},"mobile":{"background-color":"var(--ast-global-color-5)","background-image":"","background-repeat":"repeat","background-position":"center center","background-size":"auto","background-attachment":"scroll","background-type":"","background-media":"","overlay-type":"","overlay-color":"","overlay-opacity":"","overlay-gradient":""}}},"product_brand":[],"product_cat":[259,583],"product_tag":[140,434,396],"class_list":{"0":"post-5802","1":"product","2":"type-product","3":"status-publish","4":"has-post-thumbnail","6":"product_cat-lingerie","7":"product_cat-plus-size-underwear","8":"product_tag-strapless","9":"product_tag-womens-full-cup-bra","10":"product_tag-womens-underwear","11":"pa_color-beige","12":"pa_color-black","13":"pa_size-38-85c","14":"pa_size-40-90c","15":"pa_size-42-95c","16":"pa_size-44-100c","17":"pa_size-46-105c","18":"desktop-align-center","19":"tablet-align-left","20":"mobile-align-left","21":"ast-product-gallery-layout-horizontal-slider","22":"ast-product-single-variable","23":"ast-product-tabs-layout-horizontal","24":"ast-qv-on-image","26":"first","27":"instock","28":"shipping-taxable","29":"purchasable","30":"product-type-variable"},"tiered_pricing_type":"fixed","tiered_pricing_fixed_rules":{"2":3.89,"30":3.39,"100":2.89},"tiered_pricing_product_settings":{"layout":"default","base_unit_name":{"singular":null,"plural":null},"default_variation":null},"tiered_pricing_minimum_quantity":null,"tiered_pricing_roles_data":[],"tiered_pricing_percentage_rules":[],"_links":{"self":[{"href":"https:\/\/yume-silm.com\/fr\/wp-json\/wp\/v2\/product\/5802","targetHints":{"allow":["GET"]}}],"collection":[{"href":"https:\/\/yume-silm.com\/fr\/wp-json\/wp\/v2\/product"}],"about":[{"href":"https:\/\/yume-silm.com\/fr\/wp-json\/wp\/v2\/types\/product"}],"replies":[{"embeddable":true,"href":"https:\/\/yume-silm.com\/fr\/wp-json\/wp\/v2\/comments?post=5802"}],"wp:featuredmedia":[{"embeddable":true,"href":"https:\/\/yume-silm.com\/fr\/wp-json\/wp\/v2\/media\/5823"}],"wp:attachment":[{"href":"https:\/\/yume-silm.com\/fr\/wp-json\/wp\/v2\/media?parent=5802"}],"wp:term":[{"taxonomy":"product_brand","embeddable":true,"href":"https:\/\/yume-silm.com\/fr\/wp-json\/wp\/v2\/product_brand?post=5802"},{"taxonomy":"product_cat","embeddable":true,"href":"https:\/\/yume-silm.com\/fr\/wp-json\/wp\/v2\/product_cat?post=5802"},{"taxonomy":"product_tag","embeddable":true,"href":"https:\/\/yume-silm.com\/fr\/wp-json\/wp\/v2\/product_tag?post=5802"}],"curies":[{"name":"wp","href":"https:\/\/api.w.org\/{rel}","templated":true}]}}