{"id":5837,"date":"2023-09-14T03:19:46","date_gmt":"2023-09-14T03:19:46","guid":{"rendered":"https:\/\/yume-silm.com\/?post_type=product&#038;p=5837"},"modified":"2024-05-11T06:18:01","modified_gmt":"2024-05-11T06:18:01","slug":"vente-en-gros-coton-confort-soutien-gorge-a-armatures-pour-complet","status":"publish","type":"product","link":"https:\/\/yume-silm.com\/fr\/produit\/vente-en-gros-coton-confort-soutien-gorge-a-armatures-pour-complet\/","title":{"rendered":"Soutien-gorge \u00e0 armatures en coton confortable, vente en gros, pour complet"},"content":{"rendered":"<h5>Caract\u00e9ristiques de conception<\/h5>\n<ul>\n<li><strong>CONFORT DU COTON\u00a0:<\/strong> Le soutien-gorge \u00e0 armatures confort en coton pour int\u00e9gralit\u00e9 est fabriqu\u00e9 en coton de haute qualit\u00e9, garantissant que votre peau puisse respirer librement et offrir un confort in\u00e9gal\u00e9 tout au long de votre journ\u00e9e.<\/li>\n<li><strong>CHARME DENTELLE\u00a0:<\/strong> D&#039;\u00e9l\u00e9gantes superpositions de dentelle ajoutent une lueur accrocheuse \u00e0 ce soutien-gorge en acier pour femme, le rendant \u00e0 la fois fonctionnel et beau. Peu importe d\u2019o\u00f9 il est port\u00e9 ou regard\u00e9, sa beaut\u00e9 s\u00e9duisante s\u00e9duira et ravira toujours !<\/li>\n<li><strong>CONCEPTION DE SOUS-V\u00caTEMENTS DE SOUTIEN\u00a0:<\/strong> Les armatures de soutien offrent un soutien solide et confortable. Le soutien-gorge sexy en dentelle de coton rehaussera et fa\u00e7onnera naturellement votre silhouette.<\/li>\n<li><strong>CONFORTABLE ET RESPIRANT\u00a0:\u00a0<\/strong> Dites adieu \u00e0 l&#039;inconfort ! Le tissu en coton du soutien-gorge Lace Gathering poss\u00e8de d&#039;excellentes propri\u00e9t\u00e9s d&#039;\u00e9vacuation de l&#039;humidit\u00e9 pour vous garder au frais et en confiance, m\u00eame dans des environnements difficiles.<\/li>\n<li><strong>PARFAITEMENT AJUST\u00c9\u00a0:<\/strong> Les bretelles de ce soutien-gorge de lingerie pour femme sont enti\u00e8rement r\u00e9glables et personnalis\u00e9es pour s&#039;adapter \u00e0 la forme et \u00e0 la taille de votre corps.<\/li>\n<\/ul>\n<h6><em>Soutien-gorge sexy en dentelle de coton avec anneau en acier, sous-v\u00eatements grande taille<\/em><\/h6>\n<ul>\n<li>Commencez \u00e0 explorer un monde o\u00f9 le luxe rencontre le confort avec le soutien-gorge Lace Elegance et red\u00e9finissez vos attentes en mati\u00e8re de lingerie. Parfait pour un usage quotidien ou des \u00e9v\u00e9nements sp\u00e9ciaux, notre soutien-gorge \u00e0 armatures confortable en coton pour int\u00e9gralit\u00e9 est la preuve que l&#039;art et l&#039;innovation en mati\u00e8re de v\u00eatements intimes s&#039;unissent parfaitement \u2013 offrant confiance et style \u00e0 chaque fois que vous sortez !<\/li>\n<\/ul>\n<p>&nbsp;<\/p>\n<div class=\"ast-oembed-container\" style=\"height: 100%;\"><iframe title=\"Soutien-gorge \u00e0 armatures en coton confortable, vente en gros, pour complet\" width=\"500\" height=\"281\" src=\"https:\/\/www.youtube.com\/embed\/Qx6dCm19twk?feature=oembed\" frameborder=\"0\" allow=\"accelerometer; autoplay; clipboard-write; encrypted-media; gyroscope; picture-in-picture; web-share\" referrerpolicy=\"strict-origin-when-cross-origin\" allowfullscreen><\/iframe><\/div>","protected":false},"excerpt":{"rendered":"<p>D\u00e9couvrez le soutien-gorge Elegance, o\u00f9 le confort riche en coton rencontre l&#039;allure de la dentelle. Con\u00e7u pour les femmes modernes aux courbes g\u00e9n\u00e9reuses, ce soutien-gorge \u00e0 armatures confortable en coton incarne style, soutien et confort sup\u00e9rieur \u2013 parfait pour le luxe au quotidien, sp\u00e9cialement con\u00e7u pour les silhouettes compl\u00e8tes. Plongez et d\u00e9couvrez le v\u00e9ritable luxe con\u00e7u sp\u00e9cialement pour vous.<\/p>","protected":false},"featured_media":5876,"comment_status":"open","ping_status":"closed","template":"","meta":{"site-sidebar-layout":"default","site-content-layout":"","ast-site-content-layout":"default","site-content-style":"default","site-sidebar-style":"default","ast-global-header-display":"","ast-banner-title-visibility":"","ast-main-header-display":"","ast-hfb-above-header-display":"","ast-hfb-below-header-display":"","ast-hfb-mobile-header-display":"","site-post-title":"","ast-breadcrumbs-content":"","ast-featured-img":"","footer-sml-layout":"","ast-disable-related-posts":"","theme-transparent-header-meta":"default","adv-header-id-meta":"","stick-header-meta":"default","header-above-stick-meta":"","header-main-stick-meta":"","header-below-stick-meta":"","astra-migrate-meta-layouts":"set","ast-page-background-enabled":"default","ast-page-background-meta":{"desktop":{"background-color":"","background-image":"","background-repeat":"repeat","background-position":"center center","background-size":"auto","background-attachment":"scroll","background-type":"","background-media":"","overlay-type":"","overlay-color":"","overlay-opacity":"","overlay-gradient":""},"tablet":{"background-color":"","background-image":"","background-repeat":"repeat","background-position":"center center","background-size":"auto","background-attachment":"scroll","background-type":"","background-media":"","overlay-type":"","overlay-color":"","overlay-opacity":"","overlay-gradient":""},"mobile":{"background-color":"","background-image":"","background-repeat":"repeat","background-position":"center center","background-size":"auto","background-attachment":"scroll","background-type":"","background-media":"","overlay-type":"","overlay-color":"","overlay-opacity":"","overlay-gradient":""}},"ast-content-background-meta":{"desktop":{"background-color":"var(--ast-global-color-5)","background-image":"","background-repeat":"repeat","background-position":"center center","background-size":"auto","background-attachment":"scroll","background-type":"","background-media":"","overlay-type":"","overlay-color":"","overlay-opacity":"","overlay-gradient":""},"tablet":{"background-color":"var(--ast-global-color-5)","background-image":"","background-repeat":"repeat","background-position":"center center","background-size":"auto","background-attachment":"scroll","background-type":"","background-media":"","overlay-type":"","overlay-color":"","overlay-opacity":"","overlay-gradient":""},"mobile":{"background-color":"var(--ast-global-color-5)","background-image":"","background-repeat":"repeat","background-position":"center center","background-size":"auto","background-attachment":"scroll","background-type":"","background-media":"","overlay-type":"","overlay-color":"","overlay-opacity":"","overlay-gradient":""}}},"product_brand":[],"product_cat":[259,583],"product_tag":[398,399,407,141,472,475,402],"class_list":{"0":"post-5837","1":"product","2":"type-product","3":"status-publish","4":"has-post-thumbnail","6":"product_cat-lingerie","7":"product_cat-plus-size-underwear","8":"product_tag-cotton-bra","9":"product_tag-cotton-lace-bra","10":"product_tag-full-cup-bra","11":"product_tag-plus-size","12":"product_tag-printing","13":"product_tag-steel-rim","14":"product_tag-womens-bra","15":"pa_color-beige","16":"pa_color-black","17":"pa_color-blue","18":"pa_color-pink","19":"pa_color-red","20":"pa_color-white","21":"pa_size-38-85d","22":"pa_size-40-90d","23":"pa_size-42-95d","24":"pa_size-44-100d","25":"pa_size-46-105d","26":"pa_size-48-110d","27":"desktop-align-center","28":"tablet-align-left","29":"mobile-align-left","30":"ast-product-gallery-layout-horizontal-slider","31":"ast-product-single-variable","32":"ast-product-tabs-layout-horizontal","33":"ast-qv-on-image","35":"first","36":"instock","37":"shipping-taxable","38":"purchasable","39":"product-type-variable"},"tiered_pricing_type":"fixed","tiered_pricing_fixed_rules":{"2":5.19,"30":4.39,"100":3.89},"tiered_pricing_product_settings":{"layout":"default","base_unit_name":{"singular":null,"plural":null},"default_variation":null},"tiered_pricing_minimum_quantity":null,"tiered_pricing_roles_data":[],"tiered_pricing_percentage_rules":[],"_links":{"self":[{"href":"https:\/\/yume-silm.com\/fr\/wp-json\/wp\/v2\/product\/5837","targetHints":{"allow":["GET"]}}],"collection":[{"href":"https:\/\/yume-silm.com\/fr\/wp-json\/wp\/v2\/product"}],"about":[{"href":"https:\/\/yume-silm.com\/fr\/wp-json\/wp\/v2\/types\/product"}],"replies":[{"embeddable":true,"href":"https:\/\/yume-silm.com\/fr\/wp-json\/wp\/v2\/comments?post=5837"}],"wp:featuredmedia":[{"embeddable":true,"href":"https:\/\/yume-silm.com\/fr\/wp-json\/wp\/v2\/media\/5876"}],"wp:attachment":[{"href":"https:\/\/yume-silm.com\/fr\/wp-json\/wp\/v2\/media?parent=5837"}],"wp:term":[{"taxonomy":"product_brand","embeddable":true,"href":"https:\/\/yume-silm.com\/fr\/wp-json\/wp\/v2\/product_brand?post=5837"},{"taxonomy":"product_cat","embeddable":true,"href":"https:\/\/yume-silm.com\/fr\/wp-json\/wp\/v2\/product_cat?post=5837"},{"taxonomy":"product_tag","embeddable":true,"href":"https:\/\/yume-silm.com\/fr\/wp-json\/wp\/v2\/product_tag?post=5837"}],"curies":[{"name":"wp","href":"https:\/\/api.w.org\/{rel}","templated":true}]}}