{"id":5894,"date":"2023-09-14T06:17:07","date_gmt":"2023-09-14T06:17:07","guid":{"rendered":"https:\/\/yume-silm.com\/?post_type=product&#038;p=5894"},"modified":"2024-05-11T06:19:41","modified_gmt":"2024-05-11T06:19:41","slug":"vente-en-gros-dentelle-grande-taille-couleur-unie-dos-beaute-soutien-gorge","status":"publish","type":"product","link":"https:\/\/yume-silm.com\/fr\/produit\/vente-en-gros-dentelle-grande-taille-couleur-unie-dos-beaute-soutien-gorge\/","title":{"rendered":"Soutien-gorge grande taille en dentelle avec dos en dentelle pour femmes, vente en gros"},"content":{"rendered":"<h5>Caract\u00e9ristiques de conception<\/h5>\n<ul>\n<li><strong>DESIGN \u00c9L\u00c9GANT DU DOS\u00a0:<\/strong> Les d\u00e9tails du soutien-gorge grande taille en dentelle au dos Beauty E-cup du soutien-gorge sont un incontournable, parfait pour les hauts dos nu ou les robes qui font briller votre dos ! Se marie parfaitement avec des hauts ou des robes dos nu. Affichez-le fi\u00e8rement !<\/li>\n<li><strong>CARACT\u00c9RISTIQUES DE GRANDE TAILLE\u00a0:<\/strong> Notre soutien-gorge \u00e0 armatures pour femme est con\u00e7u pour les silhouettes courbes et s&#039;adapte aux bonnets E et plus, assurant un ajustement s\u00fbr et confortable sans compromettre l&#039;esth\u00e9tique.<\/li>\n<li><strong>COULEUR SOLIDE EXQUISE\u00a0:<\/strong> Notre collection de soutiens-gorge en dentelle au dos pr\u00e9sente des couleurs unies simples pour s&#039;adapter \u00e0 n&#039;importe quelle garde-robe ou occasion, ce qui rend ce soutien-gorge de couleur unie polyvalent et confortable \u00e0 porter.<\/li>\n<li><strong>GARNITURE EN DENTELLE SEXY\u00a0:<\/strong> Une couche ext\u00e9rieure en dentelle d\u00e9licate ajoute un facteur sexy suppl\u00e9mentaire, vous assurant d&#039;avoir fi\u00e8re allure et de vous sentir bien en m\u00eame temps ! Choisissez parmi notre collection de sous-v\u00eatements de couleur unie grande taille\u00a0!<\/li>\n<li><strong>DISPONIBILIT\u00c9 EN GROS\u00a0:<\/strong> La lingerie grande taille pour femme est parfaite pour les d\u00e9taillants ! Vendre en gros aux d\u00e9taillants aux prix de gros est lucratif, ce qui fait de cette collection un produit rentable pour les d\u00e9taillants.<\/li>\n<\/ul>\n<h6><em>Soutien-gorge en dentelle, grande taille, dos de beaut\u00e9, couleur unie, bonnet e<\/em><\/h6>\n<ul>\n<li>Entrez dans un monde o\u00f9 le style rencontre la substance. Le soutien-gorge Beauty Back Lace E-Cup grande taille est plus qu&#039;une pi\u00e8ce intime ; il donne aux femmes un regain de confiance. Quelle que soit leur taille ou leurs besoins, les Lace Elegance offrent un style de qualit\u00e9 et un confort in\u00e9gal\u00e9 \u2013 id\u00e9al pour les achats individuels ou les stocks de d\u00e9tail !<\/li>\n<\/ul>","protected":false},"excerpt":{"rendered":"<p>Cr\u00e9\u00e9 sp\u00e9cifiquement pour r\u00e9pondre aux besoins des femmes autonomes, ce soutien-gorge grande taille en dentelle avec dos en dentelle pr\u00e9sente un \u00e9l\u00e9gant dos en dentelle et est adapt\u00e9 aux bonnets E et aux tailles plus grandes. Faites une d\u00e9claration inoubliable dans votre collection.<\/p>","protected":false},"featured_media":5922,"comment_status":"open","ping_status":"closed","template":"","meta":{"site-sidebar-layout":"default","site-content-layout":"","ast-site-content-layout":"default","site-content-style":"default","site-sidebar-style":"default","ast-global-header-display":"","ast-banner-title-visibility":"","ast-main-header-display":"","ast-hfb-above-header-display":"","ast-hfb-below-header-display":"","ast-hfb-mobile-header-display":"","site-post-title":"","ast-breadcrumbs-content":"","ast-featured-img":"","footer-sml-layout":"","ast-disable-related-posts":"","theme-transparent-header-meta":"default","adv-header-id-meta":"","stick-header-meta":"default","header-above-stick-meta":"","header-main-stick-meta":"","header-below-stick-meta":"","astra-migrate-meta-layouts":"set","ast-page-background-enabled":"default","ast-page-background-meta":{"desktop":{"background-color":"","background-image":"","background-repeat":"repeat","background-position":"center center","background-size":"auto","background-attachment":"scroll","background-type":"","background-media":"","overlay-type":"","overlay-color":"","overlay-opacity":"","overlay-gradient":""},"tablet":{"background-color":"","background-image":"","background-repeat":"repeat","background-position":"center center","background-size":"auto","background-attachment":"scroll","background-type":"","background-media":"","overlay-type":"","overlay-color":"","overlay-opacity":"","overlay-gradient":""},"mobile":{"background-color":"","background-image":"","background-repeat":"repeat","background-position":"center center","background-size":"auto","background-attachment":"scroll","background-type":"","background-media":"","overlay-type":"","overlay-color":"","overlay-opacity":"","overlay-gradient":""}},"ast-content-background-meta":{"desktop":{"background-color":"var(--ast-global-color-5)","background-image":"","background-repeat":"repeat","background-position":"center center","background-size":"auto","background-attachment":"scroll","background-type":"","background-media":"","overlay-type":"","overlay-color":"","overlay-opacity":"","overlay-gradient":""},"tablet":{"background-color":"var(--ast-global-color-5)","background-image":"","background-repeat":"repeat","background-position":"center center","background-size":"auto","background-attachment":"scroll","background-type":"","background-media":"","overlay-type":"","overlay-color":"","overlay-opacity":"","overlay-gradient":""},"mobile":{"background-color":"var(--ast-global-color-5)","background-image":"","background-repeat":"repeat","background-position":"center center","background-size":"auto","background-attachment":"scroll","background-type":"","background-media":"","overlay-type":"","overlay-color":"","overlay-opacity":"","overlay-gradient":""}}},"product_brand":[],"product_cat":[259,583],"product_tag":[395,400,469,463,434,396],"class_list":{"0":"post-5894","1":"product","2":"type-product","3":"status-publish","4":"has-post-thumbnail","6":"product_cat-lingerie","7":"product_cat-plus-size-underwear","8":"product_tag-beautiful-back-bra","9":"product_tag-plus-size-bra","10":"product_tag-sexy-lace","11":"product_tag-wholesale","12":"product_tag-womens-full-cup-bra","13":"product_tag-womens-underwear","14":"pa_color-beige","15":"pa_color-black","16":"pa_color-red","17":"pa_color-white","18":"pa_size-40-90e","19":"pa_size-42-95e","20":"pa_size-44-100e","21":"pa_size-46-105e","22":"pa_size-48-110e","23":"pa_size-50-115e","24":"desktop-align-center","25":"tablet-align-left","26":"mobile-align-left","27":"ast-product-gallery-layout-horizontal-slider","28":"ast-product-single-variable","29":"ast-product-tabs-layout-horizontal","30":"ast-qv-on-image","32":"first","33":"instock","34":"shipping-taxable","35":"purchasable","36":"product-type-variable"},"tiered_pricing_type":"fixed","tiered_pricing_fixed_rules":{"2":4.69,"30":3.99,"100":3.49},"tiered_pricing_product_settings":{"layout":"default","base_unit_name":{"singular":null,"plural":null},"default_variation":null},"tiered_pricing_minimum_quantity":null,"tiered_pricing_roles_data":[],"tiered_pricing_percentage_rules":[],"_links":{"self":[{"href":"https:\/\/yume-silm.com\/fr\/wp-json\/wp\/v2\/product\/5894","targetHints":{"allow":["GET"]}}],"collection":[{"href":"https:\/\/yume-silm.com\/fr\/wp-json\/wp\/v2\/product"}],"about":[{"href":"https:\/\/yume-silm.com\/fr\/wp-json\/wp\/v2\/types\/product"}],"replies":[{"embeddable":true,"href":"https:\/\/yume-silm.com\/fr\/wp-json\/wp\/v2\/comments?post=5894"}],"wp:featuredmedia":[{"embeddable":true,"href":"https:\/\/yume-silm.com\/fr\/wp-json\/wp\/v2\/media\/5922"}],"wp:attachment":[{"href":"https:\/\/yume-silm.com\/fr\/wp-json\/wp\/v2\/media?parent=5894"}],"wp:term":[{"taxonomy":"product_brand","embeddable":true,"href":"https:\/\/yume-silm.com\/fr\/wp-json\/wp\/v2\/product_brand?post=5894"},{"taxonomy":"product_cat","embeddable":true,"href":"https:\/\/yume-silm.com\/fr\/wp-json\/wp\/v2\/product_cat?post=5894"},{"taxonomy":"product_tag","embeddable":true,"href":"https:\/\/yume-silm.com\/fr\/wp-json\/wp\/v2\/product_tag?post=5894"}],"curies":[{"name":"wp","href":"https:\/\/api.w.org\/{rel}","templated":true}]}}