{"id":5933,"date":"2023-09-14T06:48:37","date_gmt":"2023-09-14T06:48:37","guid":{"rendered":"https:\/\/yume-silm.com\/?post_type=product&#038;p=5933"},"modified":"2024-05-11T06:21:39","modified_gmt":"2024-05-11T06:21:39","slug":"vente-en-gros-exquis-dentelle-e-cup-soutien-gorge-pour-la-femme-moderne","status":"publish","type":"product","link":"https:\/\/yume-silm.com\/fr\/produit\/vente-en-gros-exquis-dentelle-e-cup-soutien-gorge-pour-la-femme-moderne\/","title":{"rendered":"Soutien-gorge E-Cup en dentelle fine grande taille pour femmes en gros"},"content":{"rendered":"<h5>Caract\u00e9ristiques de conception<\/h5>\n<ul>\n<li><strong>SOUTIEN-GORGE CON\u00c7U POUR LES E-CUPS\u00a0:<\/strong> Con\u00e7ue pour \u00e9pouser toutes les courbes d&#039;une femme en bonnet E, notre collection de lingerie pour femme est soigneusement adapt\u00e9e \u00e0 la forme du corps, des armatures \u00e0 la silhouette, pour bercer et soutenir une poitrine plus ample.<\/li>\n<li><strong>CONCEPTION PUSH-UP POUR LE LIFTING DES SEINS\u00a0:<\/strong> La fonction push-up douce du soutien-gorge embo\u00eetant en acier donne \u00e0 vos seins un soul\u00e8vement suppl\u00e9mentaire, ajoutant ainsi une confiance suppl\u00e9mentaire \u00e0 votre journ\u00e9e.<\/li>\n<li><strong>AJUSTEMENT CONFORTABLE\u00a0:<\/strong> La r\u00e9traction r\u00e9glable de la poitrine du soutien-gorge \u00e0 armatures en acier imprim\u00e9 offre un soutien flatteur pour mettre davantage en valeur votre silhouette tout en offrant le confort dont vous r\u00eavez.<\/li>\n<li><strong>DESIGN \u00c9L\u00c9GANT EN DENTELLE\u00a0:<\/strong> Le design d\u00e9licat en dentelle ajoute une touche d&#039;\u00e9l\u00e9gance et de sensualit\u00e9 \u00e0 ce sous-v\u00eatement \u00e9l\u00e9gant de grande taille, ce qui le rend non seulement pratique mais aussi sexy, sans aucun doute un article incontournable pour vous.<\/li>\n<li><strong>R\u00c9GLABLE MULTIFONCTIONNEL\u00a0:<\/strong> Ce soutien-gorge simple en dentelle grande taille est dot\u00e9 de bretelles r\u00e9glables pour un ajustement parfait \u00e0 chaque fois !<\/li>\n<\/ul>\n<h6><em>Collection de poitrine lat\u00e9rale r\u00e9glable, dentelle de grande taille, sous-v\u00eatements sexy avec anneau en acier<\/em><\/h6>\n<ul>\n<li>Artisanat, confort et charisme tout en un ! Sentez et voyez la diff\u00e9rence d\u00e8s que vous enfilez ce soutien-gorge bonnet E en dentelle fine grande taille pour femme. Ne faites plus de concessions dans le choix de votre lingerie ; adoptez quelque chose qui c\u00e9l\u00e8bre qui vous \u00eates\u00a0!<\/li>\n<\/ul>","protected":false},"excerpt":{"rendered":"<p>Con\u00e7u pour accentuer la beaut\u00e9 naturelle du buste bonnet E, ce soutien-gorge bonnet E en dentelle fine grande taille pour femme offre confort, beaut\u00e9 et fonctionnalit\u00e9 tout en offrant soutien et sensualit\u00e9 aux femmes \u00e0 forte poitrine.<\/p>","protected":false},"featured_media":5976,"comment_status":"open","ping_status":"closed","template":"","meta":{"site-sidebar-layout":"default","site-content-layout":"","ast-site-content-layout":"default","site-content-style":"default","site-sidebar-style":"default","ast-global-header-display":"","ast-banner-title-visibility":"","ast-main-header-display":"","ast-hfb-above-header-display":"","ast-hfb-below-header-display":"","ast-hfb-mobile-header-display":"","site-post-title":"","ast-breadcrumbs-content":"","ast-featured-img":"","footer-sml-layout":"","ast-disable-related-posts":"","theme-transparent-header-meta":"default","adv-header-id-meta":"","stick-header-meta":"default","header-above-stick-meta":"","header-main-stick-meta":"","header-below-stick-meta":"","astra-migrate-meta-layouts":"set","ast-page-background-enabled":"default","ast-page-background-meta":{"desktop":{"background-color":"","background-image":"","background-repeat":"repeat","background-position":"center center","background-size":"auto","background-attachment":"scroll","background-type":"","background-media":"","overlay-type":"","overlay-color":"","overlay-opacity":"","overlay-gradient":""},"tablet":{"background-color":"","background-image":"","background-repeat":"repeat","background-position":"center center","background-size":"auto","background-attachment":"scroll","background-type":"","background-media":"","overlay-type":"","overlay-color":"","overlay-opacity":"","overlay-gradient":""},"mobile":{"background-color":"","background-image":"","background-repeat":"repeat","background-position":"center center","background-size":"auto","background-attachment":"scroll","background-type":"","background-media":"","overlay-type":"","overlay-color":"","overlay-opacity":"","overlay-gradient":""}},"ast-content-background-meta":{"desktop":{"background-color":"var(--ast-global-color-5)","background-image":"","background-repeat":"repeat","background-position":"center center","background-size":"auto","background-attachment":"scroll","background-type":"","background-media":"","overlay-type":"","overlay-color":"","overlay-opacity":"","overlay-gradient":""},"tablet":{"background-color":"var(--ast-global-color-5)","background-image":"","background-repeat":"repeat","background-position":"center center","background-size":"auto","background-attachment":"scroll","background-type":"","background-media":"","overlay-type":"","overlay-color":"","overlay-opacity":"","overlay-gradient":""},"mobile":{"background-color":"var(--ast-global-color-5)","background-image":"","background-repeat":"repeat","background-position":"center center","background-size":"auto","background-attachment":"scroll","background-type":"","background-media":"","overlay-type":"","overlay-color":"","overlay-opacity":"","overlay-gradient":""}}},"product_brand":[],"product_cat":[259,583],"product_tag":[473,400,397,402,434],"class_list":{"0":"post-5933","1":"product","2":"type-product","3":"status-publish","4":"has-post-thumbnail","6":"product_cat-lingerie","7":"product_cat-plus-size-underwear","8":"product_tag-lace","9":"product_tag-plus-size-bra","10":"product_tag-plus-size-underwear","11":"product_tag-womens-bra","12":"product_tag-womens-full-cup-bra","13":"pa_color-beige","14":"pa_color-black","15":"pa_color-gray","16":"pa_color-pink","17":"pa_color-purple","18":"pa_color-white","19":"pa_size-36-80e","20":"pa_size-38-85e","21":"pa_size-40-90e","22":"pa_size-42-95e","23":"pa_size-44-100e","24":"pa_size-46-105e","25":"desktop-align-center","26":"tablet-align-left","27":"mobile-align-left","28":"ast-product-gallery-layout-horizontal-slider","29":"ast-product-single-variable","30":"ast-product-tabs-layout-horizontal","31":"ast-qv-on-image","33":"first","34":"instock","35":"shipping-taxable","36":"purchasable","37":"product-type-variable"},"tiered_pricing_type":"fixed","tiered_pricing_fixed_rules":{"2":4.39,"30":3.79,"100":3.29},"tiered_pricing_product_settings":{"layout":"default","base_unit_name":{"singular":null,"plural":null},"default_variation":null},"tiered_pricing_minimum_quantity":null,"tiered_pricing_roles_data":[],"tiered_pricing_percentage_rules":[],"_links":{"self":[{"href":"https:\/\/yume-silm.com\/fr\/wp-json\/wp\/v2\/product\/5933","targetHints":{"allow":["GET"]}}],"collection":[{"href":"https:\/\/yume-silm.com\/fr\/wp-json\/wp\/v2\/product"}],"about":[{"href":"https:\/\/yume-silm.com\/fr\/wp-json\/wp\/v2\/types\/product"}],"replies":[{"embeddable":true,"href":"https:\/\/yume-silm.com\/fr\/wp-json\/wp\/v2\/comments?post=5933"}],"wp:featuredmedia":[{"embeddable":true,"href":"https:\/\/yume-silm.com\/fr\/wp-json\/wp\/v2\/media\/5976"}],"wp:attachment":[{"href":"https:\/\/yume-silm.com\/fr\/wp-json\/wp\/v2\/media?parent=5933"}],"wp:term":[{"taxonomy":"product_brand","embeddable":true,"href":"https:\/\/yume-silm.com\/fr\/wp-json\/wp\/v2\/product_brand?post=5933"},{"taxonomy":"product_cat","embeddable":true,"href":"https:\/\/yume-silm.com\/fr\/wp-json\/wp\/v2\/product_cat?post=5933"},{"taxonomy":"product_tag","embeddable":true,"href":"https:\/\/yume-silm.com\/fr\/wp-json\/wp\/v2\/product_tag?post=5933"}],"curies":[{"name":"wp","href":"https:\/\/api.w.org\/{rel}","templated":true}]}}