{"id":5985,"date":"2023-09-14T07:13:07","date_gmt":"2023-09-14T07:13:07","guid":{"rendered":"https:\/\/yume-silm.com\/?post_type=product&#038;p=5985"},"modified":"2024-05-11T06:24:20","modified_gmt":"2024-05-11T06:24:20","slug":"vente-en-gros-imprime-elegance-e-cup-le-soutien-gorge-illusion-ultime","status":"publish","type":"product","link":"https:\/\/yume-silm.com\/fr\/produit\/vente-en-gros-imprime-elegance-e-cup-le-soutien-gorge-illusion-ultime\/","title":{"rendered":"Soutien-gorge grande taille imprim\u00e9 Elegance en gros"},"content":{"rendered":"<h5>Caract\u00e9ristiques de conception<\/h5>\n<ul>\n<li><strong>E-CUP\u00a0:<\/strong> Les soutiens-gorge grandes tailles pour femmes sont disponibles dans une vari\u00e9t\u00e9 de tailles et sont con\u00e7us pour soutenir, rehausser et accentuer chaque courbe de celle qui porte un bonnet E tout en faisant para\u00eetre la poitrine plus petite.<\/li>\n<li><strong>SOUTIEN:<\/strong> Ce soutien-gorge push-up \u00e9l\u00e9gant imprim\u00e9 grande taille offre juste ce qu&#039;il faut de soul\u00e8vement pour accentuer les contours naturels du corps pour un confort et une confiance ultimes.<\/li>\n<li><strong>IMPRIMER:<\/strong> Les imprim\u00e9s modernes de lingerie \u00e9l\u00e9gante pour dames ajoutent une touche \u00e9l\u00e9gante et aident \u00e9galement \u00e0 minimiser le buste.<\/li>\n<li><strong>L\u00c9GER ET CONFORTABLE\u00a0:<\/strong> Ces sous-v\u00eatements pour femmes au design imprim\u00e9 sont fabriqu\u00e9s \u00e0 partir de mat\u00e9riaux respirants qui offrent un confort toute la journ\u00e9e.<\/li>\n<\/ul>\n<h6><em>Soutien-gorge maintien imprim\u00e9 grandes tailles femme pour grandes tailles de bonnets<\/em><\/h6>\n<ul>\n<li><span data-slate-fragment=\"JTVCJTdCJTIydHlwZSUyMiUzQSUyMnBhcmFncmFwaCUyMiUyQyUyMmNoaWxkcmVuJTIyJTNBJTVCJTdCJTIydGV4dCUyMiUzQSUyMlRoZSUyMHByaW50ZWQlMjBlbGVnYW5jZSUyMGUtY3VwJTIwcGx1cyUyMHNpemUlMjBicmElMjBhbGxvd3MlMjB5b3UlMjB0byUyMGVudGVyJTIwYSUyMHdvcmxkJTIwb2YlMjBmYXNoaW9uJTIwYW5kJTIwc3Vic3RhbmNlLiUyMFRoaXMlMjB3b21lbidzJTIwbGluZ2VyaWUlMjBjb2xsZWN0aW9uJTIwd2lsbCUyMHJldm9sdXRpb25pemUlMjB5b3VyJTIwbGluZ2VyaWUlMjB3ZWFyaW5nJTIwZXhwZXJpZW5jZSUyMGFuZCUyMG1ha2UlMjB5b3UlMjBsb29rJTIweW91ciUyMGJlc3QuJTIwRW5qb3klMjB0d28lMjB3b3JsZHMlM0ElMjB0aGUlMjBwZXJmZWN0JTIwY29tYmluYXRpb24lMjBvZiUyMHVwbGlmdCUyMGFuZCUyMGVsZWdhbnQlMjBwcmludHMhJTIyJTdEJTVEJTdEJTVE\">Le soutien-gorge grande taille bonnet e \u00e9l\u00e9gance imprim\u00e9 vous permet d&#039;entrer dans un monde de mode et de substance. Cette collection de lingerie pour femme r\u00e9volutionnera votre exp\u00e9rience de port de lingerie et vous mettra en valeur. Profitez de deux mondes\u00a0: la combinaison parfaite d\u2019imprim\u00e9s exaltants et \u00e9l\u00e9gants\u00a0!<\/span><\/li>\n<\/ul>","protected":false},"excerpt":{"rendered":"<p>Plongez dans le monde du style et de la sophistication avec le soutien-gorge \u00ab Imprim\u00e9 El\u00e9gance E-Cup \u00bb. Sp\u00e9cialement con\u00e7u pour cr\u00e9er l&#039;illusion de poitrines plus petites, le soutien-gorge imprim\u00e9 \u00e9l\u00e9gance bonnet E grande taille combine un soutien push-up luxueux avec un motif imprim\u00e9 accrocheur pour un look irr\u00e9sistiblement chic que les porteurs de bonnet E peuvent adopter pour une apparence \u00e9l\u00e9gamment discr\u00e8te.<\/p>","protected":false},"featured_media":6012,"comment_status":"open","ping_status":"closed","template":"","meta":{"site-sidebar-layout":"default","site-content-layout":"","ast-site-content-layout":"default","site-content-style":"default","site-sidebar-style":"default","ast-global-header-display":"","ast-banner-title-visibility":"","ast-main-header-display":"","ast-hfb-above-header-display":"","ast-hfb-below-header-display":"","ast-hfb-mobile-header-display":"","site-post-title":"","ast-breadcrumbs-content":"","ast-featured-img":"","footer-sml-layout":"","ast-disable-related-posts":"","theme-transparent-header-meta":"default","adv-header-id-meta":"","stick-header-meta":"default","header-above-stick-meta":"","header-main-stick-meta":"","header-below-stick-meta":"","astra-migrate-meta-layouts":"set","ast-page-background-enabled":"default","ast-page-background-meta":{"desktop":{"background-color":"","background-image":"","background-repeat":"repeat","background-position":"center center","background-size":"auto","background-attachment":"scroll","background-type":"","background-media":"","overlay-type":"","overlay-color":"","overlay-opacity":"","overlay-gradient":""},"tablet":{"background-color":"","background-image":"","background-repeat":"repeat","background-position":"center center","background-size":"auto","background-attachment":"scroll","background-type":"","background-media":"","overlay-type":"","overlay-color":"","overlay-opacity":"","overlay-gradient":""},"mobile":{"background-color":"","background-image":"","background-repeat":"repeat","background-position":"center center","background-size":"auto","background-attachment":"scroll","background-type":"","background-media":"","overlay-type":"","overlay-color":"","overlay-opacity":"","overlay-gradient":""}},"ast-content-background-meta":{"desktop":{"background-color":"var(--ast-global-color-5)","background-image":"","background-repeat":"repeat","background-position":"center center","background-size":"auto","background-attachment":"scroll","background-type":"","background-media":"","overlay-type":"","overlay-color":"","overlay-opacity":"","overlay-gradient":""},"tablet":{"background-color":"var(--ast-global-color-5)","background-image":"","background-repeat":"repeat","background-position":"center center","background-size":"auto","background-attachment":"scroll","background-type":"","background-media":"","overlay-type":"","overlay-color":"","overlay-opacity":"","overlay-gradient":""},"mobile":{"background-color":"var(--ast-global-color-5)","background-image":"","background-repeat":"repeat","background-position":"center center","background-size":"auto","background-attachment":"scroll","background-type":"","background-media":"","overlay-type":"","overlay-color":"","overlay-opacity":"","overlay-gradient":""}}},"product_brand":[],"product_cat":[259,583],"product_tag":[407,400,397,472,402,396],"class_list":{"0":"post-5985","1":"product","2":"type-product","3":"status-publish","4":"has-post-thumbnail","6":"product_cat-lingerie","7":"product_cat-plus-size-underwear","8":"product_tag-full-cup-bra","9":"product_tag-plus-size-bra","10":"product_tag-plus-size-underwear","11":"product_tag-printing","12":"product_tag-womens-bra","13":"product_tag-womens-underwear","14":"pa_color-black","15":"pa_color-blue","16":"pa_color-khaki","17":"pa_color-pink","18":"pa_size-38e-85e","19":"pa_size-40e-90e","20":"pa_size-42e-95e","21":"pa_size-44e-100e","22":"pa_size-46e-105e","23":"pa_size-48e-110e","24":"desktop-align-center","25":"tablet-align-left","26":"mobile-align-left","27":"ast-product-gallery-layout-horizontal-slider","28":"ast-product-single-variable","29":"ast-product-tabs-layout-horizontal","30":"ast-qv-on-image","32":"first","33":"instock","34":"shipping-taxable","35":"purchasable","36":"product-type-variable"},"tiered_pricing_type":"fixed","tiered_pricing_fixed_rules":{"2":4.19,"30":3.59,"100":3.09},"tiered_pricing_product_settings":{"layout":"default","base_unit_name":{"singular":null,"plural":null},"default_variation":null},"tiered_pricing_minimum_quantity":null,"tiered_pricing_roles_data":[],"tiered_pricing_percentage_rules":[],"_links":{"self":[{"href":"https:\/\/yume-silm.com\/fr\/wp-json\/wp\/v2\/product\/5985","targetHints":{"allow":["GET"]}}],"collection":[{"href":"https:\/\/yume-silm.com\/fr\/wp-json\/wp\/v2\/product"}],"about":[{"href":"https:\/\/yume-silm.com\/fr\/wp-json\/wp\/v2\/types\/product"}],"replies":[{"embeddable":true,"href":"https:\/\/yume-silm.com\/fr\/wp-json\/wp\/v2\/comments?post=5985"}],"wp:featuredmedia":[{"embeddable":true,"href":"https:\/\/yume-silm.com\/fr\/wp-json\/wp\/v2\/media\/6012"}],"wp:attachment":[{"href":"https:\/\/yume-silm.com\/fr\/wp-json\/wp\/v2\/media?parent=5985"}],"wp:term":[{"taxonomy":"product_brand","embeddable":true,"href":"https:\/\/yume-silm.com\/fr\/wp-json\/wp\/v2\/product_brand?post=5985"},{"taxonomy":"product_cat","embeddable":true,"href":"https:\/\/yume-silm.com\/fr\/wp-json\/wp\/v2\/product_cat?post=5985"},{"taxonomy":"product_tag","embeddable":true,"href":"https:\/\/yume-silm.com\/fr\/wp-json\/wp\/v2\/product_tag?post=5985"}],"curies":[{"name":"wp","href":"https:\/\/api.w.org\/{rel}","templated":true}]}}