{"id":6023,"date":"2023-09-14T07:55:32","date_gmt":"2023-09-14T07:55:32","guid":{"rendered":"https:\/\/yume-silm.com\/?post_type=product&#038;p=6023"},"modified":"2024-05-11T06:27:09","modified_gmt":"2024-05-11T06:27:09","slug":"vente-en-gros-ensemble-soutien-gorge-string-ultra-mince-dentelle-taille-plus","status":"publish","type":"product","link":"https:\/\/yume-silm.com\/fr\/produit\/vente-en-gros-ensemble-soutien-gorge-string-ultra-mince-dentelle-taille-plus\/","title":{"rendered":"Ensembles de soutien-gorge et culottes grande taille en dentelle de coton en gros"},"content":{"rendered":"<h5>Caract\u00e9ristiques de conception<\/h5>\n<ul>\n<li><strong>CON\u00c7U POUR UNE GRANDE TAILLE\u00a0:<\/strong> Les ensembles soutien-gorge et culottes grande taille en dentelle de coton sont con\u00e7us pour les silhouettes grandes tailles, ils peuvent couper chaque courbe et s&#039;adapter parfaitement pour mettre en valeur et mettre en valeur votre silhouette.<\/li>\n<li><strong>D\u00c9CORATION DE DENTELLE EXQUISE\u00a0:<\/strong> Le motif en dentelle de la collection de lingerie sexy pour femmes incarne le c\u00f4t\u00e9 sexy et sophistiqu\u00e9, ce qui est non seulement s\u00e9duisant, mais ajoute \u00e9galement une touche d&#039;\u00e9l\u00e9gance intemporelle \u00e0 l&#039;ensemble de lingerie.<\/li>\n<li><strong>ULTRA-MINCE ET CONFORTABLE\u00a0:<\/strong> L&#039;ensemble de soutien-gorge grande taille est fait de tissu en coton confortable et respirant, le design ultra-fin assure un confort maximal sans sacrifier le style, vous permettant de vous sentir aussi bien que vous en avez l&#039;air.<\/li>\n<li><strong>POLYVALENT ET R\u00c9GLABLE\u00a0:<\/strong> Notre ensemble soutien-gorge et culotte fronc\u00e9s pour femme est livr\u00e9 avec des bretelles r\u00e9glables et des fermoirs de s\u00e9curit\u00e9 pour garantir un ajustement personnalis\u00e9, tandis que le string en coton offre un confort extensible pour s&#039;adapter \u00e0 une vari\u00e9t\u00e9 de morphologies.<\/li>\n<li><strong>CONFIANCE AM\u00c9LIOR\u00c9E\u00a0:<\/strong> L&#039;ensemble en dentelle de coton avec bonnets complets vous donne non seulement une meilleure apparence, mais vous donne \u00e9galement le sentiment d&#039;\u00eatre plus autonome. Renforcez votre confiance et sentez-vous autonome \u00e0 chaque fois que vous mettez \u00e0 jour cette luxueuse collection d&#039;ensembles de lingerie.<\/li>\n<\/ul>\n<h6><em>Ensemble soutien-gorge et culotte en dentelle de coton grande taille pour femme<\/em><\/h6>\n<ul>\n<li>Entrez dans l\u2019univers de la s\u00e9duction dentelle, o\u00f9 confort et sensualit\u00e9 vont de pair. Parfaits pour les occasions sp\u00e9ciales ou pour vous faire plaisir, cet ensemble soutien-gorge et culotte grande taille en dentelle de coton vous fera vous sentir aussi belle que vous en avez l&#039;air. Red\u00e9couvrez-vous et \u00e9pousez vos courbes avec gr\u00e2ce et g\u00e9n\u00e9rosit\u00e9.<\/li>\n<\/ul>\n<div class=\"ast-oembed-container\" style=\"height: 100%;\"><iframe title=\"Vente en gros Ensemble soutien-gorge et string ultra fin en dentelle grande taille\" width=\"500\" height=\"281\" src=\"https:\/\/www.youtube.com\/embed\/H7xZbXL_8V8?feature=oembed\" frameborder=\"0\" allow=\"accelerometer; autoplay; clipboard-write; encrypted-media; gyroscope; picture-in-picture; web-share\" referrerpolicy=\"strict-origin-when-cross-origin\" allowfullscreen><\/iframe><\/div>","protected":false},"excerpt":{"rendered":"<p>Lib\u00e9rez la tentatrice de dentelle qui sommeille en vous avec la derni\u00e8re version, un ensemble soutien-gorge et string surdimensionn\u00e9 all\u00e9chant. Con\u00e7u pour les beaut\u00e9s pleines, cet ensemble soutien-gorge et culotte ultra-fin en dentelle de coton grande taille red\u00e9finit l&#039;\u00e9l\u00e9gance et le confort et est un incontournable dans la collection de lingerie de chaque femme courb\u00e9e.<\/p>","protected":false},"featured_media":6062,"comment_status":"open","ping_status":"closed","template":"","meta":{"site-sidebar-layout":"default","site-content-layout":"","ast-site-content-layout":"default","site-content-style":"default","site-sidebar-style":"default","ast-global-header-display":"","ast-banner-title-visibility":"","ast-main-header-display":"","ast-hfb-above-header-display":"","ast-hfb-below-header-display":"","ast-hfb-mobile-header-display":"","site-post-title":"","ast-breadcrumbs-content":"","ast-featured-img":"","footer-sml-layout":"","ast-disable-related-posts":"","theme-transparent-header-meta":"default","adv-header-id-meta":"","stick-header-meta":"default","header-above-stick-meta":"","header-main-stick-meta":"","header-below-stick-meta":"","astra-migrate-meta-layouts":"set","ast-page-background-enabled":"default","ast-page-background-meta":{"desktop":{"background-color":"","background-image":"","background-repeat":"repeat","background-position":"center center","background-size":"auto","background-attachment":"scroll","background-type":"","background-media":"","overlay-type":"","overlay-color":"","overlay-opacity":"","overlay-gradient":""},"tablet":{"background-color":"","background-image":"","background-repeat":"repeat","background-position":"center center","background-size":"auto","background-attachment":"scroll","background-type":"","background-media":"","overlay-type":"","overlay-color":"","overlay-opacity":"","overlay-gradient":""},"mobile":{"background-color":"","background-image":"","background-repeat":"repeat","background-position":"center center","background-size":"auto","background-attachment":"scroll","background-type":"","background-media":"","overlay-type":"","overlay-color":"","overlay-opacity":"","overlay-gradient":""}},"ast-content-background-meta":{"desktop":{"background-color":"var(--ast-global-color-5)","background-image":"","background-repeat":"repeat","background-position":"center center","background-size":"auto","background-attachment":"scroll","background-type":"","background-media":"","overlay-type":"","overlay-color":"","overlay-opacity":"","overlay-gradient":""},"tablet":{"background-color":"var(--ast-global-color-5)","background-image":"","background-repeat":"repeat","background-position":"center center","background-size":"auto","background-attachment":"scroll","background-type":"","background-media":"","overlay-type":"","overlay-color":"","overlay-opacity":"","overlay-gradient":""},"mobile":{"background-color":"var(--ast-global-color-5)","background-image":"","background-repeat":"repeat","background-position":"center center","background-size":"auto","background-attachment":"scroll","background-type":"","background-media":"","overlay-type":"","overlay-color":"","overlay-opacity":"","overlay-gradient":""}}},"product_brand":[],"product_cat":[259,583],"product_tag":[399,433,432,141,474,471],"class_list":{"0":"post-6023","1":"product","2":"type-product","3":"status-publish","4":"has-post-thumbnail","6":"product_cat-lingerie","7":"product_cat-plus-size-underwear","8":"product_tag-cotton-lace-bra","9":"product_tag-cotton-underwear","10":"product_tag-lace-lingerie","11":"product_tag-plus-size","12":"product_tag-underwear-set","13":"product_tag-women-sexy-underwear","14":"pa_color-black","15":"pa_color-blue","16":"pa_color-khaki","17":"pa_color-pink","18":"pa_color-red","19":"pa_color-white","20":"pa_size-100d3xl","21":"pa_size-105d4xl","22":"pa_size-110d5xl","23":"pa_size-85dxl","24":"pa_size-90d1xl","25":"pa_size-95d2xl","26":"desktop-align-center","27":"tablet-align-left","28":"mobile-align-left","29":"ast-product-gallery-layout-horizontal-slider","30":"ast-product-single-variable","31":"ast-product-tabs-layout-horizontal","32":"ast-qv-on-image","34":"first","35":"instock","36":"shipping-taxable","37":"purchasable","38":"product-type-variable"},"tiered_pricing_type":"fixed","tiered_pricing_fixed_rules":{"2":6.99,"30":5.99,"100":5.19},"tiered_pricing_product_settings":{"layout":"default","base_unit_name":{"singular":null,"plural":null},"default_variation":null},"tiered_pricing_minimum_quantity":null,"tiered_pricing_roles_data":[],"tiered_pricing_percentage_rules":[],"_links":{"self":[{"href":"https:\/\/yume-silm.com\/fr\/wp-json\/wp\/v2\/product\/6023","targetHints":{"allow":["GET"]}}],"collection":[{"href":"https:\/\/yume-silm.com\/fr\/wp-json\/wp\/v2\/product"}],"about":[{"href":"https:\/\/yume-silm.com\/fr\/wp-json\/wp\/v2\/types\/product"}],"replies":[{"embeddable":true,"href":"https:\/\/yume-silm.com\/fr\/wp-json\/wp\/v2\/comments?post=6023"}],"wp:featuredmedia":[{"embeddable":true,"href":"https:\/\/yume-silm.com\/fr\/wp-json\/wp\/v2\/media\/6062"}],"wp:attachment":[{"href":"https:\/\/yume-silm.com\/fr\/wp-json\/wp\/v2\/media?parent=6023"}],"wp:term":[{"taxonomy":"product_brand","embeddable":true,"href":"https:\/\/yume-silm.com\/fr\/wp-json\/wp\/v2\/product_brand?post=6023"},{"taxonomy":"product_cat","embeddable":true,"href":"https:\/\/yume-silm.com\/fr\/wp-json\/wp\/v2\/product_cat?post=6023"},{"taxonomy":"product_tag","embeddable":true,"href":"https:\/\/yume-silm.com\/fr\/wp-json\/wp\/v2\/product_tag?post=6023"}],"curies":[{"name":"wp","href":"https:\/\/api.w.org\/{rel}","templated":true}]}}