{"id":6080,"date":"2023-09-14T08:50:02","date_gmt":"2023-09-14T08:50:02","guid":{"rendered":"https:\/\/yume-silm.com\/?post_type=product&#038;p=6080"},"modified":"2024-06-13T09:06:16","modified_gmt":"2024-06-13T09:06:16","slug":"vente-en-gros-ensemble-soutien-gorge-string-en-dentelle-imprimee-push-up","status":"publish","type":"product","link":"https:\/\/yume-silm.com\/fr\/produit\/vente-en-gros-ensemble-soutien-gorge-string-en-dentelle-imprimee-push-up\/","title":{"rendered":"Vente en gros Ensembles de culottes de soutien-gorge en dentelle imprim\u00e9e de grande taille"},"content":{"rendered":"<h5>Caract\u00e9ristiques de conception<\/h5>\n<ul>\n<li><strong>DESIGN IMPRIM\u00c9 ATTRACTIF\u00a0:<\/strong> Nos ensembles soutien-gorge et culottes grande taille en dentelle imprim\u00e9e sont imprim\u00e9s avec des motifs accrocheurs, ajoutant du style et du style \u00e0 votre collection de lingerie.<\/li>\n<li><strong>String sexy en dentelle\u00a0:<\/strong> Le string en dentelle d\u00e9licate est parfaitement associ\u00e9 \u00e0 un ensemble de lingerie imprim\u00e9 avec soutien-gorge, d\u00e9gageant une allure s\u00e9duisante et un m\u00e9lange parfait d&#039;\u00e9l\u00e9gance et de f\u00e9minit\u00e9.<\/li>\n<li><strong>FONCTION PUSH-UP AM\u00c9LIOR\u00c9E\u00a0:<\/strong> Le soutien-gorge push-up Proud soul\u00e8ve naturellement la poitrine pour une silhouette plus ample et plus d\u00e9finie.<\/li>\n<li><strong>PERSONNALIS\u00c9 POUR LES GRANDES TAILLES :<\/strong> Notre ligne de lingerie grande taille est personnalis\u00e9e pour les silhouettes plus g\u00e9n\u00e9reuses et s&#039;adapte confortablement, vous assurant de toujours vous sentir en s\u00e9curit\u00e9 et en confiance.<\/li>\n<li><strong>MAT\u00c9RIAUX DE QUALIT\u00c9 ET CONFORT :<\/strong> L&#039;ensemble en dentelle imprim\u00e9e pour femme est fabriqu\u00e9 \u00e0 partir de mat\u00e9riaux de premi\u00e8re qualit\u00e9, le tissu est doux contre la peau tout en restant respirant. Le confort est prioritaire car vous ne vous sentirez pas mal \u00e0 l&#039;aise m\u00eame apr\u00e8s de longues heures de port.<\/li>\n<\/ul>\n<h6><em>Ensemble de lingerie soutien-gorge et string imprim\u00e9 en dentelle grande taille<\/em><\/h6>\n<ul>\n<li>Profitez de la magie de Floral Allure et d\u00e9couvrez l&#039;\u00e9l\u00e9gance et la praticit\u00e9 de la combinaison parfaite entre mode et fonctionnalit\u00e9. Qu&#039;il s&#039;agisse d&#039;une grande soir\u00e9e ou d&#039;une journ\u00e9e ordinaire, les ensembles soutien-gorge et culottes grande taille en dentelle imprim\u00e9e vous garantissent d&#039;\u00eatre toujours \u00e0 votre meilleur et de respirer la confiance et le style ! Laissez l\u2019allure florale faire briller votre d\u00e9esse int\u00e9rieure !<\/li>\n<\/ul>\n<div class=\"ast-oembed-container\" style=\"height: 100%;\"><iframe title=\"Vente en gros Ensemble string en dentelle imprim\u00e9 et soutien-gorge push-up\" width=\"500\" height=\"281\" src=\"https:\/\/www.youtube.com\/embed\/bA-8z3K3SUI?feature=oembed\" frameborder=\"0\" allow=\"accelerometer; autoplay; clipboard-write; encrypted-media; gyroscope; picture-in-picture; web-share\" referrerpolicy=\"strict-origin-when-cross-origin\" allowfullscreen><\/iframe><\/div>","protected":false},"excerpt":{"rendered":"<p>Les ensembles soutien-gorge et culottes grande taille en dentelle imprim\u00e9e promettent \u00e9l\u00e9gance et charme aux femmes audacieuses. Con\u00e7u pour cette femme audacieuse, cet ensemble push-up allie confort et sensualit\u00e9 pour une exp\u00e9rience aussi captivante que son look.<\/p>","protected":false},"featured_media":6107,"comment_status":"open","ping_status":"closed","template":"","meta":{"site-sidebar-layout":"default","site-content-layout":"","ast-site-content-layout":"default","site-content-style":"default","site-sidebar-style":"default","ast-global-header-display":"","ast-banner-title-visibility":"","ast-main-header-display":"","ast-hfb-above-header-display":"","ast-hfb-below-header-display":"","ast-hfb-mobile-header-display":"","site-post-title":"","ast-breadcrumbs-content":"","ast-featured-img":"","footer-sml-layout":"","ast-disable-related-posts":"","theme-transparent-header-meta":"default","adv-header-id-meta":"","stick-header-meta":"default","header-above-stick-meta":"","header-main-stick-meta":"","header-below-stick-meta":"","astra-migrate-meta-layouts":"set","ast-page-background-enabled":"default","ast-page-background-meta":{"desktop":{"background-color":"","background-image":"","background-repeat":"repeat","background-position":"center center","background-size":"auto","background-attachment":"scroll","background-type":"","background-media":"","overlay-type":"","overlay-color":"","overlay-opacity":"","overlay-gradient":""},"tablet":{"background-color":"","background-image":"","background-repeat":"repeat","background-position":"center center","background-size":"auto","background-attachment":"scroll","background-type":"","background-media":"","overlay-type":"","overlay-color":"","overlay-opacity":"","overlay-gradient":""},"mobile":{"background-color":"","background-image":"","background-repeat":"repeat","background-position":"center center","background-size":"auto","background-attachment":"scroll","background-type":"","background-media":"","overlay-type":"","overlay-color":"","overlay-opacity":"","overlay-gradient":""}},"ast-content-background-meta":{"desktop":{"background-color":"var(--ast-global-color-5)","background-image":"","background-repeat":"repeat","background-position":"center center","background-size":"auto","background-attachment":"scroll","background-type":"","background-media":"","overlay-type":"","overlay-color":"","overlay-opacity":"","overlay-gradient":""},"tablet":{"background-color":"var(--ast-global-color-5)","background-image":"","background-repeat":"repeat","background-position":"center center","background-size":"auto","background-attachment":"scroll","background-type":"","background-media":"","overlay-type":"","overlay-color":"","overlay-opacity":"","overlay-gradient":""},"mobile":{"background-color":"var(--ast-global-color-5)","background-image":"","background-repeat":"repeat","background-position":"center center","background-size":"auto","background-attachment":"scroll","background-type":"","background-media":"","overlay-type":"","overlay-color":"","overlay-opacity":"","overlay-gradient":""}}},"product_brand":[],"product_cat":[259,583],"product_tag":[473,397,472,470,474,471],"class_list":{"0":"post-6080","1":"product","2":"type-product","3":"status-publish","4":"has-post-thumbnail","6":"product_cat-lingerie","7":"product_cat-plus-size-underwear","8":"product_tag-lace","9":"product_tag-plus-size-underwear","10":"product_tag-printing","11":"product_tag-sexy-thong-underwear","12":"product_tag-underwear-set","13":"product_tag-women-sexy-underwear","14":"pa_color-blue","15":"pa_color-pink","16":"pa_color-red","17":"pa_color-white","18":"pa_size-100d3xl","19":"pa_size-105d4xl","20":"pa_size-110d5xl","21":"pa_size-85dxl","22":"pa_size-90d1xl","23":"pa_size-95d2xl","24":"desktop-align-center","25":"tablet-align-left","26":"mobile-align-left","27":"ast-product-gallery-layout-horizontal-slider","28":"ast-product-single-variable","29":"ast-product-tabs-layout-horizontal","30":"ast-qv-on-image","32":"first","33":"instock","34":"shipping-taxable","35":"purchasable","36":"product-type-variable"},"tiered_pricing_type":"fixed","tiered_pricing_fixed_rules":{"2":5.99,"30":5.09,"100":4.49},"tiered_pricing_product_settings":{"layout":"default","base_unit_name":{"singular":null,"plural":null},"default_variation":null},"tiered_pricing_minimum_quantity":null,"tiered_pricing_roles_data":[],"tiered_pricing_percentage_rules":[],"_links":{"self":[{"href":"https:\/\/yume-silm.com\/fr\/wp-json\/wp\/v2\/product\/6080","targetHints":{"allow":["GET"]}}],"collection":[{"href":"https:\/\/yume-silm.com\/fr\/wp-json\/wp\/v2\/product"}],"about":[{"href":"https:\/\/yume-silm.com\/fr\/wp-json\/wp\/v2\/types\/product"}],"replies":[{"embeddable":true,"href":"https:\/\/yume-silm.com\/fr\/wp-json\/wp\/v2\/comments?post=6080"}],"wp:featuredmedia":[{"embeddable":true,"href":"https:\/\/yume-silm.com\/fr\/wp-json\/wp\/v2\/media\/6107"}],"wp:attachment":[{"href":"https:\/\/yume-silm.com\/fr\/wp-json\/wp\/v2\/media?parent=6080"}],"wp:term":[{"taxonomy":"product_brand","embeddable":true,"href":"https:\/\/yume-silm.com\/fr\/wp-json\/wp\/v2\/product_brand?post=6080"},{"taxonomy":"product_cat","embeddable":true,"href":"https:\/\/yume-silm.com\/fr\/wp-json\/wp\/v2\/product_cat?post=6080"},{"taxonomy":"product_tag","embeddable":true,"href":"https:\/\/yume-silm.com\/fr\/wp-json\/wp\/v2\/product_tag?post=6080"}],"curies":[{"name":"wp","href":"https:\/\/api.w.org\/{rel}","templated":true}]}}