{"id":6132,"date":"2023-09-15T02:15:13","date_gmt":"2023-09-15T02:15:13","guid":{"rendered":"https:\/\/yume-silm.com\/?post_type=product&#038;p=6132"},"modified":"2024-11-09T03:56:43","modified_gmt":"2024-11-09T03:56:43","slug":"vente-en-gros-ensemble-soutien-gorge-en-maille-transparente-culotte-taille-moyenne","status":"publish","type":"product","link":"https:\/\/yume-silm.com\/fr\/produit\/vente-en-gros-ensemble-soutien-gorge-en-maille-transparente-culotte-taille-moyenne\/","title":{"rendered":"Ensemble de lingerie sexy en dentelle ultra fine pour femmes, vente en gros"},"content":{"rendered":"<h5>Caract\u00e9ristiques de conception<\/h5>\n<ul>\n<li><strong>ENSEMBLE DE LINGERIE EN DENTELLE DEUX PI\u00c8CES\u00a0:<\/strong> Pr\u00e9sentation de cet ensemble de lingerie sexy en dentelle ultra fine pour femme. Les fines bretelles du soutien-gorge en dentelle sont con\u00e7ues pour souligner la ligne du cou, des \u00e9paules et la courbe du buste. La dentelle et les petits n\u0153uds sont minutieusement d\u00e9cor\u00e9s, devenant instantan\u00e9ment sexy et charmants.<\/li>\n<li><strong>CONFORTABLE ET ATTRAYANT\u00a0:<\/strong> Le soutien-gorge sexy pour femme est con\u00e7u pour soutenir et soulever vos seins tout en \u00e9tant visuellement attrayant et doux au toucher. Un soutien-gorge embo\u00eetant en dentelle et une culotte en dentelle qui \u00e9pouse les hanches ajouteront \u00e0 la sensation conservatrice. Il stimule la vision globale et est plus attractif et s\u00e9duisant.<\/li>\n<li><strong>TISSU RESPIRANT ET DOUX\u00a0:<\/strong> Cet ensemble de sous-v\u00eatements en dentelle de grande taille est fabriqu\u00e9 dans un mat\u00e9riau de haute qualit\u00e9, compatible avec le confort et le glamour. Le tissu en maille respirante permet \u00e0 l&#039;air de circuler librement autour de vous, et la dentelle douce assure un contact \u00e9troit avec votre peau.<\/li>\n<li><strong>ENSEMBLE DE Lingerie DENTELLE\u00a0:<\/strong> Sous-v\u00eatements en dentelle grande taille pour femmes, disponibles dans une vari\u00e9t\u00e9 de tailles parmi lesquelles choisir. Avec une silhouette glamour qui correspond \u00e0 vos courbes naturelles, soyez s\u00fbr que notre collection de lingerie vous gardera confiante et belle toute la journ\u00e9e ! Facile \u00e0 socialiser sans stress.<\/li>\n<\/ul>\n<h6><em>Ensemble de lingerie sexy en dentelle pour femme grande taille<\/em><\/h6>\n<ul>\n<li>L&#039;ensemble de lingerie sexy en dentelle ultra fine vous permet d&#039;entrer dans un monde d&#039;\u00e9l\u00e9gance et de confort ! Il deviendra un \u00e9l\u00e9ment indispensable de votre garde-robe, revitalisant la f\u00e9minit\u00e9 ! Cet ensemble vraiment \u00e9l\u00e9gant vous donnera une touche f\u00e9minine pas comme les autres !<\/li>\n<\/ul>\n<div class=\"ast-oembed-container\" style=\"height: 100%;\"><iframe title=\"Vente en gros ensemble soutien-gorge en maille transparente et slip taille moyenne\" width=\"500\" height=\"281\" src=\"https:\/\/www.youtube.com\/embed\/onQHgUYbM2Y?feature=oembed\" frameborder=\"0\" allow=\"accelerometer; autoplay; clipboard-write; encrypted-media; gyroscope; picture-in-picture; web-share\" referrerpolicy=\"strict-origin-when-cross-origin\" allowfullscreen><\/iframe><\/div>","protected":false},"excerpt":{"rendered":"<p>D\u00e9couvrez la magie de Lace Mirage, un ensemble de lingerie sexy en dentelle ultra fine associ\u00e9 \u00e0 de superbes slips taille moyenne orn\u00e9s de motifs en dentelle complexes qui promettent \u00e0 la fois beaut\u00e9 et ajustement sans affaissement, vous faisant vous sentir belle \u00e0 l&#039;int\u00e9rieur comme \u00e0 l&#039;ext\u00e9rieur.<\/p>","protected":false},"featured_media":6172,"comment_status":"open","ping_status":"closed","template":"","meta":{"site-sidebar-layout":"default","site-content-layout":"","ast-site-content-layout":"default","site-content-style":"default","site-sidebar-style":"default","ast-global-header-display":"","ast-banner-title-visibility":"","ast-main-header-display":"","ast-hfb-above-header-display":"","ast-hfb-below-header-display":"","ast-hfb-mobile-header-display":"","site-post-title":"","ast-breadcrumbs-content":"","ast-featured-img":"","footer-sml-layout":"","ast-disable-related-posts":"","theme-transparent-header-meta":"default","adv-header-id-meta":"","stick-header-meta":"default","header-above-stick-meta":"","header-main-stick-meta":"","header-below-stick-meta":"","astra-migrate-meta-layouts":"set","ast-page-background-enabled":"default","ast-page-background-meta":{"desktop":{"background-color":"","background-image":"","background-repeat":"repeat","background-position":"center center","background-size":"auto","background-attachment":"scroll","background-type":"","background-media":"","overlay-type":"","overlay-color":"","overlay-opacity":"","overlay-gradient":""},"tablet":{"background-color":"","background-image":"","background-repeat":"repeat","background-position":"center center","background-size":"auto","background-attachment":"scroll","background-type":"","background-media":"","overlay-type":"","overlay-color":"","overlay-opacity":"","overlay-gradient":""},"mobile":{"background-color":"","background-image":"","background-repeat":"repeat","background-position":"center center","background-size":"auto","background-attachment":"scroll","background-type":"","background-media":"","overlay-type":"","overlay-color":"","overlay-opacity":"","overlay-gradient":""}},"ast-content-background-meta":{"desktop":{"background-color":"var(--ast-global-color-5)","background-image":"","background-repeat":"repeat","background-position":"center center","background-size":"auto","background-attachment":"scroll","background-type":"","background-media":"","overlay-type":"","overlay-color":"","overlay-opacity":"","overlay-gradient":""},"tablet":{"background-color":"var(--ast-global-color-5)","background-image":"","background-repeat":"repeat","background-position":"center center","background-size":"auto","background-attachment":"scroll","background-type":"","background-media":"","overlay-type":"","overlay-color":"","overlay-opacity":"","overlay-gradient":""},"mobile":{"background-color":"var(--ast-global-color-5)","background-image":"","background-repeat":"repeat","background-position":"center center","background-size":"auto","background-attachment":"scroll","background-type":"","background-media":"","overlay-type":"","overlay-color":"","overlay-opacity":"","overlay-gradient":""}}},"product_brand":[],"product_cat":[259,583],"product_tag":[439,397,438],"class_list":{"0":"post-6132","1":"product","2":"type-product","3":"status-publish","4":"has-post-thumbnail","6":"product_cat-lingerie","7":"product_cat-plus-size-underwear","8":"product_tag-lace-underwear","9":"product_tag-plus-size-underwear","10":"product_tag-sexy-lingerie","11":"pa_color-beige","12":"pa_color-black","13":"pa_color-red","14":"pa_size-38-85c-0xl","15":"pa_size-40-90c-1xl","16":"pa_size-42-95c-2xl","17":"pa_size-42-95d-2xl","18":"pa_size-44-100c-3xl","19":"pa_size-44-100d-3xl","20":"pa_size-46-105d-4xl","21":"pa_size-48-110d-5xl","22":"desktop-align-center","23":"tablet-align-left","24":"mobile-align-left","25":"ast-product-gallery-layout-horizontal-slider","26":"ast-product-single-variable","27":"ast-product-tabs-layout-horizontal","28":"ast-qv-on-image","30":"first","31":"outofstock","32":"shipping-taxable","33":"purchasable","34":"product-type-variable"},"tiered_pricing_type":"fixed","tiered_pricing_fixed_rules":{"2":6.69,"30":5.79,"100":4.99},"tiered_pricing_product_settings":{"layout":"default","base_unit_name":{"singular":null,"plural":null},"default_variation":null},"tiered_pricing_minimum_quantity":null,"tiered_pricing_roles_data":[],"tiered_pricing_percentage_rules":[],"_links":{"self":[{"href":"https:\/\/yume-silm.com\/fr\/wp-json\/wp\/v2\/product\/6132","targetHints":{"allow":["GET"]}}],"collection":[{"href":"https:\/\/yume-silm.com\/fr\/wp-json\/wp\/v2\/product"}],"about":[{"href":"https:\/\/yume-silm.com\/fr\/wp-json\/wp\/v2\/types\/product"}],"replies":[{"embeddable":true,"href":"https:\/\/yume-silm.com\/fr\/wp-json\/wp\/v2\/comments?post=6132"}],"wp:featuredmedia":[{"embeddable":true,"href":"https:\/\/yume-silm.com\/fr\/wp-json\/wp\/v2\/media\/6172"}],"wp:attachment":[{"href":"https:\/\/yume-silm.com\/fr\/wp-json\/wp\/v2\/media?parent=6132"}],"wp:term":[{"taxonomy":"product_brand","embeddable":true,"href":"https:\/\/yume-silm.com\/fr\/wp-json\/wp\/v2\/product_brand?post=6132"},{"taxonomy":"product_cat","embeddable":true,"href":"https:\/\/yume-silm.com\/fr\/wp-json\/wp\/v2\/product_cat?post=6132"},{"taxonomy":"product_tag","embeddable":true,"href":"https:\/\/yume-silm.com\/fr\/wp-json\/wp\/v2\/product_tag?post=6132"}],"curies":[{"name":"wp","href":"https:\/\/api.w.org\/{rel}","templated":true}]}}