{"id":6176,"date":"2023-09-15T03:29:17","date_gmt":"2023-09-15T03:29:17","guid":{"rendered":"https:\/\/yume-silm.com\/?post_type=product&#038;p=6176"},"modified":"2024-05-11T06:35:19","modified_gmt":"2024-05-11T06:35:19","slug":"vente-en-gros-ensemble-soutien-gorge-en-dentelle-elegance-plus-taille-ultra-mince","status":"publish","type":"product","link":"https:\/\/yume-silm.com\/fr\/produit\/vente-en-gros-ensemble-soutien-gorge-en-dentelle-elegance-plus-taille-ultra-mince\/","title":{"rendered":"Vente en gros Ensemble De Sous-V\u00eatements Grande Taille En Coton Et Dentelle"},"content":{"rendered":"<h5>Caract\u00e9ristiques de conception<\/h5>\n<ul>\n<li><strong>ENSEMBLE DE SOUS-V\u00caTEMENTS SEXY DEUX PI\u00c8CES\u00a0:<\/strong> Ensemble deux pi\u00e8ces de lingerie pour femmes flatteur et confortable, le design en dentelle semi-transparente est juste ce qu&#039;il faut pour tirer sur la corde sensible, et le coton est doux pour la peau pour mieux am\u00e9liorer la respirabilit\u00e9 de la peau. Cette collection d&#039;ensemble de sous-v\u00eatements deux pi\u00e8ces en dentelle de coton pour femme est un m\u00e9lange parfait de pudeur et de s\u00e9duction.<\/li>\n<li><strong>LINGERIE POUR FEMMES GRANDES TAILLES :<\/strong> Nos sous-v\u00eatements assortis \u00e0 bonnets complets r\u00e9pondent aux besoins uniques des femmes de taille plus avec une large gamme de tailles parmi lesquelles choisir. Il \u00e9pouse facilement vos courbes naturelles, ajoutant confiance et sensualit\u00e9 \u00e0 n&#039;importe quel look ou tenue.<\/li>\n<li><strong>CONFORT ET SOUTIEN\u00a0:<\/strong> Notre ensemble soutien-gorge et sous-v\u00eatements grande taille vous permet de d\u00e9couvrir le luxe et la nature. Il offre un soutien fluide et pratiquement l\u00e9ger tout en offrant un amorti essentiel pour un confort in\u00e9gal\u00e9.<\/li>\n<li><strong>DISPONIBILIT\u00c9 EN GROS\u00a0:<\/strong> Pour les entreprises et les d\u00e9taillants, le fait que les achats en gros soient d\u00e9sormais disponibles t\u00e9moigne de notre engagement \u00e0 fournir des produits de lingerie de qualit\u00e9 \u00e0 chaque femme qui les recherche. Venez commander votre propre ensemble de sous-v\u00eatements grande taille en dentelle et coton !<\/li>\n<\/ul>\n<h6><em>Ensemble de sous-v\u00eatements en dentelle grande taille pour femme<\/em><\/h6>\n<ul>\n<li>Dot\u00e9 de bonnets ultra-fins, cet ensemble de sous-v\u00eatements grande taille en coton et dentelle est non seulement confortable, mais pr\u00e9sente \u00e9galement un design en dentelle s\u00e9duisant. Con\u00e7u pour r\u00e9pondre aux besoins de la femme moderne de grande taille. Ils refusent de sacrifier le style ou le confort au profit de la mode ou du look. Vous serez immerg\u00e9 dans un monde de luxe et de confiance \u00e0 chaque tenue\u00a0!<\/li>\n<\/ul>","protected":false},"excerpt":{"rendered":"<p>Faites l&#039;exp\u00e9rience d&#039;une sophistication ultime avec cet ensemble de sous-v\u00eatements grande taille en coton et dentelle\u00a0! B\u00e9n\u00e9ficiant d&#039;un bonnet ultra fin et d&#039;un design s\u00e9duisant en dentelle semi-transparente, cet ensemble d\u00e9gage non seulement une allure in\u00e9gal\u00e9e, mais offre \u00e9galement une r\u00e9duction mammaire secondaire pour une silhouette esth\u00e9tiquement agr\u00e9able \u2013 ce qui rend cet ensemble parfait pour les femmes en qu\u00eate de style et de confort !<\/p>","protected":false},"featured_media":6191,"comment_status":"open","ping_status":"closed","template":"","meta":{"site-sidebar-layout":"default","site-content-layout":"","ast-site-content-layout":"default","site-content-style":"default","site-sidebar-style":"default","ast-global-header-display":"","ast-banner-title-visibility":"","ast-main-header-display":"","ast-hfb-above-header-display":"","ast-hfb-below-header-display":"","ast-hfb-mobile-header-display":"","site-post-title":"","ast-breadcrumbs-content":"","ast-featured-img":"","footer-sml-layout":"","ast-disable-related-posts":"","theme-transparent-header-meta":"default","adv-header-id-meta":"","stick-header-meta":"default","header-above-stick-meta":"","header-main-stick-meta":"","header-below-stick-meta":"","astra-migrate-meta-layouts":"set","ast-page-background-enabled":"default","ast-page-background-meta":{"desktop":{"background-color":"","background-image":"","background-repeat":"repeat","background-position":"center center","background-size":"auto","background-attachment":"scroll","background-type":"","background-media":"","overlay-type":"","overlay-color":"","overlay-opacity":"","overlay-gradient":""},"tablet":{"background-color":"","background-image":"","background-repeat":"repeat","background-position":"center center","background-size":"auto","background-attachment":"scroll","background-type":"","background-media":"","overlay-type":"","overlay-color":"","overlay-opacity":"","overlay-gradient":""},"mobile":{"background-color":"","background-image":"","background-repeat":"repeat","background-position":"center center","background-size":"auto","background-attachment":"scroll","background-type":"","background-media":"","overlay-type":"","overlay-color":"","overlay-opacity":"","overlay-gradient":""}},"ast-content-background-meta":{"desktop":{"background-color":"var(--ast-global-color-5)","background-image":"","background-repeat":"repeat","background-position":"center center","background-size":"auto","background-attachment":"scroll","background-type":"","background-media":"","overlay-type":"","overlay-color":"","overlay-opacity":"","overlay-gradient":""},"tablet":{"background-color":"var(--ast-global-color-5)","background-image":"","background-repeat":"repeat","background-position":"center center","background-size":"auto","background-attachment":"scroll","background-type":"","background-media":"","overlay-type":"","overlay-color":"","overlay-opacity":"","overlay-gradient":""},"mobile":{"background-color":"var(--ast-global-color-5)","background-image":"","background-repeat":"repeat","background-position":"center center","background-size":"auto","background-attachment":"scroll","background-type":"","background-media":"","overlay-type":"","overlay-color":"","overlay-opacity":"","overlay-gradient":""}}},"product_brand":[],"product_cat":[259,583],"product_tag":[397,438],"class_list":{"0":"post-6176","1":"product","2":"type-product","3":"status-publish","4":"has-post-thumbnail","6":"product_cat-lingerie","7":"product_cat-plus-size-underwear","8":"product_tag-plus-size-underwear","9":"product_tag-sexy-lingerie","10":"pa_color-black","11":"pa_color-red","12":"pa_size-38-85d","13":"pa_size-40-90d","14":"pa_size-42-95d","15":"pa_size-44-100d","16":"pa_size-46-105d","17":"pa_size-48-110d","18":"desktop-align-center","19":"tablet-align-left","20":"mobile-align-left","21":"ast-product-gallery-layout-horizontal-slider","22":"ast-product-single-variable","23":"ast-product-tabs-layout-horizontal","24":"ast-qv-on-image","26":"first","27":"instock","28":"shipping-taxable","29":"purchasable","30":"product-type-variable"},"tiered_pricing_type":"fixed","tiered_pricing_fixed_rules":{"2":7.19,"30":6.19,"100":5.39},"tiered_pricing_product_settings":{"layout":"default","base_unit_name":{"singular":null,"plural":null},"default_variation":null},"tiered_pricing_minimum_quantity":null,"tiered_pricing_roles_data":[],"tiered_pricing_percentage_rules":[],"_links":{"self":[{"href":"https:\/\/yume-silm.com\/fr\/wp-json\/wp\/v2\/product\/6176","targetHints":{"allow":["GET"]}}],"collection":[{"href":"https:\/\/yume-silm.com\/fr\/wp-json\/wp\/v2\/product"}],"about":[{"href":"https:\/\/yume-silm.com\/fr\/wp-json\/wp\/v2\/types\/product"}],"replies":[{"embeddable":true,"href":"https:\/\/yume-silm.com\/fr\/wp-json\/wp\/v2\/comments?post=6176"}],"wp:featuredmedia":[{"embeddable":true,"href":"https:\/\/yume-silm.com\/fr\/wp-json\/wp\/v2\/media\/6191"}],"wp:attachment":[{"href":"https:\/\/yume-silm.com\/fr\/wp-json\/wp\/v2\/media?parent=6176"}],"wp:term":[{"taxonomy":"product_brand","embeddable":true,"href":"https:\/\/yume-silm.com\/fr\/wp-json\/wp\/v2\/product_brand?post=6176"},{"taxonomy":"product_cat","embeddable":true,"href":"https:\/\/yume-silm.com\/fr\/wp-json\/wp\/v2\/product_cat?post=6176"},{"taxonomy":"product_tag","embeddable":true,"href":"https:\/\/yume-silm.com\/fr\/wp-json\/wp\/v2\/product_tag?post=6176"}],"curies":[{"name":"wp","href":"https:\/\/api.w.org\/{rel}","templated":true}]}}