{"id":6201,"date":"2023-09-15T06:33:58","date_gmt":"2023-09-15T06:33:58","guid":{"rendered":"https:\/\/yume-silm.com\/?post_type=product&#038;p=6201"},"modified":"2023-12-11T01:47:30","modified_gmt":"2023-12-11T01:47:30","slug":"vente-en-gros-soutien-gorge-sculptant-sans-eponge-pour-gros-bustes","status":"publish","type":"product","link":"https:\/\/yume-silm.com\/fr\/produit\/vente-en-gros-soutien-gorge-sculptant-sans-eponge-pour-gros-bustes\/","title":{"rendered":"Vente en gros Soutien-gorge Grande Taille En Dentelle Sans \u00c9ponge"},"content":{"rendered":"<h5>Caract\u00e9ristiques de conception<\/h5>\n<ul>\n<li><strong>CONCEPTION S\u00c9DUCTRICE ET TRANSPARENTE\u00a0:<\/strong> Notre soutien-gorge sexy en dentelle pr\u00e9sente un design \u00e9l\u00e9gant et transparent dans un mat\u00e9riau en maille transparente qui offre un aper\u00e7u glamour sans \u00eatre trop r\u00e9v\u00e9lateur, trouvant l&#039;\u00e9quilibre id\u00e9al entre myst\u00e8re et s\u00e9duction.<\/li>\n<li><strong>EMBELLISSEMENT DENTELLE\u00a0:<\/strong> Notre soutien-gorge taille plus est orn\u00e9 de jolis d\u00e9tails en dentelle, d\u00e9gageant une ambiance luxueuse et romantique qui est un incontournable de la collection de lingerie de chaque femme.<\/li>\n<li><strong>TECHNOLOGIE ANTI-affaissement\u00a0:<\/strong> Bien que les soutiens-gorge fins soient ultra fins et d\u00e9licats, ils sont con\u00e7us pour offrir un soutien suffisant. L\u2019esth\u00e9tique et la fonctionnalit\u00e9 ne sont donc pas en conflit.<\/li>\n<li><strong>TISSU RESPIRANT ET DOUX\u00a0:<\/strong> Notre lingerie femme est confectionn\u00e9e avec des mati\u00e8res haut de gamme qui privil\u00e9gient le confort. Le tissu en maille respirante permet \u00e0 l&#039;air de circuler librement autour de vous, et la dentelle douce assure un contact \u00e9troit avec votre peau.<\/li>\n<\/ul>\n<h6><em>Sous-v\u00eatements sexy en dentelle pour femmes, grande taille<\/em><\/h6>\n<p>Le soutien-gorge grande taille sans dentelle \u00e9ponge vous permet d&#039;entrer dans un monde o\u00f9 \u00e9l\u00e9gance et confort vont de pair ! Il deviendra un \u00e9l\u00e9ment indispensable de votre garde-robe, donnant vie \u00e0 votre charme f\u00e9minin !<\/p>\n<div class=\"ast-oembed-container\" style=\"height: 100%;\"><iframe title=\"Soutien-gorge sculptant sans \u00e9ponge pour gros bustes, vente en gros\" width=\"500\" height=\"281\" src=\"https:\/\/www.youtube.com\/embed\/BzPJymufu0Y?feature=oembed\" frameborder=\"0\" allow=\"accelerometer; autoplay; clipboard-write; encrypted-media; gyroscope; picture-in-picture; web-share\" referrerpolicy=\"strict-origin-when-cross-origin\" allowfullscreen><\/iframe><\/div>","protected":false},"excerpt":{"rendered":"<p>D\u00e9couvrez la beaut\u00e9 transformatrice de notre soutien-gorge taille plus sans dentelle \u00e9ponge. Fabriqu\u00e9 de mani\u00e8re experte sans rembourrage en \u00e9ponge, ce soutien-gorge de grande taille donne non seulement une apparence naturelle et r\u00e9duite aux poitrines plus larges, mais pr\u00e9sente \u00e9galement des d\u00e9tails en dentelle complexes, fusionnant style et design flatteur. Con\u00e7u pour la femme moderne, c&#039;est la quintessence du confort sexy et \u00e9l\u00e9gant.<\/p>","protected":false},"featured_media":6246,"comment_status":"open","ping_status":"closed","template":"","meta":{"site-sidebar-layout":"default","site-content-layout":"","ast-site-content-layout":"default","site-content-style":"default","site-sidebar-style":"default","ast-global-header-display":"","ast-banner-title-visibility":"","ast-main-header-display":"","ast-hfb-above-header-display":"","ast-hfb-below-header-display":"","ast-hfb-mobile-header-display":"","site-post-title":"","ast-breadcrumbs-content":"","ast-featured-img":"","footer-sml-layout":"","ast-disable-related-posts":"","theme-transparent-header-meta":"default","adv-header-id-meta":"","stick-header-meta":"default","header-above-stick-meta":"","header-main-stick-meta":"","header-below-stick-meta":"","astra-migrate-meta-layouts":"set","ast-page-background-enabled":"default","ast-page-background-meta":{"desktop":{"background-color":"","background-image":"","background-repeat":"repeat","background-position":"center center","background-size":"auto","background-attachment":"scroll","background-type":"","background-media":"","overlay-type":"","overlay-color":"","overlay-opacity":"","overlay-gradient":""},"tablet":{"background-color":"","background-image":"","background-repeat":"repeat","background-position":"center center","background-size":"auto","background-attachment":"scroll","background-type":"","background-media":"","overlay-type":"","overlay-color":"","overlay-opacity":"","overlay-gradient":""},"mobile":{"background-color":"","background-image":"","background-repeat":"repeat","background-position":"center center","background-size":"auto","background-attachment":"scroll","background-type":"","background-media":"","overlay-type":"","overlay-color":"","overlay-opacity":"","overlay-gradient":""}},"ast-content-background-meta":{"desktop":{"background-color":"var(--ast-global-color-5)","background-image":"","background-repeat":"repeat","background-position":"center center","background-size":"auto","background-attachment":"scroll","background-type":"","background-media":"","overlay-type":"","overlay-color":"","overlay-opacity":"","overlay-gradient":""},"tablet":{"background-color":"var(--ast-global-color-5)","background-image":"","background-repeat":"repeat","background-position":"center center","background-size":"auto","background-attachment":"scroll","background-type":"","background-media":"","overlay-type":"","overlay-color":"","overlay-opacity":"","overlay-gradient":""},"mobile":{"background-color":"var(--ast-global-color-5)","background-image":"","background-repeat":"repeat","background-position":"center center","background-size":"auto","background-attachment":"scroll","background-type":"","background-media":"","overlay-type":"","overlay-color":"","overlay-opacity":"","overlay-gradient":""}}},"product_brand":[],"product_cat":[259],"product_tag":[400,397,469],"class_list":{"0":"post-6201","1":"product","2":"type-product","3":"status-publish","4":"has-post-thumbnail","6":"product_cat-lingerie","7":"product_tag-plus-size-bra","8":"product_tag-plus-size-underwear","9":"product_tag-sexy-lace","10":"pa_color-beige","11":"pa_color-black","12":"pa_color-blue","13":"pa_color-khaki","14":"pa_color-pink","15":"pa_color-red","16":"pa_color-white","17":"pa_size-36-80e","18":"pa_size-38-85e","19":"pa_size-40-90e","20":"pa_size-42-95e","21":"pa_size-44-100e","22":"pa_size-46-105e","23":"desktop-align-center","24":"tablet-align-left","25":"mobile-align-left","26":"ast-product-gallery-layout-horizontal-slider","27":"ast-product-single-variable","28":"ast-product-tabs-layout-horizontal","29":"ast-qv-on-image","31":"first","32":"instock","33":"shipping-taxable","34":"purchasable","35":"product-type-variable"},"tiered_pricing_type":"fixed","tiered_pricing_fixed_rules":{"2":4.39,"30":3.79,"500":3.29},"tiered_pricing_product_settings":{"layout":"default","base_unit_name":{"singular":null,"plural":null},"default_variation":{}},"tiered_pricing_minimum_quantity":null,"tiered_pricing_roles_data":[],"tiered_pricing_percentage_rules":[],"_links":{"self":[{"href":"https:\/\/yume-silm.com\/fr\/wp-json\/wp\/v2\/product\/6201","targetHints":{"allow":["GET"]}}],"collection":[{"href":"https:\/\/yume-silm.com\/fr\/wp-json\/wp\/v2\/product"}],"about":[{"href":"https:\/\/yume-silm.com\/fr\/wp-json\/wp\/v2\/types\/product"}],"replies":[{"embeddable":true,"href":"https:\/\/yume-silm.com\/fr\/wp-json\/wp\/v2\/comments?post=6201"}],"wp:featuredmedia":[{"embeddable":true,"href":"https:\/\/yume-silm.com\/fr\/wp-json\/wp\/v2\/media\/6246"}],"wp:attachment":[{"href":"https:\/\/yume-silm.com\/fr\/wp-json\/wp\/v2\/media?parent=6201"}],"wp:term":[{"taxonomy":"product_brand","embeddable":true,"href":"https:\/\/yume-silm.com\/fr\/wp-json\/wp\/v2\/product_brand?post=6201"},{"taxonomy":"product_cat","embeddable":true,"href":"https:\/\/yume-silm.com\/fr\/wp-json\/wp\/v2\/product_cat?post=6201"},{"taxonomy":"product_tag","embeddable":true,"href":"https:\/\/yume-silm.com\/fr\/wp-json\/wp\/v2\/product_tag?post=6201"}],"curies":[{"name":"wp","href":"https:\/\/api.w.org\/{rel}","templated":true}]}}