{"id":6416,"date":"2023-09-22T06:23:46","date_gmt":"2023-09-22T06:23:46","guid":{"rendered":"https:\/\/yume-silm.com\/?post_type=product&#038;p=6416"},"modified":"2024-05-11T06:41:28","modified_gmt":"2024-05-11T06:41:28","slug":"vente-en-gros-soutien-gorge-taille-plus-brillant-elegance-soyeuse-pour-coupe-ghij","status":"publish","type":"product","link":"https:\/\/yume-silm.com\/fr\/produit\/vente-en-gros-soutien-gorge-taille-plus-brillant-elegance-soyeuse-pour-coupe-ghij\/","title":{"rendered":"Soutien-gorge ultra fin et brillant, grande taille, pour bonnet GHIJ, vente en gros"},"content":{"rendered":"<h5>Caract\u00e9ristiques de conception<\/h5>\n<ul>\n<li><strong>BRILLANT ULTRA FIN\u00a0:<\/strong> Nos soutiens-gorge ultra fins grandes tailles, principalement fabriqu\u00e9s en polyester, sont soyeux et brillants sans les co\u00fbts d&#039;entretien \u00e9lev\u00e9s. Le soutien-gorge ultra fin peut \u00eatre port\u00e9 confortablement toute la journ\u00e9e, vous permettant de vous sentir d\u00e9tendu et sans stress \u00e0 tout moment. Les bonnets fins offrent \u00e9galement un bon soutien, garantissant que vous \u00eates confortablement et joliment berc\u00e9 tout au long de la journ\u00e9e. Ajoutez un \u00e9l\u00e9ment de sophistication \u00e0 votre collection de lingerie pour vous sentir plus \u00e9l\u00e9gante \u00e0 chaque fois que vous la portez.<\/li>\n<li><strong>PERSONNALIS\u00c9 POUR LES TASSES GHIJ\u00a0:<\/strong> La lingerie est con\u00e7ue pour les bonnets extra-larges afin de r\u00e9pondre aux besoins uniques des femmes de taille plus, garantissant que les femmes \u00e0 poitrine g\u00e9n\u00e9reuse n&#039;ont pas \u00e0 faire de compromis entre style et coupe. Une collection de lingerie pour femme qui soutient parfaitement les poitrines g\u00e9n\u00e9reuses sans les serrer. Soyez votre moi le plus radieux.<\/li>\n<li><strong>L\u00c9GER ET CONFORTABLE\u00a0:<\/strong> La collection de soutiens-gorge \u00e0 bonnets embo\u00eetants pour femmes est l\u00e9g\u00e8re et confortable \u00e0 porter, \u00e9vacuant l&#039;humidit\u00e9 et respirante, s&#039;adaptant \u00e0 votre belle poitrine. Les soutiens-gorge rassembleurs ont \u00e9galement une certaine \u00e9lasticit\u00e9 et sont r\u00e9glables pour ajouter plus de possibilit\u00e9s.<\/li>\n<li><strong>CHOIX DE TAILLES MULTIPLES\u00a0:<\/strong> Notre soutien-gorge taille plus ultra fin et brillant pour femme, simple et naturel, r\u00e9pond aux besoins des femmes ayant diff\u00e9rentes tailles de poitrine, vous offrant une large gamme de tailles parmi lesquelles choisir.<\/li>\n<\/ul>\n<h6><em>Sous-v\u00eatements de soutien-gorge de grande taille ultra fins et lisses pour femmes<\/em><\/h6>\n<ul>\n<li>Nos soutiens-gorge ultra fins et brillants grande taille allient confort, maintien et \u00e9l\u00e9gance intemporelle pour les femmes aux go\u00fbts uniques et aux seins plus volumineux, vous permettant de profiter du monde du luxe. Chaque courbe m\u00e9rite de porter le meilleur soutien-gorge.<\/li>\n<\/ul>","protected":false},"excerpt":{"rendered":"<p>Laissez-vous tenter par l&#039;allure brillante de notre soutien-gorge en soie simul\u00e9e, con\u00e7u sp\u00e9cialement pour les tailles de bonnets GHIJ exquises. Ce soutien-gorge taille plus ultra fin et brillant offre un aspect et une sensation luxueux, vous enveloppant d&#039;\u00e9l\u00e9gance et de confort sans compromis.<\/p>","protected":false},"featured_media":6472,"comment_status":"open","ping_status":"closed","template":"","meta":{"site-sidebar-layout":"default","site-content-layout":"","ast-site-content-layout":"default","site-content-style":"default","site-sidebar-style":"default","ast-global-header-display":"","ast-banner-title-visibility":"","ast-main-header-display":"","ast-hfb-above-header-display":"","ast-hfb-below-header-display":"","ast-hfb-mobile-header-display":"","site-post-title":"","ast-breadcrumbs-content":"","ast-featured-img":"","footer-sml-layout":"","ast-disable-related-posts":"","theme-transparent-header-meta":"default","adv-header-id-meta":"","stick-header-meta":"default","header-above-stick-meta":"","header-main-stick-meta":"","header-below-stick-meta":"","astra-migrate-meta-layouts":"set","ast-page-background-enabled":"default","ast-page-background-meta":{"desktop":{"background-color":"","background-image":"","background-repeat":"repeat","background-position":"center center","background-size":"auto","background-attachment":"scroll","background-type":"","background-media":"","overlay-type":"","overlay-color":"","overlay-opacity":"","overlay-gradient":""},"tablet":{"background-color":"","background-image":"","background-repeat":"repeat","background-position":"center center","background-size":"auto","background-attachment":"scroll","background-type":"","background-media":"","overlay-type":"","overlay-color":"","overlay-opacity":"","overlay-gradient":""},"mobile":{"background-color":"","background-image":"","background-repeat":"repeat","background-position":"center center","background-size":"auto","background-attachment":"scroll","background-type":"","background-media":"","overlay-type":"","overlay-color":"","overlay-opacity":"","overlay-gradient":""}},"ast-content-background-meta":{"desktop":{"background-color":"var(--ast-global-color-5)","background-image":"","background-repeat":"repeat","background-position":"center center","background-size":"auto","background-attachment":"scroll","background-type":"","background-media":"","overlay-type":"","overlay-color":"","overlay-opacity":"","overlay-gradient":""},"tablet":{"background-color":"var(--ast-global-color-5)","background-image":"","background-repeat":"repeat","background-position":"center center","background-size":"auto","background-attachment":"scroll","background-type":"","background-media":"","overlay-type":"","overlay-color":"","overlay-opacity":"","overlay-gradient":""},"mobile":{"background-color":"var(--ast-global-color-5)","background-image":"","background-repeat":"repeat","background-position":"center center","background-size":"auto","background-attachment":"scroll","background-type":"","background-media":"","overlay-type":"","overlay-color":"","overlay-opacity":"","overlay-gradient":""}}},"product_brand":[],"product_cat":[65,259,583],"product_tag":[435,400,434],"class_list":{"0":"post-6416","1":"product","2":"type-product","3":"status-publish","4":"has-post-thumbnail","6":"product_cat-best-sellers","7":"product_cat-lingerie","8":"product_cat-plus-size-underwear","9":"product_tag-glossy-underwear","10":"product_tag-plus-size-bra","11":"product_tag-womens-full-cup-bra","12":"pa_color-beige","13":"pa_color-black","14":"pa_size-100g","15":"pa_size-100h","16":"pa_size-100i","17":"pa_size-100j","18":"pa_size-105h","19":"pa_size-105i","20":"pa_size-105j","21":"pa_size-110g","22":"pa_size-110h","23":"pa_size-110i","24":"pa_size-110j","25":"pa_size-75i","26":"pa_size-75j","27":"pa_size-80h","28":"pa_size-80i","29":"pa_size-80j","30":"pa_size-85g","31":"pa_size-85h","32":"pa_size-85i","33":"pa_size-85j","34":"pa_size-90h","35":"pa_size-90i","36":"pa_size-90j","37":"pa_size-95h","38":"pa_size-95i","39":"pa_size-95j","40":"desktop-align-center","41":"tablet-align-left","42":"mobile-align-left","43":"ast-product-gallery-layout-horizontal-slider","44":"ast-product-single-variable","45":"ast-product-tabs-layout-horizontal","46":"ast-qv-on-image","48":"first","49":"instock","50":"shipping-taxable","51":"purchasable","52":"product-type-variable"},"tiered_pricing_type":"fixed","tiered_pricing_fixed_rules":{"2":4.69,"30":3.99,"100":3.49},"tiered_pricing_product_settings":{"layout":"default","base_unit_name":{"singular":null,"plural":null},"default_variation":{}},"tiered_pricing_minimum_quantity":null,"tiered_pricing_roles_data":[],"tiered_pricing_percentage_rules":[],"_links":{"self":[{"href":"https:\/\/yume-silm.com\/fr\/wp-json\/wp\/v2\/product\/6416","targetHints":{"allow":["GET"]}}],"collection":[{"href":"https:\/\/yume-silm.com\/fr\/wp-json\/wp\/v2\/product"}],"about":[{"href":"https:\/\/yume-silm.com\/fr\/wp-json\/wp\/v2\/types\/product"}],"replies":[{"embeddable":true,"href":"https:\/\/yume-silm.com\/fr\/wp-json\/wp\/v2\/comments?post=6416"}],"wp:featuredmedia":[{"embeddable":true,"href":"https:\/\/yume-silm.com\/fr\/wp-json\/wp\/v2\/media\/6472"}],"wp:attachment":[{"href":"https:\/\/yume-silm.com\/fr\/wp-json\/wp\/v2\/media?parent=6416"}],"wp:term":[{"taxonomy":"product_brand","embeddable":true,"href":"https:\/\/yume-silm.com\/fr\/wp-json\/wp\/v2\/product_brand?post=6416"},{"taxonomy":"product_cat","embeddable":true,"href":"https:\/\/yume-silm.com\/fr\/wp-json\/wp\/v2\/product_cat?post=6416"},{"taxonomy":"product_tag","embeddable":true,"href":"https:\/\/yume-silm.com\/fr\/wp-json\/wp\/v2\/product_tag?post=6416"}],"curies":[{"name":"wp","href":"https:\/\/api.w.org\/{rel}","templated":true}]}}