{"id":6477,"date":"2023-09-22T06:46:56","date_gmt":"2023-09-22T06:46:56","guid":{"rendered":"https:\/\/yume-silm.com\/?post_type=product&#038;p=6477"},"modified":"2024-05-11T06:44:52","modified_gmt":"2024-05-11T06:44:52","slug":"vente-en-gros-soutien-gorge-taille-plus-transparent-ultra-fin","status":"publish","type":"product","link":"https:\/\/yume-silm.com\/fr\/produit\/vente-en-gros-soutien-gorge-taille-plus-transparent-ultra-fin\/","title":{"rendered":"Soutien-gorge sexy ultra fin transparent, grande taille, vente en gros"},"content":{"rendered":"<h5>Caract\u00e9ristiques de conception<\/h5>\n<ul>\n<li><strong>TISSU EN MAILLE TRANSPARENTE SEXY\u00a0:<\/strong> La maille transparente de notre soutien-gorge \u00e0 bonnets embo\u00eetants est soigneusement con\u00e7ue pour non seulement ajouter un charme s\u00e9duisant, mais \u00e9galement assurer la respirabilit\u00e9 de votre peau, vous permettant de vous sentir \u00e0 l&#039;aise toute la journ\u00e9e.<\/li>\n<li><strong>ULTRA-MINCE ET L\u00c9G\u00c8RE\u00a0:<\/strong> Ce sous-v\u00eatement ultra fin est personnalis\u00e9 pour les femmes \u00e0 la silhouette g\u00e9n\u00e9reuse, vous offrant la couverture et la l\u00e9g\u00e8ret\u00e9 dont vous avez besoin pour aimer. Faites l\u2019exp\u00e9rience du confort d\u2019une seconde peau.<\/li>\n<li><strong>MAGIE DE LA R\u00c9DUCTION VISUELLE\u00a0:<\/strong> La lingerie en dentelle mettra en valeur vos courbes naturelles tout en se comprimant doucement pour rendre les poitrines plus larges l\u00e9g\u00e8rement plus petites, \u00e9tablissant ainsi l&#039;\u00e9quilibre parfait entre \u00e9treinte et \u00e9l\u00e9gance.<\/li>\n<li><strong>HAUTE EXTENSION, AJUSTEMENT PARFAIT\u00a0:<\/strong> Nos soutiens-gorge de beaut\u00e9 rassembl\u00e9s sont fabriqu\u00e9s \u00e0 partir de tissus avec une \u00e9lasticit\u00e9 sup\u00e9rieure pour garantir que le soutien-gorge \u00e9pouse la forme unique de votre corps, offrant un ajustement impeccable sans aucune oppression.<\/li>\n<li><strong>CONCEPTION ANTI-AFFACHEMENT\u00a0:<\/strong> Nos soutiens-gorge utilisent des techniques de conception avanc\u00e9es et des mat\u00e9riaux de qualit\u00e9 sup\u00e9rieure pour offrir un soutien et un maintien in\u00e9gal\u00e9s, vous garantissant ainsi d&#039;\u00eatre toujours \u00e0 votre meilleur.<\/li>\n<\/ul>\n<h6><em>Soutien-gorge push up transparent ultra fin bonnets embo\u00eetants grande taille<\/em><\/h6>\n<ul>\n<li>Envie de d\u00e9couvrir un monde o\u00f9 l\u2019\u00e9l\u00e9gance pure rencontre un soutien ind\u00e9fectible ? Pour les femmes qui recherchent une pure s\u00e9duction sans compromettre le soutien, notre soutien-gorge ultra fin transparent sexy grande taille est le choix parfait pour vous.<\/li>\n<\/ul>","protected":false},"excerpt":{"rendered":"<p>D\u00e9couvrez la fusion enchanteresse du confort et de l&#039;allure avec notre soutien-gorge ultra fin transparent sexy grande taille. Con\u00e7u de mani\u00e8re experte pour les grandes tailles, ce soutien-gorge ultra-fin pr\u00e9sente une grande \u00e9lasticit\u00e9 pour \u00e9pouser gracieusement tout en offrant une r\u00e9duction visuelle pour des poitrines plus volumineuses.<\/p>","protected":false},"featured_media":6503,"comment_status":"open","ping_status":"closed","template":"","meta":{"site-sidebar-layout":"default","site-content-layout":"","ast-site-content-layout":"default","site-content-style":"default","site-sidebar-style":"default","ast-global-header-display":"","ast-banner-title-visibility":"","ast-main-header-display":"","ast-hfb-above-header-display":"","ast-hfb-below-header-display":"","ast-hfb-mobile-header-display":"","site-post-title":"","ast-breadcrumbs-content":"","ast-featured-img":"","footer-sml-layout":"","ast-disable-related-posts":"","theme-transparent-header-meta":"default","adv-header-id-meta":"","stick-header-meta":"default","header-above-stick-meta":"","header-main-stick-meta":"","header-below-stick-meta":"","astra-migrate-meta-layouts":"set","ast-page-background-enabled":"default","ast-page-background-meta":{"desktop":{"background-color":"","background-image":"","background-repeat":"repeat","background-position":"center center","background-size":"auto","background-attachment":"scroll","background-type":"","background-media":"","overlay-type":"","overlay-color":"","overlay-opacity":"","overlay-gradient":""},"tablet":{"background-color":"","background-image":"","background-repeat":"repeat","background-position":"center center","background-size":"auto","background-attachment":"scroll","background-type":"","background-media":"","overlay-type":"","overlay-color":"","overlay-opacity":"","overlay-gradient":""},"mobile":{"background-color":"","background-image":"","background-repeat":"repeat","background-position":"center center","background-size":"auto","background-attachment":"scroll","background-type":"","background-media":"","overlay-type":"","overlay-color":"","overlay-opacity":"","overlay-gradient":""}},"ast-content-background-meta":{"desktop":{"background-color":"var(--ast-global-color-5)","background-image":"","background-repeat":"repeat","background-position":"center center","background-size":"auto","background-attachment":"scroll","background-type":"","background-media":"","overlay-type":"","overlay-color":"","overlay-opacity":"","overlay-gradient":""},"tablet":{"background-color":"var(--ast-global-color-5)","background-image":"","background-repeat":"repeat","background-position":"center center","background-size":"auto","background-attachment":"scroll","background-type":"","background-media":"","overlay-type":"","overlay-color":"","overlay-opacity":"","overlay-gradient":""},"mobile":{"background-color":"var(--ast-global-color-5)","background-image":"","background-repeat":"repeat","background-position":"center center","background-size":"auto","background-attachment":"scroll","background-type":"","background-media":"","overlay-type":"","overlay-color":"","overlay-opacity":"","overlay-gradient":""}}},"product_brand":[],"product_cat":[259,65,583],"product_tag":[407,432,397,431],"class_list":{"0":"post-6477","1":"product","2":"type-product","3":"status-publish","4":"has-post-thumbnail","6":"product_cat-lingerie","7":"product_cat-best-sellers","8":"product_cat-plus-size-underwear","9":"product_tag-full-cup-bra","10":"product_tag-lace-lingerie","11":"product_tag-plus-size-underwear","12":"product_tag-sexy-bra","13":"pa_color-gray","14":"pa_size-100d","15":"pa_size-100e","16":"pa_size-100f","17":"pa_size-105d","18":"pa_size-105e","19":"pa_size-105f","20":"pa_size-90f","21":"pa_size-95d","22":"pa_size-95e","23":"desktop-align-center","24":"tablet-align-left","25":"mobile-align-left","26":"ast-product-gallery-layout-horizontal-slider","27":"ast-product-single-variable","28":"ast-product-tabs-layout-horizontal","29":"ast-qv-on-image","31":"first","32":"instock","33":"shipping-taxable","34":"purchasable","35":"product-type-variable"},"tiered_pricing_type":"fixed","tiered_pricing_fixed_rules":{"2":2.09,"30":1.79,"100":1.59},"tiered_pricing_product_settings":{"layout":"default","base_unit_name":{"singular":null,"plural":null},"default_variation":null},"tiered_pricing_minimum_quantity":null,"tiered_pricing_roles_data":[],"tiered_pricing_percentage_rules":[],"_links":{"self":[{"href":"https:\/\/yume-silm.com\/fr\/wp-json\/wp\/v2\/product\/6477","targetHints":{"allow":["GET"]}}],"collection":[{"href":"https:\/\/yume-silm.com\/fr\/wp-json\/wp\/v2\/product"}],"about":[{"href":"https:\/\/yume-silm.com\/fr\/wp-json\/wp\/v2\/types\/product"}],"replies":[{"embeddable":true,"href":"https:\/\/yume-silm.com\/fr\/wp-json\/wp\/v2\/comments?post=6477"}],"wp:featuredmedia":[{"embeddable":true,"href":"https:\/\/yume-silm.com\/fr\/wp-json\/wp\/v2\/media\/6503"}],"wp:attachment":[{"href":"https:\/\/yume-silm.com\/fr\/wp-json\/wp\/v2\/media?parent=6477"}],"wp:term":[{"taxonomy":"product_brand","embeddable":true,"href":"https:\/\/yume-silm.com\/fr\/wp-json\/wp\/v2\/product_brand?post=6477"},{"taxonomy":"product_cat","embeddable":true,"href":"https:\/\/yume-silm.com\/fr\/wp-json\/wp\/v2\/product_cat?post=6477"},{"taxonomy":"product_tag","embeddable":true,"href":"https:\/\/yume-silm.com\/fr\/wp-json\/wp\/v2\/product_tag?post=6477"}],"curies":[{"name":"wp","href":"https:\/\/api.w.org\/{rel}","templated":true}]}}