{"id":6504,"date":"2023-09-22T07:13:17","date_gmt":"2023-09-22T07:13:17","guid":{"rendered":"https:\/\/yume-silm.com\/?post_type=product&#038;p=6504"},"modified":"2024-05-11T06:46:32","modified_gmt":"2024-05-11T06:46:32","slug":"vente-en-gros-soutien-gorge-extra-large-sans-armatures-bonnet-complet-support-de-sangle-large","status":"publish","type":"product","link":"https:\/\/yume-silm.com\/fr\/produit\/vente-en-gros-soutien-gorge-extra-large-sans-armatures-bonnet-complet-support-de-sangle-large\/","title":{"rendered":"Soutien-gorge grande taille en coton doux \u00e0 larges bretelles, vente en gros"},"content":{"rendered":"<h5>Caract\u00e9ristiques de conception<\/h5>\n<ul>\n<li><strong>CONFORTABLE SANS ANNEAUX EN ACIER\u00a0:<\/strong> Nos sous-v\u00eatements confortables sans anneaux en acier. La conception sans anneau offre un ajustement sans couture et assure la libert\u00e9 de mouvement. Ressentez la diff\u00e9rence dans votre journ\u00e9e et changez les pressions et les pressions qui sont courantes avec les soutiens-gorge traditionnels.<\/li>\n<li><strong>CON\u00c7U POUR LES TR\u00c8S GRANDES TAILLES\u00a0:<\/strong> Con\u00e7u pour les femmes rondes, ce soutien-gorge prend en compte les besoins uniques de celle qui le porte. Nos soutiens-gorge grandes tailles offrent le m\u00e9lange parfait de maintien et de style, avec une large gamme de tailles parmi lesquelles choisir, vous n&#039;avez donc plus \u00e0 vous soucier de la taille.<\/li>\n<li><strong>GARANTIE TASSE COMPL\u00c8TE\u00a0:<\/strong> Lingerie en coton couvrant enti\u00e8rement les bonnets. Assurant la modestie sans sacrifier le style, ce soutien-gorge est parfait pour un usage quotidien ou pour des occasions sp\u00e9ciales. De plus, il am\u00e9liore le maintien et assure que vos seins restent en place.<\/li>\n<li><strong>LARGES SANGLES DE SOUTIEN\u00a0:<\/strong> La fatigue des \u00e9paules appartient au pass\u00e9. Les larges bretelles des sous-v\u00eatements l\u00e9gers r\u00e9partissent le poids uniform\u00e9ment et assurent un confort tout au long de la journ\u00e9e. Les larges bretelles garantissent \u00e9galement que les bretelles ne s&#039;enfoncent pas, \u00e9vitant ainsi les marques disgracieuses sur les \u00e9paules.<\/li>\n<\/ul>\n<h6><em>Sous-v\u00eatements en coton grande taille pour femmes<\/em><\/h6>\n<ul>\n<li>Ce soutien-gorge confortable en coton pour femme bien con\u00e7u se fond parfaitement dans n&#039;importe quelle garde-robe, offrant une \u00e9l\u00e9gance et un soutien in\u00e9gal\u00e9. Id\u00e9al pour ceux qui se soucient de la mode et du confort.<\/li>\n<li>Con\u00e7u avec un look moderne et \u00e9l\u00e9gant, le soutien-gorge taille plus \u00e0 larges bretelles en coton doux est une pi\u00e8ce incontournable au quotidien qui fait \u00e9galement une d\u00e9claration. Admirez son look \u00e9l\u00e9gant tout en b\u00e9n\u00e9ficiant d&#039;un confort haut de gamme.<\/li>\n<\/ul>","protected":false},"excerpt":{"rendered":"<p>D\u00e9couvrez un confort in\u00e9gal\u00e9 avec ce soutien-gorge grande taille \u00e0 bretelles larges en coton doux. Dot\u00e9 de larges bretelles, il garantit l&#039;\u00e9quilibre id\u00e9al entre maintien et \u00e9l\u00e9gance esth\u00e9tique.<\/p>","protected":false},"featured_media":6529,"comment_status":"open","ping_status":"closed","template":"","meta":{"site-sidebar-layout":"default","site-content-layout":"","ast-site-content-layout":"default","site-content-style":"default","site-sidebar-style":"default","ast-global-header-display":"","ast-banner-title-visibility":"","ast-main-header-display":"","ast-hfb-above-header-display":"","ast-hfb-below-header-display":"","ast-hfb-mobile-header-display":"","site-post-title":"","ast-breadcrumbs-content":"","ast-featured-img":"","footer-sml-layout":"","ast-disable-related-posts":"","theme-transparent-header-meta":"default","adv-header-id-meta":"","stick-header-meta":"default","header-above-stick-meta":"","header-main-stick-meta":"","header-below-stick-meta":"","astra-migrate-meta-layouts":"set","ast-page-background-enabled":"default","ast-page-background-meta":{"desktop":{"background-color":"","background-image":"","background-repeat":"repeat","background-position":"center center","background-size":"auto","background-attachment":"scroll","background-type":"","background-media":"","overlay-type":"","overlay-color":"","overlay-opacity":"","overlay-gradient":""},"tablet":{"background-color":"","background-image":"","background-repeat":"repeat","background-position":"center center","background-size":"auto","background-attachment":"scroll","background-type":"","background-media":"","overlay-type":"","overlay-color":"","overlay-opacity":"","overlay-gradient":""},"mobile":{"background-color":"","background-image":"","background-repeat":"repeat","background-position":"center center","background-size":"auto","background-attachment":"scroll","background-type":"","background-media":"","overlay-type":"","overlay-color":"","overlay-opacity":"","overlay-gradient":""}},"ast-content-background-meta":{"desktop":{"background-color":"var(--ast-global-color-5)","background-image":"","background-repeat":"repeat","background-position":"center center","background-size":"auto","background-attachment":"scroll","background-type":"","background-media":"","overlay-type":"","overlay-color":"","overlay-opacity":"","overlay-gradient":""},"tablet":{"background-color":"var(--ast-global-color-5)","background-image":"","background-repeat":"repeat","background-position":"center center","background-size":"auto","background-attachment":"scroll","background-type":"","background-media":"","overlay-type":"","overlay-color":"","overlay-opacity":"","overlay-gradient":""},"mobile":{"background-color":"var(--ast-global-color-5)","background-image":"","background-repeat":"repeat","background-position":"center center","background-size":"auto","background-attachment":"scroll","background-type":"","background-media":"","overlay-type":"","overlay-color":"","overlay-opacity":"","overlay-gradient":""}}},"product_brand":[],"product_cat":[65,259,583],"product_tag":[433,407,397],"class_list":{"0":"post-6504","1":"product","2":"type-product","3":"status-publish","4":"has-post-thumbnail","6":"product_cat-best-sellers","7":"product_cat-lingerie","8":"product_cat-plus-size-underwear","9":"product_tag-cotton-underwear","10":"product_tag-full-cup-bra","11":"product_tag-plus-size-underwear","12":"pa_color-beige","13":"pa_size-100g","14":"pa_size-105f","15":"pa_size-105g","16":"pa_size-110b","17":"pa_size-110c","18":"pa_size-110d","19":"pa_size-110e","20":"pa_size-115b","21":"pa_size-115c","22":"pa_size-115d","23":"pa_size-115e","24":"pa_size-115g","25":"pa_size-120b","26":"pa_size-120c","27":"pa_size-120d","28":"pa_size-120e","29":"pa_size-120f","30":"pa_size-120g","31":"pa_size-125b","32":"pa_size-125c","33":"pa_size-125d","34":"pa_size-125f","35":"desktop-align-center","36":"tablet-align-left","37":"mobile-align-left","38":"ast-product-gallery-layout-horizontal-slider","39":"ast-product-single-variable","40":"ast-product-tabs-layout-horizontal","41":"ast-qv-on-image","43":"first","44":"instock","45":"shipping-taxable","46":"purchasable","47":"product-type-variable"},"tiered_pricing_type":"fixed","tiered_pricing_fixed_rules":{"2":2.09,"30":1.79,"100":1.59},"tiered_pricing_product_settings":{"layout":"default","base_unit_name":{"singular":null,"plural":null},"default_variation":{}},"tiered_pricing_minimum_quantity":null,"tiered_pricing_roles_data":[],"tiered_pricing_percentage_rules":[],"_links":{"self":[{"href":"https:\/\/yume-silm.com\/fr\/wp-json\/wp\/v2\/product\/6504","targetHints":{"allow":["GET"]}}],"collection":[{"href":"https:\/\/yume-silm.com\/fr\/wp-json\/wp\/v2\/product"}],"about":[{"href":"https:\/\/yume-silm.com\/fr\/wp-json\/wp\/v2\/types\/product"}],"replies":[{"embeddable":true,"href":"https:\/\/yume-silm.com\/fr\/wp-json\/wp\/v2\/comments?post=6504"}],"wp:featuredmedia":[{"embeddable":true,"href":"https:\/\/yume-silm.com\/fr\/wp-json\/wp\/v2\/media\/6529"}],"wp:attachment":[{"href":"https:\/\/yume-silm.com\/fr\/wp-json\/wp\/v2\/media?parent=6504"}],"wp:term":[{"taxonomy":"product_brand","embeddable":true,"href":"https:\/\/yume-silm.com\/fr\/wp-json\/wp\/v2\/product_brand?post=6504"},{"taxonomy":"product_cat","embeddable":true,"href":"https:\/\/yume-silm.com\/fr\/wp-json\/wp\/v2\/product_cat?post=6504"},{"taxonomy":"product_tag","embeddable":true,"href":"https:\/\/yume-silm.com\/fr\/wp-json\/wp\/v2\/product_tag?post=6504"}],"curies":[{"name":"wp","href":"https:\/\/api.w.org\/{rel}","templated":true}]}}