{"id":6538,"date":"2023-09-23T07:12:41","date_gmt":"2023-09-23T07:12:41","guid":{"rendered":"https:\/\/yume-silm.com\/?post_type=product&#038;p=6538"},"modified":"2024-05-11T06:48:38","modified_gmt":"2024-05-11T06:48:38","slug":"soutien-gorge-extra-large-sans-armatures-avec-larges-bretelles","status":"publish","type":"product","link":"https:\/\/yume-silm.com\/fr\/produit\/soutien-gorge-extra-large-sans-armatures-avec-larges-bretelles\/","title":{"rendered":"Soutien-gorge extra large sans armatures avec larges bretelles"},"content":{"rendered":"<h5>Soutien-gorge grande taille sans fil \u00e0 couverture compl\u00e8te et bretelles larges<\/h5>\n<ul>\n<li>CONFORT SANS FIL : Dites adieu \u00e0 l&#039;inconfort des armatures. Nos soutiens-gorge \u00e0 bonnets embo\u00eetants sans armatures ont une coupe sans couture pour garantir une libert\u00e9 de mouvement illimit\u00e9e. Ressentez la diff\u00e9rence dans votre journ\u00e9e sans les coups et les pressions courants avec les soutiens-gorge \u00e0 armatures. Sa nature sans fil r\u00e9pond au besoin de confort au quotidien, vous garantissant de rester d\u00e9tendu et sans restriction.<\/li>\n<li>SP\u00c9CIFIQUEMENT CON\u00c7U POUR LES EXTRA LARGES : Con\u00e7u pour les femmes corpulentes, notre soutien-gorge grande taille prend en compte les besoins uniques de celle qui le porte. Il offre un m\u00e9lange parfait de soutien et de style pour une exp\u00e9rience de port in\u00e9gal\u00e9e. Sa conception sp\u00e9ciale r\u00e9sout les probl\u00e8mes courants associ\u00e9s aux poitrines volumineuses et assure un ajustement confortable.<\/li>\n<li>GARANTIE COMPL\u00c8TE DES COUPES : Le soutien-gorge \u00e0 bonnets int\u00e9graux avec une large couverture assure la pudeur sans perdre la mode. Id\u00e9al pour un usage quotidien ou pour des occasions sp\u00e9ciales, le soutien am\u00e9lior\u00e9 garantit que vos seins restent en place. Le design \u00e0 bonnets complets renforce non seulement la confiance, mais met \u00e9galement en valeur une silhouette lisse sous n&#039;importe quelle tenue.<\/li>\n<li>Larges bretelles de soutien : les larges bretelles de cette lingerie pour femme sont con\u00e7ues pour garantir que le poids est uniform\u00e9ment r\u00e9parti pour offrir un confort tout au long de la journ\u00e9e. Les larges bretelles \u00e9vitent \u00e9galement les marques disgracieuses sur les \u00e9paules en garantissant que les bretelles ne s&#039;affaissent pas. Ces larges bretelles offrent le soutien confortable n\u00e9cessaire aux poitrines g\u00e9n\u00e9reuses.<\/li>\n<li>Chic et fonctionnel : con\u00e7u dans un esprit de mode moderne, ce soutien-gorge l\u00e9ger et confortable est \u00e0 la fois une pi\u00e8ce tendance et un essentiel au quotidien. Admirez son look \u00e9l\u00e9gant tout en b\u00e9n\u00e9ficiant d&#039;un confort haut de gamme, ce qui en fait un choix fiable pour ceux qui recherchent style et fonctionnalit\u00e9.<\/li>\n<\/ul>\n<h6><em>Soutien-gorge embo\u00eetant sans armatures avec larges bretelles <\/em><\/h6>\n<ul>\n<li>D\u00e9couvrez un m\u00e9lange d&#039;\u00e9l\u00e9gance et de soutien in\u00e9gal\u00e9 avec ce soutien-gorge \u00e9l\u00e9gant, confortable et sans pression qui s&#039;int\u00e8gre parfaitement dans n&#039;importe quel placard, parfait pour celles qui appr\u00e9cient \u00e0 la fois le style et le confort.<\/li>\n<\/ul>","protected":false},"excerpt":{"rendered":"<p>Un soutien-gorge embo\u00eetant sans armatures personnalis\u00e9 pour les femmes oversize pour un confort in\u00e9gal\u00e9. Il est dot\u00e9 de larges bretelles qui assurent l&#039;\u00e9quilibre id\u00e9al entre maintien et \u00e9l\u00e9gance esth\u00e9tique.<\/p>","protected":false},"featured_media":6588,"comment_status":"open","ping_status":"closed","template":"","meta":{"site-sidebar-layout":"default","site-content-layout":"","ast-site-content-layout":"default","site-content-style":"default","site-sidebar-style":"default","ast-global-header-display":"","ast-banner-title-visibility":"","ast-main-header-display":"","ast-hfb-above-header-display":"","ast-hfb-below-header-display":"","ast-hfb-mobile-header-display":"","site-post-title":"","ast-breadcrumbs-content":"","ast-featured-img":"","footer-sml-layout":"","ast-disable-related-posts":"","theme-transparent-header-meta":"default","adv-header-id-meta":"","stick-header-meta":"default","header-above-stick-meta":"","header-main-stick-meta":"","header-below-stick-meta":"","astra-migrate-meta-layouts":"set","ast-page-background-enabled":"default","ast-page-background-meta":{"desktop":{"background-color":"","background-image":"","background-repeat":"repeat","background-position":"center center","background-size":"auto","background-attachment":"scroll","background-type":"","background-media":"","overlay-type":"","overlay-color":"","overlay-opacity":"","overlay-gradient":""},"tablet":{"background-color":"","background-image":"","background-repeat":"repeat","background-position":"center center","background-size":"auto","background-attachment":"scroll","background-type":"","background-media":"","overlay-type":"","overlay-color":"","overlay-opacity":"","overlay-gradient":""},"mobile":{"background-color":"","background-image":"","background-repeat":"repeat","background-position":"center center","background-size":"auto","background-attachment":"scroll","background-type":"","background-media":"","overlay-type":"","overlay-color":"","overlay-opacity":"","overlay-gradient":""}},"ast-content-background-meta":{"desktop":{"background-color":"var(--ast-global-color-5)","background-image":"","background-repeat":"repeat","background-position":"center center","background-size":"auto","background-attachment":"scroll","background-type":"","background-media":"","overlay-type":"","overlay-color":"","overlay-opacity":"","overlay-gradient":""},"tablet":{"background-color":"var(--ast-global-color-5)","background-image":"","background-repeat":"repeat","background-position":"center center","background-size":"auto","background-attachment":"scroll","background-type":"","background-media":"","overlay-type":"","overlay-color":"","overlay-opacity":"","overlay-gradient":""},"mobile":{"background-color":"var(--ast-global-color-5)","background-image":"","background-repeat":"repeat","background-position":"center center","background-size":"auto","background-attachment":"scroll","background-type":"","background-media":"","overlay-type":"","overlay-color":"","overlay-opacity":"","overlay-gradient":""}}},"product_brand":[],"product_cat":[259,76,583],"product_tag":[404,407,400,397,401,396],"class_list":{"0":"post-6538","1":"product","2":"type-product","3":"status-publish","4":"has-post-thumbnail","6":"product_cat-lingerie","7":"product_cat-new-arrivels","8":"product_cat-plus-size-underwear","9":"product_tag-full-coverage-bra","10":"product_tag-full-cup-bra","11":"product_tag-plus-size-bra","12":"product_tag-plus-size-underwear","13":"product_tag-wireless-bra","14":"product_tag-womens-underwear","15":"pa_color-beige","16":"pa_color-green","17":"pa_color-purple","18":"pa_size-34-75e","19":"pa_size-34-75f","20":"pa_size-36-80d","21":"pa_size-36-80e","22":"pa_size-36-80f","23":"pa_size-38-85d","24":"pa_size-38-85e","25":"pa_size-38-85f","26":"pa_size-40-90d","27":"pa_size-40-90e","28":"pa_size-40-90f","29":"pa_size-42-95d","30":"pa_size-42-95e","31":"pa_size-42-95f","32":"desktop-align-center","33":"tablet-align-left","34":"mobile-align-left","35":"ast-product-gallery-layout-horizontal-slider","36":"ast-product-single-variable","37":"ast-product-tabs-layout-horizontal","38":"ast-qv-on-image","40":"first","41":"instock","42":"shipping-taxable","43":"purchasable","44":"product-type-variable"},"tiered_pricing_type":"fixed","tiered_pricing_fixed_rules":{"2":9.99,"30":8.59,"100":7},"tiered_pricing_product_settings":{"layout":"default","base_unit_name":{"singular":null,"plural":null},"default_variation":{}},"tiered_pricing_minimum_quantity":null,"tiered_pricing_roles_data":[],"tiered_pricing_percentage_rules":[],"_links":{"self":[{"href":"https:\/\/yume-silm.com\/fr\/wp-json\/wp\/v2\/product\/6538","targetHints":{"allow":["GET"]}}],"collection":[{"href":"https:\/\/yume-silm.com\/fr\/wp-json\/wp\/v2\/product"}],"about":[{"href":"https:\/\/yume-silm.com\/fr\/wp-json\/wp\/v2\/types\/product"}],"replies":[{"embeddable":true,"href":"https:\/\/yume-silm.com\/fr\/wp-json\/wp\/v2\/comments?post=6538"}],"wp:featuredmedia":[{"embeddable":true,"href":"https:\/\/yume-silm.com\/fr\/wp-json\/wp\/v2\/media\/6588"}],"wp:attachment":[{"href":"https:\/\/yume-silm.com\/fr\/wp-json\/wp\/v2\/media?parent=6538"}],"wp:term":[{"taxonomy":"product_brand","embeddable":true,"href":"https:\/\/yume-silm.com\/fr\/wp-json\/wp\/v2\/product_brand?post=6538"},{"taxonomy":"product_cat","embeddable":true,"href":"https:\/\/yume-silm.com\/fr\/wp-json\/wp\/v2\/product_cat?post=6538"},{"taxonomy":"product_tag","embeddable":true,"href":"https:\/\/yume-silm.com\/fr\/wp-json\/wp\/v2\/product_tag?post=6538"}],"curies":[{"name":"wp","href":"https:\/\/api.w.org\/{rel}","templated":true}]}}