{"id":6595,"date":"2023-09-23T07:40:13","date_gmt":"2023-09-23T07:40:13","guid":{"rendered":"https:\/\/yume-silm.com\/?post_type=product&#038;p=6595"},"modified":"2024-05-11T06:50:38","modified_gmt":"2024-05-11T06:50:38","slug":"vente-en-gros-boucle-avant-grande-taille-soutien-gorge-de-confort-reglable-sans-fil","status":"publish","type":"product","link":"https:\/\/yume-silm.com\/fr\/produit\/vente-en-gros-boucle-avant-grande-taille-soutien-gorge-de-confort-reglable-sans-fil\/","title":{"rendered":"Soutien-gorge confort r\u00e9glable sans fil, grande taille, avec boucle avant, vente en gros"},"content":{"rendered":"<h5>Caract\u00e9ristiques de conception<\/h5>\n<ul>\n<li><strong>CONCEPTION DU FERMOIR AVANT\u00a0:<\/strong> Notre soutien-gorge r\u00e9glable pr\u00e9sente un design simple avec fermoir sur le devant pour un port plus facile. La coupe non restrictive est parfaite pour un usage quotidien.<\/li>\n<li><strong>CONFORTABLE SANS ANNEAUX EN ACIER\u00a0:<\/strong> Dites adieu \u00e0 l&#039;inconfort et \u00e0 la constriction caus\u00e9s par les sous-v\u00eatements ! La conception sans acier de ce soutien-gorge pour femme favorise une forme naturelle tout en offrant suffisamment de soutien pour en faire un excellent choix pour un port \u00e0 long terme. Vos mouvements ne seront pas g\u00ean\u00e9s lors d&#039;un port prolong\u00e9 et vous ne vous sentirez pas mal \u00e0 l&#039;aise en raison de la restriction des fils.<\/li>\n<li><strong>L\u00c9GER ET EXTENSIBLE\u00a0:<\/strong> Cette lingerie femme pr\u00e9sente un design fin qui affine votre silhouette quelle que soit l&#039;occasion. Il \u00e9pouse votre silhouette, cr\u00e9ant un look attrayant mais pas volumineux. Cette caract\u00e9ristique le rend parfait \u00e0 porter sous un corset, donnant un look \u00e9l\u00e9gant et sans couture.<\/li>\n<li><strong>CONTRE-PRESSION R\u00c9DUITE\u00a0:<\/strong> Le dos de notre soutien-gorge \u00e0 couverture compl\u00e8te sans acier est con\u00e7u pour vous offrir un maximum de confort. Les bretelles confortables rembourr\u00e9es aident \u00e0 soulager la pression sur les \u00e9paules. Son action de soutien aide \u00e0 r\u00e9partir le poids de vos seins uniform\u00e9ment sur votre dos, r\u00e9duisant ainsi la pression sur les muscles de votre dos, ce qui est parfait pour les femmes \u00e0 la silhouette plus ronde.<\/li>\n<li><strong>AJUSTABLE:<\/strong> Ce soutien-gorge confort r\u00e9glable sans armatures est livr\u00e9 avec des bretelles r\u00e9glables qui aident \u00e0 obtenir le rehaussement souhait\u00e9. Son niveau de r\u00e9glage assure non seulement le confort, mais fournit \u00e9galement le soutien n\u00e9cessaire pour cr\u00e9er une exp\u00e9rience de port belle et confiante.<\/li>\n<li>Le soutien-gorge confort r\u00e9glable sans armatures grande taille avec boucle sur le devant garantit que chaque femme peut montrer ses courbes en toute confiance. Profitez d&#039;un ajustement parfait.<\/li>\n<\/ul>\n<div class=\"ast-oembed-container\" style=\"height: 100%;\"><iframe title=\"Soutien-gorge confort r\u00e9glable sans fil, grande taille, avec boucle avant, vente en gros\" width=\"500\" height=\"281\" src=\"https:\/\/www.youtube.com\/embed\/kUt9Yj5F0dQ?feature=oembed\" frameborder=\"0\" allow=\"accelerometer; autoplay; clipboard-write; encrypted-media; gyroscope; picture-in-picture; web-share\" referrerpolicy=\"strict-origin-when-cross-origin\" allowfullscreen><\/iframe><\/div>","protected":false},"excerpt":{"rendered":"<p>Offrez-vous un confort tout au long de la journ\u00e9e avec ce soutien-gorge confort r\u00e9glable sans armatures grande taille avec boucle sur le devant, dot\u00e9 d&#039;une coupe fine pour une silhouette \u00e9l\u00e9gante et d&#039;un soulagement de la pression dorsale pour un soutien ultime. La construction r\u00e9glable assure un ajustement parfait, ce qui en fait un ajout pr\u00e9cieux \u00e0 votre collection de v\u00eatements quotidiens.<\/p>","protected":false},"featured_media":6648,"comment_status":"open","ping_status":"closed","template":"","meta":{"site-sidebar-layout":"default","site-content-layout":"","ast-site-content-layout":"default","site-content-style":"default","site-sidebar-style":"default","ast-global-header-display":"","ast-banner-title-visibility":"","ast-main-header-display":"","ast-hfb-above-header-display":"","ast-hfb-below-header-display":"","ast-hfb-mobile-header-display":"","site-post-title":"","ast-breadcrumbs-content":"","ast-featured-img":"","footer-sml-layout":"","ast-disable-related-posts":"","theme-transparent-header-meta":"default","adv-header-id-meta":"","stick-header-meta":"default","header-above-stick-meta":"","header-main-stick-meta":"","header-below-stick-meta":"","astra-migrate-meta-layouts":"set","ast-page-background-enabled":"default","ast-page-background-meta":{"desktop":{"background-color":"","background-image":"","background-repeat":"repeat","background-position":"center center","background-size":"auto","background-attachment":"scroll","background-type":"","background-media":"","overlay-type":"","overlay-color":"","overlay-opacity":"","overlay-gradient":""},"tablet":{"background-color":"","background-image":"","background-repeat":"repeat","background-position":"center center","background-size":"auto","background-attachment":"scroll","background-type":"","background-media":"","overlay-type":"","overlay-color":"","overlay-opacity":"","overlay-gradient":""},"mobile":{"background-color":"","background-image":"","background-repeat":"repeat","background-position":"center center","background-size":"auto","background-attachment":"scroll","background-type":"","background-media":"","overlay-type":"","overlay-color":"","overlay-opacity":"","overlay-gradient":""}},"ast-content-background-meta":{"desktop":{"background-color":"var(--ast-global-color-5)","background-image":"","background-repeat":"repeat","background-position":"center center","background-size":"auto","background-attachment":"scroll","background-type":"","background-media":"","overlay-type":"","overlay-color":"","overlay-opacity":"","overlay-gradient":""},"tablet":{"background-color":"var(--ast-global-color-5)","background-image":"","background-repeat":"repeat","background-position":"center center","background-size":"auto","background-attachment":"scroll","background-type":"","background-media":"","overlay-type":"","overlay-color":"","overlay-opacity":"","overlay-gradient":""},"mobile":{"background-color":"var(--ast-global-color-5)","background-image":"","background-repeat":"repeat","background-position":"center center","background-size":"auto","background-attachment":"scroll","background-type":"","background-media":"","overlay-type":"","overlay-color":"","overlay-opacity":"","overlay-gradient":""}}},"product_brand":[],"product_cat":[76,259,583],"product_tag":[405,406,400,396],"class_list":{"0":"post-6595","1":"product","2":"type-product","3":"status-publish","4":"has-post-thumbnail","6":"product_cat-new-arrivels","7":"product_cat-lingerie","8":"product_cat-plus-size-underwear","9":"product_tag-adjustable-bra","10":"product_tag-front-closure-bras","11":"product_tag-plus-size-bra","12":"product_tag-womens-underwear","13":"pa_color-beige","14":"pa_color-black","15":"pa_color-white","16":"pa_size-34-75d","17":"pa_size-34-75e","18":"pa_size-36-80d","19":"pa_size-36-80e","20":"pa_size-38-85d","21":"pa_size-38-85e","22":"pa_size-40-90d","23":"pa_size-40-90e","24":"pa_size-42-95d","25":"pa_size-42-95e","26":"pa_size-44-100d","27":"pa_size-44-100e","28":"pa_size-46-105d","29":"pa_size-46-105e","30":"pa_size-48-110d","31":"pa_size-48-110e","32":"desktop-align-center","33":"tablet-align-left","34":"mobile-align-left","35":"ast-product-gallery-layout-horizontal-slider","36":"ast-product-single-variable","37":"ast-product-tabs-layout-horizontal","38":"ast-qv-on-image","40":"first","41":"instock","42":"shipping-taxable","43":"purchasable","44":"product-type-variable"},"tiered_pricing_type":"fixed","tiered_pricing_fixed_rules":{"2":6.69,"30":5.79,"100":4.99},"tiered_pricing_product_settings":{"layout":"default","base_unit_name":{"singular":null,"plural":null},"default_variation":{}},"tiered_pricing_minimum_quantity":null,"tiered_pricing_roles_data":[],"tiered_pricing_percentage_rules":[],"_links":{"self":[{"href":"https:\/\/yume-silm.com\/fr\/wp-json\/wp\/v2\/product\/6595","targetHints":{"allow":["GET"]}}],"collection":[{"href":"https:\/\/yume-silm.com\/fr\/wp-json\/wp\/v2\/product"}],"about":[{"href":"https:\/\/yume-silm.com\/fr\/wp-json\/wp\/v2\/types\/product"}],"replies":[{"embeddable":true,"href":"https:\/\/yume-silm.com\/fr\/wp-json\/wp\/v2\/comments?post=6595"}],"wp:featuredmedia":[{"embeddable":true,"href":"https:\/\/yume-silm.com\/fr\/wp-json\/wp\/v2\/media\/6648"}],"wp:attachment":[{"href":"https:\/\/yume-silm.com\/fr\/wp-json\/wp\/v2\/media?parent=6595"}],"wp:term":[{"taxonomy":"product_brand","embeddable":true,"href":"https:\/\/yume-silm.com\/fr\/wp-json\/wp\/v2\/product_brand?post=6595"},{"taxonomy":"product_cat","embeddable":true,"href":"https:\/\/yume-silm.com\/fr\/wp-json\/wp\/v2\/product_cat?post=6595"},{"taxonomy":"product_tag","embeddable":true,"href":"https:\/\/yume-silm.com\/fr\/wp-json\/wp\/v2\/product_tag?post=6595"}],"curies":[{"name":"wp","href":"https:\/\/api.w.org\/{rel}","templated":true}]}}