{"id":6664,"date":"2023-09-26T03:32:06","date_gmt":"2023-09-26T03:32:06","guid":{"rendered":"https:\/\/yume-silm.com\/?post_type=product&#038;p=6664"},"modified":"2024-05-11T07:01:00","modified_gmt":"2024-05-11T07:01:00","slug":"soutien-gorge-de-sport-respirant-reglable-en-gros-avec-bouton-avant-sans-fil","status":"publish","type":"product","link":"https:\/\/yume-silm.com\/fr\/produit\/soutien-gorge-de-sport-respirant-reglable-en-gros-avec-bouton-avant-sans-fil\/","title":{"rendered":"Soutien-gorge de sport sans fil \u00e0 fermeture frontale, grande taille, vente en gros"},"content":{"rendered":"<h5>Fonctionnalit\u00e9s d\u00e9taill\u00e9es<\/h5>\n<ul>\n<li>La conception du fermoir sur le devant de ce soutien-gorge sans acier ajoute non seulement de la sophistication, mais le rend \u00e9galement facile \u00e0 mettre et \u00e0 enlever pour un ajustement naturel. Que vous vous pr\u00e9pariez le matin ou que vous vous d\u00e9tendiez le soir, ce soutien-gorge offre la commodit\u00e9 sans sacrifier le soutien.<\/li>\n<li>Avec ce soutien-gorge de sport de notre part, dites adieu \u00e0 l&#039;inconfort des armatures sans sacrifier le soutien. Vous offrant une exp\u00e9rience confortable et sans piq\u00fbre tout en fournissant le soutien et le soutien n\u00e9cessaires pendant votre entra\u00eenement.<\/li>\n<li>Les bretelles r\u00e9glables de notre soutien-gorge taille plus vous permettent de modifier la coupe selon votre niveau de confort, ce qui en fait une pi\u00e8ce polyvalente pour votre garde-robe de sport.<\/li>\n<li>Le tissu doux et respirant de ce soutien-gorge de sport r\u00e9glable \u00e9pouse doucement votre peau pour vous assurer de rester aussi frais et sans transpiration que possible pendant votre routine d&#039;entra\u00eenement.<\/li>\n<\/ul>\n<h6><em>Soutien-gorge de sport respirant r\u00e9glable en gros avec bouton avant sans fil<\/em><\/h6>\n<ul>\n<li>La taille incluse du soutien-gorge de sport sans fil \u00e0 fermeture frontale grande taille garantit que chaque femme peut montrer vos courbes en toute confiance. Profitez d&#039;un ajustement parfait. Associez-le \u00e0 une veste ou \u00e0 un haut fin pour un look \u00e9l\u00e9gant \u00e0 emporter partout en dehors de la salle de sport.<\/li>\n<\/ul>","protected":false},"excerpt":{"rendered":"<p>Pr\u00e9sentation de notre soutien-gorge de sport sans fil grande taille avec fermeture sur le devant \u2013 con\u00e7u pour s&#039;adapter \u00e0 vos courbes avec le m\u00e9lange parfait de confort, de soutien et de commodit\u00e9. Dites adieu aux tracas traditionnels et bonjour au style et au confort sans effort.<\/p>","protected":false},"featured_media":6692,"comment_status":"open","ping_status":"closed","template":"","meta":{"site-sidebar-layout":"default","site-content-layout":"","ast-site-content-layout":"default","site-content-style":"default","site-sidebar-style":"default","ast-global-header-display":"","ast-banner-title-visibility":"","ast-main-header-display":"","ast-hfb-above-header-display":"","ast-hfb-below-header-display":"","ast-hfb-mobile-header-display":"","site-post-title":"","ast-breadcrumbs-content":"","ast-featured-img":"","footer-sml-layout":"","ast-disable-related-posts":"","theme-transparent-header-meta":"default","adv-header-id-meta":"","stick-header-meta":"default","header-above-stick-meta":"","header-main-stick-meta":"","header-below-stick-meta":"","astra-migrate-meta-layouts":"set","ast-page-background-enabled":"default","ast-page-background-meta":{"desktop":{"background-color":"","background-image":"","background-repeat":"repeat","background-position":"center center","background-size":"auto","background-attachment":"scroll","background-type":"","background-media":"","overlay-type":"","overlay-color":"","overlay-opacity":"","overlay-gradient":""},"tablet":{"background-color":"","background-image":"","background-repeat":"repeat","background-position":"center center","background-size":"auto","background-attachment":"scroll","background-type":"","background-media":"","overlay-type":"","overlay-color":"","overlay-opacity":"","overlay-gradient":""},"mobile":{"background-color":"","background-image":"","background-repeat":"repeat","background-position":"center center","background-size":"auto","background-attachment":"scroll","background-type":"","background-media":"","overlay-type":"","overlay-color":"","overlay-opacity":"","overlay-gradient":""}},"ast-content-background-meta":{"desktop":{"background-color":"var(--ast-global-color-5)","background-image":"","background-repeat":"repeat","background-position":"center center","background-size":"auto","background-attachment":"scroll","background-type":"","background-media":"","overlay-type":"","overlay-color":"","overlay-opacity":"","overlay-gradient":""},"tablet":{"background-color":"var(--ast-global-color-5)","background-image":"","background-repeat":"repeat","background-position":"center center","background-size":"auto","background-attachment":"scroll","background-type":"","background-media":"","overlay-type":"","overlay-color":"","overlay-opacity":"","overlay-gradient":""},"mobile":{"background-color":"var(--ast-global-color-5)","background-image":"","background-repeat":"repeat","background-position":"center center","background-size":"auto","background-attachment":"scroll","background-type":"","background-media":"","overlay-type":"","overlay-color":"","overlay-opacity":"","overlay-gradient":""}}},"product_brand":[],"product_cat":[259,65,583],"product_tag":[404,400,397,403,393,401,402],"class_list":{"0":"post-6664","1":"product","2":"type-product","3":"status-publish","4":"has-post-thumbnail","6":"product_cat-lingerie","7":"product_cat-best-sellers","8":"product_cat-plus-size-underwear","9":"product_tag-full-coverage-bra","10":"product_tag-plus-size-bra","11":"product_tag-plus-size-underwear","12":"product_tag-post-operative-sports-bra","13":"product_tag-sports-bra","14":"product_tag-wireless-bra","15":"product_tag-womens-bra","16":"pa_color-beige","17":"pa_color-black","18":"pa_color-white","19":"pa_size-4xl","20":"pa_size-5xl","21":"pa_size-l","22":"pa_size-m","23":"pa_size-s","24":"pa_size-xl","25":"pa_size-xxl","26":"pa_size-xxxl","27":"desktop-align-center","28":"tablet-align-left","29":"mobile-align-left","30":"ast-product-gallery-layout-horizontal-slider","31":"ast-product-single-variable","32":"ast-product-tabs-layout-horizontal","33":"ast-qv-on-image","35":"first","36":"instock","37":"shipping-taxable","38":"purchasable","39":"product-type-variable"},"tiered_pricing_type":"fixed","tiered_pricing_fixed_rules":{"2":3.59,"30":3.09,"100":2.69},"tiered_pricing_product_settings":{"layout":"default","base_unit_name":{"singular":null,"plural":null},"default_variation":null},"tiered_pricing_minimum_quantity":null,"tiered_pricing_roles_data":[],"tiered_pricing_percentage_rules":[],"_links":{"self":[{"href":"https:\/\/yume-silm.com\/fr\/wp-json\/wp\/v2\/product\/6664","targetHints":{"allow":["GET"]}}],"collection":[{"href":"https:\/\/yume-silm.com\/fr\/wp-json\/wp\/v2\/product"}],"about":[{"href":"https:\/\/yume-silm.com\/fr\/wp-json\/wp\/v2\/types\/product"}],"replies":[{"embeddable":true,"href":"https:\/\/yume-silm.com\/fr\/wp-json\/wp\/v2\/comments?post=6664"}],"wp:featuredmedia":[{"embeddable":true,"href":"https:\/\/yume-silm.com\/fr\/wp-json\/wp\/v2\/media\/6692"}],"wp:attachment":[{"href":"https:\/\/yume-silm.com\/fr\/wp-json\/wp\/v2\/media?parent=6664"}],"wp:term":[{"taxonomy":"product_brand","embeddable":true,"href":"https:\/\/yume-silm.com\/fr\/wp-json\/wp\/v2\/product_brand?post=6664"},{"taxonomy":"product_cat","embeddable":true,"href":"https:\/\/yume-silm.com\/fr\/wp-json\/wp\/v2\/product_cat?post=6664"},{"taxonomy":"product_tag","embeddable":true,"href":"https:\/\/yume-silm.com\/fr\/wp-json\/wp\/v2\/product_tag?post=6664"}],"curies":[{"name":"wp","href":"https:\/\/api.w.org\/{rel}","templated":true}]}}