{"id":6699,"date":"2023-09-26T03:57:05","date_gmt":"2023-09-26T03:57:05","guid":{"rendered":"https:\/\/yume-silm.com\/?post_type=product&#038;p=6699"},"modified":"2024-05-11T06:54:18","modified_gmt":"2024-05-11T06:54:18","slug":"soutien-gorge-confort-en-coton-et-dentelle-pour-personnes-dage-moyen-et-agees-grande-taille","status":"publish","type":"product","link":"https:\/\/yume-silm.com\/fr\/produit\/soutien-gorge-confort-en-coton-et-dentelle-pour-personnes-dage-moyen-et-agees-grande-taille\/","title":{"rendered":"Soutien-gorge en dentelle de coton en gros, confortable, grande taille, ultra fin"},"content":{"rendered":"<h5>Caract\u00e9ristiques d\u00e9taill\u00e9es :<\/h5>\n<ul>\n<li>Coton ultra fin non rembourr\u00e9, jusqu&#039;au coton 85%, l\u00e9ger et respirant.<\/li>\n<li>D\u00e9tails d\u00e9licats en dentelle florale, d\u00e9licats et sexy.<\/li>\n<li>Bretelles larges r\u00e9glables et confortables, confortables et sans stress.<\/li>\n<li>Grands bonnets pleins, dos en forme de U, beau et \u00e9l\u00e9gant.<\/li>\n<li>Ourlet \u00e9lastique sans fil, r\u00e9duit la sensation de bondage, soutient efficacement la poitrine<\/li>\n<\/ul>\n<h6><em>Soutien-gorge confortable grande taille en coton et dentelle pour \u00e2ge moyen<\/em><\/h6>\n<ul>\n<li>Con\u00e7u dans un souci de confort, notre soutien-gorge en dentelle de coton offre un soutien fiable sans sacrifier le style. Le soutien-gorge grande taille en coton aux fibres naturelles caresse d\u00e9licatement votre peau, vous apportant une sensation douce et non irritante. Des d\u00e9tails en dentelle ornent le soutien-gorge, ajoutant une touche de romantisme \u00e0 vos essentiels du quotidien. Le design sans fond et les larges bretelles r\u00e9glables de ce soutien-gorge fronc\u00e9 vous offrent un ajustement s\u00fbr. Atteint pleinement le confort d&#039;\u00e2ge moyen.<\/li>\n<li>Notre soutien-gorge en dentelle de coton grande taille mettra en valeur votre beaut\u00e9 naturelle et vous laissera confiant et autonome. Le soutien-gorge en dentelle de coton met en valeur le confort, le style et la personnalit\u00e9, \u00e9pousant vos courbes et renfor\u00e7ant votre confiance \u00e0 chaque port.<\/li>\n<li>La combinaison sans couture de coton et de dentelle cr\u00e9e une pi\u00e8ce polyvalente qui compl\u00e8te n&#039;importe quelle tenue, vous assurant de vous sentir fabuleuse de jour comme de nuit.<\/li>\n<\/ul>","protected":false},"excerpt":{"rendered":"<p>Aimez-vous ce soutien-gorge de maintien ? Ce soutien-gorge est disponible dans une vari\u00e9t\u00e9 de couleurs et de tailles. Montrez vos courbes et devenez plus confiant et plus beau.<\/p>","protected":false},"featured_media":6750,"comment_status":"open","ping_status":"closed","template":"","meta":{"site-sidebar-layout":"default","site-content-layout":"","ast-site-content-layout":"default","site-content-style":"default","site-sidebar-style":"default","ast-global-header-display":"","ast-banner-title-visibility":"","ast-main-header-display":"","ast-hfb-above-header-display":"","ast-hfb-below-header-display":"","ast-hfb-mobile-header-display":"","site-post-title":"","ast-breadcrumbs-content":"","ast-featured-img":"","footer-sml-layout":"","ast-disable-related-posts":"","theme-transparent-header-meta":"default","adv-header-id-meta":"","stick-header-meta":"default","header-above-stick-meta":"","header-main-stick-meta":"","header-below-stick-meta":"","astra-migrate-meta-layouts":"set","ast-page-background-enabled":"default","ast-page-background-meta":{"desktop":{"background-color":"","background-image":"","background-repeat":"repeat","background-position":"center center","background-size":"auto","background-attachment":"scroll","background-type":"","background-media":"","overlay-type":"","overlay-color":"","overlay-opacity":"","overlay-gradient":""},"tablet":{"background-color":"","background-image":"","background-repeat":"repeat","background-position":"center center","background-size":"auto","background-attachment":"scroll","background-type":"","background-media":"","overlay-type":"","overlay-color":"","overlay-opacity":"","overlay-gradient":""},"mobile":{"background-color":"","background-image":"","background-repeat":"repeat","background-position":"center center","background-size":"auto","background-attachment":"scroll","background-type":"","background-media":"","overlay-type":"","overlay-color":"","overlay-opacity":"","overlay-gradient":""}},"ast-content-background-meta":{"desktop":{"background-color":"var(--ast-global-color-5)","background-image":"","background-repeat":"repeat","background-position":"center center","background-size":"auto","background-attachment":"scroll","background-type":"","background-media":"","overlay-type":"","overlay-color":"","overlay-opacity":"","overlay-gradient":""},"tablet":{"background-color":"var(--ast-global-color-5)","background-image":"","background-repeat":"repeat","background-position":"center center","background-size":"auto","background-attachment":"scroll","background-type":"","background-media":"","overlay-type":"","overlay-color":"","overlay-opacity":"","overlay-gradient":""},"mobile":{"background-color":"var(--ast-global-color-5)","background-image":"","background-repeat":"repeat","background-position":"center center","background-size":"auto","background-attachment":"scroll","background-type":"","background-media":"","overlay-type":"","overlay-color":"","overlay-opacity":"","overlay-gradient":""}}},"product_brand":[],"product_cat":[76,259,583],"product_tag":[398,399,400,397,396],"class_list":{"0":"post-6699","1":"product","2":"type-product","3":"status-publish","4":"has-post-thumbnail","6":"product_cat-new-arrivels","7":"product_cat-lingerie","8":"product_cat-plus-size-underwear","9":"product_tag-cotton-bra","10":"product_tag-cotton-lace-bra","11":"product_tag-plus-size-bra","12":"product_tag-plus-size-underwear","13":"product_tag-womens-underwear","14":"pa_color-beige","15":"pa_color-black","16":"pa_color-gray","17":"pa_color-skin","18":"pa_size-100e","19":"pa_size-100f","20":"pa_size-105e","21":"pa_size-105f","22":"pa_size-110e","23":"pa_size-110f","24":"pa_size-115e","25":"pa_size-115f","26":"pa_size-90e","27":"pa_size-90f","28":"pa_size-95e","29":"pa_size-95f","30":"desktop-align-center","31":"tablet-align-left","32":"mobile-align-left","33":"ast-product-gallery-layout-horizontal-slider","34":"ast-product-single-variable","35":"ast-product-tabs-layout-horizontal","36":"ast-qv-on-image","38":"first","39":"instock","40":"shipping-taxable","41":"purchasable","42":"product-type-variable"},"tiered_pricing_type":"fixed","tiered_pricing_fixed_rules":{"2":7.99,"50":6.89,"100":5.99},"tiered_pricing_product_settings":{"layout":"default","base_unit_name":{"singular":null,"plural":null},"default_variation":{}},"tiered_pricing_minimum_quantity":null,"tiered_pricing_roles_data":[],"tiered_pricing_percentage_rules":[],"_links":{"self":[{"href":"https:\/\/yume-silm.com\/fr\/wp-json\/wp\/v2\/product\/6699","targetHints":{"allow":["GET"]}}],"collection":[{"href":"https:\/\/yume-silm.com\/fr\/wp-json\/wp\/v2\/product"}],"about":[{"href":"https:\/\/yume-silm.com\/fr\/wp-json\/wp\/v2\/types\/product"}],"replies":[{"embeddable":true,"href":"https:\/\/yume-silm.com\/fr\/wp-json\/wp\/v2\/comments?post=6699"}],"wp:featuredmedia":[{"embeddable":true,"href":"https:\/\/yume-silm.com\/fr\/wp-json\/wp\/v2\/media\/6750"}],"wp:attachment":[{"href":"https:\/\/yume-silm.com\/fr\/wp-json\/wp\/v2\/media?parent=6699"}],"wp:term":[{"taxonomy":"product_brand","embeddable":true,"href":"https:\/\/yume-silm.com\/fr\/wp-json\/wp\/v2\/product_brand?post=6699"},{"taxonomy":"product_cat","embeddable":true,"href":"https:\/\/yume-silm.com\/fr\/wp-json\/wp\/v2\/product_cat?post=6699"},{"taxonomy":"product_tag","embeddable":true,"href":"https:\/\/yume-silm.com\/fr\/wp-json\/wp\/v2\/product_tag?post=6699"}],"curies":[{"name":"wp","href":"https:\/\/api.w.org\/{rel}","templated":true}]}}