{"id":6757,"date":"2023-09-26T05:40:56","date_gmt":"2023-09-26T05:40:56","guid":{"rendered":"https:\/\/yume-silm.com\/?post_type=product&#038;p=6757"},"modified":"2024-05-11T07:02:00","modified_gmt":"2024-05-11T07:02:00","slug":"soutien-gorge-grande-taille-boutonne-sur-le-devant-avec-push-up-et-support-lateral","status":"publish","type":"product","link":"https:\/\/yume-silm.com\/fr\/produit\/soutien-gorge-grande-taille-boutonne-sur-le-devant-avec-push-up-et-support-lateral\/","title":{"rendered":"Soutien-gorge de sport grande taille, beau dos, bouton avant correcteur, vente en gros"},"content":{"rendered":"<h5>Fonctionnalit\u00e9s d\u00e9taill\u00e9es<\/h5>\n<ul>\n<li><strong>SOUTIEN IN\u00c9GAL\u00c9\u00a0:<\/strong> Notre soutien-gorge de sport grande taille avec fermoir sur le devant est facile \u00e0 mettre et \u00e0 enlever, en particulier pour les femmes qui se soucient du confort et de la mode. Les larges bretelles et les sous-bandes renforc\u00e9es offrent le soutien dont vous avez besoin pour minimiser les rebonds et renforcer la confiance. Que vous alliez \u00e0 la salle de sport, couriez ou pratiquiez le yoga, nos soutiens-gorge vous garderont en s\u00e9curit\u00e9 et \u00e0 l&#039;aise.<\/li>\n<li><strong>AJUSTEMENT CONFORTABLE\u00a0:<\/strong> Nos sous-v\u00eatements grande taille sont fabriqu\u00e9s en \u00e9lasthanne 30% et en nylon 70%, doux au toucher, durable et extensible. La technologie d&#039;\u00e9vacuation de l&#039;humidit\u00e9 vous permet de rester au frais et au sec m\u00eame pendant les entra\u00eenements les plus intenses.<\/li>\n<li><strong>CONCEPTION AX\u00c9E SUR LA PERFORMANCE\u00a0:<\/strong> Notre soutien-gorge de sport crois\u00e9 r\u00e9glable \u00e0 fort impact pr\u00e9sente un design ax\u00e9 sur la performance qui s&#039;adapte \u00e0 votre entra\u00eenement. Le soutien-gorge correcteur 2 en 1 facilite le redressement de votre dos, et le style crois\u00e9 am\u00e9liore la flexibilit\u00e9 et la gentillesse.<\/li>\n<li><strong>Style avant-gardiste\u00a0:<\/strong> Ce soutien-gorge de sport Beauty Back est disponible en deux couleurs polyvalentes mais naturelles, le ton chair et le noir. Assurez-vous d&#039;\u00eatre aussi belle que vous vous sentez. Notre collection vous permet d&#039;exprimer votre style personnel tout en conqu\u00e9rant votre parcours de remise en forme.<\/li>\n<li><strong>TAILLE INCLUSIVE\u00a0:<\/strong> Nous croyons en l&#039;inclusivit\u00e9, c&#039;est pourquoi nos soutiens-gorge de sport grandes tailles sont disponibles dans une large gamme de tailles. Embrassez vos courbes et trouvez la coupe parfaite pour vous soutenir \u00e0 chaque \u00e9tape du processus.<\/li>\n<\/ul>\n<h6><em>Sous-v\u00eatements de sport grande taille confortables et sans stress<\/em><\/h6>\n<ul>\n<li>Am\u00e9liorez votre garde-robe de v\u00eatements de sport avec nos soutiens-gorge de sport grande taille. Parce que chaque femme m\u00e9rite de se sentir en confiance, \u00e0 l\u2019aise et pr\u00eate \u00e0 relever tous les d\u00e9fis de remise en forme.<\/li>\n<\/ul>","protected":false},"excerpt":{"rendered":"<ul>\n<li>Le soutien-gorge de sport grande taille \u00e0 fermoir sur le devant allie soutien, style et confort pour un ajustement l\u00e9ger, naturel, \u00e9l\u00e9gant et magnifique.<\/li>\n<li>Peut \u00eatre utilis\u00e9 au quotidien ou associ\u00e9 \u00e0 une robe. Soyez confiant.<\/li>\n<\/ul>","protected":false},"featured_media":6774,"comment_status":"open","ping_status":"closed","template":"","meta":{"site-sidebar-layout":"default","site-content-layout":"","ast-site-content-layout":"default","site-content-style":"default","site-sidebar-style":"default","ast-global-header-display":"","ast-banner-title-visibility":"","ast-main-header-display":"","ast-hfb-above-header-display":"","ast-hfb-below-header-display":"","ast-hfb-mobile-header-display":"","site-post-title":"","ast-breadcrumbs-content":"","ast-featured-img":"","footer-sml-layout":"","ast-disable-related-posts":"","theme-transparent-header-meta":"default","adv-header-id-meta":"","stick-header-meta":"default","header-above-stick-meta":"","header-main-stick-meta":"","header-below-stick-meta":"","astra-migrate-meta-layouts":"set","ast-page-background-enabled":"default","ast-page-background-meta":{"desktop":{"background-color":"","background-image":"","background-repeat":"repeat","background-position":"center center","background-size":"auto","background-attachment":"scroll","background-type":"","background-media":"","overlay-type":"","overlay-color":"","overlay-opacity":"","overlay-gradient":""},"tablet":{"background-color":"","background-image":"","background-repeat":"repeat","background-position":"center center","background-size":"auto","background-attachment":"scroll","background-type":"","background-media":"","overlay-type":"","overlay-color":"","overlay-opacity":"","overlay-gradient":""},"mobile":{"background-color":"","background-image":"","background-repeat":"repeat","background-position":"center center","background-size":"auto","background-attachment":"scroll","background-type":"","background-media":"","overlay-type":"","overlay-color":"","overlay-opacity":"","overlay-gradient":""}},"ast-content-background-meta":{"desktop":{"background-color":"var(--ast-global-color-5)","background-image":"","background-repeat":"repeat","background-position":"center center","background-size":"auto","background-attachment":"scroll","background-type":"","background-media":"","overlay-type":"","overlay-color":"","overlay-opacity":"","overlay-gradient":""},"tablet":{"background-color":"var(--ast-global-color-5)","background-image":"","background-repeat":"repeat","background-position":"center center","background-size":"auto","background-attachment":"scroll","background-type":"","background-media":"","overlay-type":"","overlay-color":"","overlay-opacity":"","overlay-gradient":""},"mobile":{"background-color":"var(--ast-global-color-5)","background-image":"","background-repeat":"repeat","background-position":"center center","background-size":"auto","background-attachment":"scroll","background-type":"","background-media":"","overlay-type":"","overlay-color":"","overlay-opacity":"","overlay-gradient":""}}},"product_brand":[],"product_cat":[76,259,583],"product_tag":[395,394,397,393,396],"class_list":{"0":"post-6757","1":"product","2":"type-product","3":"status-publish","4":"has-post-thumbnail","6":"product_cat-new-arrivels","7":"product_cat-lingerie","8":"product_cat-plus-size-underwear","9":"product_tag-beautiful-back-bra","10":"product_tag-corrective-bra","11":"product_tag-plus-size-underwear","12":"product_tag-sports-bra","13":"product_tag-womens-underwear","14":"pa_color-beige","15":"pa_color-black","16":"pa_size-4xl","17":"pa_size-5xl","18":"pa_size-l","19":"pa_size-m","20":"pa_size-xl","21":"pa_size-xxl","22":"pa_size-xxxl","23":"desktop-align-center","24":"tablet-align-left","25":"mobile-align-left","26":"ast-product-gallery-layout-horizontal-slider","27":"ast-product-single-variable","28":"ast-product-tabs-layout-horizontal","29":"ast-qv-on-image","31":"first","32":"instock","33":"shipping-taxable","34":"purchasable","35":"product-type-variable"},"tiered_pricing_type":"fixed","tiered_pricing_fixed_rules":{"2":3.59,"30":3.09,"100":2.69},"tiered_pricing_product_settings":{"layout":"default","base_unit_name":{"singular":null,"plural":null},"default_variation":{}},"tiered_pricing_minimum_quantity":null,"tiered_pricing_roles_data":[],"tiered_pricing_percentage_rules":[],"_links":{"self":[{"href":"https:\/\/yume-silm.com\/fr\/wp-json\/wp\/v2\/product\/6757","targetHints":{"allow":["GET"]}}],"collection":[{"href":"https:\/\/yume-silm.com\/fr\/wp-json\/wp\/v2\/product"}],"about":[{"href":"https:\/\/yume-silm.com\/fr\/wp-json\/wp\/v2\/types\/product"}],"replies":[{"embeddable":true,"href":"https:\/\/yume-silm.com\/fr\/wp-json\/wp\/v2\/comments?post=6757"}],"wp:featuredmedia":[{"embeddable":true,"href":"https:\/\/yume-silm.com\/fr\/wp-json\/wp\/v2\/media\/6774"}],"wp:attachment":[{"href":"https:\/\/yume-silm.com\/fr\/wp-json\/wp\/v2\/media?parent=6757"}],"wp:term":[{"taxonomy":"product_brand","embeddable":true,"href":"https:\/\/yume-silm.com\/fr\/wp-json\/wp\/v2\/product_brand?post=6757"},{"taxonomy":"product_cat","embeddable":true,"href":"https:\/\/yume-silm.com\/fr\/wp-json\/wp\/v2\/product_cat?post=6757"},{"taxonomy":"product_tag","embeddable":true,"href":"https:\/\/yume-silm.com\/fr\/wp-json\/wp\/v2\/product_tag?post=6757"}],"curies":[{"name":"wp","href":"https:\/\/api.w.org\/{rel}","templated":true}]}}