{"id":6931,"date":"2023-11-11T03:40:22","date_gmt":"2023-11-11T03:40:22","guid":{"rendered":"https:\/\/yume-silm.com\/?post_type=product&#038;p=6931"},"modified":"2024-05-11T07:04:50","modified_gmt":"2024-05-11T07:04:50","slug":"soutien-gorge-grande-taille-boutonne-sur-le-devant-avec-push-up-et-support-lateral-2","status":"publish","type":"product","link":"https:\/\/yume-silm.com\/fr\/produit\/soutien-gorge-grande-taille-boutonne-sur-le-devant-avec-push-up-et-support-lateral-2\/","title":{"rendered":"Soutien-gorge extensible sans couture personnalisable en gros pour femmes"},"content":{"rendered":"<h5>Caract\u00e9ristiques de conception<\/h5>\n<ul>\n<li><strong>CONCEPTION SANS COUTURE\u00a0:<\/strong> La conception sans couture des sous-v\u00eatements l\u00e9g\u00e8rement doubl\u00e9s vous permet de profiter d&#039;un ajustement parfait pour toutes les occasions, vous offrant un confort ultime.<\/li>\n<li><strong>TISSU DE QUALIT\u00c9 SUP\u00c9RIEURE\u00a0:<\/strong> Nos ensembles de lingerie pour femmes \u00e0 bonnets complets sont confectionn\u00e9s avec des tissus doux et respirants, extensibles et durables, \u00e9pousant la forme de votre corps et offrant un confort et une durabilit\u00e9 tout au long de la journ\u00e9e.<\/li>\n<li><strong>LOGOS PERSONNALISABLES :<\/strong> Ajoutez votre logo \u00e0 ces ensembles de lingerie haut de gamme pour femmes pour am\u00e9liorer la notori\u00e9t\u00e9 de la marque ou votre style personnel.<\/li>\n<li><strong>FONCTION POLYVALENTE :<\/strong> Lingerie invisible qui vous permet de la porter au quotidien sans laisser de traces, ou de la cacher facilement sous vos robes et costumes pr\u00e9f\u00e9r\u00e9s. Le confort des sous-v\u00eatements, qui peuvent m\u00eame \u00eatre port\u00e9s pendant votre sommeil, vous fera tomber amoureuse de cette sensation.<\/li>\n<li><strong>PLUSIEURS TAILLES DISPONIBLES :<\/strong> Soutien-gorge push-up triangle, plusieurs tailles sont disponibles pour assurer un bon ajustement pour chacun.<\/li>\n<\/ul>\n<h6><em>Soutien-gorge \u00e0 bonnets complets sans coutures et confort lisse pour femme<\/em><\/h6>\n<ul>\n<li>Ce soutien-gorge extensible sans coutures personnalisable pour femme avec des prix de gros comp\u00e9titifs et des options de personnalisation est id\u00e9al pour les d\u00e9taillants et les promotions. Bienvenue pour acheter !<\/li>\n<\/ul>","protected":false},"excerpt":{"rendered":"<p>Rehaussez votre collection de sous-v\u00eatements avec notre soutien-gorge extensible sans coutures personnalisable pour femme. Con\u00e7us pour le confort et le style, ces ensembles offrent la possibilit\u00e9 d&#039;ajouter votre logo, ce qui les rend parfaits pour la promotion de la marque ou une personnalisation unique.<\/p>","protected":false},"featured_media":6968,"comment_status":"open","ping_status":"closed","template":"","meta":{"site-sidebar-layout":"default","site-content-layout":"","ast-site-content-layout":"default","site-content-style":"default","site-sidebar-style":"default","ast-global-header-display":"","ast-banner-title-visibility":"","ast-main-header-display":"","ast-hfb-above-header-display":"","ast-hfb-below-header-display":"","ast-hfb-mobile-header-display":"","site-post-title":"","ast-breadcrumbs-content":"","ast-featured-img":"","footer-sml-layout":"","ast-disable-related-posts":"","theme-transparent-header-meta":"default","adv-header-id-meta":"","stick-header-meta":"default","header-above-stick-meta":"","header-main-stick-meta":"","header-below-stick-meta":"","astra-migrate-meta-layouts":"set","ast-page-background-enabled":"default","ast-page-background-meta":{"desktop":{"background-color":"","background-image":"","background-repeat":"repeat","background-position":"center center","background-size":"auto","background-attachment":"scroll","background-type":"","background-media":"","overlay-type":"","overlay-color":"","overlay-opacity":"","overlay-gradient":""},"tablet":{"background-color":"","background-image":"","background-repeat":"repeat","background-position":"center center","background-size":"auto","background-attachment":"scroll","background-type":"","background-media":"","overlay-type":"","overlay-color":"","overlay-opacity":"","overlay-gradient":""},"mobile":{"background-color":"","background-image":"","background-repeat":"repeat","background-position":"center center","background-size":"auto","background-attachment":"scroll","background-type":"","background-media":"","overlay-type":"","overlay-color":"","overlay-opacity":"","overlay-gradient":""}},"ast-content-background-meta":{"desktop":{"background-color":"var(--ast-global-color-5)","background-image":"","background-repeat":"repeat","background-position":"center center","background-size":"auto","background-attachment":"scroll","background-type":"","background-media":"","overlay-type":"","overlay-color":"","overlay-opacity":"","overlay-gradient":""},"tablet":{"background-color":"var(--ast-global-color-5)","background-image":"","background-repeat":"repeat","background-position":"center center","background-size":"auto","background-attachment":"scroll","background-type":"","background-media":"","overlay-type":"","overlay-color":"","overlay-opacity":"","overlay-gradient":""},"mobile":{"background-color":"var(--ast-global-color-5)","background-image":"","background-repeat":"repeat","background-position":"center center","background-size":"auto","background-attachment":"scroll","background-type":"","background-media":"","overlay-type":"","overlay-color":"","overlay-opacity":"","overlay-gradient":""}}},"product_brand":[],"product_cat":[76,259,583],"product_tag":[428,429,430],"class_list":{"0":"post-6931","1":"product","2":"type-product","3":"status-publish","4":"has-post-thumbnail","6":"product_cat-new-arrivels","7":"product_cat-lingerie","8":"product_cat-plus-size-underwear","9":"product_tag-customizable-underwear","10":"product_tag-leisure","11":"product_tag-push-up-bra","12":"pa_color-beige","13":"pa_color-black","14":"pa_color-coffee","15":"pa_color-pink","16":"pa_color-red","17":"pa_color-white","18":"pa_size-m-l","19":"pa_size-s-m","20":"desktop-align-center","21":"tablet-align-left","22":"mobile-align-left","23":"ast-product-gallery-layout-horizontal-slider","24":"ast-product-single-variable","25":"ast-product-tabs-layout-horizontal","26":"ast-qv-on-image","28":"first","29":"instock","30":"shipping-taxable","31":"purchasable","32":"product-type-variable"},"tiered_pricing_type":"fixed","tiered_pricing_fixed_rules":{"2":7.68,"30":7.39,"100":7.19},"tiered_pricing_product_settings":{"layout":"default","base_unit_name":{"singular":null,"plural":null},"default_variation":{}},"tiered_pricing_minimum_quantity":null,"tiered_pricing_roles_data":[],"tiered_pricing_percentage_rules":[],"_links":{"self":[{"href":"https:\/\/yume-silm.com\/fr\/wp-json\/wp\/v2\/product\/6931","targetHints":{"allow":["GET"]}}],"collection":[{"href":"https:\/\/yume-silm.com\/fr\/wp-json\/wp\/v2\/product"}],"about":[{"href":"https:\/\/yume-silm.com\/fr\/wp-json\/wp\/v2\/types\/product"}],"replies":[{"embeddable":true,"href":"https:\/\/yume-silm.com\/fr\/wp-json\/wp\/v2\/comments?post=6931"}],"wp:featuredmedia":[{"embeddable":true,"href":"https:\/\/yume-silm.com\/fr\/wp-json\/wp\/v2\/media\/6968"}],"wp:attachment":[{"href":"https:\/\/yume-silm.com\/fr\/wp-json\/wp\/v2\/media?parent=6931"}],"wp:term":[{"taxonomy":"product_brand","embeddable":true,"href":"https:\/\/yume-silm.com\/fr\/wp-json\/wp\/v2\/product_brand?post=6931"},{"taxonomy":"product_cat","embeddable":true,"href":"https:\/\/yume-silm.com\/fr\/wp-json\/wp\/v2\/product_cat?post=6931"},{"taxonomy":"product_tag","embeddable":true,"href":"https:\/\/yume-silm.com\/fr\/wp-json\/wp\/v2\/product_tag?post=6931"}],"curies":[{"name":"wp","href":"https:\/\/api.w.org\/{rel}","templated":true}]}}