{"id":6969,"date":"2023-11-11T06:15:44","date_gmt":"2023-11-11T06:15:44","guid":{"rendered":"https:\/\/yume-silm.com\/?post_type=product&#038;p=6969"},"modified":"2024-01-25T02:46:49","modified_gmt":"2024-01-25T02:46:49","slug":"haut-a-encolure-basse-avec-dos-en-forme-de-cote-sans-couture-2","status":"publish","type":"product","link":"https:\/\/yume-silm.com\/fr\/produit\/haut-a-encolure-basse-avec-dos-en-forme-de-cote-sans-couture-2\/","title":{"rendered":"Vente en gros D\u00e9bardeur De Compression Pour Hommes Shapewear"},"content":{"rendered":"<h5><strong>D\u00e9bardeur de compression gainant pour homme<\/strong><\/h5>\n<ul>\n<li><strong>R\u00c9SULTATS MINCEUR :<\/strong> D\u00e9bardeur de modelage abdominal qui offre une compression et un soutien cibl\u00e9s. Il \u00e9pouse les contours de l&#039;abdomen pour un look plus lisse et plus tonique tout en permettant une libert\u00e9 de mouvement sans restriction pendant les entra\u00eenements ou les activit\u00e9s quotidiennes. Portez-le sous une vari\u00e9t\u00e9 de v\u00eatements pour un effet amincissant imm\u00e9diat. Il peut \u00eatre un rappel constant pour perdre du poids, rester en forme et gagner en confiance.<\/li>\n<li><strong>RESPIRANT ET FLEXIBLE :<\/strong> Le nylon et l&#039;\u00e9lasthanne sont \u00e9troitement tiss\u00e9s ensemble pour aplatir votre poitrine et votre ventre. Extensible et respirant, il vous garde au frais et au sec quelle que soit l&#039;intensit\u00e9 de l&#039;entra\u00eenement de la journ\u00e9e. Le mat\u00e9riau extensible et l\u00e9ger assure un confort maximal sans compromettre la forme.<\/li>\n<li><strong>STYLE POLYVALENT :<\/strong> La polyvalence des sous-v\u00eatements de compression s&#039;int\u00e8gre parfaitement \u00e0 votre style de vie pour vous offrir le soutien et la forme dont vous avez besoin, faisant de ce d\u00e9bardeur le compagnon id\u00e9al que vous alliez \u00e0 la salle de sport, que vous couriez ou que vous vaquiez simplement \u00e0 vos activit\u00e9s quotidiennes.<\/li>\n<li><strong>PERSONNALISER:<\/strong> Personnalisez ce d\u00e9bardeur avec votre logo ou votre emballage pr\u00e9f\u00e9r\u00e9, parfait pour la marque ou une personnalisation unique.<\/li>\n<li><strong>TAILLE INCLUSIVE\u00a0:<\/strong> Nos d\u00e9bardeurs gainants sont disponibles dans une vari\u00e9t\u00e9 de tailles. Ils affinent l&#039;abdomen pour une silhouette plus profil\u00e9e, ce qui augmente instantan\u00e9ment la confiance en soi. Parfaits pour \u00eatre associ\u00e9s \u00e0 des sweatshirts, des t-shirts, des pulls et des chemises habill\u00e9es. Embrassez vos courbes et ressentez la puissance.<\/li>\n<\/ul>\n<h6><em>V\u00eatements de compression amincissants pour hommes<\/em><\/h6>\n<p>Notre d\u00e9bardeur de compression gainant pour homme est un incontournable pour ceux qui recherchent une combinaison de style, de confort et de fonctionnalit\u00e9. Id\u00e9al pour les grossistes souhaitant proposer des v\u00eatements de sport de qualit\u00e9. Commandez maintenant et am\u00e9liorez votre gamme !<\/p>","protected":false},"excerpt":{"rendered":"<p>Le compagnon id\u00e9al pour celles qui cherchent \u00e0 modeler et \u00e0 am\u00e9liorer leurs courbes abdominales tout en conservant confort et souplesse. Le d\u00e9bardeur de compression galbe la poitrine, la taille et l&#039;abdomen, emp\u00eachant l&#039;apparition d&#039;une augmentation mammaire ou de \u00ab seins d&#039;homme \u00bb.<\/p>","protected":false},"featured_media":6993,"comment_status":"open","ping_status":"closed","template":"","meta":{"site-sidebar-layout":"default","site-content-layout":"default","ast-site-content-layout":"default","site-content-style":"default","site-sidebar-style":"default","ast-global-header-display":"","ast-banner-title-visibility":"","ast-main-header-display":"","ast-hfb-above-header-display":"","ast-hfb-below-header-display":"","ast-hfb-mobile-header-display":"","site-post-title":"","ast-breadcrumbs-content":"","ast-featured-img":"","footer-sml-layout":"","ast-disable-related-posts":"","theme-transparent-header-meta":"default","adv-header-id-meta":"","stick-header-meta":"default","header-above-stick-meta":"","header-main-stick-meta":"","header-below-stick-meta":"","astra-migrate-meta-layouts":"set","ast-page-background-enabled":"default","ast-page-background-meta":{"desktop":{"background-color":"","background-image":"","background-repeat":"repeat","background-position":"center center","background-size":"auto","background-attachment":"scroll","background-type":"","background-media":"","overlay-type":"","overlay-color":"","overlay-opacity":"","overlay-gradient":""},"tablet":{"background-color":"","background-image":"","background-repeat":"repeat","background-position":"center center","background-size":"auto","background-attachment":"scroll","background-type":"","background-media":"","overlay-type":"","overlay-color":"","overlay-opacity":"","overlay-gradient":""},"mobile":{"background-color":"","background-image":"","background-repeat":"repeat","background-position":"center center","background-size":"auto","background-attachment":"scroll","background-type":"","background-media":"","overlay-type":"","overlay-color":"","overlay-opacity":"","overlay-gradient":""}},"ast-content-background-meta":{"desktop":{"background-color":"var(--ast-global-color-5)","background-image":"","background-repeat":"repeat","background-position":"center center","background-size":"auto","background-attachment":"scroll","background-type":"","background-media":"","overlay-type":"","overlay-color":"","overlay-opacity":"","overlay-gradient":""},"tablet":{"background-color":"var(--ast-global-color-5)","background-image":"","background-repeat":"repeat","background-position":"center center","background-size":"auto","background-attachment":"scroll","background-type":"","background-media":"","overlay-type":"","overlay-color":"","overlay-opacity":"","overlay-gradient":""},"mobile":{"background-color":"var(--ast-global-color-5)","background-image":"","background-repeat":"repeat","background-position":"center center","background-size":"auto","background-attachment":"scroll","background-type":"","background-media":"","overlay-type":"","overlay-color":"","overlay-opacity":"","overlay-gradient":""}}},"product_brand":[],"product_cat":[76,65,85,86],"product_tag":[409,410,408,185],"class_list":{"0":"post-6969","1":"product","2":"type-product","3":"status-publish","4":"has-post-thumbnail","6":"product_cat-new-arrivels","7":"product_cat-best-sellers","8":"product_cat-wholesale-mens-shapewear","9":"product_cat-wholesale-men-sliming-vest","10":"product_tag-compression-undershirt","11":"product_tag-mens-shapewear","12":"product_tag-weight-loss-shapewear","13":"product_tag-workout","14":"pa_color-black","15":"pa_color-white","16":"pa_size-l","17":"pa_size-m","18":"pa_size-xl","19":"pa_size-xxl","20":"pa_size-xxxl","21":"desktop-align-center","22":"tablet-align-left","23":"mobile-align-left","24":"ast-product-gallery-layout-horizontal-slider","25":"ast-product-single-variable","26":"ast-product-tabs-layout-horizontal","27":"ast-qv-on-image","29":"first","30":"instock","31":"shipping-taxable","32":"purchasable","33":"product-type-variable"},"tiered_pricing_type":"fixed","tiered_pricing_fixed_rules":{"2":7.99,"50":6.79,"300":5.79},"tiered_pricing_product_settings":{"layout":"default","base_unit_name":{"singular":null,"plural":null},"default_variation":{}},"tiered_pricing_minimum_quantity":null,"tiered_pricing_roles_data":[],"tiered_pricing_percentage_rules":[],"_links":{"self":[{"href":"https:\/\/yume-silm.com\/fr\/wp-json\/wp\/v2\/product\/6969","targetHints":{"allow":["GET"]}}],"collection":[{"href":"https:\/\/yume-silm.com\/fr\/wp-json\/wp\/v2\/product"}],"about":[{"href":"https:\/\/yume-silm.com\/fr\/wp-json\/wp\/v2\/types\/product"}],"replies":[{"embeddable":true,"href":"https:\/\/yume-silm.com\/fr\/wp-json\/wp\/v2\/comments?post=6969"}],"wp:featuredmedia":[{"embeddable":true,"href":"https:\/\/yume-silm.com\/fr\/wp-json\/wp\/v2\/media\/6993"}],"wp:attachment":[{"href":"https:\/\/yume-silm.com\/fr\/wp-json\/wp\/v2\/media?parent=6969"}],"wp:term":[{"taxonomy":"product_brand","embeddable":true,"href":"https:\/\/yume-silm.com\/fr\/wp-json\/wp\/v2\/product_brand?post=6969"},{"taxonomy":"product_cat","embeddable":true,"href":"https:\/\/yume-silm.com\/fr\/wp-json\/wp\/v2\/product_cat?post=6969"},{"taxonomy":"product_tag","embeddable":true,"href":"https:\/\/yume-silm.com\/fr\/wp-json\/wp\/v2\/product_tag?post=6969"}],"curies":[{"name":"wp","href":"https:\/\/api.w.org\/{rel}","templated":true}]}}